{"id":1217,"date":"2022-09-10T17:25:50","date_gmt":"2022-09-10T15:25:50","guid":{"rendered":"https:\/\/elchtec.de\/roltec\/?page_id=1217"},"modified":"2022-09-11T08:47:16","modified_gmt":"2022-09-11T06:47:16","slug":"boa-kids","status":"publish","type":"page","link":"https:\/\/elchtec.de\/roltec\/boa-kids\/","title":{"rendered":"BOA KIDS"},"content":{"rendered":"\t\t<div data-elementor-type=\"wp-page\" data-elementor-id=\"1217\" class=\"elementor elementor-1217\">\n\t\t\t\t\t\t<div class=\"elementor-inner\">\n\t\t\t\t<div class=\"elementor-section-wrap\">\n\t\t\t\t\t\t\t\t\t<section class=\"elementor-section elementor-top-section elementor-element elementor-element-f374715 elementor-hidden-tablet elementor-hidden-phone elementor-section-boxed elementor-section-height-default elementor-section-height-default\" data-id=\"f374715\" data-element_type=\"section\">\n\t\t\t\t\t\t<div class=\"elementor-container elementor-column-gap-default\">\n\t\t\t\t\t\t\t<div class=\"elementor-row\">\n\t\t\t\t\t<div class=\"aux-parallax-section elementor-column elementor-col-100 elementor-top-column elementor-element elementor-element-ec0ce0b\" data-id=\"ec0ce0b\" data-element_type=\"column\">\n\t\t\t<div class=\"elementor-column-wrap elementor-element-populated\">\n\t\t\t\t\t\t\t<div class=\"elementor-widget-wrap\">\n\t\t\t\t\t\t<section class=\"elementor-section elementor-inner-section elementor-element elementor-element-5fcc1d8 elementor-section-boxed elementor-section-height-default elementor-section-height-default\" data-id=\"5fcc1d8\" data-element_type=\"section\">\n\t\t\t\t\t\t<div class=\"elementor-container elementor-column-gap-default\">\n\t\t\t\t\t\t\t<div class=\"elementor-row\">\n\t\t\t\t\t<div class=\"aux-parallax-section elementor-column elementor-col-33 elementor-inner-column elementor-element elementor-element-b4ffd3f\" data-id=\"b4ffd3f\" data-element_type=\"column\">\n\t\t\t<div class=\"elementor-column-wrap\">\n\t\t\t\t\t\t\t<div class=\"elementor-widget-wrap\">\n\t\t\t\t\t\t\t\t<\/div>\n\t\t\t\t\t<\/div>\n\t\t<\/div>\n\t\t\t\t<div class=\"aux-parallax-section elementor-column elementor-col-33 elementor-inner-column elementor-element elementor-element-5435259\" data-id=\"5435259\" data-element_type=\"column\">\n\t\t\t<div class=\"elementor-column-wrap elementor-element-populated\">\n\t\t\t\t\t\t\t<div class=\"elementor-widget-wrap\">\n\t\t\t\t\t\t<div class=\"elementor-element elementor-element-aafae09 animated-slow elementor-invisible elementor-widget elementor-widget-image\" data-id=\"aafae09\" data-element_type=\"widget\" data-settings=\"{&quot;_animation&quot;:&quot;pulse&quot;}\" data-widget_type=\"image.default\">\n\t\t\t\t<div class=\"elementor-widget-container\">\n\t\t\t\t\t\t\t\t<div class=\"elementor-image\">\n\t\t\t\t\t\t\t\t\t\t\t\t<img loading=\"lazy\" decoding=\"async\" width=\"1311\" height=\"2551\" src=\"https:\/\/elchtec.de\/roltec\/wp-content\/uploads\/2022\/09\/Flyer-BOA-Kids___Front.jpg\" class=\"attachment-full size-full wp-image-1249\" alt=\"\" srcset=\"https:\/\/elchtec.de\/roltec\/wp-content\/uploads\/2022\/09\/Flyer-BOA-Kids___Front.jpg 1311w, https:\/\/elchtec.de\/roltec\/wp-content\/uploads\/2022\/09\/Flyer-BOA-Kids___Front-789x1536.jpg 789w, https:\/\/elchtec.de\/roltec\/wp-content\/uploads\/2022\/09\/Flyer-BOA-Kids___Front-1053x2048.jpg 1053w\" sizes=\"auto, (max-width: 1311px) 100vw, 1311px\" \/>\t\t\t\t\t\t\t\t\t\t\t\t\t\t<\/div>\n\t\t\t\t\t\t<\/div>\n\t\t\t\t<\/div>\n\t\t\t\t\t\t<\/div>\n\t\t\t\t\t<\/div>\n\t\t<\/div>\n\t\t\t\t<div class=\"aux-parallax-section elementor-column elementor-col-33 elementor-inner-column elementor-element elementor-element-b682fbc\" data-id=\"b682fbc\" data-element_type=\"column\">\n\t\t\t<div class=\"elementor-column-wrap elementor-element-populated\">\n\t\t\t\t\t\t\t<div class=\"elementor-widget-wrap\">\n\t\t\t\t\t\t<div class=\"elementor-element elementor-element-26accc8 aux-appear-watch-animation aux-fade-in elementor-widget elementor-widget-aux_modern_heading\" data-id=\"26accc8\" data-element_type=\"widget\" data-widget_type=\"aux_modern_heading.default\">\n\t\t\t\t<div class=\"elementor-widget-container\">\n\t\t\t<section class=\"aux-widget-modern-heading\">\n            <div class=\"aux-widget-inner\"><div class=\"aux-modern-heading-divider\"><\/div><h3 class=\"aux-modern-heading-primary\">ELCHTEC pr\u00e4sentiert\n<\/h3><h5 class=\"aux-modern-heading-secondary\"><span class=\"aux-head-before\">BOA KIDS<\/span><\/h5><div class=\"aux-modern-heading-description\"><p>Der Elektorollstuhl f\u00fcr Kinder mit modularem, mitwachsenden Kindersitzsystem.<\/p><p>\u00a0<\/p><p><span style=\"color: #ff6600\"><strong>Messeneuheit zur REHACARE 2022.<\/strong><\/span><\/p><p>\u00a0<\/p><p>HIGHLIGHTS<\/p><ul><li>Mittelradantrieb mit kompakten Ma\u00dfen <br \/>und einzigartiger Federung<\/li><li>Niedrige Sitzh\u00f6he f\u00fcr bestm\u00f6gliche Integration im Alltag <br \/>Mitwachsendes, einstellbares Sitzsystem f\u00fcr eine <br \/>optimale Positionierung<\/li><li>Physiologische Drehpunkte im Beckenbereich f\u00fcr den <br \/>Optimal H\u00fcftwinkel<\/li><li>Stufenlos einstellbare Sitztiefen und \u2013breitenverstellung <br \/>sowie R\u00fcckenh\u00f6he<\/li><li>Elektrische Lift-Neigefunktion serienm\u00e4\u00dfig<\/li><li>Manuelle R\u00fcckenwinkelverstellung \u00fcber Gasdruckfeder <br \/>inklusive<\/li><li>Gro\u00dfz\u00fcgige Ablagefl\u00e4che\/Verstauraum inklusive<\/li><li>Elektrische R\u00fcckenwinkelverstellung auf Wunsch nach<br \/>r\u00fcstbar<\/li><li>Diverse Umfeldsteuerungen je nach Bed\u00fcrfnis m\u00f6glich<\/li><li>Zubeh\u00f6r-\/Anbauteile f\u00fcr alle Bed\u00fcrfnisse w\u00e4hlbar<\/li><\/ul><\/div><\/div>\n        <\/section>\t\t<\/div>\n\t\t\t\t<\/div>\n\t\t\t\t\t\t<\/div>\n\t\t\t\t\t<\/div>\n\t\t<\/div>\n\t\t\t\t\t\t\t\t<\/div>\n\t\t\t\t\t<\/div>\n\t\t<\/section>\n\t\t\t\t\t\t<\/div>\n\t\t\t\t\t<\/div>\n\t\t<\/div>\n\t\t\t\t\t\t\t\t<\/div>\n\t\t\t\t\t<\/div>\n\t\t<\/section>\n\t\t\t\t<section class=\"elementor-section elementor-top-section elementor-element elementor-element-c7b5d61 elementor-hidden-desktop elementor-section-boxed elementor-section-height-default elementor-section-height-default\" data-id=\"c7b5d61\" data-element_type=\"section\">\n\t\t\t\t\t\t<div class=\"elementor-container elementor-column-gap-default\">\n\t\t\t\t\t\t\t<div class=\"elementor-row\">\n\t\t\t\t\t<div class=\"aux-parallax-section elementor-column elementor-col-100 elementor-top-column elementor-element elementor-element-f4f5468\" data-id=\"f4f5468\" data-element_type=\"column\">\n\t\t\t<div class=\"elementor-column-wrap elementor-element-populated\">\n\t\t\t\t\t\t\t<div class=\"elementor-widget-wrap\">\n\t\t\t\t\t\t<section class=\"elementor-section elementor-inner-section elementor-element elementor-element-3909eee elementor-section-boxed elementor-section-height-default elementor-section-height-default\" data-id=\"3909eee\" data-element_type=\"section\">\n\t\t\t\t\t\t<div class=\"elementor-container elementor-column-gap-default\">\n\t\t\t\t\t\t\t<div class=\"elementor-row\">\n\t\t\t\t\t<div class=\"aux-parallax-section elementor-column elementor-col-100 elementor-inner-column elementor-element elementor-element-d88bf23\" data-id=\"d88bf23\" data-element_type=\"column\">\n\t\t\t<div class=\"elementor-column-wrap elementor-element-populated\">\n\t\t\t\t\t\t\t<div class=\"elementor-widget-wrap\">\n\t\t\t\t\t\t<div class=\"elementor-element elementor-element-c0a9980 animated-slow elementor-invisible elementor-widget elementor-widget-image\" data-id=\"c0a9980\" data-element_type=\"widget\" data-settings=\"{&quot;_animation&quot;:&quot;pulse&quot;}\" data-widget_type=\"image.default\">\n\t\t\t\t<div class=\"elementor-widget-container\">\n\t\t\t\t\t\t\t\t<div class=\"elementor-image\">\n\t\t\t\t\t\t\t\t\t\t\t\t<img loading=\"lazy\" decoding=\"async\" width=\"1311\" height=\"2551\" src=\"https:\/\/elchtec.de\/roltec\/wp-content\/uploads\/2022\/09\/Flyer-BOA-Kids___Front.jpg\" class=\"attachment-full size-full wp-image-1249\" alt=\"\" srcset=\"https:\/\/elchtec.de\/roltec\/wp-content\/uploads\/2022\/09\/Flyer-BOA-Kids___Front.jpg 1311w, https:\/\/elchtec.de\/roltec\/wp-content\/uploads\/2022\/09\/Flyer-BOA-Kids___Front-789x1536.jpg 789w, https:\/\/elchtec.de\/roltec\/wp-content\/uploads\/2022\/09\/Flyer-BOA-Kids___Front-1053x2048.jpg 1053w\" sizes=\"auto, (max-width: 1311px) 100vw, 1311px\" \/>\t\t\t\t\t\t\t\t\t\t\t\t\t\t<\/div>\n\t\t\t\t\t\t<\/div>\n\t\t\t\t<\/div>\n\t\t\t\t<div class=\"elementor-element elementor-element-8fd9d0b aux-appear-watch-animation aux-fade-in elementor-widget elementor-widget-aux_modern_heading\" data-id=\"8fd9d0b\" data-element_type=\"widget\" data-widget_type=\"aux_modern_heading.default\">\n\t\t\t\t<div class=\"elementor-widget-container\">\n\t\t\t<section class=\"aux-widget-modern-heading\">\n            <div class=\"aux-widget-inner\"><h3 class=\"aux-modern-heading-primary\">ELCHTEC pr\u00e4sentiert\n<\/h3><h5 class=\"aux-modern-heading-secondary\"><span class=\"aux-head-before\">BOA KIDS<\/span><\/h5><div class=\"aux-modern-heading-description\"><p>Der Elektorollstuhl f\u00fcr Kinder mit modularem, mitwachsenden Kindersitzsystem.<\/p><p>\u00a0<\/p><p><span style=\"color: #ff6600\"><strong>Messeneuheit zur REHACARE 2022.<\/strong><\/span><\/p><p>\u00a0<\/p><p>HIGHLIGHTS<\/p><ul><li>Mittelradantrieb mit kompakten Ma\u00dfen <br \/>und einzigartiger Federung<\/li><li>Niedrige Sitzh\u00f6he f\u00fcr bestm\u00f6gliche Integration im Alltag <br \/>Mitwachsendes, einstellbares Sitzsystem f\u00fcr eine <br \/>optimale Positionierung<\/li><li>Physiologische Drehpunkte im Beckenbereich f\u00fcr den <br \/>Optimal H\u00fcftwinkel<\/li><li>Stufenlos einstellbare Sitztiefen und \u2013breitenverstellung <br \/>sowie R\u00fcckenh\u00f6he<\/li><li>Elektrische Lift-Neigefunktion serienm\u00e4\u00dfig<\/li><li>Manuelle R\u00fcckenwinkelverstellung \u00fcber Gasdruckfeder <br \/>inklusive<\/li><li>Gro\u00dfz\u00fcgige Ablagefl\u00e4che\/Verstauraum inklusive<\/li><li>Elektrische R\u00fcckenwinkelverstellung auf Wunsch nach<br \/>r\u00fcstbar<\/li><li>Diverse Umfeldsteuerungen je nach Bed\u00fcrfnis m\u00f6glich<\/li><li>Zubeh\u00f6r-\/Anbauteile f\u00fcr alle Bed\u00fcrfnisse w\u00e4hlbar<\/li><\/ul><\/div><\/div>\n        <\/section>\t\t<\/div>\n\t\t\t\t<\/div>\n\t\t\t\t\t\t<\/div>\n\t\t\t\t\t<\/div>\n\t\t<\/div>\n\t\t\t\t\t\t\t\t<\/div>\n\t\t\t\t\t<\/div>\n\t\t<\/section>\n\t\t\t\t\t\t<\/div>\n\t\t\t\t\t<\/div>\n\t\t<\/div>\n\t\t\t\t\t\t\t\t<\/div>\n\t\t\t\t\t<\/div>\n\t\t<\/section>\n\t\t\t\t<section class=\"elementor-section elementor-top-section elementor-element elementor-element-99e0004 elementor-section-boxed elementor-section-height-default elementor-section-height-default\" data-id=\"99e0004\" data-element_type=\"section\">\n\t\t\t\t\t\t<div class=\"elementor-container elementor-column-gap-default\">\n\t\t\t\t\t\t\t<div class=\"elementor-row\">\n\t\t\t\t\t<div class=\"aux-parallax-section elementor-column elementor-col-100 elementor-top-column elementor-element elementor-element-5db66fd\" data-id=\"5db66fd\" data-element_type=\"column\">\n\t\t\t<div class=\"elementor-column-wrap elementor-element-populated\">\n\t\t\t\t\t\t\t<div class=\"elementor-widget-wrap\">\n\t\t\t\t\t\t<div class=\"elementor-element elementor-element-fa291c2 elementor-widget elementor-widget-spacer\" data-id=\"fa291c2\" data-element_type=\"widget\" data-widget_type=\"spacer.default\">\n\t\t\t\t<div class=\"elementor-widget-container\">\n\t\t\t\t\t<div class=\"elementor-spacer\">\n\t\t\t<div class=\"elementor-spacer-inner\"><\/div>\n\t\t<\/div>\n\t\t\t\t<\/div>\n\t\t\t\t<\/div>\n\t\t\t\t<section class=\"elementor-section elementor-inner-section elementor-element elementor-element-e32a256 elementor-section-boxed elementor-section-height-default elementor-section-height-default\" data-id=\"e32a256\" data-element_type=\"section\">\n\t\t\t\t\t\t<div class=\"elementor-container elementor-column-gap-default\">\n\t\t\t\t\t\t\t<div class=\"elementor-row\">\n\t\t\t\t\t<div class=\"aux-parallax-section elementor-column elementor-col-50 elementor-inner-column elementor-element elementor-element-8af80fb\" data-id=\"8af80fb\" data-element_type=\"column\">\n\t\t\t<div class=\"elementor-column-wrap elementor-element-populated\">\n\t\t\t\t\t\t\t<div class=\"elementor-widget-wrap\">\n\t\t\t\t\t\t<div class=\"elementor-element elementor-element-88b4e34 elementor-widget elementor-widget-image\" data-id=\"88b4e34\" data-element_type=\"widget\" data-widget_type=\"image.default\">\n\t\t\t\t<div class=\"elementor-widget-container\">\n\t\t\t\t\t\t\t\t<div class=\"elementor-image\">\n\t\t\t\t\t\t\t\t\t\t\t\t<img decoding=\"async\" src=\"https:\/\/elchtec.de\/roltec\/wp-content\/uploads\/elementor\/thumbs\/ELCHTEC_Grosshaendler-fuer-skandinavische-Rollstuehel-in-Deutschland-praesentiert-den-Panthera-aus-Schweden-1-p7tqe10z2u213jncm344l4pm1by7jwa6scp6oykj5s.png\" title=\"ELCHTEC_Grosshaendler-fuer-skandinavische-Rollstuehel-in-Deutschland-praesentiert-den-Panthera-aus-Schweden\" alt=\"ELCHTEC_Grosshaendler-fuer-skandinavische-Rollstuehel-in-Deutschland-praesentiert-den-Panthera-aus-Schweden\" loading=\"lazy\" \/>\t\t\t\t\t\t\t\t\t\t\t\t\t\t<\/div>\n\t\t\t\t\t\t<\/div>\n\t\t\t\t<\/div>\n\t\t\t\t<div class=\"elementor-element elementor-element-301a2c1 elementor-widget elementor-widget-spacer\" data-id=\"301a2c1\" data-element_type=\"widget\" data-widget_type=\"spacer.default\">\n\t\t\t\t<div class=\"elementor-widget-container\">\n\t\t\t\t\t<div class=\"elementor-spacer\">\n\t\t\t<div class=\"elementor-spacer-inner\"><\/div>\n\t\t<\/div>\n\t\t\t\t<\/div>\n\t\t\t\t<\/div>\n\t\t\t\t<div class=\"elementor-element elementor-element-e1245ab elementor-widget elementor-widget-html\" data-id=\"e1245ab\" data-element_type=\"widget\" data-widget_type=\"html.default\">\n\t\t\t\t<div class=\"elementor-widget-container\">\n\t\t\t\n<table id=\"tablepress-3\" class=\"tablepress tablepress-id-3\">\n<tbody class=\"row-hover\">\n<tr class=\"row-1 odd\">\n\t<td class=\"column-1\"> <\/td><td class=\"column-2\">Gr\u00f6\u00dfe 1<\/td><td class=\"column-3\">Gr\u00f6\u00dfe 2<\/td><td class=\"column-4\">Gr\u00f6\u00dfe 3<\/td><td class=\"column-5\">Gr\u00f6\u00dfe 4<\/td>\n<\/tr>\n<tr class=\"row-2 even\">\n\t<td class=\"column-1\">Max. K\u00f6rpergr\u00f6\u00dfe<\/td><td class=\"column-2\">120 cm<\/td><td class=\"column-3\">135 cm<\/td><td class=\"column-4\">150 cm<\/td><td class=\"column-5\">165 cm<\/td>\n<\/tr>\n<tr class=\"row-3 odd\">\n\t<td class=\"column-1\">Sitzbreite einstellbar<\/td><td class=\"column-2\">20-25 cm<\/td><td class=\"column-3\">25-30 cm<\/td><td class=\"column-4\">30-35 cm<\/td><td class=\"column-5\">35-40 cm<\/td>\n<\/tr>\n<tr class=\"row-4 even\">\n\t<td class=\"column-1\">Sitztiefe einstellbar<\/td><td class=\"column-2\">20-25 cm<\/td><td class=\"column-3\">25-30 cm<\/td><td class=\"column-4\">30-35 cm<\/td><td class=\"column-5\">35-40 cm<\/td>\n<\/tr>\n<tr class=\"row-5 odd\">\n\t<td class=\"column-1\">R\u00fcckenh\u00f6he<\/td><td class=\"column-2\">34-40 cm<\/td><td class=\"column-3\">39-46 cm<\/td><td class=\"column-4\">44-51 cm<\/td><td class=\"column-5\">39-56 cm<\/td>\n<\/tr>\n<tr class=\"row-6 even\">\n\t<td class=\"column-1\">Gesamtl\u00e4nge<\/td><td class=\"column-2\">110 cm<\/td><td class=\"column-3\">110 cm<\/td><td class=\"column-4\">110 cm<\/td><td class=\"column-5\">110 cm<\/td>\n<\/tr>\n<tr class=\"row-7 odd\">\n\t<td class=\"column-1\">Gesamtbreite<\/td><td class=\"column-2\">59 cm<\/td><td class=\"column-3\">59 cm<\/td><td class=\"column-4\">59 cm<\/td><td class=\"column-5\">59 cm<\/td>\n<\/tr>\n<\/tbody>\n<\/table>\n<!-- #tablepress-3 from cache -->\t\t<\/div>\n\t\t\t\t<\/div>\n\t\t\t\t\t\t<\/div>\n\t\t\t\t\t<\/div>\n\t\t<\/div>\n\t\t\t\t<div class=\"aux-parallax-section elementor-column elementor-col-50 elementor-inner-column elementor-element elementor-element-eea2cb3\" data-id=\"eea2cb3\" data-element_type=\"column\">\n\t\t\t<div class=\"elementor-column-wrap elementor-element-populated\">\n\t\t\t\t\t\t\t<div class=\"elementor-widget-wrap\">\n\t\t\t\t\t\t<div class=\"elementor-element elementor-element-a0d0d03 elementor-arrows-position-inside elementor-pagination-position-outside elementor-widget elementor-widget-image-carousel\" data-id=\"a0d0d03\" data-element_type=\"widget\" data-settings=\"{&quot;slides_to_show&quot;:&quot;1&quot;,&quot;navigation&quot;:&quot;both&quot;,&quot;autoplay&quot;:&quot;yes&quot;,&quot;pause_on_hover&quot;:&quot;yes&quot;,&quot;pause_on_interaction&quot;:&quot;yes&quot;,&quot;autoplay_speed&quot;:5000,&quot;infinite&quot;:&quot;yes&quot;,&quot;effect&quot;:&quot;slide&quot;,&quot;speed&quot;:500}\" data-widget_type=\"image-carousel.default\">\n\t\t\t\t<div class=\"elementor-widget-container\">\n\t\t\t\t\t<div class=\"elementor-image-carousel-wrapper swiper-container\" dir=\"ltr\">\n\t\t\t<div class=\"elementor-image-carousel swiper-wrapper\">\n\t\t\t\t\t\t\t\t<div class=\"swiper-slide\"><figure class=\"swiper-slide-inner\"><img decoding=\"async\" class=\"swiper-slide-image\" src=\"https:\/\/elchtec.de\/roltec\/wp-content\/uploads\/2022\/09\/E-Stuhl_2022_01-scaled.jpg\" alt=\"E-Stuhl_2022_01\" \/><\/figure><\/div><div class=\"swiper-slide\"><figure class=\"swiper-slide-inner\"><img decoding=\"async\" class=\"swiper-slide-image\" src=\"https:\/\/elchtec.de\/roltec\/wp-content\/uploads\/2022\/09\/E-Stuhl_2022_02-scaled.jpg\" alt=\"E-Stuhl_2022_02\" \/><\/figure><\/div><div class=\"swiper-slide\"><figure class=\"swiper-slide-inner\"><img decoding=\"async\" class=\"swiper-slide-image\" src=\"https:\/\/elchtec.de\/roltec\/wp-content\/uploads\/2022\/09\/E-Stuhl_2022_03-scaled.jpg\" alt=\"E-Stuhl_2022_03\" \/><\/figure><\/div><div class=\"swiper-slide\"><figure class=\"swiper-slide-inner\"><img decoding=\"async\" class=\"swiper-slide-image\" src=\"https:\/\/elchtec.de\/roltec\/wp-content\/uploads\/2022\/09\/E-Stuhl_2022_04-scaled.jpg\" alt=\"E-Stuhl_2022_04\" \/><\/figure><\/div><div class=\"swiper-slide\"><figure class=\"swiper-slide-inner\"><img decoding=\"async\" class=\"swiper-slide-image\" src=\"https:\/\/elchtec.de\/roltec\/wp-content\/uploads\/2022\/09\/E-Stuhl_2022_05-scaled.jpg\" alt=\"E-Stuhl_2022_05\" \/><\/figure><\/div>\t\t\t<\/div>\n\t\t\t\t\t\t\t\t\t\t\t\t<div class=\"swiper-pagination\"><\/div>\n\t\t\t\t\t\t\t\t\t\t\t\t\t<div class=\"elementor-swiper-button elementor-swiper-button-prev\">\n\t\t\t\t\t\t<i aria-hidden=\"true\" class=\"eicon-chevron-left\"><\/i>\t\t\t\t\t\t<span class=\"elementor-screen-only\">Zur\u00fcck<\/span>\n\t\t\t\t\t<\/div>\n\t\t\t\t\t<div class=\"elementor-swiper-button elementor-swiper-button-next\">\n\t\t\t\t\t\t<i aria-hidden=\"true\" class=\"eicon-chevron-right\"><\/i>\t\t\t\t\t\t<span class=\"elementor-screen-only\">Weiter<\/span>\n\t\t\t\t\t<\/div>\n\t\t\t\t\t\t\t\t\t<\/div>\n\t\t\t\t<\/div>\n\t\t\t\t<\/div>\n\t\t\t\t\t\t<\/div>\n\t\t\t\t\t<\/div>\n\t\t<\/div>\n\t\t\t\t\t\t\t\t<\/div>\n\t\t\t\t\t<\/div>\n\t\t<\/section>\n\t\t\t\t\t\t<\/div>\n\t\t\t\t\t<\/div>\n\t\t<\/div>\n\t\t\t\t\t\t\t\t<\/div>\n\t\t\t\t\t<\/div>\n\t\t<\/section>\n\t\t\t\t<section class=\"elementor-section elementor-top-section elementor-element elementor-element-f63fc8a elementor-section-boxed elementor-section-height-default elementor-section-height-default\" data-id=\"f63fc8a\" data-element_type=\"section\">\n\t\t\t\t\t\t<div class=\"elementor-container elementor-column-gap-default\">\n\t\t\t\t\t\t\t<div class=\"elementor-row\">\n\t\t\t\t\t<div class=\"aux-parallax-section elementor-column elementor-col-100 elementor-top-column elementor-element elementor-element-e79fbdf\" data-id=\"e79fbdf\" data-element_type=\"column\">\n\t\t\t<div class=\"elementor-column-wrap elementor-element-populated\">\n\t\t\t\t\t\t\t<div class=\"elementor-widget-wrap\">\n\t\t\t\t\t\t<div class=\"elementor-element elementor-element-bf0c041 elementor-widget elementor-widget-spacer\" data-id=\"bf0c041\" data-element_type=\"widget\" data-widget_type=\"spacer.default\">\n\t\t\t\t<div class=\"elementor-widget-container\">\n\t\t\t\t\t<div class=\"elementor-spacer\">\n\t\t\t<div class=\"elementor-spacer-inner\"><\/div>\n\t\t<\/div>\n\t\t\t\t<\/div>\n\t\t\t\t<\/div>\n\t\t\t\t\t\t<\/div>\n\t\t\t\t\t<\/div>\n\t\t<\/div>\n\t\t\t\t\t\t\t\t<\/div>\n\t\t\t\t\t<\/div>\n\t\t<\/section>\n\t\t\t\t<section class=\"elementor-section elementor-top-section elementor-element elementor-element-60a2f43 elementor-section-boxed elementor-section-height-default elementor-section-height-default\" data-id=\"60a2f43\" data-element_type=\"section\">\n\t\t\t\t\t\t<div class=\"elementor-container elementor-column-gap-default\">\n\t\t\t\t\t\t\t<div class=\"elementor-row\">\n\t\t\t\t\t<div class=\"aux-parallax-section elementor-column elementor-col-100 elementor-top-column elementor-element elementor-element-261840f\" data-id=\"261840f\" data-element_type=\"column\">\n\t\t\t<div class=\"elementor-column-wrap elementor-element-populated\">\n\t\t\t\t\t\t\t<div class=\"elementor-widget-wrap\">\n\t\t\t\t\t\t<div class=\"elementor-element elementor-element-e65be3c elementor-widget elementor-widget-image\" data-id=\"e65be3c\" data-element_type=\"widget\" data-widget_type=\"image.default\">\n\t\t\t\t<div class=\"elementor-widget-container\">\n\t\t\t\t\t\t\t\t<div class=\"elementor-image\">\n\t\t\t\t\t\t\t\t\t\t\t\t<img loading=\"lazy\" decoding=\"async\" width=\"689\" height=\"276\" src=\"https:\/\/elchtec.de\/roltec\/wp-content\/uploads\/2022\/09\/Aufkleber-BOA-2-Kids__2022.jpg\" class=\"attachment-large size-large wp-image-1239\" alt=\"\" \/>\t\t\t\t\t\t\t\t\t\t\t\t\t\t<\/div>\n\t\t\t\t\t\t<\/div>\n\t\t\t\t<\/div>\n\t\t\t\t\t\t<\/div>\n\t\t\t\t\t<\/div>\n\t\t<\/div>\n\t\t\t\t\t\t\t\t<\/div>\n\t\t\t\t\t<\/div>\n\t\t<\/section>\n\t\t\t\t\t\t\t\t\t<\/div>\n\t\t\t<\/div>\n\t\t\t\t\t<\/div>\n\t\t","protected":false},"excerpt":{"rendered":"<p>ELCHTEC pr\u00e4sentiert BOA KIDS Der Elektorollstuhl f\u00fcr Kinder mit modularem, mitwachsenden Kindersitzsystem. \u00a0 Messeneuheit zur REHACARE 2022. \u00a0 HIGHLIGHTS Mittelradantrieb mit kompakten Ma\u00dfen und einzigartiger Federung Niedrige Sitzh\u00f6he f\u00fcr bestm\u00f6gliche Integration im Alltag Mitwachsendes, einstellbares Sitzsystem f\u00fcr eine optimale Positionierung Physiologische Drehpunkte im Beckenbereich f\u00fcr den Optimal H\u00fcftwinkel Stufenlos einstellbare Sitztiefen und \u2013breitenverstellung sowie R\u00fcckenh\u00f6he [&hellip;]<\/p>\n","protected":false},"author":2,"featured_media":0,"parent":0,"menu_order":0,"comment_status":"closed","ping_status":"closed","template":"","meta":{"footnotes":""},"class_list":["post-1217","page","type-page","status-publish","hentry"],"_links":{"self":[{"href":"https:\/\/elchtec.de\/roltec\/wp-json\/wp\/v2\/pages\/1217","targetHints":{"allow":["GET"]}}],"collection":[{"href":"https:\/\/elchtec.de\/roltec\/wp-json\/wp\/v2\/pages"}],"about":[{"href":"https:\/\/elchtec.de\/roltec\/wp-json\/wp\/v2\/types\/page"}],"author":[{"embeddable":true,"href":"https:\/\/elchtec.de\/roltec\/wp-json\/wp\/v2\/users\/2"}],"replies":[{"embeddable":true,"href":"https:\/\/elchtec.de\/roltec\/wp-json\/wp\/v2\/comments?post=1217"}],"version-history":[{"count":43,"href":"https:\/\/elchtec.de\/roltec\/wp-json\/wp\/v2\/pages\/1217\/revisions"}],"predecessor-version":[{"id":1278,"href":"https:\/\/elchtec.de\/roltec\/wp-json\/wp\/v2\/pages\/1217\/revisions\/1278"}],"wp:attachment":[{"href":"https:\/\/elchtec.de\/roltec\/wp-json\/wp\/v2\/media?parent=1217"}],"curies":[{"name":"wp","href":"https:\/\/api.w.org\/{rel}","templated":true}]}}