{"id":2320,"date":"2021-03-28T15:13:39","date_gmt":"2021-03-28T13:13:39","guid":{"rendered":"https:\/\/pader-interactive.de\/panthera\/?page_id=2320"},"modified":"2025-02-17T11:14:07","modified_gmt":"2025-02-17T10:14:07","slug":"kontakt","status":"publish","type":"page","link":"https:\/\/elchtec.de\/panda\/kontakt\/","title":{"rendered":"KONTAKT"},"content":{"rendered":"\t\t<div data-elementor-type=\"wp-page\" data-elementor-id=\"2320\" class=\"elementor elementor-2320\">\n\t\t\t\t\t\t<div class=\"elementor-inner\">\n\t\t\t\t<div class=\"elementor-section-wrap\">\n\t\t\t\t\t\t\t\t\t<section class=\"elementor-section elementor-top-section elementor-element elementor-element-f324f42 elementor-section-content-middle elementor-section-boxed elementor-section-height-default elementor-section-height-default\" data-id=\"f324f42\" data-element_type=\"section\">\n\t\t\t\t\t\t<div class=\"elementor-container elementor-column-gap-no\">\n\t\t\t\t\t\t\t<div class=\"elementor-row\">\n\t\t\t\t\t<div class=\"aux-parallax-section elementor-column elementor-col-100 elementor-top-column elementor-element elementor-element-3a70b08\" data-id=\"3a70b08\" data-element_type=\"column\">\n\t\t\t<div class=\"elementor-column-wrap elementor-element-populated\">\n\t\t\t\t\t\t\t<div class=\"elementor-widget-wrap\">\n\t\t\t\t\t\t<div class=\"elementor-element elementor-element-5c8b55a aux-appear-watch-animation aux-fade-in-up elementor-widget elementor-widget-heading\" data-id=\"5c8b55a\" data-element_type=\"widget\" data-widget_type=\"heading.default\">\n\t\t\t\t<div class=\"elementor-widget-container\">\n\t\t\t<h5 class=\"elementor-heading-title elementor-size-default\">Kontakt<\/h5>\t\t<\/div>\n\t\t\t\t<\/div>\n\t\t\t\t<div class=\"elementor-element elementor-element-64a4210 elementor-widget elementor-widget-aux_modern_heading\" data-id=\"64a4210\" data-element_type=\"widget\" data-widget_type=\"aux_modern_heading.default\">\n\t\t\t\t<div class=\"elementor-widget-container\">\n\t\t\t<section class=\"aux-widget-modern-heading\">\n            <div class=\"aux-widget-inner\"><h5 class=\"aux-modern-heading-primary\">Wir helfen Ihnen schnell<br> &amp; unkompliziert<\/h5><\/div>\n        <\/section>\t\t<\/div>\n\t\t\t\t<\/div>\n\t\t\t\t<div class=\"elementor-element elementor-element-49e6058 elementor-widget elementor-widget-text-editor\" data-id=\"49e6058\" data-element_type=\"widget\" data-widget_type=\"text-editor.default\">\n\t\t\t\t<div class=\"elementor-widget-container\">\n\t\t\t\t\t\t\t\t<div class=\"elementor-text-editor elementor-clearfix\">\n\t\t\t\t<p>Rufen Sie uns an &#8211; oder schreiben Sie uns eine E-Mail &#8211; wir freuen uns, Sie kennenzulernen!<\/p>\t\t\t\t\t<\/div>\n\t\t\t\t\t\t<\/div>\n\t\t\t\t<\/div>\n\t\t\t\t<div class=\"elementor-element elementor-element-96bfc23 elementor-hidden-phone elementor-widget__width-auto elementor-widget elementor-widget-aux_image\" data-id=\"96bfc23\" data-element_type=\"widget\" data-widget_type=\"aux_image.default\">\n\t\t\t\t<div class=\"elementor-widget-container\">\n\t\t\t<section class=\"widget-container aux-widget-image aux-alignnone aux-parent-auf03bff27\">\n    <div class=\"aux-media-hint-frame \">\n        <div class=\"aux-media-image \" >\n        \n            \n\n            \n            <img loading=\"lazy\" decoding=\"async\" width=\"1418\" height=\"1418\" src=\"image\/gif;base64,R0lGODlhAQABAIAAAAAAAP\/\/\/yH5BAEAAAAALAAAAAABAAEAAAIBRAA7\" class=\"aux-attachment aux-featured-image aux-attachment-id-47 aux-preload aux-blank\" alt=\"demo-attachment-69-circle\" data-ratio=\"1\" data-original-w=\"1418\" data-src=\"https:\/\/elchtec.de\/panda\/wp-content\/uploads\/2019\/04\/circle.png\" \/>            \n                <\/div>\n    <\/div>\n\n<\/section><!-- widget-container -->\t\t<\/div>\n\t\t\t\t<\/div>\n\t\t\t\t<div class=\"elementor-element elementor-element-cd6dcfe elementor-widget elementor-widget-aux_contact_form\" data-id=\"cd6dcfe\" data-element_type=\"widget\" data-widget_type=\"aux_contact_form.default\">\n\t\t\t\t<div class=\"elementor-widget-container\">\n\t\t\t<section class=\"widget-container aux-widget-contact-form aux-parent-aucee6c788\">            <div class=\"aux-col-wrapper aux-no-gutter\">\n            <!-- @TODO - The output for element here -->\n\n            \n<div class=\"wpcf7 no-js\" id=\"wpcf7-f7-o1\" lang=\"de-DE\" dir=\"ltr\">\n<div class=\"screen-reader-response\"><p role=\"status\" aria-live=\"polite\" aria-atomic=\"true\"><\/p> <ul><\/ul><\/div>\n<form action=\"\/panda\/wp-json\/wp\/v2\/pages\/2320#wpcf7-f7-o1\" method=\"post\" class=\"wpcf7-form init\" aria-label=\"Kontaktformular\" novalidate=\"novalidate\" data-status=\"init\">\n<div style=\"display: none;\">\n<input type=\"hidden\" name=\"_wpcf7\" value=\"7\" \/>\n<input type=\"hidden\" name=\"_wpcf7_version\" value=\"5.7.4\" \/>\n<input type=\"hidden\" name=\"_wpcf7_locale\" value=\"de_DE\" \/>\n<input type=\"hidden\" name=\"_wpcf7_unit_tag\" value=\"wpcf7-f7-o1\" \/>\n<input type=\"hidden\" name=\"_wpcf7_container_post\" value=\"0\" \/>\n<input type=\"hidden\" name=\"_wpcf7_posted_data_hash\" value=\"\" \/>\n<\/div>\n<p><span class=\"wpcf7-form-control-wrap\" data-name=\"your-name\"><input size=\"40\" class=\"wpcf7-form-control wpcf7-text\" aria-invalid=\"false\" placeholder=\"Name\" value=\"\" type=\"text\" name=\"your-name\" \/><\/span>\n<\/p>\n<p><span class=\"wpcf7-form-control-wrap\" data-name=\"your-email\"><input size=\"40\" class=\"wpcf7-form-control wpcf7-text wpcf7-email wpcf7-validates-as-required wpcf7-validates-as-email\" aria-required=\"true\" aria-invalid=\"false\" placeholder=\"E-Mail\" value=\"\" type=\"email\" name=\"your-email\" \/><\/span>\n<\/p>\n<p><span class=\"wpcf7-form-control-wrap\" data-name=\"your-subject\"><input size=\"40\" class=\"wpcf7-form-control wpcf7-text\" aria-invalid=\"false\" placeholder=\"Betreff\" value=\"\" type=\"text\" name=\"your-subject\" \/><\/span>\n<\/p>\n<p><span class=\"wpcf7-form-control-wrap\" data-name=\"your-message\"><textarea cols=\"40\" rows=\"10\" class=\"wpcf7-form-control wpcf7-textarea\" aria-invalid=\"false\" placeholder=\"Nachricht\" name=\"your-message\"><\/textarea><\/span>\n<\/p>\n<p><span class=\"wpcf7-form-control-wrap\" data-name=\"acceptance\"><span class=\"wpcf7-form-control wpcf7-acceptance\"><span class=\"wpcf7-list-item\"><label><input type=\"checkbox\" name=\"acceptance\" value=\"1\" aria-invalid=\"false\" \/><span class=\"wpcf7-list-item-label\"><strong>Datenschutzhinweis:<\/strong>&nbsp; Ja, ich bin mit der Datenspeicherung zwecks Kontaktaufnahme durch Volaris Deutschland GmbH (Elchtec) einverstanden. Information zu pers\u00f6nlichen Rechten und zum Widerruf finden Sie in unserer vollst\u00e4ndigen  <a style=\"text-decoration:underline\" href=\"https:\/\/www.elchtec.de\/datenschutz\/#kontakt\" target=\"_blank\">Datenschutzerkl\u00e4rung<\/a>.<\/span><\/label><\/span><\/span><\/span>\n<\/p>\n<p><input class=\"wpcf7-form-control has-spinner wpcf7-submit\" type=\"submit\" value=\"Nachricht senden\" \/>\n<\/p><div class=\"wpcf7-response-output\" aria-hidden=\"true\"><\/div>\n<\/form>\n<\/div>\n\n\n            <\/div><!-- aux-col-wrapper -->\n    <\/section><!-- widget-container -->\t\t<\/div>\n\t\t\t\t<\/div>\n\t\t\t\t\t\t<\/div>\n\t\t\t\t\t<\/div>\n\t\t<\/div>\n\t\t\t\t\t\t\t\t<\/div>\n\t\t\t\t\t<\/div>\n\t\t<\/section>\n\t\t\t\t\t\t\t\t\t<\/div>\n\t\t\t<\/div>\n\t\t\t\t\t<\/div>\n\t\t","protected":false},"excerpt":{"rendered":"<p>Kontakt Wir helfen Ihnen schnell &amp; unkompliziert Rufen Sie uns an &#8211; oder schreiben Sie uns eine E-Mail &#8211; wir freuen uns, Sie kennenzulernen! Datenschutzhinweis:&nbsp; Ja, ich bin mit der Datenspeicherung zwecks Kontaktaufnahme durch Volaris Deutschland GmbH (Elchtec) einverstanden. Information zu pers\u00f6nlichen Rechten und zum Widerruf finden Sie in unserer vollst\u00e4ndigen Datenschutzerkl\u00e4rung.<\/p>\n","protected":false},"author":2,"featured_media":0,"parent":0,"menu_order":0,"comment_status":"closed","ping_status":"closed","template":"","meta":{"footnotes":""},"class_list":["post-2320","page","type-page","status-publish","hentry"],"yoast_head":"<!-- This site is optimized with the Yoast SEO plugin v27.2 - https:\/\/yoast.com\/product\/yoast-seo-wordpress\/ -->\n<title>KONTAKT - PANDA<\/title>\n<meta name=\"robots\" content=\"index, follow, max-snippet:-1, max-image-preview:large, max-video-preview:-1\" \/>\n<link rel=\"canonical\" href=\"https:\/\/elchtec.de\/panda\/kontakt\/\" \/>\n<meta property=\"og:locale\" content=\"de_DE\" \/>\n<meta property=\"og:type\" content=\"article\" \/>\n<meta property=\"og:title\" content=\"KONTAKT - PANDA\" \/>\n<meta property=\"og:description\" content=\"Kontakt Wir helfen Ihnen schnell &amp; unkompliziert Rufen Sie uns an &#8211; oder schreiben Sie uns eine E-Mail &#8211; wir freuen uns, Sie kennenzulernen! Datenschutzhinweis:&nbsp; Ja, ich bin mit der Datenspeicherung zwecks Kontaktaufnahme durch Volaris Deutschland GmbH (Elchtec) einverstanden. Information zu pers\u00f6nlichen Rechten und zum Widerruf finden Sie in unserer vollst\u00e4ndigen Datenschutzerkl\u00e4rung.\" \/>\n<meta property=\"og:url\" content=\"https:\/\/elchtec.de\/panda\/kontakt\/\" \/>\n<meta property=\"og:site_name\" content=\"PANDA\" \/>\n<meta property=\"article:modified_time\" content=\"2025-02-17T10:14:07+00:00\" \/>\n<meta name=\"twitter:card\" content=\"summary_large_image\" \/>\n<script type=\"application\/ld+json\" class=\"yoast-schema-graph\">{\"@context\":\"https:\/\/schema.org\",\"@graph\":[{\"@type\":\"WebPage\",\"@id\":\"https:\/\/elchtec.de\/panda\/kontakt\/\",\"url\":\"https:\/\/elchtec.de\/panda\/kontakt\/\",\"name\":\"KONTAKT - PANDA\",\"isPartOf\":{\"@id\":\"https:\/\/elchtec.de\/panda\/#website\"},\"datePublished\":\"2021-03-28T13:13:39+00:00\",\"dateModified\":\"2025-02-17T10:14:07+00:00\",\"breadcrumb\":{\"@id\":\"https:\/\/elchtec.de\/panda\/kontakt\/#breadcrumb\"},\"inLanguage\":\"de\",\"potentialAction\":[{\"@type\":\"ReadAction\",\"target\":[\"https:\/\/elchtec.de\/panda\/kontakt\/\"]}]},{\"@type\":\"BreadcrumbList\",\"@id\":\"https:\/\/elchtec.de\/panda\/kontakt\/#breadcrumb\",\"itemListElement\":[{\"@type\":\"ListItem\",\"position\":1,\"name\":\"Start\",\"item\":\"https:\/\/elchtec.de\/panda\/\"},{\"@type\":\"ListItem\",\"position\":2,\"name\":\"KONTAKT\"}]},{\"@type\":\"WebSite\",\"@id\":\"https:\/\/elchtec.de\/panda\/#website\",\"url\":\"https:\/\/elchtec.de\/panda\/\",\"name\":\"PANDA\",\"description\":\"Der neue Alltagsrollstuhl von ELCHTEC\",\"publisher\":{\"@id\":\"https:\/\/elchtec.de\/panda\/#organization\"},\"potentialAction\":[{\"@type\":\"SearchAction\",\"target\":{\"@type\":\"EntryPoint\",\"urlTemplate\":\"https:\/\/elchtec.de\/panda\/?s={search_term_string}\"},\"query-input\":{\"@type\":\"PropertyValueSpecification\",\"valueRequired\":true,\"valueName\":\"search_term_string\"}}],\"inLanguage\":\"de\"},{\"@type\":\"Organization\",\"@id\":\"https:\/\/elchtec.de\/panda\/#organization\",\"name\":\"ELCHTEC\",\"url\":\"https:\/\/elchtec.de\/panda\/\",\"logo\":{\"@type\":\"ImageObject\",\"inLanguage\":\"de\",\"@id\":\"https:\/\/elchtec.de\/panda\/#\/schema\/logo\/image\/\",\"url\":\"https:\/\/elchtec.de\/panda\/wp-content\/uploads\/2024\/12\/Logo_Panda_PFADE___fuer_Internet.png\",\"contentUrl\":\"https:\/\/elchtec.de\/panda\/wp-content\/uploads\/2024\/12\/Logo_Panda_PFADE___fuer_Internet.png\",\"width\":763,\"height\":274,\"caption\":\"ELCHTEC\"},\"image\":{\"@id\":\"https:\/\/elchtec.de\/panda\/#\/schema\/logo\/image\/\"}}]}<\/script>\n<!-- \/ Yoast SEO plugin. -->","yoast_head_json":{"title":"KONTAKT - PANDA","robots":{"index":"index","follow":"follow","max-snippet":"max-snippet:-1","max-image-preview":"max-image-preview:large","max-video-preview":"max-video-preview:-1"},"canonical":"https:\/\/elchtec.de\/panda\/kontakt\/","og_locale":"de_DE","og_type":"article","og_title":"KONTAKT - PANDA","og_description":"Kontakt Wir helfen Ihnen schnell &amp; unkompliziert Rufen Sie uns an &#8211; oder schreiben Sie uns eine E-Mail &#8211; wir freuen uns, Sie kennenzulernen! Datenschutzhinweis:&nbsp; Ja, ich bin mit der Datenspeicherung zwecks Kontaktaufnahme durch Volaris Deutschland GmbH (Elchtec) einverstanden. Information zu pers\u00f6nlichen Rechten und zum Widerruf finden Sie in unserer vollst\u00e4ndigen Datenschutzerkl\u00e4rung.","og_url":"https:\/\/elchtec.de\/panda\/kontakt\/","og_site_name":"PANDA","article_modified_time":"2025-02-17T10:14:07+00:00","twitter_card":"summary_large_image","schema":{"@context":"https:\/\/schema.org","@graph":[{"@type":"WebPage","@id":"https:\/\/elchtec.de\/panda\/kontakt\/","url":"https:\/\/elchtec.de\/panda\/kontakt\/","name":"KONTAKT - PANDA","isPartOf":{"@id":"https:\/\/elchtec.de\/panda\/#website"},"datePublished":"2021-03-28T13:13:39+00:00","dateModified":"2025-02-17T10:14:07+00:00","breadcrumb":{"@id":"https:\/\/elchtec.de\/panda\/kontakt\/#breadcrumb"},"inLanguage":"de","potentialAction":[{"@type":"ReadAction","target":["https:\/\/elchtec.de\/panda\/kontakt\/"]}]},{"@type":"BreadcrumbList","@id":"https:\/\/elchtec.de\/panda\/kontakt\/#breadcrumb","itemListElement":[{"@type":"ListItem","position":1,"name":"Start","item":"https:\/\/elchtec.de\/panda\/"},{"@type":"ListItem","position":2,"name":"KONTAKT"}]},{"@type":"WebSite","@id":"https:\/\/elchtec.de\/panda\/#website","url":"https:\/\/elchtec.de\/panda\/","name":"PANDA","description":"Der neue Alltagsrollstuhl von ELCHTEC","publisher":{"@id":"https:\/\/elchtec.de\/panda\/#organization"},"potentialAction":[{"@type":"SearchAction","target":{"@type":"EntryPoint","urlTemplate":"https:\/\/elchtec.de\/panda\/?s={search_term_string}"},"query-input":{"@type":"PropertyValueSpecification","valueRequired":true,"valueName":"search_term_string"}}],"inLanguage":"de"},{"@type":"Organization","@id":"https:\/\/elchtec.de\/panda\/#organization","name":"ELCHTEC","url":"https:\/\/elchtec.de\/panda\/","logo":{"@type":"ImageObject","inLanguage":"de","@id":"https:\/\/elchtec.de\/panda\/#\/schema\/logo\/image\/","url":"https:\/\/elchtec.de\/panda\/wp-content\/uploads\/2024\/12\/Logo_Panda_PFADE___fuer_Internet.png","contentUrl":"https:\/\/elchtec.de\/panda\/wp-content\/uploads\/2024\/12\/Logo_Panda_PFADE___fuer_Internet.png","width":763,"height":274,"caption":"ELCHTEC"},"image":{"@id":"https:\/\/elchtec.de\/panda\/#\/schema\/logo\/image\/"}}]}},"_links":{"self":[{"href":"https:\/\/elchtec.de\/panda\/wp-json\/wp\/v2\/pages\/2320","targetHints":{"allow":["GET"]}}],"collection":[{"href":"https:\/\/elchtec.de\/panda\/wp-json\/wp\/v2\/pages"}],"about":[{"href":"https:\/\/elchtec.de\/panda\/wp-json\/wp\/v2\/types\/page"}],"author":[{"embeddable":true,"href":"https:\/\/elchtec.de\/panda\/wp-json\/wp\/v2\/users\/2"}],"replies":[{"embeddable":true,"href":"https:\/\/elchtec.de\/panda\/wp-json\/wp\/v2\/comments?post=2320"}],"version-history":[{"count":49,"href":"https:\/\/elchtec.de\/panda\/wp-json\/wp\/v2\/pages\/2320\/revisions"}],"predecessor-version":[{"id":3906,"href":"https:\/\/elchtec.de\/panda\/wp-json\/wp\/v2\/pages\/2320\/revisions\/3906"}],"wp:attachment":[{"href":"https:\/\/elchtec.de\/panda\/wp-json\/wp\/v2\/media?parent=2320"}],"curies":[{"name":"wp","href":"https:\/\/api.w.org\/{rel}","templated":true}]}}