{"id":1760,"date":"2021-03-26T18:39:00","date_gmt":"2021-03-26T17:39:00","guid":{"rendered":"https:\/\/pader-interactive.de\/panthera\/?page_id=1760"},"modified":"2021-08-31T16:12:22","modified_gmt":"2021-08-31T14:12:22","slug":"schlaeuche","status":"publish","type":"page","link":"https:\/\/elchtec.de\/panda\/schlaeuche\/","title":{"rendered":"SCHL\u00c4UCHE"},"content":{"rendered":"\t\t<div data-elementor-type=\"wp-page\" data-elementor-id=\"1760\" class=\"elementor elementor-1760\">\n\t\t\t\t\t\t<div class=\"elementor-inner\">\n\t\t\t\t<div class=\"elementor-section-wrap\">\n\t\t\t\t\t\t\t\t\t<section class=\"elementor-section elementor-top-section elementor-element elementor-element-31a0c19 elementor-section-boxed elementor-section-height-default elementor-section-height-default\" data-id=\"31a0c19\" data-element_type=\"section\">\n\t\t\t\t\t\t<div class=\"elementor-container elementor-column-gap-default\">\n\t\t\t\t\t\t\t<div class=\"elementor-row\">\n\t\t\t\t\t<div class=\"aux-parallax-section elementor-column elementor-col-100 elementor-top-column elementor-element elementor-element-fc98669\" data-id=\"fc98669\" data-element_type=\"column\">\n\t\t\t<div class=\"elementor-column-wrap elementor-element-populated\">\n\t\t\t\t\t\t\t<div class=\"elementor-widget-wrap\">\n\t\t\t\t\t\t<div class=\"elementor-element elementor-element-074b399 aux-appear-watch-animation aux-fade-in-up elementor-widget elementor-widget-heading\" data-id=\"074b399\" data-element_type=\"widget\" data-widget_type=\"heading.default\">\n\t\t\t\t<div class=\"elementor-widget-container\">\n\t\t\t<h4 class=\"elementor-heading-title elementor-size-default\">EQUIPMENT<\/h4>\t\t<\/div>\n\t\t\t\t<\/div>\n\t\t\t\t<div class=\"elementor-element elementor-element-b30ab0f elementor-widget elementor-widget-aux_modern_heading\" data-id=\"b30ab0f\" data-element_type=\"widget\" data-widget_type=\"aux_modern_heading.default\">\n\t\t\t\t<div class=\"elementor-widget-container\">\n\t\t\t<section class=\"aux-widget-modern-heading\">\n            <div class=\"aux-widget-inner\"><h4 class=\"aux-modern-heading-primary\">Schl\u00e4uche f\u00fcr Rollstuhlreifen<\/h4><p class=\"aux-modern-heading-secondary\"><span class=\"aux-head-highlight\"> <\/span><\/p><div class=\"aux-modern-heading-description\"><p>Hier finden Sie die verschiedenen Modelle aufgelistet.<\/p><\/div><\/div>\n        <\/section>\t\t<\/div>\n\t\t\t\t<\/div>\n\t\t\t\t\t\t<\/div>\n\t\t\t\t\t<\/div>\n\t\t<\/div>\n\t\t\t\t\t\t\t\t<\/div>\n\t\t\t\t\t<\/div>\n\t\t<\/section>\n\t\t\t\t<section class=\"elementor-section elementor-top-section elementor-element elementor-element-42b7d5f elementor-section-boxed elementor-section-height-default elementor-section-height-default\" data-id=\"42b7d5f\" data-element_type=\"section\">\n\t\t\t\t\t\t<div class=\"elementor-container elementor-column-gap-default\">\n\t\t\t\t\t\t\t<div class=\"elementor-row\">\n\t\t\t\t\t<div class=\"aux-parallax-section elementor-column elementor-col-100 elementor-top-column elementor-element elementor-element-a833b2d\" data-id=\"a833b2d\" data-element_type=\"column\">\n\t\t\t<div class=\"elementor-column-wrap elementor-element-populated\">\n\t\t\t\t\t\t\t<div class=\"elementor-widget-wrap\">\n\t\t\t\t\t\t<div class=\"elementor-element elementor-element-2d0f7da elementor-widget elementor-widget-spacer\" data-id=\"2d0f7da\" data-element_type=\"widget\" data-widget_type=\"spacer.default\">\n\t\t\t\t<div class=\"elementor-widget-container\">\n\t\t\t\t\t<div class=\"elementor-spacer\">\n\t\t\t<div class=\"elementor-spacer-inner\"><\/div>\n\t\t<\/div>\n\t\t\t\t<\/div>\n\t\t\t\t<\/div>\n\t\t\t\t<section class=\"elementor-section elementor-inner-section elementor-element elementor-element-00d48a5 elementor-section-boxed elementor-section-height-default elementor-section-height-default\" data-id=\"00d48a5\" data-element_type=\"section\">\n\t\t\t\t\t\t<div class=\"elementor-container elementor-column-gap-default\">\n\t\t\t\t\t\t\t<div class=\"elementor-row\">\n\t\t\t\t\t<div class=\"aux-parallax-section elementor-column elementor-col-20 elementor-inner-column elementor-element elementor-element-0153ea4\" data-id=\"0153ea4\" data-element_type=\"column\">\n\t\t\t<div class=\"elementor-column-wrap elementor-element-populated\">\n\t\t\t\t\t\t\t<div class=\"elementor-widget-wrap\">\n\t\t\t\t\t\t<div class=\"elementor-element elementor-element-a91a6b5 animated-slow elementor-invisible elementor-widget elementor-widget-image\" data-id=\"a91a6b5\" data-element_type=\"widget\" data-settings=\"{&quot;_animation&quot;:&quot;pulse&quot;}\" data-widget_type=\"image.default\">\n\t\t\t\t<div class=\"elementor-widget-container\">\n\t\t\t\t\t\t\t\t<div class=\"elementor-image\">\n\t\t\t\t\t\t\t\t\t<figure class=\"wp-caption\">\n\t\t\t\t\t\t\t\t\t\t\t<a href=\"https:\/\/panthera.se\/webpages\/delar_slang_std.html\" target=\"_blank\">\n\t\t\t\t\t\t\t<img loading=\"lazy\" decoding=\"async\" width=\"150\" height=\"150\" src=\"https:\/\/elchtec.de\/panda\/wp-content\/uploads\/2021\/03\/slang_std_150.jpg\" class=\"attachment-full size-full wp-image-1766\" alt=\"\" \/>\t\t\t\t\t\t\t\t<\/a>\n\t\t\t\t\t\t\t\t\t\t\t<figcaption class=\"widget-image-caption wp-caption-text\">HOCHDRUCKREIFEN<\/figcaption>\n\t\t\t\t\t\t\t\t\t\t<\/figure>\n\t\t\t\t\t\t\t\t<\/div>\n\t\t\t\t\t\t<\/div>\n\t\t\t\t<\/div>\n\t\t\t\t\t\t<\/div>\n\t\t\t\t\t<\/div>\n\t\t<\/div>\n\t\t\t\t<div class=\"aux-parallax-section elementor-column elementor-col-20 elementor-inner-column elementor-element elementor-element-fac198f\" data-id=\"fac198f\" data-element_type=\"column\">\n\t\t\t<div class=\"elementor-column-wrap elementor-element-populated\">\n\t\t\t\t\t\t\t<div class=\"elementor-widget-wrap\">\n\t\t\t\t\t\t<div class=\"elementor-element elementor-element-9fcf015 animated-slow elementor-invisible elementor-widget elementor-widget-image\" data-id=\"9fcf015\" data-element_type=\"widget\" data-settings=\"{&quot;_animation&quot;:&quot;pulse&quot;}\" data-widget_type=\"image.default\">\n\t\t\t\t<div class=\"elementor-widget-container\">\n\t\t\t\t\t\t\t\t<div class=\"elementor-image\">\n\t\t\t\t\t\t\t\t\t<figure class=\"wp-caption\">\n\t\t\t\t\t\t\t\t\t\t\t<a href=\"https:\/\/panthera.se\/webpages\/delar_slang_pr1mo.html\" target=\"_blank\">\n\t\t\t\t\t\t\t<img loading=\"lazy\" decoding=\"async\" width=\"150\" height=\"150\" src=\"https:\/\/elchtec.de\/panda\/wp-content\/uploads\/2021\/03\/slang_pr1mo_150.jpg\" class=\"attachment-full size-full wp-image-1765\" alt=\"\" \/>\t\t\t\t\t\t\t\t<\/a>\n\t\t\t\t\t\t\t\t\t\t\t<figcaption class=\"widget-image-caption wp-caption-text\">PUNKTION KOSTENLOS<\/figcaption>\n\t\t\t\t\t\t\t\t\t\t<\/figure>\n\t\t\t\t\t\t\t\t<\/div>\n\t\t\t\t\t\t<\/div>\n\t\t\t\t<\/div>\n\t\t\t\t\t\t<\/div>\n\t\t\t\t\t<\/div>\n\t\t<\/div>\n\t\t\t\t<div class=\"aux-parallax-section elementor-column elementor-col-20 elementor-inner-column elementor-element elementor-element-219c0a5\" data-id=\"219c0a5\" data-element_type=\"column\">\n\t\t\t<div class=\"elementor-column-wrap elementor-element-populated\">\n\t\t\t\t\t\t\t<div class=\"elementor-widget-wrap\">\n\t\t\t\t\t\t<div class=\"elementor-element elementor-element-cd5c4f2 animated-slow elementor-invisible elementor-widget elementor-widget-image\" data-id=\"cd5c4f2\" data-element_type=\"widget\" data-settings=\"{&quot;_animation&quot;:&quot;pulse&quot;}\" data-widget_type=\"image.default\">\n\t\t\t\t<div class=\"elementor-widget-container\">\n\t\t\t\t\t\t\t\t<div class=\"elementor-image\">\n\t\t\t\t\t\t\t\t\t<figure class=\"wp-caption\">\n\t\t\t\t\t\t\t\t\t\t\t<a href=\"https:\/\/panthera.se\/webpages\/delar_slang_light.html\" target=\"_blank\">\n\t\t\t\t\t\t\t<img loading=\"lazy\" decoding=\"async\" width=\"150\" height=\"150\" src=\"https:\/\/elchtec.de\/panda\/wp-content\/uploads\/2021\/03\/slang_light_150.jpg\" class=\"attachment-full size-full wp-image-1763\" alt=\"\" \/>\t\t\t\t\t\t\t\t<\/a>\n\t\t\t\t\t\t\t\t\t\t\t<figcaption class=\"widget-image-caption wp-caption-text\">MOUNTAINBIKE<\/figcaption>\n\t\t\t\t\t\t\t\t\t\t<\/figure>\n\t\t\t\t\t\t\t\t<\/div>\n\t\t\t\t\t\t<\/div>\n\t\t\t\t<\/div>\n\t\t\t\t\t\t<\/div>\n\t\t\t\t\t<\/div>\n\t\t<\/div>\n\t\t\t\t<div class=\"aux-parallax-section elementor-column elementor-col-20 elementor-inner-column elementor-element elementor-element-e533526\" data-id=\"e533526\" data-element_type=\"column\">\n\t\t\t<div class=\"elementor-column-wrap elementor-element-populated\">\n\t\t\t\t\t\t\t<div class=\"elementor-widget-wrap\">\n\t\t\t\t\t\t<div class=\"elementor-element elementor-element-c94e82d animated-slow elementor-invisible elementor-widget elementor-widget-image\" data-id=\"c94e82d\" data-element_type=\"widget\" data-settings=\"{&quot;_animation&quot;:&quot;pulse&quot;}\" data-widget_type=\"image.default\">\n\t\t\t\t<div class=\"elementor-widget-container\">\n\t\t\t\t\t\t\t\t<div class=\"elementor-image\">\n\t\t\t\t\t\t\t\t\t<figure class=\"wp-caption\">\n\t\t\t\t\t\t\t\t\t\t\t<a href=\"https:\/\/panthera.se\/webpages\/delar_dack_micro.html\" target=\"_blank\">\n\t\t\t\t\t\t\t<img loading=\"lazy\" decoding=\"async\" width=\"150\" height=\"150\" src=\"https:\/\/elchtec.de\/panda\/wp-content\/uploads\/2021\/03\/slang_micro_150.jpg\" class=\"attachment-full size-full wp-image-1764\" alt=\"\" \/>\t\t\t\t\t\t\t\t<\/a>\n\t\t\t\t\t\t\t\t\t\t\t<figcaption class=\"widget-image-caption wp-caption-text\">reTyre TRACTION <\/figcaption>\n\t\t\t\t\t\t\t\t\t\t<\/figure>\n\t\t\t\t\t\t\t\t<\/div>\n\t\t\t\t\t\t<\/div>\n\t\t\t\t<\/div>\n\t\t\t\t\t\t<\/div>\n\t\t\t\t\t<\/div>\n\t\t<\/div>\n\t\t\t\t<div class=\"aux-parallax-section elementor-column elementor-col-20 elementor-inner-column elementor-element elementor-element-3239f4b\" data-id=\"3239f4b\" data-element_type=\"column\">\n\t\t\t<div class=\"elementor-column-wrap elementor-element-populated\">\n\t\t\t\t\t\t\t<div class=\"elementor-widget-wrap\">\n\t\t\t\t\t\t<div class=\"elementor-element elementor-element-d561bc7 animated-slow elementor-invisible elementor-widget elementor-widget-image\" data-id=\"d561bc7\" data-element_type=\"widget\" data-settings=\"{&quot;_animation&quot;:&quot;pulse&quot;}\" data-widget_type=\"image.default\">\n\t\t\t\t<div class=\"elementor-widget-container\">\n\t\t\t\t\t\t\t\t<div class=\"elementor-image\">\n\t\t\t\t\t\t\t\t\t<figure class=\"wp-caption\">\n\t\t\t\t\t\t\t\t\t\t\t<a href=\"https:\/\/panthera.se\/webpages\/delar_slang_MTB.html\" target=\"_blank\">\n\t\t\t\t\t\t\t<img loading=\"lazy\" decoding=\"async\" width=\"150\" height=\"150\" src=\"https:\/\/elchtec.de\/panda\/wp-content\/uploads\/2021\/03\/slang_mtb_150.jpg\" class=\"attachment-full size-full wp-image-1767\" alt=\"\" \/>\t\t\t\t\t\t\t\t<\/a>\n\t\t\t\t\t\t\t\t\t\t\t<figcaption class=\"widget-image-caption wp-caption-text\">MICRO<\/figcaption>\n\t\t\t\t\t\t\t\t\t\t<\/figure>\n\t\t\t\t\t\t\t\t<\/div>\n\t\t\t\t\t\t<\/div>\n\t\t\t\t<\/div>\n\t\t\t\t\t\t<\/div>\n\t\t\t\t\t<\/div>\n\t\t<\/div>\n\t\t\t\t\t\t\t\t<\/div>\n\t\t\t\t\t<\/div>\n\t\t<\/section>\n\t\t\t\t<div class=\"elementor-element elementor-element-2a0d156 elementor-widget elementor-widget-spacer\" data-id=\"2a0d156\" data-element_type=\"widget\" data-widget_type=\"spacer.default\">\n\t\t\t\t<div class=\"elementor-widget-container\">\n\t\t\t\t\t<div class=\"elementor-spacer\">\n\t\t\t<div class=\"elementor-spacer-inner\"><\/div>\n\t\t<\/div>\n\t\t\t\t<\/div>\n\t\t\t\t<\/div>\n\t\t\t\t\t\t<\/div>\n\t\t\t\t\t<\/div>\n\t\t<\/div>\n\t\t\t\t\t\t\t\t<\/div>\n\t\t\t\t\t<\/div>\n\t\t<\/section>\n\t\t\t\t<section class=\"elementor-section elementor-top-section elementor-element elementor-element-080347e elementor-section-boxed elementor-section-height-default elementor-section-height-default\" data-id=\"080347e\" data-element_type=\"section\">\n\t\t\t\t\t\t<div class=\"elementor-container elementor-column-gap-default\">\n\t\t\t\t\t\t\t<div class=\"elementor-row\">\n\t\t\t\t\t<div class=\"aux-parallax-section elementor-column elementor-col-100 elementor-top-column elementor-element elementor-element-2d6b9b0\" data-id=\"2d6b9b0\" data-element_type=\"column\">\n\t\t\t<div class=\"elementor-column-wrap elementor-element-populated\">\n\t\t\t\t\t\t\t<div class=\"elementor-widget-wrap\">\n\t\t\t\t\t\t<div class=\"elementor-element elementor-element-d7c35ec elementor-widget elementor-widget-spacer\" data-id=\"d7c35ec\" data-element_type=\"widget\" data-widget_type=\"spacer.default\">\n\t\t\t\t<div class=\"elementor-widget-container\">\n\t\t\t\t\t<div class=\"elementor-spacer\">\n\t\t\t<div class=\"elementor-spacer-inner\"><\/div>\n\t\t<\/div>\n\t\t\t\t<\/div>\n\t\t\t\t<\/div>\n\t\t\t\t\t\t<\/div>\n\t\t\t\t\t<\/div>\n\t\t<\/div>\n\t\t\t\t\t\t\t\t<\/div>\n\t\t\t\t\t<\/div>\n\t\t<\/section>\n\t\t\t\t<section class=\"elementor-section elementor-top-section elementor-element elementor-element-b82c48e elementor-section-boxed elementor-section-height-default elementor-section-height-default\" data-id=\"b82c48e\" data-element_type=\"section\">\n\t\t\t\t\t\t<div class=\"elementor-container elementor-column-gap-default\">\n\t\t\t\t\t\t\t<div class=\"elementor-row\">\n\t\t\t\t\t<div class=\"aux-parallax-section elementor-column elementor-col-33 elementor-top-column elementor-element elementor-element-3b92326\" data-id=\"3b92326\" data-element_type=\"column\">\n\t\t\t<div class=\"elementor-column-wrap elementor-element-populated\">\n\t\t\t\t\t\t\t<div class=\"elementor-widget-wrap\">\n\t\t\t\t\t\t<div class=\"elementor-element elementor-element-fa8e369 elementor-widget elementor-widget-aux_divider\" data-id=\"fa8e369\" data-element_type=\"widget\" data-widget_type=\"aux_divider.default\">\n\t\t\t\t<div class=\"elementor-widget-container\">\n\t\t\t<hr class=\"aux-divider-symbolic-square aux-divider-align-right aux-symbol-align-center\" >\t\t<\/div>\n\t\t\t\t<\/div>\n\t\t\t\t\t\t<\/div>\n\t\t\t\t\t<\/div>\n\t\t<\/div>\n\t\t\t\t<div class=\"aux-parallax-section elementor-column elementor-col-33 elementor-top-column elementor-element elementor-element-935f30c\" data-id=\"935f30c\" data-element_type=\"column\">\n\t\t\t<div class=\"elementor-column-wrap elementor-element-populated\">\n\t\t\t\t\t\t\t<div class=\"elementor-widget-wrap\">\n\t\t\t\t\t\t<div class=\"elementor-element elementor-element-666a874 elementor-align-center elementor-widget elementor-widget-button\" data-id=\"666a874\" data-element_type=\"widget\" data-widget_type=\"button.default\">\n\t\t\t\t<div class=\"elementor-widget-container\">\n\t\t\t\t\t<div class=\"elementor-button-wrapper\">\n\t\t\t<a href=\"https:\/\/elchtec.de\/panda\/equipment\/\" class=\"elementor-button-link elementor-button elementor-size-lg\" role=\"button\">\n\t\t\t\t\t\t<span class=\"elementor-button-content-wrapper\">\n\t\t\t\t\t\t<span class=\"elementor-button-text\">zur\u00fcck zur \u00dcbersicht<\/span>\n\t\t<\/span>\n\t\t\t\t\t<\/a>\n\t\t<\/div>\n\t\t\t\t<\/div>\n\t\t\t\t<\/div>\n\t\t\t\t\t\t<\/div>\n\t\t\t\t\t<\/div>\n\t\t<\/div>\n\t\t\t\t<div class=\"aux-parallax-section elementor-column elementor-col-33 elementor-top-column elementor-element elementor-element-19c4052\" data-id=\"19c4052\" data-element_type=\"column\">\n\t\t\t<div class=\"elementor-column-wrap elementor-element-populated\">\n\t\t\t\t\t\t\t<div class=\"elementor-widget-wrap\">\n\t\t\t\t\t\t<div class=\"elementor-element elementor-element-553c4da elementor-widget elementor-widget-aux_divider\" data-id=\"553c4da\" data-element_type=\"widget\" data-widget_type=\"aux_divider.default\">\n\t\t\t\t<div class=\"elementor-widget-container\">\n\t\t\t<hr class=\"aux-divider-symbolic-square aux-divider-align-left aux-symbol-align-center\" >\t\t<\/div>\n\t\t\t\t<\/div>\n\t\t\t\t\t\t<\/div>\n\t\t\t\t\t<\/div>\n\t\t<\/div>\n\t\t\t\t\t\t\t\t<\/div>\n\t\t\t\t\t<\/div>\n\t\t<\/section>\n\t\t\t\t\t\t\t\t\t<\/div>\n\t\t\t<\/div>\n\t\t\t\t\t<\/div>\n\t\t","protected":false},"excerpt":{"rendered":"<p>EQUIPMENT Schl\u00e4uche f\u00fcr Rollstuhlreifen Hier finden Sie die verschiedenen Modelle aufgelistet. HOCHDRUCKREIFEN PUNKTION KOSTENLOS MOUNTAINBIKE reTyre TRACTION MICRO zur\u00fcck zur \u00dcbersicht<\/p>\n","protected":false},"author":2,"featured_media":0,"parent":0,"menu_order":0,"comment_status":"closed","ping_status":"closed","template":"","meta":{"footnotes":""},"class_list":["post-1760","page","type-page","status-publish","hentry"],"yoast_head":"<!-- This site is optimized with the Yoast SEO plugin v27.2 - https:\/\/yoast.com\/product\/yoast-seo-wordpress\/ -->\n<title>SCHL\u00c4UCHE - PANDA<\/title>\n<meta name=\"robots\" content=\"index, follow, max-snippet:-1, max-image-preview:large, max-video-preview:-1\" \/>\n<link rel=\"canonical\" href=\"https:\/\/elchtec.de\/panda\/schlaeuche\/\" \/>\n<meta property=\"og:locale\" content=\"de_DE\" \/>\n<meta property=\"og:type\" content=\"article\" \/>\n<meta property=\"og:title\" content=\"SCHL\u00c4UCHE - PANDA\" \/>\n<meta property=\"og:description\" content=\"EQUIPMENT Schl\u00e4uche f\u00fcr Rollstuhlreifen Hier finden Sie die verschiedenen Modelle aufgelistet. HOCHDRUCKREIFEN PUNKTION KOSTENLOS MOUNTAINBIKE reTyre TRACTION MICRO zur\u00fcck zur \u00dcbersicht\" \/>\n<meta property=\"og:url\" content=\"https:\/\/elchtec.de\/panda\/schlaeuche\/\" \/>\n<meta property=\"og:site_name\" content=\"PANDA\" \/>\n<meta property=\"article:modified_time\" content=\"2021-08-31T14:12:22+00:00\" \/>\n<meta property=\"og:image\" content=\"https:\/\/elchtec.de\/panda\/wp-content\/uploads\/2021\/03\/slang_std_150.jpg\" \/>\n\t<meta property=\"og:image:width\" content=\"150\" \/>\n\t<meta property=\"og:image:height\" content=\"150\" \/>\n\t<meta property=\"og:image:type\" content=\"image\/jpeg\" \/>\n<meta name=\"twitter:card\" content=\"summary_large_image\" \/>\n<script type=\"application\/ld+json\" class=\"yoast-schema-graph\">{\"@context\":\"https:\/\/schema.org\",\"@graph\":[{\"@type\":\"WebPage\",\"@id\":\"https:\/\/elchtec.de\/panda\/schlaeuche\/\",\"url\":\"https:\/\/elchtec.de\/panda\/schlaeuche\/\",\"name\":\"SCHL\u00c4UCHE - PANDA\",\"isPartOf\":{\"@id\":\"https:\/\/elchtec.de\/panda\/#website\"},\"primaryImageOfPage\":{\"@id\":\"https:\/\/elchtec.de\/panda\/schlaeuche\/#primaryimage\"},\"image\":{\"@id\":\"https:\/\/elchtec.de\/panda\/schlaeuche\/#primaryimage\"},\"thumbnailUrl\":\"https:\/\/elchtec.de\/panda\/wp-content\/uploads\/2021\/03\/slang_std_150.jpg\",\"datePublished\":\"2021-03-26T17:39:00+00:00\",\"dateModified\":\"2021-08-31T14:12:22+00:00\",\"breadcrumb\":{\"@id\":\"https:\/\/elchtec.de\/panda\/schlaeuche\/#breadcrumb\"},\"inLanguage\":\"de\",\"potentialAction\":[{\"@type\":\"ReadAction\",\"target\":[\"https:\/\/elchtec.de\/panda\/schlaeuche\/\"]}]},{\"@type\":\"ImageObject\",\"inLanguage\":\"de\",\"@id\":\"https:\/\/elchtec.de\/panda\/schlaeuche\/#primaryimage\",\"url\":\"https:\/\/elchtec.de\/panda\/wp-content\/uploads\/2021\/03\/slang_std_150.jpg\",\"contentUrl\":\"https:\/\/elchtec.de\/panda\/wp-content\/uploads\/2021\/03\/slang_std_150.jpg\",\"width\":150,\"height\":150},{\"@type\":\"BreadcrumbList\",\"@id\":\"https:\/\/elchtec.de\/panda\/schlaeuche\/#breadcrumb\",\"itemListElement\":[{\"@type\":\"ListItem\",\"position\":1,\"name\":\"Start\",\"item\":\"https:\/\/elchtec.de\/panda\/\"},{\"@type\":\"ListItem\",\"position\":2,\"name\":\"SCHL\u00c4UCHE\"}]},{\"@type\":\"WebSite\",\"@id\":\"https:\/\/elchtec.de\/panda\/#website\",\"url\":\"https:\/\/elchtec.de\/panda\/\",\"name\":\"PANDA\",\"description\":\"Der neue Alltagsrollstuhl von ELCHTEC\",\"publisher\":{\"@id\":\"https:\/\/elchtec.de\/panda\/#organization\"},\"potentialAction\":[{\"@type\":\"SearchAction\",\"target\":{\"@type\":\"EntryPoint\",\"urlTemplate\":\"https:\/\/elchtec.de\/panda\/?s={search_term_string}\"},\"query-input\":{\"@type\":\"PropertyValueSpecification\",\"valueRequired\":true,\"valueName\":\"search_term_string\"}}],\"inLanguage\":\"de\"},{\"@type\":\"Organization\",\"@id\":\"https:\/\/elchtec.de\/panda\/#organization\",\"name\":\"ELCHTEC\",\"url\":\"https:\/\/elchtec.de\/panda\/\",\"logo\":{\"@type\":\"ImageObject\",\"inLanguage\":\"de\",\"@id\":\"https:\/\/elchtec.de\/panda\/#\/schema\/logo\/image\/\",\"url\":\"https:\/\/elchtec.de\/panda\/wp-content\/uploads\/2024\/12\/Logo_Panda_PFADE___fuer_Internet.png\",\"contentUrl\":\"https:\/\/elchtec.de\/panda\/wp-content\/uploads\/2024\/12\/Logo_Panda_PFADE___fuer_Internet.png\",\"width\":763,\"height\":274,\"caption\":\"ELCHTEC\"},\"image\":{\"@id\":\"https:\/\/elchtec.de\/panda\/#\/schema\/logo\/image\/\"}}]}<\/script>\n<!-- \/ Yoast SEO plugin. -->","yoast_head_json":{"title":"SCHL\u00c4UCHE - PANDA","robots":{"index":"index","follow":"follow","max-snippet":"max-snippet:-1","max-image-preview":"max-image-preview:large","max-video-preview":"max-video-preview:-1"},"canonical":"https:\/\/elchtec.de\/panda\/schlaeuche\/","og_locale":"de_DE","og_type":"article","og_title":"SCHL\u00c4UCHE - PANDA","og_description":"EQUIPMENT Schl\u00e4uche f\u00fcr Rollstuhlreifen Hier finden Sie die verschiedenen Modelle aufgelistet. HOCHDRUCKREIFEN PUNKTION KOSTENLOS MOUNTAINBIKE reTyre TRACTION MICRO zur\u00fcck zur \u00dcbersicht","og_url":"https:\/\/elchtec.de\/panda\/schlaeuche\/","og_site_name":"PANDA","article_modified_time":"2021-08-31T14:12:22+00:00","og_image":[{"width":150,"height":150,"url":"https:\/\/elchtec.de\/panda\/wp-content\/uploads\/2021\/03\/slang_std_150.jpg","type":"image\/jpeg"}],"twitter_card":"summary_large_image","schema":{"@context":"https:\/\/schema.org","@graph":[{"@type":"WebPage","@id":"https:\/\/elchtec.de\/panda\/schlaeuche\/","url":"https:\/\/elchtec.de\/panda\/schlaeuche\/","name":"SCHL\u00c4UCHE - PANDA","isPartOf":{"@id":"https:\/\/elchtec.de\/panda\/#website"},"primaryImageOfPage":{"@id":"https:\/\/elchtec.de\/panda\/schlaeuche\/#primaryimage"},"image":{"@id":"https:\/\/elchtec.de\/panda\/schlaeuche\/#primaryimage"},"thumbnailUrl":"https:\/\/elchtec.de\/panda\/wp-content\/uploads\/2021\/03\/slang_std_150.jpg","datePublished":"2021-03-26T17:39:00+00:00","dateModified":"2021-08-31T14:12:22+00:00","breadcrumb":{"@id":"https:\/\/elchtec.de\/panda\/schlaeuche\/#breadcrumb"},"inLanguage":"de","potentialAction":[{"@type":"ReadAction","target":["https:\/\/elchtec.de\/panda\/schlaeuche\/"]}]},{"@type":"ImageObject","inLanguage":"de","@id":"https:\/\/elchtec.de\/panda\/schlaeuche\/#primaryimage","url":"https:\/\/elchtec.de\/panda\/wp-content\/uploads\/2021\/03\/slang_std_150.jpg","contentUrl":"https:\/\/elchtec.de\/panda\/wp-content\/uploads\/2021\/03\/slang_std_150.jpg","width":150,"height":150},{"@type":"BreadcrumbList","@id":"https:\/\/elchtec.de\/panda\/schlaeuche\/#breadcrumb","itemListElement":[{"@type":"ListItem","position":1,"name":"Start","item":"https:\/\/elchtec.de\/panda\/"},{"@type":"ListItem","position":2,"name":"SCHL\u00c4UCHE"}]},{"@type":"WebSite","@id":"https:\/\/elchtec.de\/panda\/#website","url":"https:\/\/elchtec.de\/panda\/","name":"PANDA","description":"Der neue Alltagsrollstuhl von ELCHTEC","publisher":{"@id":"https:\/\/elchtec.de\/panda\/#organization"},"potentialAction":[{"@type":"SearchAction","target":{"@type":"EntryPoint","urlTemplate":"https:\/\/elchtec.de\/panda\/?s={search_term_string}"},"query-input":{"@type":"PropertyValueSpecification","valueRequired":true,"valueName":"search_term_string"}}],"inLanguage":"de"},{"@type":"Organization","@id":"https:\/\/elchtec.de\/panda\/#organization","name":"ELCHTEC","url":"https:\/\/elchtec.de\/panda\/","logo":{"@type":"ImageObject","inLanguage":"de","@id":"https:\/\/elchtec.de\/panda\/#\/schema\/logo\/image\/","url":"https:\/\/elchtec.de\/panda\/wp-content\/uploads\/2024\/12\/Logo_Panda_PFADE___fuer_Internet.png","contentUrl":"https:\/\/elchtec.de\/panda\/wp-content\/uploads\/2024\/12\/Logo_Panda_PFADE___fuer_Internet.png","width":763,"height":274,"caption":"ELCHTEC"},"image":{"@id":"https:\/\/elchtec.de\/panda\/#\/schema\/logo\/image\/"}}]}},"_links":{"self":[{"href":"https:\/\/elchtec.de\/panda\/wp-json\/wp\/v2\/pages\/1760","targetHints":{"allow":["GET"]}}],"collection":[{"href":"https:\/\/elchtec.de\/panda\/wp-json\/wp\/v2\/pages"}],"about":[{"href":"https:\/\/elchtec.de\/panda\/wp-json\/wp\/v2\/types\/page"}],"author":[{"embeddable":true,"href":"https:\/\/elchtec.de\/panda\/wp-json\/wp\/v2\/users\/2"}],"replies":[{"embeddable":true,"href":"https:\/\/elchtec.de\/panda\/wp-json\/wp\/v2\/comments?post=1760"}],"version-history":[{"count":16,"href":"https:\/\/elchtec.de\/panda\/wp-json\/wp\/v2\/pages\/1760\/revisions"}],"predecessor-version":[{"id":3592,"href":"https:\/\/elchtec.de\/panda\/wp-json\/wp\/v2\/pages\/1760\/revisions\/3592"}],"wp:attachment":[{"href":"https:\/\/elchtec.de\/panda\/wp-json\/wp\/v2\/media?parent=1760"}],"curies":[{"name":"wp","href":"https:\/\/api.w.org\/{rel}","templated":true}]}}