{"id":1559,"date":"2021-03-26T11:56:15","date_gmt":"2021-03-26T10:56:15","guid":{"rendered":"https:\/\/pader-interactive.de\/panthera\/?page_id=1559"},"modified":"2021-03-26T12:01:21","modified_gmt":"2021-03-26T11:01:21","slug":"erweitertes-sortiment-ruekenlehnen-s3-u3","status":"publish","type":"page","link":"https:\/\/elchtec.de\/panda\/erweitertes-sortiment-ruekenlehnen-s3-u3\/","title":{"rendered":"ERWEITERTES SORTIMENT R\u00dcKENLEHNEN S3 \/ U3"},"content":{"rendered":"\t\t<div data-elementor-type=\"wp-page\" data-elementor-id=\"1559\" class=\"elementor elementor-1559\">\n\t\t\t\t\t\t<div class=\"elementor-inner\">\n\t\t\t\t<div class=\"elementor-section-wrap\">\n\t\t\t\t\t\t\t\t\t<section class=\"elementor-section elementor-top-section elementor-element elementor-element-c8e6da1 elementor-section-boxed elementor-section-height-default elementor-section-height-default\" data-id=\"c8e6da1\" data-element_type=\"section\">\n\t\t\t\t\t\t<div class=\"elementor-container elementor-column-gap-default\">\n\t\t\t\t\t\t\t<div class=\"elementor-row\">\n\t\t\t\t\t<div class=\"aux-parallax-section elementor-column elementor-col-100 elementor-top-column elementor-element elementor-element-94142bf\" data-id=\"94142bf\" data-element_type=\"column\">\n\t\t\t<div class=\"elementor-column-wrap elementor-element-populated\">\n\t\t\t\t\t\t\t<div class=\"elementor-widget-wrap\">\n\t\t\t\t\t\t<div class=\"elementor-element elementor-element-dbb2b10 elementor-widget elementor-widget-aux_modern_heading\" data-id=\"dbb2b10\" data-element_type=\"widget\" data-widget_type=\"aux_modern_heading.default\">\n\t\t\t\t<div class=\"elementor-widget-container\">\n\t\t\t<section class=\"aux-widget-modern-heading\">\n            <div class=\"aux-widget-inner\"><h2 class=\"aux-modern-heading-primary\">ERWEITERTES SORTIMENT R\u00dcCKENLEHNEN U3 \/ S3<\/h2><div class=\"aux-modern-heading-divider\"><\/div><\/div>\n        <\/section>\t\t<\/div>\n\t\t\t\t<\/div>\n\t\t\t\t<div class=\"elementor-element elementor-element-45c351d elementor-widget elementor-widget-spacer\" data-id=\"45c351d\" data-element_type=\"widget\" data-widget_type=\"spacer.default\">\n\t\t\t\t<div class=\"elementor-widget-container\">\n\t\t\t\t\t<div class=\"elementor-spacer\">\n\t\t\t<div class=\"elementor-spacer-inner\"><\/div>\n\t\t<\/div>\n\t\t\t\t<\/div>\n\t\t\t\t<\/div>\n\t\t\t\t<section class=\"elementor-section elementor-inner-section elementor-element elementor-element-eacc1f1 elementor-section-boxed elementor-section-height-default elementor-section-height-default\" data-id=\"eacc1f1\" data-element_type=\"section\">\n\t\t\t\t\t\t<div class=\"elementor-container elementor-column-gap-default\">\n\t\t\t\t\t\t\t<div class=\"elementor-row\">\n\t\t\t\t\t<div class=\"aux-parallax-section elementor-column elementor-col-20 elementor-inner-column elementor-element elementor-element-0ac7658\" data-id=\"0ac7658\" data-element_type=\"column\">\n\t\t\t<div class=\"elementor-column-wrap elementor-element-populated\">\n\t\t\t\t\t\t\t<div class=\"elementor-widget-wrap\">\n\t\t\t\t\t\t<div class=\"elementor-element elementor-element-a64dbe4 animated-slow elementor-invisible elementor-widget elementor-widget-image\" data-id=\"a64dbe4\" data-element_type=\"widget\" data-settings=\"{&quot;_animation&quot;:&quot;pulse&quot;}\" data-widget_type=\"image.default\">\n\t\t\t\t<div class=\"elementor-widget-container\">\n\t\t\t\t\t\t\t\t<div class=\"elementor-image\">\n\t\t\t\t\t\t\t\t\t<figure class=\"wp-caption\">\n\t\t\t\t\t\t\t\t\t\t\t<a href=\"https:\/\/panthera.se\/webpages\/utokatsortiment_ryggar_uu.html\" target=\"_blank\">\n\t\t\t\t\t\t\t<img loading=\"lazy\" decoding=\"async\" width=\"150\" height=\"150\" src=\"https:\/\/elchtec.de\/panda\/wp-content\/uploads\/2021\/03\/rygg_utokat_uu_150-1.jpg\" class=\"attachment-full size-full wp-image-1543\" alt=\"\" \/>\t\t\t\t\t\t\t\t<\/a>\n\t\t\t\t\t\t\t\t\t\t\t<figcaption class=\"widget-image-caption wp-caption-text\">UTSV\u00c4NGD 3 CM S3<\/figcaption>\n\t\t\t\t\t\t\t\t\t\t<\/figure>\n\t\t\t\t\t\t\t\t<\/div>\n\t\t\t\t\t\t<\/div>\n\t\t\t\t<\/div>\n\t\t\t\t\t\t<\/div>\n\t\t\t\t\t<\/div>\n\t\t<\/div>\n\t\t\t\t<div class=\"aux-parallax-section elementor-column elementor-col-20 elementor-inner-column elementor-element elementor-element-e565818\" data-id=\"e565818\" data-element_type=\"column\">\n\t\t\t<div class=\"elementor-column-wrap elementor-element-populated\">\n\t\t\t\t\t\t\t<div class=\"elementor-widget-wrap\">\n\t\t\t\t\t\t<div class=\"elementor-element elementor-element-67ae12a animated-slow elementor-invisible elementor-widget elementor-widget-image\" data-id=\"67ae12a\" data-element_type=\"widget\" data-settings=\"{&quot;_animation&quot;:&quot;pulse&quot;}\" data-widget_type=\"image.default\">\n\t\t\t\t<div class=\"elementor-widget-container\">\n\t\t\t\t\t\t\t\t<div class=\"elementor-image\">\n\t\t\t\t\t\t\t\t\t<figure class=\"wp-caption\">\n\t\t\t\t\t\t\t\t\t\t\t<a href=\"https:\/\/panthera.se\/webpages\/delar_drivring_titan.html\" target=\"_blank\">\n\t\t\t\t\t\t\t<img loading=\"lazy\" decoding=\"async\" width=\"150\" height=\"150\" src=\"https:\/\/elchtec.de\/panda\/wp-content\/uploads\/2021\/03\/rygg_utokat_di_150-1.jpg\" class=\"attachment-full size-full wp-image-1542\" alt=\"\" \/>\t\t\t\t\t\t\t\t<\/a>\n\t\t\t\t\t\t\t\t\t\t\t<figcaption class=\"widget-image-caption wp-caption-text\">INSV\u00c4NGD 6 CM S3<\/figcaption>\n\t\t\t\t\t\t\t\t\t\t<\/figure>\n\t\t\t\t\t\t\t\t<\/div>\n\t\t\t\t\t\t<\/div>\n\t\t\t\t<\/div>\n\t\t\t\t\t\t<\/div>\n\t\t\t\t\t<\/div>\n\t\t<\/div>\n\t\t\t\t<div class=\"aux-parallax-section elementor-column elementor-col-20 elementor-inner-column elementor-element elementor-element-3df843d\" data-id=\"3df843d\" data-element_type=\"column\">\n\t\t\t<div class=\"elementor-column-wrap elementor-element-populated\">\n\t\t\t\t\t\t\t<div class=\"elementor-widget-wrap\">\n\t\t\t\t\t\t<div class=\"elementor-element elementor-element-7e864eb animated-slow elementor-invisible elementor-widget elementor-widget-image\" data-id=\"7e864eb\" data-element_type=\"widget\" data-settings=\"{&quot;_animation&quot;:&quot;pulse&quot;}\" data-widget_type=\"image.default\">\n\t\t\t\t<div class=\"elementor-widget-container\">\n\t\t\t\t\t\t\t\t<div class=\"elementor-image\">\n\t\t\t\t\t\t\t\t\t<figure class=\"wp-caption\">\n\t\t\t\t\t\t\t\t\t\t\t<a href=\"https:\/\/panthera.se\/webpages\/utokatsortiment_ryggar_uu.html\" target=\"_blank\">\n\t\t\t\t\t\t\t<img loading=\"lazy\" decoding=\"async\" width=\"150\" height=\"150\" src=\"https:\/\/elchtec.de\/panda\/wp-content\/uploads\/2021\/03\/rygg_utokat_bb_insv_150.jpg\" class=\"attachment-full size-full wp-image-1540\" alt=\"\" \/>\t\t\t\t\t\t\t\t<\/a>\n\t\t\t\t\t\t\t\t\t\t\t<figcaption class=\"widget-image-caption wp-caption-text\">BAK\u00c5TBOCKAD INSV\u00c4NGD S3<\/figcaption>\n\t\t\t\t\t\t\t\t\t\t<\/figure>\n\t\t\t\t\t\t\t\t<\/div>\n\t\t\t\t\t\t<\/div>\n\t\t\t\t<\/div>\n\t\t\t\t\t\t<\/div>\n\t\t\t\t\t<\/div>\n\t\t<\/div>\n\t\t\t\t<div class=\"aux-parallax-section elementor-column elementor-col-20 elementor-inner-column elementor-element elementor-element-4ffe706\" data-id=\"4ffe706\" data-element_type=\"column\">\n\t\t\t<div class=\"elementor-column-wrap elementor-element-populated\">\n\t\t\t\t\t\t\t<div class=\"elementor-widget-wrap\">\n\t\t\t\t\t\t<div class=\"elementor-element elementor-element-fa2316f animated-slow elementor-invisible elementor-widget elementor-widget-image\" data-id=\"fa2316f\" data-element_type=\"widget\" data-settings=\"{&quot;_animation&quot;:&quot;pulse&quot;}\" data-widget_type=\"image.default\">\n\t\t\t\t<div class=\"elementor-widget-container\">\n\t\t\t\t\t\t\t\t<div class=\"elementor-image\">\n\t\t\t\t\t\t\t\t\t<figure class=\"wp-caption\">\n\t\t\t\t\t\t\t\t\t\t\t<a href=\"https:\/\/panthera.se\/webpages\/utokatsortiment_ryggar_uu_U3L.html\" target=\"_blank\">\n\t\t\t\t\t\t\t<img loading=\"lazy\" decoding=\"async\" width=\"150\" height=\"150\" src=\"https:\/\/elchtec.de\/panda\/wp-content\/uploads\/2021\/03\/rygg_utokat_uu_150-1.jpg\" class=\"attachment-full size-full wp-image-1543\" alt=\"\" \/>\t\t\t\t\t\t\t\t<\/a>\n\t\t\t\t\t\t\t\t\t\t\t<figcaption class=\"widget-image-caption wp-caption-text\">UTSV\u00c4NGD 3 CM U3 LIGHT<\/figcaption>\n\t\t\t\t\t\t\t\t\t\t<\/figure>\n\t\t\t\t\t\t\t\t<\/div>\n\t\t\t\t\t\t<\/div>\n\t\t\t\t<\/div>\n\t\t\t\t\t\t<\/div>\n\t\t\t\t\t<\/div>\n\t\t<\/div>\n\t\t\t\t<div class=\"aux-parallax-section elementor-column elementor-col-20 elementor-inner-column elementor-element elementor-element-66e7b5d\" data-id=\"66e7b5d\" data-element_type=\"column\">\n\t\t\t<div class=\"elementor-column-wrap elementor-element-populated\">\n\t\t\t\t\t\t\t<div class=\"elementor-widget-wrap\">\n\t\t\t\t\t\t<div class=\"elementor-element elementor-element-ede4c2c animated-slow elementor-invisible elementor-widget elementor-widget-image\" data-id=\"ede4c2c\" data-element_type=\"widget\" data-settings=\"{&quot;_animation&quot;:&quot;pulse&quot;}\" data-widget_type=\"image.default\">\n\t\t\t\t<div class=\"elementor-widget-container\">\n\t\t\t\t\t\t\t\t<div class=\"elementor-image\">\n\t\t\t\t\t\t\t\t\t<figure class=\"wp-caption\">\n\t\t\t\t\t\t\t\t\t\t\t<a href=\"https:\/\/panthera.se\/webpages\/utokatsortiment_ryggar_dins_U3L.html\" target=\"_blank\">\n\t\t\t\t\t\t\t<img loading=\"lazy\" decoding=\"async\" width=\"150\" height=\"150\" src=\"https:\/\/elchtec.de\/panda\/wp-content\/uploads\/2021\/03\/rygg_utokat_di_150-1.jpg\" class=\"attachment-full size-full wp-image-1542\" alt=\"\" \/>\t\t\t\t\t\t\t\t<\/a>\n\t\t\t\t\t\t\t\t\t\t\t<figcaption class=\"widget-image-caption wp-caption-text\">INSV\u00c4NGD 6 CM U3 LIGHT<\/figcaption>\n\t\t\t\t\t\t\t\t\t\t<\/figure>\n\t\t\t\t\t\t\t\t<\/div>\n\t\t\t\t\t\t<\/div>\n\t\t\t\t<\/div>\n\t\t\t\t\t\t<\/div>\n\t\t\t\t\t<\/div>\n\t\t<\/div>\n\t\t\t\t\t\t\t\t<\/div>\n\t\t\t\t\t<\/div>\n\t\t<\/section>\n\t\t\t\t<div class=\"elementor-element elementor-element-b77a994 elementor-widget elementor-widget-spacer\" data-id=\"b77a994\" data-element_type=\"widget\" data-widget_type=\"spacer.default\">\n\t\t\t\t<div class=\"elementor-widget-container\">\n\t\t\t\t\t<div class=\"elementor-spacer\">\n\t\t\t<div class=\"elementor-spacer-inner\"><\/div>\n\t\t<\/div>\n\t\t\t\t<\/div>\n\t\t\t\t<\/div>\n\t\t\t\t<section class=\"elementor-section elementor-inner-section elementor-element elementor-element-f71d381 elementor-section-boxed elementor-section-height-default elementor-section-height-default\" data-id=\"f71d381\" data-element_type=\"section\">\n\t\t\t\t\t\t<div class=\"elementor-container elementor-column-gap-default\">\n\t\t\t\t\t\t\t<div class=\"elementor-row\">\n\t\t\t\t\t<div class=\"aux-parallax-section elementor-column elementor-col-20 elementor-inner-column elementor-element elementor-element-38b8472\" data-id=\"38b8472\" data-element_type=\"column\">\n\t\t\t<div class=\"elementor-column-wrap elementor-element-populated\">\n\t\t\t\t\t\t\t<div class=\"elementor-widget-wrap\">\n\t\t\t\t\t\t<div class=\"elementor-element elementor-element-44db59f animated-slow elementor-invisible elementor-widget elementor-widget-image\" data-id=\"44db59f\" data-element_type=\"widget\" data-settings=\"{&quot;_animation&quot;:&quot;pulse&quot;}\" data-widget_type=\"image.default\">\n\t\t\t\t<div class=\"elementor-widget-container\">\n\t\t\t\t\t\t\t\t<div class=\"elementor-image\">\n\t\t\t\t\t\t\t\t\t<figure class=\"wp-caption\">\n\t\t\t\t\t\t\t\t\t\t\t<a href=\"https:\/\/panthera.se\/webpages\/utokatsortiment_ryggar_bb_insv_light.html\" target=\"_blank\">\n\t\t\t\t\t\t\t<img loading=\"lazy\" decoding=\"async\" width=\"150\" height=\"150\" src=\"https:\/\/elchtec.de\/panda\/wp-content\/uploads\/2021\/03\/rygg_utokat_bb_insv_light_150.jpg\" class=\"attachment-full size-full wp-image-1541\" alt=\"\" \/>\t\t\t\t\t\t\t\t<\/a>\n\t\t\t\t\t\t\t\t\t\t\t<figcaption class=\"widget-image-caption wp-caption-text\">BAK\u00c5TBOCKAD INSV\u00c4NGD U3 LIGHT<\/figcaption>\n\t\t\t\t\t\t\t\t\t\t<\/figure>\n\t\t\t\t\t\t\t\t<\/div>\n\t\t\t\t\t\t<\/div>\n\t\t\t\t<\/div>\n\t\t\t\t\t\t<\/div>\n\t\t\t\t\t<\/div>\n\t\t<\/div>\n\t\t\t\t<div class=\"aux-parallax-section elementor-column elementor-col-20 elementor-inner-column elementor-element elementor-element-fd999f3\" data-id=\"fd999f3\" data-element_type=\"column\">\n\t\t\t<div class=\"elementor-column-wrap\">\n\t\t\t\t\t\t\t<div class=\"elementor-widget-wrap\">\n\t\t\t\t\t\t\t\t<\/div>\n\t\t\t\t\t<\/div>\n\t\t<\/div>\n\t\t\t\t<div class=\"aux-parallax-section elementor-column elementor-col-20 elementor-inner-column elementor-element elementor-element-1844454\" data-id=\"1844454\" data-element_type=\"column\">\n\t\t\t<div class=\"elementor-column-wrap\">\n\t\t\t\t\t\t\t<div class=\"elementor-widget-wrap\">\n\t\t\t\t\t\t\t\t<\/div>\n\t\t\t\t\t<\/div>\n\t\t<\/div>\n\t\t\t\t<div class=\"aux-parallax-section elementor-column elementor-col-20 elementor-inner-column elementor-element elementor-element-49dd104\" data-id=\"49dd104\" data-element_type=\"column\">\n\t\t\t<div class=\"elementor-column-wrap\">\n\t\t\t\t\t\t\t<div class=\"elementor-widget-wrap\">\n\t\t\t\t\t\t\t\t<\/div>\n\t\t\t\t\t<\/div>\n\t\t<\/div>\n\t\t\t\t<div class=\"aux-parallax-section elementor-column elementor-col-20 elementor-inner-column elementor-element elementor-element-6a312c4\" data-id=\"6a312c4\" data-element_type=\"column\">\n\t\t\t<div class=\"elementor-column-wrap\">\n\t\t\t\t\t\t\t<div class=\"elementor-widget-wrap\">\n\t\t\t\t\t\t\t\t<\/div>\n\t\t\t\t\t<\/div>\n\t\t<\/div>\n\t\t\t\t\t\t\t\t<\/div>\n\t\t\t\t\t<\/div>\n\t\t<\/section>\n\t\t\t\t<div class=\"elementor-element elementor-element-4ffdec8 elementor-widget elementor-widget-spacer\" data-id=\"4ffdec8\" data-element_type=\"widget\" data-widget_type=\"spacer.default\">\n\t\t\t\t<div class=\"elementor-widget-container\">\n\t\t\t\t\t<div class=\"elementor-spacer\">\n\t\t\t<div class=\"elementor-spacer-inner\"><\/div>\n\t\t<\/div>\n\t\t\t\t<\/div>\n\t\t\t\t<\/div>\n\t\t\t\t\t\t<\/div>\n\t\t\t\t\t<\/div>\n\t\t<\/div>\n\t\t\t\t\t\t\t\t<\/div>\n\t\t\t\t\t<\/div>\n\t\t<\/section>\n\t\t\t\t\t\t\t\t\t<\/div>\n\t\t\t<\/div>\n\t\t\t\t\t<\/div>\n\t\t","protected":false},"excerpt":{"rendered":"<p>ERWEITERTES SORTIMENT R\u00dcCKENLEHNEN U3 \/ S3 UTSV\u00c4NGD 3 CM S3 INSV\u00c4NGD 6 CM S3 BAK\u00c5TBOCKAD INSV\u00c4NGD S3 UTSV\u00c4NGD 3 CM U3 LIGHT INSV\u00c4NGD 6 CM U3 LIGHT BAK\u00c5TBOCKAD INSV\u00c4NGD U3 LIGHT<\/p>\n","protected":false},"author":2,"featured_media":0,"parent":0,"menu_order":0,"comment_status":"closed","ping_status":"closed","template":"","meta":{"footnotes":""},"class_list":["post-1559","page","type-page","status-publish","hentry"],"yoast_head":"<!-- This site is optimized with the Yoast SEO plugin v27.2 - https:\/\/yoast.com\/product\/yoast-seo-wordpress\/ -->\n<title>ERWEITERTES SORTIMENT R\u00dcKENLEHNEN S3 \/ U3 - PANDA<\/title>\n<meta name=\"robots\" content=\"index, follow, max-snippet:-1, max-image-preview:large, max-video-preview:-1\" \/>\n<link rel=\"canonical\" href=\"https:\/\/elchtec.de\/panda\/erweitertes-sortiment-ruekenlehnen-s3-u3\/\" \/>\n<meta property=\"og:locale\" content=\"de_DE\" \/>\n<meta property=\"og:type\" content=\"article\" \/>\n<meta property=\"og:title\" content=\"ERWEITERTES SORTIMENT R\u00dcKENLEHNEN S3 \/ U3 - PANDA\" \/>\n<meta property=\"og:description\" content=\"ERWEITERTES SORTIMENT R\u00dcCKENLEHNEN U3 \/ S3 UTSV\u00c4NGD 3 CM S3 INSV\u00c4NGD 6 CM S3 BAK\u00c5TBOCKAD INSV\u00c4NGD S3 UTSV\u00c4NGD 3 CM U3 LIGHT INSV\u00c4NGD 6 CM U3 LIGHT BAK\u00c5TBOCKAD INSV\u00c4NGD U3 LIGHT\" \/>\n<meta property=\"og:url\" content=\"https:\/\/elchtec.de\/panda\/erweitertes-sortiment-ruekenlehnen-s3-u3\/\" \/>\n<meta property=\"og:site_name\" content=\"PANDA\" \/>\n<meta property=\"article:modified_time\" content=\"2021-03-26T11:01:21+00:00\" \/>\n<meta property=\"og:image\" content=\"https:\/\/elchtec.de\/panda\/wp-content\/uploads\/2021\/03\/rygg_utokat_uu_150-1.jpg\" \/>\n\t<meta property=\"og:image:width\" content=\"150\" \/>\n\t<meta property=\"og:image:height\" content=\"150\" \/>\n\t<meta property=\"og:image:type\" content=\"image\/jpeg\" \/>\n<meta name=\"twitter:card\" content=\"summary_large_image\" \/>\n<script type=\"application\/ld+json\" class=\"yoast-schema-graph\">{\"@context\":\"https:\/\/schema.org\",\"@graph\":[{\"@type\":\"WebPage\",\"@id\":\"https:\/\/elchtec.de\/panda\/erweitertes-sortiment-ruekenlehnen-s3-u3\/\",\"url\":\"https:\/\/elchtec.de\/panda\/erweitertes-sortiment-ruekenlehnen-s3-u3\/\",\"name\":\"ERWEITERTES SORTIMENT R\u00dcKENLEHNEN S3 \/ U3 - PANDA\",\"isPartOf\":{\"@id\":\"https:\/\/elchtec.de\/panda\/#website\"},\"primaryImageOfPage\":{\"@id\":\"https:\/\/elchtec.de\/panda\/erweitertes-sortiment-ruekenlehnen-s3-u3\/#primaryimage\"},\"image\":{\"@id\":\"https:\/\/elchtec.de\/panda\/erweitertes-sortiment-ruekenlehnen-s3-u3\/#primaryimage\"},\"thumbnailUrl\":\"https:\/\/elchtec.de\/panda\/wp-content\/uploads\/2021\/03\/rygg_utokat_uu_150-1.jpg\",\"datePublished\":\"2021-03-26T10:56:15+00:00\",\"dateModified\":\"2021-03-26T11:01:21+00:00\",\"breadcrumb\":{\"@id\":\"https:\/\/elchtec.de\/panda\/erweitertes-sortiment-ruekenlehnen-s3-u3\/#breadcrumb\"},\"inLanguage\":\"de\",\"potentialAction\":[{\"@type\":\"ReadAction\",\"target\":[\"https:\/\/elchtec.de\/panda\/erweitertes-sortiment-ruekenlehnen-s3-u3\/\"]}]},{\"@type\":\"ImageObject\",\"inLanguage\":\"de\",\"@id\":\"https:\/\/elchtec.de\/panda\/erweitertes-sortiment-ruekenlehnen-s3-u3\/#primaryimage\",\"url\":\"https:\/\/elchtec.de\/panda\/wp-content\/uploads\/2021\/03\/rygg_utokat_uu_150-1.jpg\",\"contentUrl\":\"https:\/\/elchtec.de\/panda\/wp-content\/uploads\/2021\/03\/rygg_utokat_uu_150-1.jpg\",\"width\":150,\"height\":150},{\"@type\":\"BreadcrumbList\",\"@id\":\"https:\/\/elchtec.de\/panda\/erweitertes-sortiment-ruekenlehnen-s3-u3\/#breadcrumb\",\"itemListElement\":[{\"@type\":\"ListItem\",\"position\":1,\"name\":\"Start\",\"item\":\"https:\/\/elchtec.de\/panda\/\"},{\"@type\":\"ListItem\",\"position\":2,\"name\":\"ERWEITERTES SORTIMENT R\u00dcKENLEHNEN S3 \/ U3\"}]},{\"@type\":\"WebSite\",\"@id\":\"https:\/\/elchtec.de\/panda\/#website\",\"url\":\"https:\/\/elchtec.de\/panda\/\",\"name\":\"PANDA\",\"description\":\"Der neue Alltagsrollstuhl von ELCHTEC\",\"publisher\":{\"@id\":\"https:\/\/elchtec.de\/panda\/#organization\"},\"potentialAction\":[{\"@type\":\"SearchAction\",\"target\":{\"@type\":\"EntryPoint\",\"urlTemplate\":\"https:\/\/elchtec.de\/panda\/?s={search_term_string}\"},\"query-input\":{\"@type\":\"PropertyValueSpecification\",\"valueRequired\":true,\"valueName\":\"search_term_string\"}}],\"inLanguage\":\"de\"},{\"@type\":\"Organization\",\"@id\":\"https:\/\/elchtec.de\/panda\/#organization\",\"name\":\"ELCHTEC\",\"url\":\"https:\/\/elchtec.de\/panda\/\",\"logo\":{\"@type\":\"ImageObject\",\"inLanguage\":\"de\",\"@id\":\"https:\/\/elchtec.de\/panda\/#\/schema\/logo\/image\/\",\"url\":\"https:\/\/elchtec.de\/panda\/wp-content\/uploads\/2024\/12\/Logo_Panda_PFADE___fuer_Internet.png\",\"contentUrl\":\"https:\/\/elchtec.de\/panda\/wp-content\/uploads\/2024\/12\/Logo_Panda_PFADE___fuer_Internet.png\",\"width\":763,\"height\":274,\"caption\":\"ELCHTEC\"},\"image\":{\"@id\":\"https:\/\/elchtec.de\/panda\/#\/schema\/logo\/image\/\"}}]}<\/script>\n<!-- \/ Yoast SEO plugin. -->","yoast_head_json":{"title":"ERWEITERTES SORTIMENT R\u00dcKENLEHNEN S3 \/ U3 - PANDA","robots":{"index":"index","follow":"follow","max-snippet":"max-snippet:-1","max-image-preview":"max-image-preview:large","max-video-preview":"max-video-preview:-1"},"canonical":"https:\/\/elchtec.de\/panda\/erweitertes-sortiment-ruekenlehnen-s3-u3\/","og_locale":"de_DE","og_type":"article","og_title":"ERWEITERTES SORTIMENT R\u00dcKENLEHNEN S3 \/ U3 - PANDA","og_description":"ERWEITERTES SORTIMENT R\u00dcCKENLEHNEN U3 \/ S3 UTSV\u00c4NGD 3 CM S3 INSV\u00c4NGD 6 CM S3 BAK\u00c5TBOCKAD INSV\u00c4NGD S3 UTSV\u00c4NGD 3 CM U3 LIGHT INSV\u00c4NGD 6 CM U3 LIGHT BAK\u00c5TBOCKAD INSV\u00c4NGD U3 LIGHT","og_url":"https:\/\/elchtec.de\/panda\/erweitertes-sortiment-ruekenlehnen-s3-u3\/","og_site_name":"PANDA","article_modified_time":"2021-03-26T11:01:21+00:00","og_image":[{"width":150,"height":150,"url":"https:\/\/elchtec.de\/panda\/wp-content\/uploads\/2021\/03\/rygg_utokat_uu_150-1.jpg","type":"image\/jpeg"}],"twitter_card":"summary_large_image","schema":{"@context":"https:\/\/schema.org","@graph":[{"@type":"WebPage","@id":"https:\/\/elchtec.de\/panda\/erweitertes-sortiment-ruekenlehnen-s3-u3\/","url":"https:\/\/elchtec.de\/panda\/erweitertes-sortiment-ruekenlehnen-s3-u3\/","name":"ERWEITERTES SORTIMENT R\u00dcKENLEHNEN S3 \/ U3 - PANDA","isPartOf":{"@id":"https:\/\/elchtec.de\/panda\/#website"},"primaryImageOfPage":{"@id":"https:\/\/elchtec.de\/panda\/erweitertes-sortiment-ruekenlehnen-s3-u3\/#primaryimage"},"image":{"@id":"https:\/\/elchtec.de\/panda\/erweitertes-sortiment-ruekenlehnen-s3-u3\/#primaryimage"},"thumbnailUrl":"https:\/\/elchtec.de\/panda\/wp-content\/uploads\/2021\/03\/rygg_utokat_uu_150-1.jpg","datePublished":"2021-03-26T10:56:15+00:00","dateModified":"2021-03-26T11:01:21+00:00","breadcrumb":{"@id":"https:\/\/elchtec.de\/panda\/erweitertes-sortiment-ruekenlehnen-s3-u3\/#breadcrumb"},"inLanguage":"de","potentialAction":[{"@type":"ReadAction","target":["https:\/\/elchtec.de\/panda\/erweitertes-sortiment-ruekenlehnen-s3-u3\/"]}]},{"@type":"ImageObject","inLanguage":"de","@id":"https:\/\/elchtec.de\/panda\/erweitertes-sortiment-ruekenlehnen-s3-u3\/#primaryimage","url":"https:\/\/elchtec.de\/panda\/wp-content\/uploads\/2021\/03\/rygg_utokat_uu_150-1.jpg","contentUrl":"https:\/\/elchtec.de\/panda\/wp-content\/uploads\/2021\/03\/rygg_utokat_uu_150-1.jpg","width":150,"height":150},{"@type":"BreadcrumbList","@id":"https:\/\/elchtec.de\/panda\/erweitertes-sortiment-ruekenlehnen-s3-u3\/#breadcrumb","itemListElement":[{"@type":"ListItem","position":1,"name":"Start","item":"https:\/\/elchtec.de\/panda\/"},{"@type":"ListItem","position":2,"name":"ERWEITERTES SORTIMENT R\u00dcKENLEHNEN S3 \/ U3"}]},{"@type":"WebSite","@id":"https:\/\/elchtec.de\/panda\/#website","url":"https:\/\/elchtec.de\/panda\/","name":"PANDA","description":"Der neue Alltagsrollstuhl von ELCHTEC","publisher":{"@id":"https:\/\/elchtec.de\/panda\/#organization"},"potentialAction":[{"@type":"SearchAction","target":{"@type":"EntryPoint","urlTemplate":"https:\/\/elchtec.de\/panda\/?s={search_term_string}"},"query-input":{"@type":"PropertyValueSpecification","valueRequired":true,"valueName":"search_term_string"}}],"inLanguage":"de"},{"@type":"Organization","@id":"https:\/\/elchtec.de\/panda\/#organization","name":"ELCHTEC","url":"https:\/\/elchtec.de\/panda\/","logo":{"@type":"ImageObject","inLanguage":"de","@id":"https:\/\/elchtec.de\/panda\/#\/schema\/logo\/image\/","url":"https:\/\/elchtec.de\/panda\/wp-content\/uploads\/2024\/12\/Logo_Panda_PFADE___fuer_Internet.png","contentUrl":"https:\/\/elchtec.de\/panda\/wp-content\/uploads\/2024\/12\/Logo_Panda_PFADE___fuer_Internet.png","width":763,"height":274,"caption":"ELCHTEC"},"image":{"@id":"https:\/\/elchtec.de\/panda\/#\/schema\/logo\/image\/"}}]}},"_links":{"self":[{"href":"https:\/\/elchtec.de\/panda\/wp-json\/wp\/v2\/pages\/1559","targetHints":{"allow":["GET"]}}],"collection":[{"href":"https:\/\/elchtec.de\/panda\/wp-json\/wp\/v2\/pages"}],"about":[{"href":"https:\/\/elchtec.de\/panda\/wp-json\/wp\/v2\/types\/page"}],"author":[{"embeddable":true,"href":"https:\/\/elchtec.de\/panda\/wp-json\/wp\/v2\/users\/2"}],"replies":[{"embeddable":true,"href":"https:\/\/elchtec.de\/panda\/wp-json\/wp\/v2\/comments?post=1559"}],"version-history":[{"count":4,"href":"https:\/\/elchtec.de\/panda\/wp-json\/wp\/v2\/pages\/1559\/revisions"}],"predecessor-version":[{"id":1572,"href":"https:\/\/elchtec.de\/panda\/wp-json\/wp\/v2\/pages\/1559\/revisions\/1572"}],"wp:attachment":[{"href":"https:\/\/elchtec.de\/panda\/wp-json\/wp\/v2\/media?parent=1559"}],"curies":[{"name":"wp","href":"https:\/\/api.w.org\/{rel}","templated":true}]}}