{"id":1226,"date":"2021-03-25T18:53:29","date_gmt":"2021-03-25T17:53:29","guid":{"rendered":"https:\/\/pader-interactive.de\/panthera\/?page_id=1226"},"modified":"2021-08-31T15:59:10","modified_gmt":"2021-08-31T13:59:10","slug":"luftpumpen","status":"publish","type":"page","link":"https:\/\/elchtec.de\/panda\/luftpumpen\/","title":{"rendered":"LUFTPUMPEN"},"content":{"rendered":"\t\t<div data-elementor-type=\"wp-page\" data-elementor-id=\"1226\" class=\"elementor elementor-1226\">\n\t\t\t\t\t\t<div class=\"elementor-inner\">\n\t\t\t\t<div class=\"elementor-section-wrap\">\n\t\t\t\t\t\t\t\t\t<section class=\"elementor-section elementor-top-section elementor-element elementor-element-f0e1989 elementor-section-boxed elementor-section-height-default elementor-section-height-default\" data-id=\"f0e1989\" data-element_type=\"section\">\n\t\t\t\t\t\t<div class=\"elementor-container elementor-column-gap-default\">\n\t\t\t\t\t\t\t<div class=\"elementor-row\">\n\t\t\t\t\t<div class=\"aux-parallax-section elementor-column elementor-col-100 elementor-top-column elementor-element elementor-element-76ac3f9\" data-id=\"76ac3f9\" data-element_type=\"column\">\n\t\t\t<div class=\"elementor-column-wrap elementor-element-populated\">\n\t\t\t\t\t\t\t<div class=\"elementor-widget-wrap\">\n\t\t\t\t\t\t<div class=\"elementor-element elementor-element-111a651 aux-appear-watch-animation aux-fade-in-up elementor-widget elementor-widget-heading\" data-id=\"111a651\" data-element_type=\"widget\" data-widget_type=\"heading.default\">\n\t\t\t\t<div class=\"elementor-widget-container\">\n\t\t\t<h4 class=\"elementor-heading-title elementor-size-default\">ZUBEH\u00d6R<\/h4>\t\t<\/div>\n\t\t\t\t<\/div>\n\t\t\t\t<div class=\"elementor-element elementor-element-6c09bf8 elementor-widget elementor-widget-aux_modern_heading\" data-id=\"6c09bf8\" data-element_type=\"widget\" data-widget_type=\"aux_modern_heading.default\">\n\t\t\t\t<div class=\"elementor-widget-container\">\n\t\t\t<section class=\"aux-widget-modern-heading\">\n            <div class=\"aux-widget-inner\"><h4 class=\"aux-modern-heading-primary\">Luft tanken<\/h4><p class=\"aux-modern-heading-secondary\"><span class=\"aux-head-highlight\"> <\/span><\/p><div class=\"aux-modern-heading-description\"><p>Damit Sie immer vollen Reifendruck haben!<\/p><\/div><\/div>\n        <\/section>\t\t<\/div>\n\t\t\t\t<\/div>\n\t\t\t\t\t\t<\/div>\n\t\t\t\t\t<\/div>\n\t\t<\/div>\n\t\t\t\t\t\t\t\t<\/div>\n\t\t\t\t\t<\/div>\n\t\t<\/section>\n\t\t\t\t<section class=\"elementor-section elementor-top-section elementor-element elementor-element-9d9154d elementor-section-boxed elementor-section-height-default elementor-section-height-default\" data-id=\"9d9154d\" data-element_type=\"section\">\n\t\t\t\t\t\t<div class=\"elementor-container elementor-column-gap-default\">\n\t\t\t\t\t\t\t<div class=\"elementor-row\">\n\t\t\t\t\t<div class=\"aux-parallax-section elementor-column elementor-col-100 elementor-top-column elementor-element elementor-element-b952d9c\" data-id=\"b952d9c\" data-element_type=\"column\">\n\t\t\t<div class=\"elementor-column-wrap elementor-element-populated\">\n\t\t\t\t\t\t\t<div class=\"elementor-widget-wrap\">\n\t\t\t\t\t\t<section class=\"elementor-section elementor-inner-section elementor-element elementor-element-2b4b3b5 elementor-section-boxed elementor-section-height-default elementor-section-height-default\" data-id=\"2b4b3b5\" data-element_type=\"section\">\n\t\t\t\t\t\t<div class=\"elementor-container elementor-column-gap-default\">\n\t\t\t\t\t\t\t<div class=\"elementor-row\">\n\t\t\t\t\t<div class=\"aux-parallax-section elementor-column elementor-col-20 elementor-inner-column elementor-element elementor-element-b724687\" data-id=\"b724687\" data-element_type=\"column\">\n\t\t\t<div class=\"elementor-column-wrap elementor-element-populated\">\n\t\t\t\t\t\t\t<div class=\"elementor-widget-wrap\">\n\t\t\t\t\t\t<div class=\"elementor-element elementor-element-f05907f animated-slow elementor-invisible elementor-widget elementor-widget-image\" data-id=\"f05907f\" data-element_type=\"widget\" data-settings=\"{&quot;_animation&quot;:&quot;pulse&quot;}\" data-widget_type=\"image.default\">\n\t\t\t\t<div class=\"elementor-widget-container\">\n\t\t\t\t\t\t\t\t<div class=\"elementor-image\">\n\t\t\t\t\t\t\t\t\t<figure class=\"wp-caption\">\n\t\t\t\t\t\t\t\t\t\t\t<a href=\"https:\/\/panthera.se\/webpages\/tillbehor_luft_golvpump.html\" target=\"_blank\">\n\t\t\t\t\t\t\t<img loading=\"lazy\" decoding=\"async\" width=\"150\" height=\"150\" src=\"https:\/\/elchtec.de\/panda\/wp-content\/uploads\/2021\/03\/golvpump_150.jpg\" class=\"attachment-full size-full wp-image-1228\" alt=\"\" \/>\t\t\t\t\t\t\t\t<\/a>\n\t\t\t\t\t\t\t\t\t\t\t<figcaption class=\"widget-image-caption wp-caption-text\">FU\u00dfPUMPE<\/figcaption>\n\t\t\t\t\t\t\t\t\t\t<\/figure>\n\t\t\t\t\t\t\t\t<\/div>\n\t\t\t\t\t\t<\/div>\n\t\t\t\t<\/div>\n\t\t\t\t\t\t<\/div>\n\t\t\t\t\t<\/div>\n\t\t<\/div>\n\t\t\t\t<div class=\"aux-parallax-section elementor-column elementor-col-20 elementor-inner-column elementor-element elementor-element-f777d23\" data-id=\"f777d23\" data-element_type=\"column\">\n\t\t\t<div class=\"elementor-column-wrap elementor-element-populated\">\n\t\t\t\t\t\t\t<div class=\"elementor-widget-wrap\">\n\t\t\t\t\t\t<div class=\"elementor-element elementor-element-0a2650b animated-slow elementor-invisible elementor-widget elementor-widget-image\" data-id=\"0a2650b\" data-element_type=\"widget\" data-settings=\"{&quot;_animation&quot;:&quot;pulse&quot;}\" data-widget_type=\"image.default\">\n\t\t\t\t<div class=\"elementor-widget-container\">\n\t\t\t\t\t\t\t\t<div class=\"elementor-image\">\n\t\t\t\t\t\t\t\t\t<figure class=\"wp-caption\">\n\t\t\t\t\t\t\t\t\t\t\t<a href=\"https:\/\/panthera.se\/webpages\/tillbehor_luft_kompressor.html\" target=\"_blank\">\n\t\t\t\t\t\t\t<img loading=\"lazy\" decoding=\"async\" width=\"150\" height=\"150\" src=\"https:\/\/elchtec.de\/panda\/wp-content\/uploads\/2021\/03\/Luftkompressor_150.jpg\" class=\"attachment-full size-full wp-image-1229\" alt=\"\" \/>\t\t\t\t\t\t\t\t<\/a>\n\t\t\t\t\t\t\t\t\t\t\t<figcaption class=\"widget-image-caption wp-caption-text\">KOMPRESSOR<\/figcaption>\n\t\t\t\t\t\t\t\t\t\t<\/figure>\n\t\t\t\t\t\t\t\t<\/div>\n\t\t\t\t\t\t<\/div>\n\t\t\t\t<\/div>\n\t\t\t\t\t\t<\/div>\n\t\t\t\t\t<\/div>\n\t\t<\/div>\n\t\t\t\t<div class=\"aux-parallax-section elementor-column elementor-col-20 elementor-inner-column elementor-element elementor-element-0a0e0e8\" data-id=\"0a0e0e8\" data-element_type=\"column\">\n\t\t\t<div class=\"elementor-column-wrap\">\n\t\t\t\t\t\t\t<div class=\"elementor-widget-wrap\">\n\t\t\t\t\t\t\t\t<\/div>\n\t\t\t\t\t<\/div>\n\t\t<\/div>\n\t\t\t\t<div class=\"aux-parallax-section elementor-column elementor-col-20 elementor-inner-column elementor-element elementor-element-f6c17e4\" data-id=\"f6c17e4\" data-element_type=\"column\">\n\t\t\t<div class=\"elementor-column-wrap\">\n\t\t\t\t\t\t\t<div class=\"elementor-widget-wrap\">\n\t\t\t\t\t\t\t\t<\/div>\n\t\t\t\t\t<\/div>\n\t\t<\/div>\n\t\t\t\t<div class=\"aux-parallax-section elementor-column elementor-col-20 elementor-inner-column elementor-element elementor-element-90aa8d8\" data-id=\"90aa8d8\" data-element_type=\"column\">\n\t\t\t<div class=\"elementor-column-wrap\">\n\t\t\t\t\t\t\t<div class=\"elementor-widget-wrap\">\n\t\t\t\t\t\t\t\t<\/div>\n\t\t\t\t\t<\/div>\n\t\t<\/div>\n\t\t\t\t\t\t\t\t<\/div>\n\t\t\t\t\t<\/div>\n\t\t<\/section>\n\t\t\t\t\t\t<\/div>\n\t\t\t\t\t<\/div>\n\t\t<\/div>\n\t\t\t\t\t\t\t\t<\/div>\n\t\t\t\t\t<\/div>\n\t\t<\/section>\n\t\t\t\t<section class=\"elementor-section elementor-top-section elementor-element elementor-element-90843b2 elementor-section-boxed elementor-section-height-default elementor-section-height-default\" data-id=\"90843b2\" data-element_type=\"section\">\n\t\t\t\t\t\t<div class=\"elementor-container elementor-column-gap-default\">\n\t\t\t\t\t\t\t<div class=\"elementor-row\">\n\t\t\t\t\t<div class=\"aux-parallax-section elementor-column elementor-col-100 elementor-top-column elementor-element elementor-element-40ac9e0\" data-id=\"40ac9e0\" data-element_type=\"column\">\n\t\t\t<div class=\"elementor-column-wrap elementor-element-populated\">\n\t\t\t\t\t\t\t<div class=\"elementor-widget-wrap\">\n\t\t\t\t\t\t<div class=\"elementor-element elementor-element-154c614 elementor-widget elementor-widget-spacer\" data-id=\"154c614\" data-element_type=\"widget\" data-widget_type=\"spacer.default\">\n\t\t\t\t<div class=\"elementor-widget-container\">\n\t\t\t\t\t<div class=\"elementor-spacer\">\n\t\t\t<div class=\"elementor-spacer-inner\"><\/div>\n\t\t<\/div>\n\t\t\t\t<\/div>\n\t\t\t\t<\/div>\n\t\t\t\t\t\t<\/div>\n\t\t\t\t\t<\/div>\n\t\t<\/div>\n\t\t\t\t\t\t\t\t<\/div>\n\t\t\t\t\t<\/div>\n\t\t<\/section>\n\t\t\t\t<section class=\"elementor-section elementor-top-section elementor-element elementor-element-dfdb396 elementor-section-boxed elementor-section-height-default elementor-section-height-default\" data-id=\"dfdb396\" data-element_type=\"section\">\n\t\t\t\t\t\t<div class=\"elementor-container elementor-column-gap-default\">\n\t\t\t\t\t\t\t<div class=\"elementor-row\">\n\t\t\t\t\t<div class=\"aux-parallax-section elementor-column elementor-col-33 elementor-top-column elementor-element elementor-element-edf3045\" data-id=\"edf3045\" data-element_type=\"column\">\n\t\t\t<div class=\"elementor-column-wrap elementor-element-populated\">\n\t\t\t\t\t\t\t<div class=\"elementor-widget-wrap\">\n\t\t\t\t\t\t<div class=\"elementor-element elementor-element-5b314c7 elementor-widget elementor-widget-aux_divider\" data-id=\"5b314c7\" data-element_type=\"widget\" data-widget_type=\"aux_divider.default\">\n\t\t\t\t<div class=\"elementor-widget-container\">\n\t\t\t<hr class=\"aux-divider-symbolic-square aux-divider-align-right aux-symbol-align-center\" >\t\t<\/div>\n\t\t\t\t<\/div>\n\t\t\t\t\t\t<\/div>\n\t\t\t\t\t<\/div>\n\t\t<\/div>\n\t\t\t\t<div class=\"aux-parallax-section elementor-column elementor-col-33 elementor-top-column elementor-element elementor-element-53b29f8\" data-id=\"53b29f8\" data-element_type=\"column\">\n\t\t\t<div class=\"elementor-column-wrap elementor-element-populated\">\n\t\t\t\t\t\t\t<div class=\"elementor-widget-wrap\">\n\t\t\t\t\t\t<div class=\"elementor-element elementor-element-410ee50 elementor-align-center elementor-widget elementor-widget-button\" data-id=\"410ee50\" data-element_type=\"widget\" data-widget_type=\"button.default\">\n\t\t\t\t<div class=\"elementor-widget-container\">\n\t\t\t\t\t<div class=\"elementor-button-wrapper\">\n\t\t\t<a href=\"https:\/\/elchtec.de\/panda\/zubehoer\/\" class=\"elementor-button-link elementor-button elementor-size-lg\" role=\"button\">\n\t\t\t\t\t\t<span class=\"elementor-button-content-wrapper\">\n\t\t\t\t\t\t<span class=\"elementor-button-text\">zur\u00fcck zur \u00dcbersicht<\/span>\n\t\t<\/span>\n\t\t\t\t\t<\/a>\n\t\t<\/div>\n\t\t\t\t<\/div>\n\t\t\t\t<\/div>\n\t\t\t\t\t\t<\/div>\n\t\t\t\t\t<\/div>\n\t\t<\/div>\n\t\t\t\t<div class=\"aux-parallax-section elementor-column elementor-col-33 elementor-top-column elementor-element elementor-element-2b5f145\" data-id=\"2b5f145\" data-element_type=\"column\">\n\t\t\t<div class=\"elementor-column-wrap elementor-element-populated\">\n\t\t\t\t\t\t\t<div class=\"elementor-widget-wrap\">\n\t\t\t\t\t\t<div class=\"elementor-element elementor-element-152fd8a elementor-widget elementor-widget-aux_divider\" data-id=\"152fd8a\" data-element_type=\"widget\" data-widget_type=\"aux_divider.default\">\n\t\t\t\t<div class=\"elementor-widget-container\">\n\t\t\t<hr class=\"aux-divider-symbolic-square aux-divider-align-left aux-symbol-align-center\" >\t\t<\/div>\n\t\t\t\t<\/div>\n\t\t\t\t\t\t<\/div>\n\t\t\t\t\t<\/div>\n\t\t<\/div>\n\t\t\t\t\t\t\t\t<\/div>\n\t\t\t\t\t<\/div>\n\t\t<\/section>\n\t\t\t\t\t\t\t\t\t<\/div>\n\t\t\t<\/div>\n\t\t\t\t\t<\/div>\n\t\t","protected":false},"excerpt":{"rendered":"<p>ZUBEH\u00d6R Luft tanken Damit Sie immer vollen Reifendruck haben! FU\u00dfPUMPE KOMPRESSOR zur\u00fcck zur \u00dcbersicht<\/p>\n","protected":false},"author":2,"featured_media":0,"parent":0,"menu_order":0,"comment_status":"closed","ping_status":"closed","template":"","meta":{"footnotes":""},"class_list":["post-1226","page","type-page","status-publish","hentry"],"yoast_head":"<!-- This site is optimized with the Yoast SEO plugin v27.2 - https:\/\/yoast.com\/product\/yoast-seo-wordpress\/ -->\n<title>LUFTPUMPEN - PANDA<\/title>\n<meta name=\"robots\" content=\"index, follow, max-snippet:-1, max-image-preview:large, max-video-preview:-1\" \/>\n<link rel=\"canonical\" href=\"https:\/\/elchtec.de\/panda\/luftpumpen\/\" \/>\n<meta property=\"og:locale\" content=\"de_DE\" \/>\n<meta property=\"og:type\" content=\"article\" \/>\n<meta property=\"og:title\" content=\"LUFTPUMPEN - PANDA\" \/>\n<meta property=\"og:description\" content=\"ZUBEH\u00d6R Luft tanken Damit Sie immer vollen Reifendruck haben! FU\u00dfPUMPE KOMPRESSOR zur\u00fcck zur \u00dcbersicht\" \/>\n<meta property=\"og:url\" content=\"https:\/\/elchtec.de\/panda\/luftpumpen\/\" \/>\n<meta property=\"og:site_name\" content=\"PANDA\" \/>\n<meta property=\"article:modified_time\" content=\"2021-08-31T13:59:10+00:00\" \/>\n<meta property=\"og:image\" content=\"https:\/\/elchtec.de\/panda\/wp-content\/uploads\/2021\/03\/golvpump_150.jpg\" \/>\n\t<meta property=\"og:image:width\" content=\"150\" \/>\n\t<meta property=\"og:image:height\" content=\"150\" \/>\n\t<meta property=\"og:image:type\" content=\"image\/jpeg\" \/>\n<meta name=\"twitter:card\" content=\"summary_large_image\" \/>\n<script type=\"application\/ld+json\" class=\"yoast-schema-graph\">{\"@context\":\"https:\/\/schema.org\",\"@graph\":[{\"@type\":\"WebPage\",\"@id\":\"https:\/\/elchtec.de\/panda\/luftpumpen\/\",\"url\":\"https:\/\/elchtec.de\/panda\/luftpumpen\/\",\"name\":\"LUFTPUMPEN - PANDA\",\"isPartOf\":{\"@id\":\"https:\/\/elchtec.de\/panda\/#website\"},\"primaryImageOfPage\":{\"@id\":\"https:\/\/elchtec.de\/panda\/luftpumpen\/#primaryimage\"},\"image\":{\"@id\":\"https:\/\/elchtec.de\/panda\/luftpumpen\/#primaryimage\"},\"thumbnailUrl\":\"https:\/\/elchtec.de\/panda\/wp-content\/uploads\/2021\/03\/golvpump_150.jpg\",\"datePublished\":\"2021-03-25T17:53:29+00:00\",\"dateModified\":\"2021-08-31T13:59:10+00:00\",\"breadcrumb\":{\"@id\":\"https:\/\/elchtec.de\/panda\/luftpumpen\/#breadcrumb\"},\"inLanguage\":\"de\",\"potentialAction\":[{\"@type\":\"ReadAction\",\"target\":[\"https:\/\/elchtec.de\/panda\/luftpumpen\/\"]}]},{\"@type\":\"ImageObject\",\"inLanguage\":\"de\",\"@id\":\"https:\/\/elchtec.de\/panda\/luftpumpen\/#primaryimage\",\"url\":\"https:\/\/elchtec.de\/panda\/wp-content\/uploads\/2021\/03\/golvpump_150.jpg\",\"contentUrl\":\"https:\/\/elchtec.de\/panda\/wp-content\/uploads\/2021\/03\/golvpump_150.jpg\",\"width\":150,\"height\":150},{\"@type\":\"BreadcrumbList\",\"@id\":\"https:\/\/elchtec.de\/panda\/luftpumpen\/#breadcrumb\",\"itemListElement\":[{\"@type\":\"ListItem\",\"position\":1,\"name\":\"Start\",\"item\":\"https:\/\/elchtec.de\/panda\/\"},{\"@type\":\"ListItem\",\"position\":2,\"name\":\"LUFTPUMPEN\"}]},{\"@type\":\"WebSite\",\"@id\":\"https:\/\/elchtec.de\/panda\/#website\",\"url\":\"https:\/\/elchtec.de\/panda\/\",\"name\":\"PANDA\",\"description\":\"Der neue Alltagsrollstuhl von ELCHTEC\",\"publisher\":{\"@id\":\"https:\/\/elchtec.de\/panda\/#organization\"},\"potentialAction\":[{\"@type\":\"SearchAction\",\"target\":{\"@type\":\"EntryPoint\",\"urlTemplate\":\"https:\/\/elchtec.de\/panda\/?s={search_term_string}\"},\"query-input\":{\"@type\":\"PropertyValueSpecification\",\"valueRequired\":true,\"valueName\":\"search_term_string\"}}],\"inLanguage\":\"de\"},{\"@type\":\"Organization\",\"@id\":\"https:\/\/elchtec.de\/panda\/#organization\",\"name\":\"ELCHTEC\",\"url\":\"https:\/\/elchtec.de\/panda\/\",\"logo\":{\"@type\":\"ImageObject\",\"inLanguage\":\"de\",\"@id\":\"https:\/\/elchtec.de\/panda\/#\/schema\/logo\/image\/\",\"url\":\"https:\/\/elchtec.de\/panda\/wp-content\/uploads\/2024\/12\/Logo_Panda_PFADE___fuer_Internet.png\",\"contentUrl\":\"https:\/\/elchtec.de\/panda\/wp-content\/uploads\/2024\/12\/Logo_Panda_PFADE___fuer_Internet.png\",\"width\":763,\"height\":274,\"caption\":\"ELCHTEC\"},\"image\":{\"@id\":\"https:\/\/elchtec.de\/panda\/#\/schema\/logo\/image\/\"}}]}<\/script>\n<!-- \/ Yoast SEO plugin. -->","yoast_head_json":{"title":"LUFTPUMPEN - PANDA","robots":{"index":"index","follow":"follow","max-snippet":"max-snippet:-1","max-image-preview":"max-image-preview:large","max-video-preview":"max-video-preview:-1"},"canonical":"https:\/\/elchtec.de\/panda\/luftpumpen\/","og_locale":"de_DE","og_type":"article","og_title":"LUFTPUMPEN - PANDA","og_description":"ZUBEH\u00d6R Luft tanken Damit Sie immer vollen Reifendruck haben! FU\u00dfPUMPE KOMPRESSOR zur\u00fcck zur \u00dcbersicht","og_url":"https:\/\/elchtec.de\/panda\/luftpumpen\/","og_site_name":"PANDA","article_modified_time":"2021-08-31T13:59:10+00:00","og_image":[{"width":150,"height":150,"url":"https:\/\/elchtec.de\/panda\/wp-content\/uploads\/2021\/03\/golvpump_150.jpg","type":"image\/jpeg"}],"twitter_card":"summary_large_image","schema":{"@context":"https:\/\/schema.org","@graph":[{"@type":"WebPage","@id":"https:\/\/elchtec.de\/panda\/luftpumpen\/","url":"https:\/\/elchtec.de\/panda\/luftpumpen\/","name":"LUFTPUMPEN - PANDA","isPartOf":{"@id":"https:\/\/elchtec.de\/panda\/#website"},"primaryImageOfPage":{"@id":"https:\/\/elchtec.de\/panda\/luftpumpen\/#primaryimage"},"image":{"@id":"https:\/\/elchtec.de\/panda\/luftpumpen\/#primaryimage"},"thumbnailUrl":"https:\/\/elchtec.de\/panda\/wp-content\/uploads\/2021\/03\/golvpump_150.jpg","datePublished":"2021-03-25T17:53:29+00:00","dateModified":"2021-08-31T13:59:10+00:00","breadcrumb":{"@id":"https:\/\/elchtec.de\/panda\/luftpumpen\/#breadcrumb"},"inLanguage":"de","potentialAction":[{"@type":"ReadAction","target":["https:\/\/elchtec.de\/panda\/luftpumpen\/"]}]},{"@type":"ImageObject","inLanguage":"de","@id":"https:\/\/elchtec.de\/panda\/luftpumpen\/#primaryimage","url":"https:\/\/elchtec.de\/panda\/wp-content\/uploads\/2021\/03\/golvpump_150.jpg","contentUrl":"https:\/\/elchtec.de\/panda\/wp-content\/uploads\/2021\/03\/golvpump_150.jpg","width":150,"height":150},{"@type":"BreadcrumbList","@id":"https:\/\/elchtec.de\/panda\/luftpumpen\/#breadcrumb","itemListElement":[{"@type":"ListItem","position":1,"name":"Start","item":"https:\/\/elchtec.de\/panda\/"},{"@type":"ListItem","position":2,"name":"LUFTPUMPEN"}]},{"@type":"WebSite","@id":"https:\/\/elchtec.de\/panda\/#website","url":"https:\/\/elchtec.de\/panda\/","name":"PANDA","description":"Der neue Alltagsrollstuhl von ELCHTEC","publisher":{"@id":"https:\/\/elchtec.de\/panda\/#organization"},"potentialAction":[{"@type":"SearchAction","target":{"@type":"EntryPoint","urlTemplate":"https:\/\/elchtec.de\/panda\/?s={search_term_string}"},"query-input":{"@type":"PropertyValueSpecification","valueRequired":true,"valueName":"search_term_string"}}],"inLanguage":"de"},{"@type":"Organization","@id":"https:\/\/elchtec.de\/panda\/#organization","name":"ELCHTEC","url":"https:\/\/elchtec.de\/panda\/","logo":{"@type":"ImageObject","inLanguage":"de","@id":"https:\/\/elchtec.de\/panda\/#\/schema\/logo\/image\/","url":"https:\/\/elchtec.de\/panda\/wp-content\/uploads\/2024\/12\/Logo_Panda_PFADE___fuer_Internet.png","contentUrl":"https:\/\/elchtec.de\/panda\/wp-content\/uploads\/2024\/12\/Logo_Panda_PFADE___fuer_Internet.png","width":763,"height":274,"caption":"ELCHTEC"},"image":{"@id":"https:\/\/elchtec.de\/panda\/#\/schema\/logo\/image\/"}}]}},"_links":{"self":[{"href":"https:\/\/elchtec.de\/panda\/wp-json\/wp\/v2\/pages\/1226","targetHints":{"allow":["GET"]}}],"collection":[{"href":"https:\/\/elchtec.de\/panda\/wp-json\/wp\/v2\/pages"}],"about":[{"href":"https:\/\/elchtec.de\/panda\/wp-json\/wp\/v2\/types\/page"}],"author":[{"embeddable":true,"href":"https:\/\/elchtec.de\/panda\/wp-json\/wp\/v2\/users\/2"}],"replies":[{"embeddable":true,"href":"https:\/\/elchtec.de\/panda\/wp-json\/wp\/v2\/comments?post=1226"}],"version-history":[{"count":16,"href":"https:\/\/elchtec.de\/panda\/wp-json\/wp\/v2\/pages\/1226\/revisions"}],"predecessor-version":[{"id":3541,"href":"https:\/\/elchtec.de\/panda\/wp-json\/wp\/v2\/pages\/1226\/revisions\/3541"}],"wp:attachment":[{"href":"https:\/\/elchtec.de\/panda\/wp-json\/wp\/v2\/media?parent=1226"}],"curies":[{"name":"wp","href":"https:\/\/api.w.org\/{rel}","templated":true}]}}