{"id":1216,"date":"2021-03-25T18:49:24","date_gmt":"2021-03-25T17:49:24","guid":{"rendered":"https:\/\/pader-interactive.de\/panthera\/?page_id=1216"},"modified":"2021-08-31T15:58:28","modified_gmt":"2021-08-31T13:58:28","slug":"sitztaschen","status":"publish","type":"page","link":"https:\/\/elchtec.de\/panda\/sitztaschen\/","title":{"rendered":"SITZTASCHEN"},"content":{"rendered":"\t\t<div data-elementor-type=\"wp-page\" data-elementor-id=\"1216\" class=\"elementor elementor-1216\">\n\t\t\t\t\t\t<div class=\"elementor-inner\">\n\t\t\t\t<div class=\"elementor-section-wrap\">\n\t\t\t\t\t\t\t\t\t<section class=\"elementor-section elementor-top-section elementor-element elementor-element-7ed581a elementor-section-boxed elementor-section-height-default elementor-section-height-default\" data-id=\"7ed581a\" data-element_type=\"section\">\n\t\t\t\t\t\t<div class=\"elementor-container elementor-column-gap-default\">\n\t\t\t\t\t\t\t<div class=\"elementor-row\">\n\t\t\t\t\t<div class=\"aux-parallax-section elementor-column elementor-col-100 elementor-top-column elementor-element elementor-element-4a72e10\" data-id=\"4a72e10\" data-element_type=\"column\">\n\t\t\t<div class=\"elementor-column-wrap elementor-element-populated\">\n\t\t\t\t\t\t\t<div class=\"elementor-widget-wrap\">\n\t\t\t\t\t\t<div class=\"elementor-element elementor-element-e0fa84d aux-appear-watch-animation aux-fade-in-up elementor-widget elementor-widget-heading\" data-id=\"e0fa84d\" data-element_type=\"widget\" data-widget_type=\"heading.default\">\n\t\t\t\t<div class=\"elementor-widget-container\">\n\t\t\t<h4 class=\"elementor-heading-title elementor-size-default\">ZUBEH\u00d6R<\/h4>\t\t<\/div>\n\t\t\t\t<\/div>\n\t\t\t\t<div class=\"elementor-element elementor-element-1406ec8 elementor-widget elementor-widget-aux_modern_heading\" data-id=\"1406ec8\" data-element_type=\"widget\" data-widget_type=\"aux_modern_heading.default\">\n\t\t\t\t<div class=\"elementor-widget-container\">\n\t\t\t<section class=\"aux-widget-modern-heading\">\n            <div class=\"aux-widget-inner\"><h4 class=\"aux-modern-heading-primary\">Sitztaschen<\/h4><p class=\"aux-modern-heading-secondary\"><span class=\"aux-head-highlight\"> <\/span><\/p><div class=\"aux-modern-heading-description\"><p>Immer alles griffbereit - und platzsparend verstaut.<\/p><\/div><\/div>\n        <\/section>\t\t<\/div>\n\t\t\t\t<\/div>\n\t\t\t\t\t\t<\/div>\n\t\t\t\t\t<\/div>\n\t\t<\/div>\n\t\t\t\t\t\t\t\t<\/div>\n\t\t\t\t\t<\/div>\n\t\t<\/section>\n\t\t\t\t<section class=\"elementor-section elementor-top-section elementor-element elementor-element-9d9154d elementor-section-boxed elementor-section-height-default elementor-section-height-default\" data-id=\"9d9154d\" data-element_type=\"section\">\n\t\t\t\t\t\t<div class=\"elementor-container elementor-column-gap-default\">\n\t\t\t\t\t\t\t<div class=\"elementor-row\">\n\t\t\t\t\t<div class=\"aux-parallax-section elementor-column elementor-col-100 elementor-top-column elementor-element elementor-element-b952d9c\" data-id=\"b952d9c\" data-element_type=\"column\">\n\t\t\t<div class=\"elementor-column-wrap elementor-element-populated\">\n\t\t\t\t\t\t\t<div class=\"elementor-widget-wrap\">\n\t\t\t\t\t\t<section class=\"elementor-section elementor-inner-section elementor-element elementor-element-2b4b3b5 elementor-section-boxed elementor-section-height-default elementor-section-height-default\" data-id=\"2b4b3b5\" data-element_type=\"section\">\n\t\t\t\t\t\t<div class=\"elementor-container elementor-column-gap-default\">\n\t\t\t\t\t\t\t<div class=\"elementor-row\">\n\t\t\t\t\t<div class=\"aux-parallax-section elementor-column elementor-col-20 elementor-inner-column elementor-element elementor-element-b724687\" data-id=\"b724687\" data-element_type=\"column\">\n\t\t\t<div class=\"elementor-column-wrap elementor-element-populated\">\n\t\t\t\t\t\t\t<div class=\"elementor-widget-wrap\">\n\t\t\t\t\t\t<div class=\"elementor-element elementor-element-f05907f animated-slow elementor-invisible elementor-widget elementor-widget-image\" data-id=\"f05907f\" data-element_type=\"widget\" data-settings=\"{&quot;_animation&quot;:&quot;pulse&quot;}\" data-widget_type=\"image.default\">\n\t\t\t\t<div class=\"elementor-widget-container\">\n\t\t\t\t\t\t\t\t<div class=\"elementor-image\">\n\t\t\t\t\t\t\t\t\t<figure class=\"wp-caption\">\n\t\t\t\t\t\t\t\t\t\t\t<a href=\"https:\/\/panthera.se\/webpages\/tillbehor_sitsvaska.html\" target=\"_blank\">\n\t\t\t\t\t\t\t<img loading=\"lazy\" decoding=\"async\" width=\"150\" height=\"150\" src=\"https:\/\/elchtec.de\/panda\/wp-content\/uploads\/2021\/03\/sitsvaska_1_150.jpg\" class=\"attachment-full size-full wp-image-1218\" alt=\"\" \/>\t\t\t\t\t\t\t\t<\/a>\n\t\t\t\t\t\t\t\t\t\t\t<figcaption class=\"widget-image-caption wp-caption-text\">SITZTASCHE 2<\/figcaption>\n\t\t\t\t\t\t\t\t\t\t<\/figure>\n\t\t\t\t\t\t\t\t<\/div>\n\t\t\t\t\t\t<\/div>\n\t\t\t\t<\/div>\n\t\t\t\t\t\t<\/div>\n\t\t\t\t\t<\/div>\n\t\t<\/div>\n\t\t\t\t<div class=\"aux-parallax-section elementor-column elementor-col-20 elementor-inner-column elementor-element elementor-element-f777d23\" data-id=\"f777d23\" data-element_type=\"column\">\n\t\t\t<div class=\"elementor-column-wrap elementor-element-populated\">\n\t\t\t\t\t\t\t<div class=\"elementor-widget-wrap\">\n\t\t\t\t\t\t<div class=\"elementor-element elementor-element-0a2650b animated-slow elementor-invisible elementor-widget elementor-widget-image\" data-id=\"0a2650b\" data-element_type=\"widget\" data-settings=\"{&quot;_animation&quot;:&quot;pulse&quot;}\" data-widget_type=\"image.default\">\n\t\t\t\t<div class=\"elementor-widget-container\">\n\t\t\t\t\t\t\t\t<div class=\"elementor-image\">\n\t\t\t\t\t\t\t\t\t<figure class=\"wp-caption\">\n\t\t\t\t\t\t\t\t\t\t\t<a href=\"https:\/\/panthera.se\/webpages\/tillbehor_sitsvaska_3.html\" target=\"_blank\">\n\t\t\t\t\t\t\t<img loading=\"lazy\" decoding=\"async\" width=\"150\" height=\"150\" src=\"https:\/\/elchtec.de\/panda\/wp-content\/uploads\/2021\/03\/sitsvaska_U3light_150.jpg\" class=\"attachment-full size-full wp-image-1219\" alt=\"\" \/>\t\t\t\t\t\t\t\t<\/a>\n\t\t\t\t\t\t\t\t\t\t\t<figcaption class=\"widget-image-caption wp-caption-text\">SITZTASCHE 3<\/figcaption>\n\t\t\t\t\t\t\t\t\t\t<\/figure>\n\t\t\t\t\t\t\t\t<\/div>\n\t\t\t\t\t\t<\/div>\n\t\t\t\t<\/div>\n\t\t\t\t\t\t<\/div>\n\t\t\t\t\t<\/div>\n\t\t<\/div>\n\t\t\t\t<div class=\"aux-parallax-section elementor-column elementor-col-20 elementor-inner-column elementor-element elementor-element-0a0e0e8\" data-id=\"0a0e0e8\" data-element_type=\"column\">\n\t\t\t<div class=\"elementor-column-wrap\">\n\t\t\t\t\t\t\t<div class=\"elementor-widget-wrap\">\n\t\t\t\t\t\t\t\t<\/div>\n\t\t\t\t\t<\/div>\n\t\t<\/div>\n\t\t\t\t<div class=\"aux-parallax-section elementor-column elementor-col-20 elementor-inner-column elementor-element elementor-element-f6c17e4\" data-id=\"f6c17e4\" data-element_type=\"column\">\n\t\t\t<div class=\"elementor-column-wrap\">\n\t\t\t\t\t\t\t<div class=\"elementor-widget-wrap\">\n\t\t\t\t\t\t\t\t<\/div>\n\t\t\t\t\t<\/div>\n\t\t<\/div>\n\t\t\t\t<div class=\"aux-parallax-section elementor-column elementor-col-20 elementor-inner-column elementor-element elementor-element-90aa8d8\" data-id=\"90aa8d8\" data-element_type=\"column\">\n\t\t\t<div class=\"elementor-column-wrap\">\n\t\t\t\t\t\t\t<div class=\"elementor-widget-wrap\">\n\t\t\t\t\t\t\t\t<\/div>\n\t\t\t\t\t<\/div>\n\t\t<\/div>\n\t\t\t\t\t\t\t\t<\/div>\n\t\t\t\t\t<\/div>\n\t\t<\/section>\n\t\t\t\t\t\t<\/div>\n\t\t\t\t\t<\/div>\n\t\t<\/div>\n\t\t\t\t\t\t\t\t<\/div>\n\t\t\t\t\t<\/div>\n\t\t<\/section>\n\t\t\t\t<section class=\"elementor-section elementor-top-section elementor-element elementor-element-901c897 elementor-section-boxed elementor-section-height-default elementor-section-height-default\" data-id=\"901c897\" data-element_type=\"section\">\n\t\t\t\t\t\t<div class=\"elementor-container elementor-column-gap-default\">\n\t\t\t\t\t\t\t<div class=\"elementor-row\">\n\t\t\t\t\t<div class=\"aux-parallax-section elementor-column elementor-col-100 elementor-top-column elementor-element elementor-element-83e862e\" data-id=\"83e862e\" data-element_type=\"column\">\n\t\t\t<div class=\"elementor-column-wrap elementor-element-populated\">\n\t\t\t\t\t\t\t<div class=\"elementor-widget-wrap\">\n\t\t\t\t\t\t<div class=\"elementor-element elementor-element-30906ce elementor-widget elementor-widget-spacer\" data-id=\"30906ce\" data-element_type=\"widget\" data-widget_type=\"spacer.default\">\n\t\t\t\t<div class=\"elementor-widget-container\">\n\t\t\t\t\t<div class=\"elementor-spacer\">\n\t\t\t<div class=\"elementor-spacer-inner\"><\/div>\n\t\t<\/div>\n\t\t\t\t<\/div>\n\t\t\t\t<\/div>\n\t\t\t\t\t\t<\/div>\n\t\t\t\t\t<\/div>\n\t\t<\/div>\n\t\t\t\t\t\t\t\t<\/div>\n\t\t\t\t\t<\/div>\n\t\t<\/section>\n\t\t\t\t<section class=\"elementor-section elementor-top-section elementor-element elementor-element-b177469 elementor-section-boxed elementor-section-height-default elementor-section-height-default\" data-id=\"b177469\" data-element_type=\"section\">\n\t\t\t\t\t\t<div class=\"elementor-container elementor-column-gap-default\">\n\t\t\t\t\t\t\t<div class=\"elementor-row\">\n\t\t\t\t\t<div class=\"aux-parallax-section elementor-column elementor-col-33 elementor-top-column elementor-element elementor-element-6da3c6c\" data-id=\"6da3c6c\" data-element_type=\"column\">\n\t\t\t<div class=\"elementor-column-wrap elementor-element-populated\">\n\t\t\t\t\t\t\t<div class=\"elementor-widget-wrap\">\n\t\t\t\t\t\t<div class=\"elementor-element elementor-element-0dd3130 elementor-widget elementor-widget-aux_divider\" data-id=\"0dd3130\" data-element_type=\"widget\" data-widget_type=\"aux_divider.default\">\n\t\t\t\t<div class=\"elementor-widget-container\">\n\t\t\t<hr class=\"aux-divider-symbolic-square aux-divider-align-right aux-symbol-align-center\" >\t\t<\/div>\n\t\t\t\t<\/div>\n\t\t\t\t\t\t<\/div>\n\t\t\t\t\t<\/div>\n\t\t<\/div>\n\t\t\t\t<div class=\"aux-parallax-section elementor-column elementor-col-33 elementor-top-column elementor-element elementor-element-3f0e91b\" data-id=\"3f0e91b\" data-element_type=\"column\">\n\t\t\t<div class=\"elementor-column-wrap elementor-element-populated\">\n\t\t\t\t\t\t\t<div class=\"elementor-widget-wrap\">\n\t\t\t\t\t\t<div class=\"elementor-element elementor-element-ad42e0d elementor-align-center elementor-widget elementor-widget-button\" data-id=\"ad42e0d\" data-element_type=\"widget\" data-widget_type=\"button.default\">\n\t\t\t\t<div class=\"elementor-widget-container\">\n\t\t\t\t\t<div class=\"elementor-button-wrapper\">\n\t\t\t<a href=\"https:\/\/elchtec.de\/panda\/zubehoer\/\" class=\"elementor-button-link elementor-button elementor-size-lg\" role=\"button\">\n\t\t\t\t\t\t<span class=\"elementor-button-content-wrapper\">\n\t\t\t\t\t\t<span class=\"elementor-button-text\">zur\u00fcck zur \u00dcbersicht<\/span>\n\t\t<\/span>\n\t\t\t\t\t<\/a>\n\t\t<\/div>\n\t\t\t\t<\/div>\n\t\t\t\t<\/div>\n\t\t\t\t\t\t<\/div>\n\t\t\t\t\t<\/div>\n\t\t<\/div>\n\t\t\t\t<div class=\"aux-parallax-section elementor-column elementor-col-33 elementor-top-column elementor-element elementor-element-0d90a27\" data-id=\"0d90a27\" data-element_type=\"column\">\n\t\t\t<div class=\"elementor-column-wrap elementor-element-populated\">\n\t\t\t\t\t\t\t<div class=\"elementor-widget-wrap\">\n\t\t\t\t\t\t<div class=\"elementor-element elementor-element-c5d8a5c elementor-widget elementor-widget-aux_divider\" data-id=\"c5d8a5c\" data-element_type=\"widget\" data-widget_type=\"aux_divider.default\">\n\t\t\t\t<div class=\"elementor-widget-container\">\n\t\t\t<hr class=\"aux-divider-symbolic-square aux-divider-align-left aux-symbol-align-center\" >\t\t<\/div>\n\t\t\t\t<\/div>\n\t\t\t\t\t\t<\/div>\n\t\t\t\t\t<\/div>\n\t\t<\/div>\n\t\t\t\t\t\t\t\t<\/div>\n\t\t\t\t\t<\/div>\n\t\t<\/section>\n\t\t\t\t\t\t\t\t\t<\/div>\n\t\t\t<\/div>\n\t\t\t\t\t<\/div>\n\t\t","protected":false},"excerpt":{"rendered":"<p>ZUBEH\u00d6R Sitztaschen Immer alles griffbereit &#8211; und platzsparend verstaut. SITZTASCHE 2 SITZTASCHE 3 zur\u00fcck zur \u00dcbersicht<\/p>\n","protected":false},"author":2,"featured_media":0,"parent":0,"menu_order":0,"comment_status":"closed","ping_status":"closed","template":"","meta":{"footnotes":""},"class_list":["post-1216","page","type-page","status-publish","hentry"],"yoast_head":"<!-- This site is optimized with the Yoast SEO plugin v27.2 - https:\/\/yoast.com\/product\/yoast-seo-wordpress\/ -->\n<title>SITZTASCHEN - PANDA<\/title>\n<meta name=\"robots\" content=\"index, follow, max-snippet:-1, max-image-preview:large, max-video-preview:-1\" \/>\n<link rel=\"canonical\" href=\"https:\/\/elchtec.de\/panda\/sitztaschen\/\" \/>\n<meta property=\"og:locale\" content=\"de_DE\" \/>\n<meta property=\"og:type\" content=\"article\" \/>\n<meta property=\"og:title\" content=\"SITZTASCHEN - PANDA\" \/>\n<meta property=\"og:description\" content=\"ZUBEH\u00d6R Sitztaschen Immer alles griffbereit &#8211; und platzsparend verstaut. SITZTASCHE 2 SITZTASCHE 3 zur\u00fcck zur \u00dcbersicht\" \/>\n<meta property=\"og:url\" content=\"https:\/\/elchtec.de\/panda\/sitztaschen\/\" \/>\n<meta property=\"og:site_name\" content=\"PANDA\" \/>\n<meta property=\"article:modified_time\" content=\"2021-08-31T13:58:28+00:00\" \/>\n<meta property=\"og:image\" content=\"https:\/\/elchtec.de\/panda\/wp-content\/uploads\/2021\/03\/sitsvaska_1_150.jpg\" \/>\n\t<meta property=\"og:image:width\" content=\"150\" \/>\n\t<meta property=\"og:image:height\" content=\"150\" \/>\n\t<meta property=\"og:image:type\" content=\"image\/jpeg\" \/>\n<meta name=\"twitter:card\" content=\"summary_large_image\" \/>\n<script type=\"application\/ld+json\" class=\"yoast-schema-graph\">{\"@context\":\"https:\/\/schema.org\",\"@graph\":[{\"@type\":\"WebPage\",\"@id\":\"https:\/\/elchtec.de\/panda\/sitztaschen\/\",\"url\":\"https:\/\/elchtec.de\/panda\/sitztaschen\/\",\"name\":\"SITZTASCHEN - PANDA\",\"isPartOf\":{\"@id\":\"https:\/\/elchtec.de\/panda\/#website\"},\"primaryImageOfPage\":{\"@id\":\"https:\/\/elchtec.de\/panda\/sitztaschen\/#primaryimage\"},\"image\":{\"@id\":\"https:\/\/elchtec.de\/panda\/sitztaschen\/#primaryimage\"},\"thumbnailUrl\":\"https:\/\/elchtec.de\/panda\/wp-content\/uploads\/2021\/03\/sitsvaska_1_150.jpg\",\"datePublished\":\"2021-03-25T17:49:24+00:00\",\"dateModified\":\"2021-08-31T13:58:28+00:00\",\"breadcrumb\":{\"@id\":\"https:\/\/elchtec.de\/panda\/sitztaschen\/#breadcrumb\"},\"inLanguage\":\"de\",\"potentialAction\":[{\"@type\":\"ReadAction\",\"target\":[\"https:\/\/elchtec.de\/panda\/sitztaschen\/\"]}]},{\"@type\":\"ImageObject\",\"inLanguage\":\"de\",\"@id\":\"https:\/\/elchtec.de\/panda\/sitztaschen\/#primaryimage\",\"url\":\"https:\/\/elchtec.de\/panda\/wp-content\/uploads\/2021\/03\/sitsvaska_1_150.jpg\",\"contentUrl\":\"https:\/\/elchtec.de\/panda\/wp-content\/uploads\/2021\/03\/sitsvaska_1_150.jpg\",\"width\":150,\"height\":150},{\"@type\":\"BreadcrumbList\",\"@id\":\"https:\/\/elchtec.de\/panda\/sitztaschen\/#breadcrumb\",\"itemListElement\":[{\"@type\":\"ListItem\",\"position\":1,\"name\":\"Start\",\"item\":\"https:\/\/elchtec.de\/panda\/\"},{\"@type\":\"ListItem\",\"position\":2,\"name\":\"SITZTASCHEN\"}]},{\"@type\":\"WebSite\",\"@id\":\"https:\/\/elchtec.de\/panda\/#website\",\"url\":\"https:\/\/elchtec.de\/panda\/\",\"name\":\"PANDA\",\"description\":\"Der neue Alltagsrollstuhl von ELCHTEC\",\"publisher\":{\"@id\":\"https:\/\/elchtec.de\/panda\/#organization\"},\"potentialAction\":[{\"@type\":\"SearchAction\",\"target\":{\"@type\":\"EntryPoint\",\"urlTemplate\":\"https:\/\/elchtec.de\/panda\/?s={search_term_string}\"},\"query-input\":{\"@type\":\"PropertyValueSpecification\",\"valueRequired\":true,\"valueName\":\"search_term_string\"}}],\"inLanguage\":\"de\"},{\"@type\":\"Organization\",\"@id\":\"https:\/\/elchtec.de\/panda\/#organization\",\"name\":\"ELCHTEC\",\"url\":\"https:\/\/elchtec.de\/panda\/\",\"logo\":{\"@type\":\"ImageObject\",\"inLanguage\":\"de\",\"@id\":\"https:\/\/elchtec.de\/panda\/#\/schema\/logo\/image\/\",\"url\":\"https:\/\/elchtec.de\/panda\/wp-content\/uploads\/2024\/12\/Logo_Panda_PFADE___fuer_Internet.png\",\"contentUrl\":\"https:\/\/elchtec.de\/panda\/wp-content\/uploads\/2024\/12\/Logo_Panda_PFADE___fuer_Internet.png\",\"width\":763,\"height\":274,\"caption\":\"ELCHTEC\"},\"image\":{\"@id\":\"https:\/\/elchtec.de\/panda\/#\/schema\/logo\/image\/\"}}]}<\/script>\n<!-- \/ Yoast SEO plugin. -->","yoast_head_json":{"title":"SITZTASCHEN - PANDA","robots":{"index":"index","follow":"follow","max-snippet":"max-snippet:-1","max-image-preview":"max-image-preview:large","max-video-preview":"max-video-preview:-1"},"canonical":"https:\/\/elchtec.de\/panda\/sitztaschen\/","og_locale":"de_DE","og_type":"article","og_title":"SITZTASCHEN - PANDA","og_description":"ZUBEH\u00d6R Sitztaschen Immer alles griffbereit &#8211; und platzsparend verstaut. SITZTASCHE 2 SITZTASCHE 3 zur\u00fcck zur \u00dcbersicht","og_url":"https:\/\/elchtec.de\/panda\/sitztaschen\/","og_site_name":"PANDA","article_modified_time":"2021-08-31T13:58:28+00:00","og_image":[{"width":150,"height":150,"url":"https:\/\/elchtec.de\/panda\/wp-content\/uploads\/2021\/03\/sitsvaska_1_150.jpg","type":"image\/jpeg"}],"twitter_card":"summary_large_image","schema":{"@context":"https:\/\/schema.org","@graph":[{"@type":"WebPage","@id":"https:\/\/elchtec.de\/panda\/sitztaschen\/","url":"https:\/\/elchtec.de\/panda\/sitztaschen\/","name":"SITZTASCHEN - PANDA","isPartOf":{"@id":"https:\/\/elchtec.de\/panda\/#website"},"primaryImageOfPage":{"@id":"https:\/\/elchtec.de\/panda\/sitztaschen\/#primaryimage"},"image":{"@id":"https:\/\/elchtec.de\/panda\/sitztaschen\/#primaryimage"},"thumbnailUrl":"https:\/\/elchtec.de\/panda\/wp-content\/uploads\/2021\/03\/sitsvaska_1_150.jpg","datePublished":"2021-03-25T17:49:24+00:00","dateModified":"2021-08-31T13:58:28+00:00","breadcrumb":{"@id":"https:\/\/elchtec.de\/panda\/sitztaschen\/#breadcrumb"},"inLanguage":"de","potentialAction":[{"@type":"ReadAction","target":["https:\/\/elchtec.de\/panda\/sitztaschen\/"]}]},{"@type":"ImageObject","inLanguage":"de","@id":"https:\/\/elchtec.de\/panda\/sitztaschen\/#primaryimage","url":"https:\/\/elchtec.de\/panda\/wp-content\/uploads\/2021\/03\/sitsvaska_1_150.jpg","contentUrl":"https:\/\/elchtec.de\/panda\/wp-content\/uploads\/2021\/03\/sitsvaska_1_150.jpg","width":150,"height":150},{"@type":"BreadcrumbList","@id":"https:\/\/elchtec.de\/panda\/sitztaschen\/#breadcrumb","itemListElement":[{"@type":"ListItem","position":1,"name":"Start","item":"https:\/\/elchtec.de\/panda\/"},{"@type":"ListItem","position":2,"name":"SITZTASCHEN"}]},{"@type":"WebSite","@id":"https:\/\/elchtec.de\/panda\/#website","url":"https:\/\/elchtec.de\/panda\/","name":"PANDA","description":"Der neue Alltagsrollstuhl von ELCHTEC","publisher":{"@id":"https:\/\/elchtec.de\/panda\/#organization"},"potentialAction":[{"@type":"SearchAction","target":{"@type":"EntryPoint","urlTemplate":"https:\/\/elchtec.de\/panda\/?s={search_term_string}"},"query-input":{"@type":"PropertyValueSpecification","valueRequired":true,"valueName":"search_term_string"}}],"inLanguage":"de"},{"@type":"Organization","@id":"https:\/\/elchtec.de\/panda\/#organization","name":"ELCHTEC","url":"https:\/\/elchtec.de\/panda\/","logo":{"@type":"ImageObject","inLanguage":"de","@id":"https:\/\/elchtec.de\/panda\/#\/schema\/logo\/image\/","url":"https:\/\/elchtec.de\/panda\/wp-content\/uploads\/2024\/12\/Logo_Panda_PFADE___fuer_Internet.png","contentUrl":"https:\/\/elchtec.de\/panda\/wp-content\/uploads\/2024\/12\/Logo_Panda_PFADE___fuer_Internet.png","width":763,"height":274,"caption":"ELCHTEC"},"image":{"@id":"https:\/\/elchtec.de\/panda\/#\/schema\/logo\/image\/"}}]}},"_links":{"self":[{"href":"https:\/\/elchtec.de\/panda\/wp-json\/wp\/v2\/pages\/1216","targetHints":{"allow":["GET"]}}],"collection":[{"href":"https:\/\/elchtec.de\/panda\/wp-json\/wp\/v2\/pages"}],"about":[{"href":"https:\/\/elchtec.de\/panda\/wp-json\/wp\/v2\/types\/page"}],"author":[{"embeddable":true,"href":"https:\/\/elchtec.de\/panda\/wp-json\/wp\/v2\/users\/2"}],"replies":[{"embeddable":true,"href":"https:\/\/elchtec.de\/panda\/wp-json\/wp\/v2\/comments?post=1216"}],"version-history":[{"count":13,"href":"https:\/\/elchtec.de\/panda\/wp-json\/wp\/v2\/pages\/1216\/revisions"}],"predecessor-version":[{"id":3538,"href":"https:\/\/elchtec.de\/panda\/wp-json\/wp\/v2\/pages\/1216\/revisions\/3538"}],"wp:attachment":[{"href":"https:\/\/elchtec.de\/panda\/wp-json\/wp\/v2\/media?parent=1216"}],"curies":[{"name":"wp","href":"https:\/\/api.w.org\/{rel}","templated":true}]}}