{"id":42,"date":"2020-07-25T13:07:02","date_gmt":"2020-07-25T11:07:02","guid":{"rendered":"https:\/\/elchtec.de\/kvist\/contact-me\/"},"modified":"2024-04-04T14:51:59","modified_gmt":"2024-04-04T12:51:59","slug":"kontakt-2","status":"publish","type":"page","link":"https:\/\/elchtec.de\/kvist\/kontakt-2\/","title":{"rendered":"KONTAKT"},"content":{"rendered":"\t\t<div data-elementor-type=\"wp-page\" data-elementor-id=\"42\" class=\"elementor elementor-42\">\n\t\t\t\t\t\t<div class=\"elementor-inner\">\n\t\t\t\t<div class=\"elementor-section-wrap\">\n\t\t\t\t\t\t\t\t\t<section class=\"elementor-section elementor-top-section elementor-element elementor-element-658e7a3 elementor-section-content-middle elementor-section-boxed elementor-section-height-default elementor-section-height-default\" data-id=\"658e7a3\" data-element_type=\"section\">\n\t\t\t\t\t\t<div class=\"elementor-container elementor-column-gap-no\">\n\t\t\t\t\t\t\t<div class=\"elementor-row\">\n\t\t\t\t\t<div class=\"aux-parallax-section elementor-column elementor-col-50 elementor-top-column elementor-element elementor-element-816a04f\" data-id=\"816a04f\" data-element_type=\"column\">\n\t\t\t<div class=\"elementor-column-wrap elementor-element-populated\">\n\t\t\t\t\t\t\t<div class=\"elementor-widget-wrap\">\n\t\t\t\t\t\t<div class=\"elementor-element elementor-element-c3d5188 elementor-widget elementor-widget-image\" data-id=\"c3d5188\" data-element_type=\"widget\" data-widget_type=\"image.default\">\n\t\t\t\t<div class=\"elementor-widget-container\">\n\t\t\t\t\t\t\t\t<div class=\"elementor-image\">\n\t\t\t\t\t\t\t\t\t\t\t\t<img loading=\"lazy\" decoding=\"async\" width=\"742\" height=\"216\" src=\"https:\/\/elchtec.de\/kvist\/wp-content\/uploads\/2021\/05\/ELCHTEC_barrierefrei_aktiv_mobil_a-free-mind-in-motion-zoom.png\" class=\"attachment-large size-large wp-image-159\" alt=\"\" \/>\t\t\t\t\t\t\t\t\t\t\t\t\t\t<\/div>\n\t\t\t\t\t\t<\/div>\n\t\t\t\t<\/div>\n\t\t\t\t<div class=\"elementor-element elementor-element-4247230 aux-appear-watch-animation aux-slide-from-bot elementor-widget elementor-widget-aux_modern_heading\" data-id=\"4247230\" data-element_type=\"widget\" data-widget_type=\"aux_modern_heading.default\">\n\t\t\t\t<div class=\"elementor-widget-container\">\n\t\t\t<section class=\"aux-widget-modern-heading\">\n            <div class=\"aux-widget-inner\"><h2 class=\"aux-modern-heading-primary\">So erreichen Sie uns<\/h2><div class=\"aux-modern-heading-description\"><p>ELCHTEC<br \/>by<br \/>Volaris Deutschland GmbH<br \/>Gesch\u00e4ftsf\u00fchrer: Michael Schmitz<\/p><p>Druckerweg 4<br \/>D-51789 Lindlar<\/p><p><strong>Internet: www.elchtec.de<\/strong><\/p><\/div><\/div>\n        <\/section>\t\t<\/div>\n\t\t\t\t<\/div>\n\t\t\t\t<div class=\"elementor-element elementor-element-0ecc368 elementor-widget__width-auto aux-appear-watch-animation aux-fade-in-right-1 elementor-widget elementor-widget-aux_text\" data-id=\"0ecc368\" data-element_type=\"widget\" data-widget_type=\"aux_text.default\">\n\t\t\t\t<div class=\"elementor-widget-container\">\n\t\t\t<section class=\"widget-container aux-widget-text aux-parent-au68b5d42e\">        <div class=\"aux-widget-advanced-text aux-wrap-style-simple aux-ico-pos-left aux-text-left aux-text-resp- aux-text-color-dark aux-text-widget-bg-center  aux-text-padding-fix \" >\n        \n                            <div class=\"aux-text-widget-header \"  >\n                        <div class=\"aux-ico-box aux-ico-large aux-ico-shape-rect aux-ico-clear \">\n                                                            <span class=\"aux-ico auxicon auxicon-tablet-1\" > <\/span>\n                                                    <\/div>\n                <\/div>\n            \n            <div class=\"aux-text-inner aux-text-widget-content\">\n                                <h4 class=\"col-title\">Telefon Deutschland<\/h4>\n                                <div class=\"widget-content\">\n                                        <p>02266 479 43 00<\/p><p>\u00a0<\/p>                <\/div>\n                            <\/div>\n        <\/div>\n                    <div class=\"aux-text-widget-footer\">\n                <div class=\"aux-border-shape-none \">\n                                <\/div>\n            <\/div>\n        \n<\/section><!-- widget-container -->\t\t<\/div>\n\t\t\t\t<\/div>\n\t\t\t\t<div class=\"elementor-element elementor-element-44baf8b elementor-widget__width-auto aux-appear-watch-animation aux-fade-in-right-1 elementor-widget elementor-widget-aux_text\" data-id=\"44baf8b\" data-element_type=\"widget\" data-widget_type=\"aux_text.default\">\n\t\t\t\t<div class=\"elementor-widget-container\">\n\t\t\t<section class=\"widget-container aux-widget-text aux-parent-au85426e44\">        <div class=\"aux-widget-advanced-text aux-wrap-style-simple aux-ico-pos-left aux-text-left aux-text-resp- aux-text-color-dark aux-text-widget-bg-center  aux-text-padding-fix \" >\n        \n                            <div class=\"aux-text-widget-header \"  >\n                        <div class=\"aux-ico-box aux-ico-large aux-ico-shape-rect aux-ico-clear \">\n                                                            <span class=\"aux-ico auxicon auxicon-tablet-1\" > <\/span>\n                                                    <\/div>\n                <\/div>\n            \n            <div class=\"aux-text-inner aux-text-widget-content\">\n                                <h4 class=\"col-title\">Telefon \u00d6sterreich<\/h4>\n                                <div class=\"widget-content\">\n                                        <p>+49 (2266) 479 43 00<\/p>                <\/div>\n                            <\/div>\n        <\/div>\n                    <div class=\"aux-text-widget-footer\">\n                <div class=\"aux-border-shape-none \">\n                                <\/div>\n            <\/div>\n        \n<\/section><!-- widget-container -->\t\t<\/div>\n\t\t\t\t<\/div>\n\t\t\t\t<div class=\"elementor-element elementor-element-5a200e2 elementor-widget__width-auto aux-appear-watch-animation aux-fade-in-right-1 elementor-widget elementor-widget-aux_text\" data-id=\"5a200e2\" data-element_type=\"widget\" data-widget_type=\"aux_text.default\">\n\t\t\t\t<div class=\"elementor-widget-container\">\n\t\t\t<section class=\"widget-container aux-widget-text aux-parent-au3e506df9\">        <div class=\"aux-widget-advanced-text aux-wrap-style-simple aux-ico-pos-left aux-text-left aux-text-resp- aux-text-color-dark aux-text-widget-bg-center  aux-text-padding-fix \" >\n        \n                            <div class=\"aux-text-widget-header \"  >\n                        <div class=\"aux-ico-box aux-ico-large aux-ico-shape-rect aux-ico-clear \">\n                                                            <span class=\"aux-ico auxicon auxicon-email-mail-streamline\" > <\/span>\n                                                    <\/div>\n                <\/div>\n            \n            <div class=\"aux-text-inner aux-text-widget-content\">\n                                <h4 class=\"col-title\">Email<\/h4>\n                                <div class=\"widget-content\">\n                                        <p>info@elchtec.de<\/p><p>info@volaris-online.de<\/p>                <\/div>\n                            <\/div>\n        <\/div>\n                    <div class=\"aux-text-widget-footer\">\n                <div class=\"aux-border-shape-none \">\n                                <\/div>\n            <\/div>\n        \n<\/section><!-- widget-container -->\t\t<\/div>\n\t\t\t\t<\/div>\n\t\t\t\t\t\t<\/div>\n\t\t\t\t\t<\/div>\n\t\t<\/div>\n\t\t\t\t<div class=\"aux-parallax-section elementor-column elementor-col-50 elementor-top-column elementor-element elementor-element-c7140a4\" data-id=\"c7140a4\" data-element_type=\"column\">\n\t\t\t<div class=\"elementor-column-wrap elementor-element-populated\">\n\t\t\t\t\t\t\t<div class=\"elementor-widget-wrap\">\n\t\t\t\t\t\t<div class=\"elementor-element elementor-element-5ad4711 aux-appear-watch-animation aux-fade-in-up elementor-widget elementor-widget-aux_contact_form\" data-id=\"5ad4711\" data-element_type=\"widget\" data-widget_type=\"aux_contact_form.default\">\n\t\t\t\t<div class=\"elementor-widget-container\">\n\t\t\t<section class=\"widget-container aux-widget-contact-form aux-parent-auddb7964f\">            <div class=\"aux-col-wrapper aux-no-gutter\">\n            <!-- @TODO - The output for element here -->\n\n            \n<div class=\"wpcf7 no-js\" id=\"wpcf7-f41-o1\" lang=\"en-US\" dir=\"ltr\">\n<div class=\"screen-reader-response\"><p role=\"status\" aria-live=\"polite\" aria-atomic=\"true\"><\/p> <ul><\/ul><\/div>\n<form action=\"\/kvist\/wp-json\/wp\/v2\/pages\/42#wpcf7-f41-o1\" method=\"post\" class=\"wpcf7-form init\" aria-label=\"Contact form\" novalidate=\"novalidate\" data-status=\"init\">\n<div style=\"display: none;\">\n<input type=\"hidden\" name=\"_wpcf7\" value=\"41\" \/>\n<input type=\"hidden\" name=\"_wpcf7_version\" value=\"5.7.4\" \/>\n<input type=\"hidden\" name=\"_wpcf7_locale\" value=\"en_US\" \/>\n<input type=\"hidden\" name=\"_wpcf7_unit_tag\" value=\"wpcf7-f41-o1\" \/>\n<input type=\"hidden\" name=\"_wpcf7_container_post\" value=\"0\" \/>\n<input type=\"hidden\" name=\"_wpcf7_posted_data_hash\" value=\"\" \/>\n<\/div>\n<div class=\"aux-blog-influencer-contact-form\">\n    <div class=\"aux-input-group\">\n            <span class=\"wpcf7-form-control-wrap\" data-name=\"your-name\"><input size=\"40\" class=\"wpcf7-form-control wpcf7-text wpcf7-validates-as-required\" aria-required=\"true\" aria-invalid=\"false\" placeholder=\"Name\" value=\"\" type=\"text\" name=\"your-name\" \/><\/span>\n            <span class=\"wpcf7-form-control-wrap\" data-name=\"firma\"><input size=\"40\" class=\"wpcf7-form-control wpcf7-text\" aria-invalid=\"false\" placeholder=\"Firma\" value=\"\" type=\"text\" name=\"firma\" \/><\/span>\n    <\/div>\n    <div class=\"aux-input-group\">\n            <span class=\"wpcf7-form-control-wrap\" data-name=\"adresse\"><input size=\"40\" class=\"wpcf7-form-control wpcf7-text\" aria-invalid=\"false\" placeholder=\"Adresse\" value=\"\" type=\"text\" name=\"adresse\" \/><\/span>\n            <span class=\"wpcf7-form-control-wrap\" data-name=\"your-email\"><input size=\"40\" class=\"wpcf7-form-control wpcf7-text wpcf7-email wpcf7-validates-as-required wpcf7-validates-as-email\" aria-required=\"true\" aria-invalid=\"false\" placeholder=\"E-Mail\" value=\"\" type=\"email\" name=\"your-email\" \/><\/span>\n    <\/div>\n    <div class=\"aux-input-group\">\n            <span class=\"wpcf7-form-control-wrap\" data-name=\"telefon\"><input size=\"40\" class=\"wpcf7-form-control wpcf7-text wpcf7-tel wpcf7-validates-as-tel\" aria-invalid=\"false\" placeholder=\"Telefon\" value=\"\" type=\"tel\" name=\"telefon\" \/><\/span>\n            <span class=\"wpcf7-form-control-wrap\" data-name=\"fax\"><input size=\"40\" class=\"wpcf7-form-control wpcf7-text wpcf7-tel wpcf7-validates-as-tel\" aria-invalid=\"false\" placeholder=\"Fax\" value=\"\" type=\"tel\" name=\"fax\" \/><\/span>\n    <\/div>\n\n    <span class=\"wpcf7-form-control-wrap\" data-name=\"unterlagen-schicken\"><span class=\"wpcf7-form-control wpcf7-acceptance optional\"><span class=\"wpcf7-list-item\"><label><input type=\"checkbox\" name=\"unterlagen-schicken\" value=\"1\" aria-invalid=\"false\" \/><span class=\"wpcf7-list-item-label\">&nbsp;Bitte schicken Sie mir Unterlagen zu den Excellent Schwellenrampen<\/span><\/label><\/span><\/span><\/span><br>\n    <span class=\"wpcf7-form-control-wrap\" data-name=\"ausmessen-hilfe\"><span class=\"wpcf7-form-control wpcf7-acceptance optional\"><span class=\"wpcf7-list-item\"><label><input type=\"checkbox\" name=\"ausmessen-hilfe\" value=\"1\" aria-invalid=\"false\" \/><span class=\"wpcf7-list-item-label\">&nbsp;Ich ben\u00f6tige Hilfe beim ausmessen, bitte unterst\u00fctzen Sie mich<\/span><\/label><\/span><\/span><\/span><br>\n    <span class=\"wpcf7-form-control-wrap\" data-name=\"bezugsquelle\"><span class=\"wpcf7-form-control wpcf7-acceptance optional\"><span class=\"wpcf7-list-item\"><label><input type=\"checkbox\" name=\"bezugsquelle\" value=\"1\" aria-invalid=\"false\" \/><span class=\"wpcf7-list-item-label\">&nbsp;Bitte nennen Sie mir die n\u00e4chstm\u00f6gliche Bezugsquelle (bitte PLZ mitangeben)<\/span><\/label><\/span><\/span><\/span>\n\n    <div class=\"aux-textarea\">\n            <span class=\"wpcf7-form-control-wrap\" data-name=\"your-message\"><textarea cols=\"40\" rows=\"10\" class=\"wpcf7-form-control wpcf7-textarea\" aria-invalid=\"false\" placeholder=\"Ihre Nachricht\" name=\"your-message\"><\/textarea><\/span> \n    <\/div>\n    <span class=\"wpcf7-form-control-wrap\" data-name=\"datenschutz\"><span class=\"wpcf7-form-control wpcf7-acceptance\"><span class=\"wpcf7-list-item\"><label><input type=\"checkbox\" name=\"datenschutz\" value=\"1\" aria-invalid=\"false\" \/><span class=\"wpcf7-list-item-label\">&nbsp;<strong>Datenschutzhinweis:<\/strong>&nbsp; Ja, ich bin mit der Datenspeicherung zwecks Kontaktaufnahme durch Elchtec einverstanden. Information zu pers\u00f6nlichen Rechten und zum Widerruf finden Sie in unserer vollst\u00e4ndigen  <a href=\"https:\/\/elchtec.de\/datenschutz\" target=\"_blank\">Datenschutzerkl\u00e4rung<\/a>.<\/span><\/label><\/span><\/span><\/span>\n    <div class=\"aux-blog-influencer-form-submit\">\n<input class=\"wpcf7-form-control has-spinner wpcf7-submit\" type=\"submit\" value=\"Absenden\" \/>\n    <\/div>\n<\/div><div class=\"wpcf7-response-output\" aria-hidden=\"true\"><\/div>\n<\/form>\n<\/div>\n\n\n            <\/div><!-- aux-col-wrapper -->\n    <\/section><!-- widget-container -->\t\t<\/div>\n\t\t\t\t<\/div>\n\t\t\t\t\t\t<\/div>\n\t\t\t\t\t<\/div>\n\t\t<\/div>\n\t\t\t\t\t\t\t\t<\/div>\n\t\t\t\t\t<\/div>\n\t\t<\/section>\n\t\t\t\t\t\t\t\t\t<\/div>\n\t\t\t<\/div>\n\t\t\t\t\t<\/div>\n\t\t","protected":false},"excerpt":{"rendered":"<p>So erreichen Sie uns ELCHTECbyVolaris Deutschland GmbHGesch\u00e4ftsf\u00fchrer: Michael Schmitz Druckerweg 4D-51789 Lindlar Internet: www.elchtec.de Telefon Deutschland 02266 479 43 00 \u00a0 Telefon \u00d6sterreich +49 (2266) 479 43 00 Email info@elchtec.de info@volaris-online.de &nbsp;Bitte schicken Sie mir Unterlagen zu den Excellent Schwellenrampen &nbsp;Ich ben\u00f6tige Hilfe beim ausmessen, bitte unterst\u00fctzen Sie mich &nbsp;Bitte nennen Sie mir die n\u00e4chstm\u00f6gliche [&hellip;]<\/p>\n","protected":false},"author":1,"featured_media":0,"parent":0,"menu_order":0,"comment_status":"closed","ping_status":"closed","template":"templates\/page-builder-content.php","meta":{"footnotes":""},"class_list":["post-42","page","type-page","status-publish","hentry"],"yoast_head":"<!-- This site is optimized with the Yoast SEO plugin v27.2 - https:\/\/yoast.com\/product\/yoast-seo-wordpress\/ -->\n<title>KONTAKT - Kvistberga<\/title>\n<meta name=\"robots\" content=\"index, follow, max-snippet:-1, max-image-preview:large, max-video-preview:-1\" \/>\n<link rel=\"canonical\" href=\"https:\/\/elchtec.de\/kvist\/kontakt-2\/\" \/>\n<meta property=\"og:locale\" content=\"de_DE\" \/>\n<meta property=\"og:type\" content=\"article\" \/>\n<meta property=\"og:title\" content=\"KONTAKT - Kvistberga\" \/>\n<meta property=\"og:description\" content=\"So erreichen Sie uns ELCHTECbyVolaris Deutschland GmbHGesch\u00e4ftsf\u00fchrer: Michael Schmitz Druckerweg 4D-51789 Lindlar Internet: www.elchtec.de Telefon Deutschland 02266 479 43 00 \u00a0 Telefon \u00d6sterreich +49 (2266) 479 43 00 Email info@elchtec.de info@volaris-online.de &nbsp;Bitte schicken Sie mir Unterlagen zu den Excellent Schwellenrampen &nbsp;Ich ben\u00f6tige Hilfe beim ausmessen, bitte unterst\u00fctzen Sie mich &nbsp;Bitte nennen Sie mir die n\u00e4chstm\u00f6gliche [&hellip;]\" \/>\n<meta property=\"og:url\" content=\"https:\/\/elchtec.de\/kvist\/kontakt-2\/\" \/>\n<meta property=\"og:site_name\" content=\"Kvistberga\" \/>\n<meta property=\"article:modified_time\" content=\"2024-04-04T12:51:59+00:00\" \/>\n<meta property=\"og:image\" content=\"https:\/\/elchtec.de\/kvist\/wp-content\/uploads\/2021\/05\/ELCHTEC_barrierefrei_aktiv_mobil_a-free-mind-in-motion-zoom.png\" \/>\n\t<meta property=\"og:image:width\" content=\"742\" \/>\n\t<meta property=\"og:image:height\" content=\"216\" \/>\n\t<meta property=\"og:image:type\" content=\"image\/png\" \/>\n<meta name=\"twitter:card\" content=\"summary_large_image\" \/>\n<script type=\"application\/ld+json\" class=\"yoast-schema-graph\">{\"@context\":\"https:\/\/schema.org\",\"@graph\":[{\"@type\":\"WebPage\",\"@id\":\"https:\/\/elchtec.de\/kvist\/kontakt-2\/\",\"url\":\"https:\/\/elchtec.de\/kvist\/kontakt-2\/\",\"name\":\"KONTAKT - Kvistberga\",\"isPartOf\":{\"@id\":\"https:\/\/elchtec.de\/kvist\/#website\"},\"primaryImageOfPage\":{\"@id\":\"https:\/\/elchtec.de\/kvist\/kontakt-2\/#primaryimage\"},\"image\":{\"@id\":\"https:\/\/elchtec.de\/kvist\/kontakt-2\/#primaryimage\"},\"thumbnailUrl\":\"https:\/\/elchtec.de\/kvist\/wp-content\/uploads\/2021\/05\/ELCHTEC_barrierefrei_aktiv_mobil_a-free-mind-in-motion-zoom.png\",\"datePublished\":\"2020-07-25T11:07:02+00:00\",\"dateModified\":\"2024-04-04T12:51:59+00:00\",\"breadcrumb\":{\"@id\":\"https:\/\/elchtec.de\/kvist\/kontakt-2\/#breadcrumb\"},\"inLanguage\":\"de\",\"potentialAction\":[{\"@type\":\"ReadAction\",\"target\":[\"https:\/\/elchtec.de\/kvist\/kontakt-2\/\"]}]},{\"@type\":\"ImageObject\",\"inLanguage\":\"de\",\"@id\":\"https:\/\/elchtec.de\/kvist\/kontakt-2\/#primaryimage\",\"url\":\"https:\/\/elchtec.de\/kvist\/wp-content\/uploads\/2021\/05\/ELCHTEC_barrierefrei_aktiv_mobil_a-free-mind-in-motion-zoom.png\",\"contentUrl\":\"https:\/\/elchtec.de\/kvist\/wp-content\/uploads\/2021\/05\/ELCHTEC_barrierefrei_aktiv_mobil_a-free-mind-in-motion-zoom.png\",\"width\":742,\"height\":216},{\"@type\":\"BreadcrumbList\",\"@id\":\"https:\/\/elchtec.de\/kvist\/kontakt-2\/#breadcrumb\",\"itemListElement\":[{\"@type\":\"ListItem\",\"position\":1,\"name\":\"Start\",\"item\":\"https:\/\/elchtec.de\/kvist\/\"},{\"@type\":\"ListItem\",\"position\":2,\"name\":\"KONTAKT\"}]},{\"@type\":\"WebSite\",\"@id\":\"https:\/\/elchtec.de\/kvist\/#website\",\"url\":\"https:\/\/elchtec.de\/kvist\/\",\"name\":\"Kvistberga\",\"description\":\"Hilfreiche Rampensysteme f\u00fcr Rollstuhlfahrer\",\"publisher\":{\"@id\":\"https:\/\/elchtec.de\/kvist\/#organization\"},\"potentialAction\":[{\"@type\":\"SearchAction\",\"target\":{\"@type\":\"EntryPoint\",\"urlTemplate\":\"https:\/\/elchtec.de\/kvist\/?s={search_term_string}\"},\"query-input\":{\"@type\":\"PropertyValueSpecification\",\"valueRequired\":true,\"valueName\":\"search_term_string\"}}],\"inLanguage\":\"de\"},{\"@type\":\"Organization\",\"@id\":\"https:\/\/elchtec.de\/kvist\/#organization\",\"name\":\"ELCHTEC\",\"url\":\"https:\/\/elchtec.de\/kvist\/\",\"logo\":{\"@type\":\"ImageObject\",\"inLanguage\":\"de\",\"@id\":\"https:\/\/elchtec.de\/kvist\/#\/schema\/logo\/image\/\",\"url\":\"https:\/\/elchtec.de\/kvist\/wp-content\/uploads\/2020\/07\/ELCHTEC_Fachhandelspartner-fuer-Euroflex-Elektrorollstuehle-und-Arbeitsstuehle-in-Deutschland.png\",\"contentUrl\":\"https:\/\/elchtec.de\/kvist\/wp-content\/uploads\/2020\/07\/ELCHTEC_Fachhandelspartner-fuer-Euroflex-Elektrorollstuehle-und-Arbeitsstuehle-in-Deutschland.png\",\"width\":240,\"height\":70,\"caption\":\"ELCHTEC\"},\"image\":{\"@id\":\"https:\/\/elchtec.de\/kvist\/#\/schema\/logo\/image\/\"}}]}<\/script>\n<!-- \/ Yoast SEO plugin. -->","yoast_head_json":{"title":"KONTAKT - Kvistberga","robots":{"index":"index","follow":"follow","max-snippet":"max-snippet:-1","max-image-preview":"max-image-preview:large","max-video-preview":"max-video-preview:-1"},"canonical":"https:\/\/elchtec.de\/kvist\/kontakt-2\/","og_locale":"de_DE","og_type":"article","og_title":"KONTAKT - Kvistberga","og_description":"So erreichen Sie uns ELCHTECbyVolaris Deutschland GmbHGesch\u00e4ftsf\u00fchrer: Michael Schmitz Druckerweg 4D-51789 Lindlar Internet: www.elchtec.de Telefon Deutschland 02266 479 43 00 \u00a0 Telefon \u00d6sterreich +49 (2266) 479 43 00 Email info@elchtec.de info@volaris-online.de &nbsp;Bitte schicken Sie mir Unterlagen zu den Excellent Schwellenrampen &nbsp;Ich ben\u00f6tige Hilfe beim ausmessen, bitte unterst\u00fctzen Sie mich &nbsp;Bitte nennen Sie mir die n\u00e4chstm\u00f6gliche [&hellip;]","og_url":"https:\/\/elchtec.de\/kvist\/kontakt-2\/","og_site_name":"Kvistberga","article_modified_time":"2024-04-04T12:51:59+00:00","og_image":[{"width":742,"height":216,"url":"https:\/\/elchtec.de\/kvist\/wp-content\/uploads\/2021\/05\/ELCHTEC_barrierefrei_aktiv_mobil_a-free-mind-in-motion-zoom.png","type":"image\/png"}],"twitter_card":"summary_large_image","schema":{"@context":"https:\/\/schema.org","@graph":[{"@type":"WebPage","@id":"https:\/\/elchtec.de\/kvist\/kontakt-2\/","url":"https:\/\/elchtec.de\/kvist\/kontakt-2\/","name":"KONTAKT - Kvistberga","isPartOf":{"@id":"https:\/\/elchtec.de\/kvist\/#website"},"primaryImageOfPage":{"@id":"https:\/\/elchtec.de\/kvist\/kontakt-2\/#primaryimage"},"image":{"@id":"https:\/\/elchtec.de\/kvist\/kontakt-2\/#primaryimage"},"thumbnailUrl":"https:\/\/elchtec.de\/kvist\/wp-content\/uploads\/2021\/05\/ELCHTEC_barrierefrei_aktiv_mobil_a-free-mind-in-motion-zoom.png","datePublished":"2020-07-25T11:07:02+00:00","dateModified":"2024-04-04T12:51:59+00:00","breadcrumb":{"@id":"https:\/\/elchtec.de\/kvist\/kontakt-2\/#breadcrumb"},"inLanguage":"de","potentialAction":[{"@type":"ReadAction","target":["https:\/\/elchtec.de\/kvist\/kontakt-2\/"]}]},{"@type":"ImageObject","inLanguage":"de","@id":"https:\/\/elchtec.de\/kvist\/kontakt-2\/#primaryimage","url":"https:\/\/elchtec.de\/kvist\/wp-content\/uploads\/2021\/05\/ELCHTEC_barrierefrei_aktiv_mobil_a-free-mind-in-motion-zoom.png","contentUrl":"https:\/\/elchtec.de\/kvist\/wp-content\/uploads\/2021\/05\/ELCHTEC_barrierefrei_aktiv_mobil_a-free-mind-in-motion-zoom.png","width":742,"height":216},{"@type":"BreadcrumbList","@id":"https:\/\/elchtec.de\/kvist\/kontakt-2\/#breadcrumb","itemListElement":[{"@type":"ListItem","position":1,"name":"Start","item":"https:\/\/elchtec.de\/kvist\/"},{"@type":"ListItem","position":2,"name":"KONTAKT"}]},{"@type":"WebSite","@id":"https:\/\/elchtec.de\/kvist\/#website","url":"https:\/\/elchtec.de\/kvist\/","name":"Kvistberga","description":"Hilfreiche Rampensysteme f\u00fcr Rollstuhlfahrer","publisher":{"@id":"https:\/\/elchtec.de\/kvist\/#organization"},"potentialAction":[{"@type":"SearchAction","target":{"@type":"EntryPoint","urlTemplate":"https:\/\/elchtec.de\/kvist\/?s={search_term_string}"},"query-input":{"@type":"PropertyValueSpecification","valueRequired":true,"valueName":"search_term_string"}}],"inLanguage":"de"},{"@type":"Organization","@id":"https:\/\/elchtec.de\/kvist\/#organization","name":"ELCHTEC","url":"https:\/\/elchtec.de\/kvist\/","logo":{"@type":"ImageObject","inLanguage":"de","@id":"https:\/\/elchtec.de\/kvist\/#\/schema\/logo\/image\/","url":"https:\/\/elchtec.de\/kvist\/wp-content\/uploads\/2020\/07\/ELCHTEC_Fachhandelspartner-fuer-Euroflex-Elektrorollstuehle-und-Arbeitsstuehle-in-Deutschland.png","contentUrl":"https:\/\/elchtec.de\/kvist\/wp-content\/uploads\/2020\/07\/ELCHTEC_Fachhandelspartner-fuer-Euroflex-Elektrorollstuehle-und-Arbeitsstuehle-in-Deutschland.png","width":240,"height":70,"caption":"ELCHTEC"},"image":{"@id":"https:\/\/elchtec.de\/kvist\/#\/schema\/logo\/image\/"}}]}},"_links":{"self":[{"href":"https:\/\/elchtec.de\/kvist\/wp-json\/wp\/v2\/pages\/42","targetHints":{"allow":["GET"]}}],"collection":[{"href":"https:\/\/elchtec.de\/kvist\/wp-json\/wp\/v2\/pages"}],"about":[{"href":"https:\/\/elchtec.de\/kvist\/wp-json\/wp\/v2\/types\/page"}],"author":[{"embeddable":true,"href":"https:\/\/elchtec.de\/kvist\/wp-json\/wp\/v2\/users\/1"}],"replies":[{"embeddable":true,"href":"https:\/\/elchtec.de\/kvist\/wp-json\/wp\/v2\/comments?post=42"}],"version-history":[{"count":31,"href":"https:\/\/elchtec.de\/kvist\/wp-json\/wp\/v2\/pages\/42\/revisions"}],"predecessor-version":[{"id":2168,"href":"https:\/\/elchtec.de\/kvist\/wp-json\/wp\/v2\/pages\/42\/revisions\/2168"}],"wp:attachment":[{"href":"https:\/\/elchtec.de\/kvist\/wp-json\/wp\/v2\/media?parent=42"}],"curies":[{"name":"wp","href":"https:\/\/api.w.org\/{rel}","templated":true}]}}