{"id":1821,"date":"2021-05-19T10:01:01","date_gmt":"2021-05-19T08:01:01","guid":{"rendered":"https:\/\/elchtec.de\/kvist\/?page_id=1821"},"modified":"2022-12-02T18:22:48","modified_gmt":"2022-12-02T17:22:48","slug":"downloadcenter","status":"publish","type":"page","link":"https:\/\/elchtec.de\/kvist\/downloadcenter\/","title":{"rendered":"DOWNLOADCENTER"},"content":{"rendered":"\t\t<div data-elementor-type=\"wp-page\" data-elementor-id=\"1821\" class=\"elementor elementor-1821\">\n\t\t\t\t\t\t<div class=\"elementor-inner\">\n\t\t\t\t<div class=\"elementor-section-wrap\">\n\t\t\t\t\t\t\t\t\t<section class=\"elementor-section elementor-top-section elementor-element elementor-element-df007f6 elementor-section-boxed elementor-section-height-default elementor-section-height-default\" data-id=\"df007f6\" data-element_type=\"section\">\n\t\t\t\t\t\t<div class=\"elementor-container elementor-column-gap-default\">\n\t\t\t\t\t\t\t<div class=\"elementor-row\">\n\t\t\t\t\t<div class=\"aux-parallax-section elementor-column elementor-col-100 elementor-top-column elementor-element elementor-element-eae1a59\" data-id=\"eae1a59\" data-element_type=\"column\">\n\t\t\t<div class=\"elementor-column-wrap elementor-element-populated\">\n\t\t\t\t\t\t\t<div class=\"elementor-widget-wrap\">\n\t\t\t\t\t\t<div class=\"elementor-element elementor-element-593e18d elementor-widget elementor-widget-spacer\" data-id=\"593e18d\" data-element_type=\"widget\" data-widget_type=\"spacer.default\">\n\t\t\t\t<div class=\"elementor-widget-container\">\n\t\t\t\t\t<div class=\"elementor-spacer\">\n\t\t\t<div class=\"elementor-spacer-inner\"><\/div>\n\t\t<\/div>\n\t\t\t\t<\/div>\n\t\t\t\t<\/div>\n\t\t\t\t<section class=\"elementor-section elementor-inner-section elementor-element elementor-element-c361504 elementor-section-boxed elementor-section-height-default elementor-section-height-default\" data-id=\"c361504\" data-element_type=\"section\">\n\t\t\t\t\t\t<div class=\"elementor-container elementor-column-gap-default\">\n\t\t\t\t\t\t\t<div class=\"elementor-row\">\n\t\t\t\t\t<div class=\"aux-parallax-section elementor-column elementor-col-33 elementor-inner-column elementor-element elementor-element-9571a25\" data-id=\"9571a25\" data-element_type=\"column\">\n\t\t\t<div class=\"elementor-column-wrap\">\n\t\t\t\t\t\t\t<div class=\"elementor-widget-wrap\">\n\t\t\t\t\t\t\t\t<\/div>\n\t\t\t\t\t<\/div>\n\t\t<\/div>\n\t\t\t\t<div class=\"aux-parallax-section elementor-column elementor-col-33 elementor-inner-column elementor-element elementor-element-6ec1c53\" data-id=\"6ec1c53\" data-element_type=\"column\">\n\t\t\t<div class=\"elementor-column-wrap elementor-element-populated\">\n\t\t\t\t\t\t\t<div class=\"elementor-widget-wrap\">\n\t\t\t\t\t\t<div class=\"elementor-element elementor-element-1c475b7 elementor-widget elementor-widget-heading\" data-id=\"1c475b7\" data-element_type=\"widget\" data-widget_type=\"heading.default\">\n\t\t\t\t<div class=\"elementor-widget-container\">\n\t\t\t<h2 class=\"elementor-heading-title elementor-size-default\">Preislisten<\/h2>\t\t<\/div>\n\t\t\t\t<\/div>\n\t\t\t\t<div class=\"elementor-element elementor-element-66c5c79 elementor-widget elementor-widget-spacer\" data-id=\"66c5c79\" data-element_type=\"widget\" data-widget_type=\"spacer.default\">\n\t\t\t\t<div class=\"elementor-widget-container\">\n\t\t\t\t\t<div class=\"elementor-spacer\">\n\t\t\t<div class=\"elementor-spacer-inner\"><\/div>\n\t\t<\/div>\n\t\t\t\t<\/div>\n\t\t\t\t<\/div>\n\t\t\t\t<div class=\"elementor-element elementor-element-f30e47c elementor-widget elementor-widget-aux_icon_list\" data-id=\"f30e47c\" data-element_type=\"widget\" data-widget_type=\"aux_icon_list.default\">\n\t\t\t\t<div class=\"elementor-widget-container\">\n\t\t\t<section class=\"widget-container aux-widget-icon-list aux-parent-au05603169\" style=\"\" ><div class=\"widget-inner\"><div class=\"aux-widget-icon-list-inner\"><ul class=\"aux-icon-list-items aux-direction-default\" ><li class=\"aux-icon-list-item aux-list-item-has-connector aux-list-item-has-icon aux-icon-list-item-bd172eb elementor-repeater-item-bd172eb\" ><a class=\"aux-icon-list-link\" href=\"https:\/\/hidrive.ionos.com\/share\/3fbgyu7cw7\" target=\"_blank\" ><span class=\"aux-icon-list-icon fas fa-download\" ><\/span><span class=\"aux-icon-list-text\" >Preislisten der Rampensysteme Kvistberga <\/span><span class=\"aux-list-connector\" ><\/span><\/a><\/li><\/ul><\/div><\/div><\/section><!-- widget-container -->\t\t<\/div>\n\t\t\t\t<\/div>\n\t\t\t\t\t\t<\/div>\n\t\t\t\t\t<\/div>\n\t\t<\/div>\n\t\t\t\t<div class=\"aux-parallax-section elementor-column elementor-col-33 elementor-inner-column elementor-element elementor-element-f48b968\" data-id=\"f48b968\" data-element_type=\"column\">\n\t\t\t<div class=\"elementor-column-wrap\">\n\t\t\t\t\t\t\t<div class=\"elementor-widget-wrap\">\n\t\t\t\t\t\t\t\t<\/div>\n\t\t\t\t\t<\/div>\n\t\t<\/div>\n\t\t\t\t\t\t\t\t<\/div>\n\t\t\t\t\t<\/div>\n\t\t<\/section>\n\t\t\t\t\t\t<\/div>\n\t\t\t\t\t<\/div>\n\t\t<\/div>\n\t\t\t\t\t\t\t\t<\/div>\n\t\t\t\t\t<\/div>\n\t\t<\/section>\n\t\t\t\t<section class=\"elementor-section elementor-top-section elementor-element elementor-element-7a64c79 elementor-section-boxed elementor-section-height-default elementor-section-height-default\" data-id=\"7a64c79\" data-element_type=\"section\">\n\t\t\t\t\t\t<div class=\"elementor-container elementor-column-gap-default\">\n\t\t\t\t\t\t\t<div class=\"elementor-row\">\n\t\t\t\t\t<div class=\"aux-parallax-section elementor-column elementor-col-100 elementor-top-column elementor-element elementor-element-ac2a6e9\" data-id=\"ac2a6e9\" data-element_type=\"column\">\n\t\t\t<div class=\"elementor-column-wrap elementor-element-populated\">\n\t\t\t\t\t\t\t<div class=\"elementor-widget-wrap\">\n\t\t\t\t\t\t<div class=\"elementor-element elementor-element-049bd9b elementor-widget elementor-widget-spacer\" data-id=\"049bd9b\" data-element_type=\"widget\" data-widget_type=\"spacer.default\">\n\t\t\t\t<div class=\"elementor-widget-container\">\n\t\t\t\t\t<div class=\"elementor-spacer\">\n\t\t\t<div class=\"elementor-spacer-inner\"><\/div>\n\t\t<\/div>\n\t\t\t\t<\/div>\n\t\t\t\t<\/div>\n\t\t\t\t<section class=\"elementor-section elementor-inner-section elementor-element elementor-element-14bf709 elementor-section-boxed elementor-section-height-default elementor-section-height-default\" data-id=\"14bf709\" data-element_type=\"section\">\n\t\t\t\t\t\t<div class=\"elementor-container elementor-column-gap-default\">\n\t\t\t\t\t\t\t<div class=\"elementor-row\">\n\t\t\t\t\t<div class=\"aux-parallax-section elementor-column elementor-col-33 elementor-inner-column elementor-element elementor-element-d63b4e8\" data-id=\"d63b4e8\" data-element_type=\"column\">\n\t\t\t<div class=\"elementor-column-wrap\">\n\t\t\t\t\t\t\t<div class=\"elementor-widget-wrap\">\n\t\t\t\t\t\t\t\t<\/div>\n\t\t\t\t\t<\/div>\n\t\t<\/div>\n\t\t\t\t<div class=\"aux-parallax-section elementor-column elementor-col-33 elementor-inner-column elementor-element elementor-element-742ce4b\" data-id=\"742ce4b\" data-element_type=\"column\">\n\t\t\t<div class=\"elementor-column-wrap elementor-element-populated\">\n\t\t\t\t\t\t\t<div class=\"elementor-widget-wrap\">\n\t\t\t\t\t\t<div class=\"elementor-element elementor-element-44e8dbc elementor-widget elementor-widget-heading\" data-id=\"44e8dbc\" data-element_type=\"widget\" data-widget_type=\"heading.default\">\n\t\t\t\t<div class=\"elementor-widget-container\">\n\t\t\t<h2 class=\"elementor-heading-title elementor-size-default\">Ma\u00dfbl\u00e4tter<\/h2>\t\t<\/div>\n\t\t\t\t<\/div>\n\t\t\t\t<div class=\"elementor-element elementor-element-30f079d elementor-widget elementor-widget-spacer\" data-id=\"30f079d\" data-element_type=\"widget\" data-widget_type=\"spacer.default\">\n\t\t\t\t<div class=\"elementor-widget-container\">\n\t\t\t\t\t<div class=\"elementor-spacer\">\n\t\t\t<div class=\"elementor-spacer-inner\"><\/div>\n\t\t<\/div>\n\t\t\t\t<\/div>\n\t\t\t\t<\/div>\n\t\t\t\t<div class=\"elementor-element elementor-element-099fc27 elementor-widget elementor-widget-aux_icon_list\" data-id=\"099fc27\" data-element_type=\"widget\" data-widget_type=\"aux_icon_list.default\">\n\t\t\t\t<div class=\"elementor-widget-container\">\n\t\t\t<section class=\"widget-container aux-widget-icon-list aux-parent-au3dcba6f5\" style=\"\" ><div class=\"widget-inner\"><div class=\"aux-widget-icon-list-inner\"><ul class=\"aux-icon-list-items aux-direction-default\" ><li class=\"aux-icon-list-item aux-list-item-has-connector aux-list-item-has-icon aux-icon-list-item-bd172eb elementor-repeater-item-bd172eb\" ><a class=\"aux-icon-list-link\" href=\"https:\/\/hidrive.ionos.com\/share\/wk44as4.z0\" target=\"_blank\" ><span class=\"aux-icon-list-icon fas fa-download\" ><\/span><span class=\"aux-icon-list-text\" >Zu den verschiedenen Ma\u00dfbl\u00e4ttern<\/span><span class=\"aux-list-connector\" ><\/span><\/a><\/li><\/ul><\/div><\/div><\/section><!-- widget-container -->\t\t<\/div>\n\t\t\t\t<\/div>\n\t\t\t\t\t\t<\/div>\n\t\t\t\t\t<\/div>\n\t\t<\/div>\n\t\t\t\t<div class=\"aux-parallax-section elementor-column elementor-col-33 elementor-inner-column elementor-element elementor-element-e7eda41\" data-id=\"e7eda41\" data-element_type=\"column\">\n\t\t\t<div class=\"elementor-column-wrap\">\n\t\t\t\t\t\t\t<div class=\"elementor-widget-wrap\">\n\t\t\t\t\t\t\t\t<\/div>\n\t\t\t\t\t<\/div>\n\t\t<\/div>\n\t\t\t\t\t\t\t\t<\/div>\n\t\t\t\t\t<\/div>\n\t\t<\/section>\n\t\t\t\t\t\t<\/div>\n\t\t\t\t\t<\/div>\n\t\t<\/div>\n\t\t\t\t\t\t\t\t<\/div>\n\t\t\t\t\t<\/div>\n\t\t<\/section>\n\t\t\t\t<section class=\"elementor-section elementor-top-section elementor-element elementor-element-30ce2e3 elementor-section-boxed elementor-section-height-default elementor-section-height-default\" data-id=\"30ce2e3\" data-element_type=\"section\">\n\t\t\t\t\t\t<div class=\"elementor-container elementor-column-gap-default\">\n\t\t\t\t\t\t\t<div class=\"elementor-row\">\n\t\t\t\t\t<div class=\"aux-parallax-section elementor-column elementor-col-100 elementor-top-column elementor-element elementor-element-055d87d\" data-id=\"055d87d\" data-element_type=\"column\">\n\t\t\t<div class=\"elementor-column-wrap elementor-element-populated\">\n\t\t\t\t\t\t\t<div class=\"elementor-widget-wrap\">\n\t\t\t\t\t\t<div class=\"elementor-element elementor-element-b469807 elementor-widget elementor-widget-spacer\" data-id=\"b469807\" data-element_type=\"widget\" data-widget_type=\"spacer.default\">\n\t\t\t\t<div class=\"elementor-widget-container\">\n\t\t\t\t\t<div class=\"elementor-spacer\">\n\t\t\t<div class=\"elementor-spacer-inner\"><\/div>\n\t\t<\/div>\n\t\t\t\t<\/div>\n\t\t\t\t<\/div>\n\t\t\t\t<section class=\"elementor-section elementor-inner-section elementor-element elementor-element-5eb33de elementor-section-boxed elementor-section-height-default elementor-section-height-default\" data-id=\"5eb33de\" data-element_type=\"section\">\n\t\t\t\t\t\t<div class=\"elementor-container elementor-column-gap-default\">\n\t\t\t\t\t\t\t<div class=\"elementor-row\">\n\t\t\t\t\t<div class=\"aux-parallax-section elementor-column elementor-col-33 elementor-inner-column elementor-element elementor-element-7061e81\" data-id=\"7061e81\" data-element_type=\"column\">\n\t\t\t<div class=\"elementor-column-wrap\">\n\t\t\t\t\t\t\t<div class=\"elementor-widget-wrap\">\n\t\t\t\t\t\t\t\t<\/div>\n\t\t\t\t\t<\/div>\n\t\t<\/div>\n\t\t\t\t<div class=\"aux-parallax-section elementor-column elementor-col-33 elementor-inner-column elementor-element elementor-element-fc90443\" data-id=\"fc90443\" data-element_type=\"column\">\n\t\t\t<div class=\"elementor-column-wrap elementor-element-populated\">\n\t\t\t\t\t\t\t<div class=\"elementor-widget-wrap\">\n\t\t\t\t\t\t<div class=\"elementor-element elementor-element-85f799c elementor-widget elementor-widget-heading\" data-id=\"85f799c\" data-element_type=\"widget\" data-widget_type=\"heading.default\">\n\t\t\t\t<div class=\"elementor-widget-container\">\n\t\t\t<h2 class=\"elementor-heading-title elementor-size-default\">Handouts<\/h2>\t\t<\/div>\n\t\t\t\t<\/div>\n\t\t\t\t<div class=\"elementor-element elementor-element-a06aa7b elementor-widget elementor-widget-spacer\" data-id=\"a06aa7b\" data-element_type=\"widget\" data-widget_type=\"spacer.default\">\n\t\t\t\t<div class=\"elementor-widget-container\">\n\t\t\t\t\t<div class=\"elementor-spacer\">\n\t\t\t<div class=\"elementor-spacer-inner\"><\/div>\n\t\t<\/div>\n\t\t\t\t<\/div>\n\t\t\t\t<\/div>\n\t\t\t\t<div class=\"elementor-element elementor-element-7396707 elementor-widget elementor-widget-aux_icon_list\" data-id=\"7396707\" data-element_type=\"widget\" data-widget_type=\"aux_icon_list.default\">\n\t\t\t\t<div class=\"elementor-widget-container\">\n\t\t\t<section class=\"widget-container aux-widget-icon-list aux-parent-au231dd1dd\" style=\"\" ><div class=\"widget-inner\"><div class=\"aux-widget-icon-list-inner\"><ul class=\"aux-icon-list-items aux-direction-default\" ><li class=\"aux-icon-list-item aux-list-item-has-connector aux-list-item-has-icon aux-icon-list-item-bd172eb elementor-repeater-item-bd172eb\" ><a class=\"aux-icon-list-link\" href=\"https:\/\/hidrive.ionos.com\/share\/r3ktwd6de1\" target=\"_blank\" ><span class=\"aux-icon-list-icon fas fa-download\" ><\/span><span class=\"aux-icon-list-text\" >Brosch\u00fcren\/Prospekte\/Flyer Rampen: <\/span><span class=\"aux-list-connector\" ><\/span><\/a><\/li><\/ul><\/div><\/div><\/section><!-- widget-container -->\t\t<\/div>\n\t\t\t\t<\/div>\n\t\t\t\t\t\t<\/div>\n\t\t\t\t\t<\/div>\n\t\t<\/div>\n\t\t\t\t<div class=\"aux-parallax-section elementor-column elementor-col-33 elementor-inner-column elementor-element elementor-element-af85661\" data-id=\"af85661\" data-element_type=\"column\">\n\t\t\t<div class=\"elementor-column-wrap\">\n\t\t\t\t\t\t\t<div class=\"elementor-widget-wrap\">\n\t\t\t\t\t\t\t\t<\/div>\n\t\t\t\t\t<\/div>\n\t\t<\/div>\n\t\t\t\t\t\t\t\t<\/div>\n\t\t\t\t\t<\/div>\n\t\t<\/section>\n\t\t\t\t\t\t<\/div>\n\t\t\t\t\t<\/div>\n\t\t<\/div>\n\t\t\t\t\t\t\t\t<\/div>\n\t\t\t\t\t<\/div>\n\t\t<\/section>\n\t\t\t\t\t\t\t\t\t<\/div>\n\t\t\t<\/div>\n\t\t\t\t\t<\/div>\n\t\t","protected":false},"excerpt":{"rendered":"<p>Preislisten Preislisten der Rampensysteme Kvistberga Ma\u00dfbl\u00e4tter Zu den verschiedenen Ma\u00dfbl\u00e4ttern Handouts Brosch\u00fcren\/Prospekte\/Flyer Rampen:<\/p>\n","protected":false},"author":2,"featured_media":0,"parent":0,"menu_order":0,"comment_status":"closed","ping_status":"closed","template":"","meta":{"footnotes":""},"class_list":["post-1821","page","type-page","status-publish","hentry"],"yoast_head":"<!-- This site is optimized with the Yoast SEO plugin v27.2 - https:\/\/yoast.com\/product\/yoast-seo-wordpress\/ -->\n<title>DOWNLOADCENTER - Kvistberga<\/title>\n<meta name=\"robots\" content=\"index, follow, max-snippet:-1, max-image-preview:large, max-video-preview:-1\" \/>\n<link rel=\"canonical\" href=\"https:\/\/elchtec.de\/kvist\/downloadcenter\/\" \/>\n<meta property=\"og:locale\" content=\"de_DE\" \/>\n<meta property=\"og:type\" content=\"article\" \/>\n<meta property=\"og:title\" content=\"DOWNLOADCENTER - Kvistberga\" \/>\n<meta property=\"og:description\" content=\"Preislisten Preislisten der Rampensysteme Kvistberga Ma\u00dfbl\u00e4tter Zu den verschiedenen Ma\u00dfbl\u00e4ttern Handouts Brosch\u00fcren\/Prospekte\/Flyer Rampen:\" \/>\n<meta property=\"og:url\" content=\"https:\/\/elchtec.de\/kvist\/downloadcenter\/\" \/>\n<meta property=\"og:site_name\" content=\"Kvistberga\" \/>\n<meta property=\"article:modified_time\" content=\"2022-12-02T17:22:48+00:00\" \/>\n<meta name=\"twitter:card\" content=\"summary_large_image\" \/>\n<script type=\"application\/ld+json\" class=\"yoast-schema-graph\">{\"@context\":\"https:\/\/schema.org\",\"@graph\":[{\"@type\":\"WebPage\",\"@id\":\"https:\/\/elchtec.de\/kvist\/downloadcenter\/\",\"url\":\"https:\/\/elchtec.de\/kvist\/downloadcenter\/\",\"name\":\"DOWNLOADCENTER - Kvistberga\",\"isPartOf\":{\"@id\":\"https:\/\/elchtec.de\/kvist\/#website\"},\"datePublished\":\"2021-05-19T08:01:01+00:00\",\"dateModified\":\"2022-12-02T17:22:48+00:00\",\"breadcrumb\":{\"@id\":\"https:\/\/elchtec.de\/kvist\/downloadcenter\/#breadcrumb\"},\"inLanguage\":\"de\",\"potentialAction\":[{\"@type\":\"ReadAction\",\"target\":[\"https:\/\/elchtec.de\/kvist\/downloadcenter\/\"]}]},{\"@type\":\"BreadcrumbList\",\"@id\":\"https:\/\/elchtec.de\/kvist\/downloadcenter\/#breadcrumb\",\"itemListElement\":[{\"@type\":\"ListItem\",\"position\":1,\"name\":\"Start\",\"item\":\"https:\/\/elchtec.de\/kvist\/\"},{\"@type\":\"ListItem\",\"position\":2,\"name\":\"DOWNLOADCENTER\"}]},{\"@type\":\"WebSite\",\"@id\":\"https:\/\/elchtec.de\/kvist\/#website\",\"url\":\"https:\/\/elchtec.de\/kvist\/\",\"name\":\"Kvistberga\",\"description\":\"Hilfreiche Rampensysteme f\u00fcr Rollstuhlfahrer\",\"publisher\":{\"@id\":\"https:\/\/elchtec.de\/kvist\/#organization\"},\"potentialAction\":[{\"@type\":\"SearchAction\",\"target\":{\"@type\":\"EntryPoint\",\"urlTemplate\":\"https:\/\/elchtec.de\/kvist\/?s={search_term_string}\"},\"query-input\":{\"@type\":\"PropertyValueSpecification\",\"valueRequired\":true,\"valueName\":\"search_term_string\"}}],\"inLanguage\":\"de\"},{\"@type\":\"Organization\",\"@id\":\"https:\/\/elchtec.de\/kvist\/#organization\",\"name\":\"ELCHTEC\",\"url\":\"https:\/\/elchtec.de\/kvist\/\",\"logo\":{\"@type\":\"ImageObject\",\"inLanguage\":\"de\",\"@id\":\"https:\/\/elchtec.de\/kvist\/#\/schema\/logo\/image\/\",\"url\":\"https:\/\/elchtec.de\/kvist\/wp-content\/uploads\/2020\/07\/ELCHTEC_Fachhandelspartner-fuer-Euroflex-Elektrorollstuehle-und-Arbeitsstuehle-in-Deutschland.png\",\"contentUrl\":\"https:\/\/elchtec.de\/kvist\/wp-content\/uploads\/2020\/07\/ELCHTEC_Fachhandelspartner-fuer-Euroflex-Elektrorollstuehle-und-Arbeitsstuehle-in-Deutschland.png\",\"width\":240,\"height\":70,\"caption\":\"ELCHTEC\"},\"image\":{\"@id\":\"https:\/\/elchtec.de\/kvist\/#\/schema\/logo\/image\/\"}}]}<\/script>\n<!-- \/ Yoast SEO plugin. -->","yoast_head_json":{"title":"DOWNLOADCENTER - Kvistberga","robots":{"index":"index","follow":"follow","max-snippet":"max-snippet:-1","max-image-preview":"max-image-preview:large","max-video-preview":"max-video-preview:-1"},"canonical":"https:\/\/elchtec.de\/kvist\/downloadcenter\/","og_locale":"de_DE","og_type":"article","og_title":"DOWNLOADCENTER - Kvistberga","og_description":"Preislisten Preislisten der Rampensysteme Kvistberga Ma\u00dfbl\u00e4tter Zu den verschiedenen Ma\u00dfbl\u00e4ttern Handouts Brosch\u00fcren\/Prospekte\/Flyer Rampen:","og_url":"https:\/\/elchtec.de\/kvist\/downloadcenter\/","og_site_name":"Kvistberga","article_modified_time":"2022-12-02T17:22:48+00:00","twitter_card":"summary_large_image","schema":{"@context":"https:\/\/schema.org","@graph":[{"@type":"WebPage","@id":"https:\/\/elchtec.de\/kvist\/downloadcenter\/","url":"https:\/\/elchtec.de\/kvist\/downloadcenter\/","name":"DOWNLOADCENTER - Kvistberga","isPartOf":{"@id":"https:\/\/elchtec.de\/kvist\/#website"},"datePublished":"2021-05-19T08:01:01+00:00","dateModified":"2022-12-02T17:22:48+00:00","breadcrumb":{"@id":"https:\/\/elchtec.de\/kvist\/downloadcenter\/#breadcrumb"},"inLanguage":"de","potentialAction":[{"@type":"ReadAction","target":["https:\/\/elchtec.de\/kvist\/downloadcenter\/"]}]},{"@type":"BreadcrumbList","@id":"https:\/\/elchtec.de\/kvist\/downloadcenter\/#breadcrumb","itemListElement":[{"@type":"ListItem","position":1,"name":"Start","item":"https:\/\/elchtec.de\/kvist\/"},{"@type":"ListItem","position":2,"name":"DOWNLOADCENTER"}]},{"@type":"WebSite","@id":"https:\/\/elchtec.de\/kvist\/#website","url":"https:\/\/elchtec.de\/kvist\/","name":"Kvistberga","description":"Hilfreiche Rampensysteme f\u00fcr Rollstuhlfahrer","publisher":{"@id":"https:\/\/elchtec.de\/kvist\/#organization"},"potentialAction":[{"@type":"SearchAction","target":{"@type":"EntryPoint","urlTemplate":"https:\/\/elchtec.de\/kvist\/?s={search_term_string}"},"query-input":{"@type":"PropertyValueSpecification","valueRequired":true,"valueName":"search_term_string"}}],"inLanguage":"de"},{"@type":"Organization","@id":"https:\/\/elchtec.de\/kvist\/#organization","name":"ELCHTEC","url":"https:\/\/elchtec.de\/kvist\/","logo":{"@type":"ImageObject","inLanguage":"de","@id":"https:\/\/elchtec.de\/kvist\/#\/schema\/logo\/image\/","url":"https:\/\/elchtec.de\/kvist\/wp-content\/uploads\/2020\/07\/ELCHTEC_Fachhandelspartner-fuer-Euroflex-Elektrorollstuehle-und-Arbeitsstuehle-in-Deutschland.png","contentUrl":"https:\/\/elchtec.de\/kvist\/wp-content\/uploads\/2020\/07\/ELCHTEC_Fachhandelspartner-fuer-Euroflex-Elektrorollstuehle-und-Arbeitsstuehle-in-Deutschland.png","width":240,"height":70,"caption":"ELCHTEC"},"image":{"@id":"https:\/\/elchtec.de\/kvist\/#\/schema\/logo\/image\/"}}]}},"_links":{"self":[{"href":"https:\/\/elchtec.de\/kvist\/wp-json\/wp\/v2\/pages\/1821","targetHints":{"allow":["GET"]}}],"collection":[{"href":"https:\/\/elchtec.de\/kvist\/wp-json\/wp\/v2\/pages"}],"about":[{"href":"https:\/\/elchtec.de\/kvist\/wp-json\/wp\/v2\/types\/page"}],"author":[{"embeddable":true,"href":"https:\/\/elchtec.de\/kvist\/wp-json\/wp\/v2\/users\/2"}],"replies":[{"embeddable":true,"href":"https:\/\/elchtec.de\/kvist\/wp-json\/wp\/v2\/comments?post=1821"}],"version-history":[{"count":60,"href":"https:\/\/elchtec.de\/kvist\/wp-json\/wp\/v2\/pages\/1821\/revisions"}],"predecessor-version":[{"id":2131,"href":"https:\/\/elchtec.de\/kvist\/wp-json\/wp\/v2\/pages\/1821\/revisions\/2131"}],"wp:attachment":[{"href":"https:\/\/elchtec.de\/kvist\/wp-json\/wp\/v2\/media?parent=1821"}],"curies":[{"name":"wp","href":"https:\/\/api.w.org\/{rel}","templated":true}]}}