{"id":866,"date":"2021-08-13T14:44:26","date_gmt":"2021-08-13T12:44:26","guid":{"rendered":"https:\/\/elchtec.de\/movita\/?page_id=866"},"modified":"2021-08-13T17:53:13","modified_gmt":"2021-08-13T15:53:13","slug":"technische-spezifikationen","status":"publish","type":"page","link":"https:\/\/elchtec.de\/kinevia\/technische-spezifikationen\/","title":{"rendered":"TECHNISCHE SPEZIFIKATIONEN"},"content":{"rendered":"\t\t<div data-elementor-type=\"wp-page\" data-elementor-id=\"866\" class=\"elementor elementor-866\">\n\t\t\t\t\t\t<div class=\"elementor-inner\">\n\t\t\t\t<div class=\"elementor-section-wrap\">\n\t\t\t\t\t\t\t\t\t<section class=\"elementor-section elementor-top-section elementor-element elementor-element-aac4c72 elementor-section-boxed elementor-section-height-default elementor-section-height-default\" data-id=\"aac4c72\" data-element_type=\"section\">\n\t\t\t\t\t\t<div class=\"elementor-container elementor-column-gap-default\">\n\t\t\t\t\t\t\t<div class=\"elementor-row\">\n\t\t\t\t\t<div class=\"aux-parallax-section elementor-column elementor-col-100 elementor-top-column elementor-element elementor-element-2b3e552\" data-id=\"2b3e552\" data-element_type=\"column\">\n\t\t\t<div class=\"elementor-column-wrap elementor-element-populated\">\n\t\t\t\t\t\t\t<div class=\"elementor-widget-wrap\">\n\t\t\t\t\t\t<section class=\"elementor-section elementor-inner-section elementor-element elementor-element-d90f7ce elementor-section-boxed elementor-section-height-default elementor-section-height-default\" data-id=\"d90f7ce\" data-element_type=\"section\">\n\t\t\t\t\t\t<div class=\"elementor-container elementor-column-gap-default\">\n\t\t\t\t\t\t\t<div class=\"elementor-row\">\n\t\t\t\t\t<div class=\"aux-parallax-section elementor-column elementor-col-50 elementor-inner-column elementor-element elementor-element-45c361e\" data-id=\"45c361e\" data-element_type=\"column\">\n\t\t\t<div class=\"elementor-column-wrap elementor-element-populated\">\n\t\t\t\t\t\t\t<div class=\"elementor-widget-wrap\">\n\t\t\t\t\t\t<div class=\"elementor-element elementor-element-e0e3421 elementor-widget elementor-widget-text-editor\" data-id=\"e0e3421\" data-element_type=\"widget\" data-widget_type=\"text-editor.default\">\n\t\t\t\t<div class=\"elementor-widget-container\">\n\t\t\t\t\t\t\t\t<div class=\"elementor-text-editor elementor-clearfix\">\n\t\t\t\t<p>Technische<br \/><span style=\"color: #c6393c;\">SPEZIFIKATIONEN<\/span><\/p>\t\t\t\t\t<\/div>\n\t\t\t\t\t\t<\/div>\n\t\t\t\t<\/div>\n\t\t\t\t<div class=\"elementor-element elementor-element-aa7dde1 elementor-widget elementor-widget-image\" data-id=\"aa7dde1\" data-element_type=\"widget\" data-widget_type=\"image.default\">\n\t\t\t\t<div class=\"elementor-widget-container\">\n\t\t\t\t\t\t\t\t<div class=\"elementor-image\">\n\t\t\t\t\t\t\t\t\t\t\t\t<img loading=\"lazy\" decoding=\"async\" width=\"341\" height=\"512\" src=\"https:\/\/elchtec.de\/kinevia\/wp-content\/uploads\/2021\/08\/a4a042cf4fd6bfb47701cbc8a1653ada.jpg\" class=\"attachment-large size-large wp-image-897\" alt=\"\" \/>\t\t\t\t\t\t\t\t\t\t\t\t\t\t<\/div>\n\t\t\t\t\t\t<\/div>\n\t\t\t\t<\/div>\n\t\t\t\t\t\t<\/div>\n\t\t\t\t\t<\/div>\n\t\t<\/div>\n\t\t\t\t<div class=\"aux-parallax-section elementor-column elementor-col-50 elementor-inner-column elementor-element elementor-element-f18022e\" data-id=\"f18022e\" data-element_type=\"column\">\n\t\t\t<div class=\"elementor-column-wrap elementor-element-populated\">\n\t\t\t\t\t\t\t<div class=\"elementor-widget-wrap\">\n\t\t\t\t\t\t<div class=\"elementor-element elementor-element-651a229 elementor-widget elementor-widget-spacer\" data-id=\"651a229\" data-element_type=\"widget\" data-widget_type=\"spacer.default\">\n\t\t\t\t<div class=\"elementor-widget-container\">\n\t\t\t\t\t<div class=\"elementor-spacer\">\n\t\t\t<div class=\"elementor-spacer-inner\"><\/div>\n\t\t<\/div>\n\t\t\t\t<\/div>\n\t\t\t\t<\/div>\n\t\t\t\t<div class=\"elementor-element elementor-element-c9a4e9c elementor-widget elementor-widget-text-editor\" data-id=\"c9a4e9c\" data-element_type=\"widget\" data-widget_type=\"text-editor.default\">\n\t\t\t\t<div class=\"elementor-widget-container\">\n\t\t\t\t\t\t\t\t<div class=\"elementor-text-editor elementor-clearfix\">\n\t\t\t\t<p><span style=\"color: #c6393c;\">Kinetec Kinevia\u2122<\/span><\/p>\t\t\t\t\t<\/div>\n\t\t\t\t\t\t<\/div>\n\t\t\t\t<\/div>\n\t\t\t\t<div class=\"elementor-element elementor-element-03bdca6 elementor-widget elementor-widget-text-editor\" data-id=\"03bdca6\" data-element_type=\"widget\" data-widget_type=\"text-editor.default\">\n\t\t\t\t<div class=\"elementor-widget-container\">\n\t\t\t\t\t\t\t\t<div class=\"elementor-text-editor elementor-clearfix\">\n\t\t\t\t<p><strong>Ger\u00e4teabmessungen:<\/strong><\/p><p><strong>Kinevia:<\/strong> \u00a0\u00a0<\/p><p><span style=\"color: #c6393c;\"><strong>H\u00f6he:<\/strong><\/span> 102 bis 112 cm<br \/><strong>L\u00e4nge:<\/strong> \u00a0\u00a0 87 bis 92 cm<br \/><strong>Breite:<\/strong> \u00a0\u00a0 68 cm<br \/><strong>Gewicht:<\/strong> \u00a0\u00a0 36 kg<\/p><div>\u00a0<\/div>\t\t\t\t\t<\/div>\n\t\t\t\t\t\t<\/div>\n\t\t\t\t<\/div>\n\t\t\t\t<div class=\"elementor-element elementor-element-572dc48 elementor-widget elementor-widget-image\" data-id=\"572dc48\" data-element_type=\"widget\" data-widget_type=\"image.default\">\n\t\t\t\t<div class=\"elementor-widget-container\">\n\t\t\t\t\t\t\t\t<div class=\"elementor-image\">\n\t\t\t\t\t\t\t\t\t\t\t\t<img loading=\"lazy\" decoding=\"async\" width=\"2500\" height=\"600\" src=\"https:\/\/elchtec.de\/kinevia\/wp-content\/uploads\/2021\/08\/KINTEC-reha-presented-by-Elchtec-Lindlar-Deutschland-Fachgrosshandel-Sanitaets-und-Rehaprodukte.png\" class=\"attachment-full size-full wp-image-685\" alt=\"\" srcset=\"https:\/\/elchtec.de\/kinevia\/wp-content\/uploads\/2021\/08\/KINTEC-reha-presented-by-Elchtec-Lindlar-Deutschland-Fachgrosshandel-Sanitaets-und-Rehaprodukte.png 2500w, https:\/\/elchtec.de\/kinevia\/wp-content\/uploads\/2021\/08\/KINTEC-reha-presented-by-Elchtec-Lindlar-Deutschland-Fachgrosshandel-Sanitaets-und-Rehaprodukte-1536x369.png 1536w, https:\/\/elchtec.de\/kinevia\/wp-content\/uploads\/2021\/08\/KINTEC-reha-presented-by-Elchtec-Lindlar-Deutschland-Fachgrosshandel-Sanitaets-und-Rehaprodukte-2048x492.png 2048w\" sizes=\"auto, (max-width: 2500px) 100vw, 2500px\" \/>\t\t\t\t\t\t\t\t\t\t\t\t\t\t<\/div>\n\t\t\t\t\t\t<\/div>\n\t\t\t\t<\/div>\n\t\t\t\t<div class=\"elementor-element elementor-element-67987a3 elementor-widget elementor-widget-spacer\" data-id=\"67987a3\" data-element_type=\"widget\" data-widget_type=\"spacer.default\">\n\t\t\t\t<div class=\"elementor-widget-container\">\n\t\t\t\t\t<div class=\"elementor-spacer\">\n\t\t\t<div class=\"elementor-spacer-inner\"><\/div>\n\t\t<\/div>\n\t\t\t\t<\/div>\n\t\t\t\t<\/div>\n\t\t\t\t\t\t<\/div>\n\t\t\t\t\t<\/div>\n\t\t<\/div>\n\t\t\t\t\t\t\t\t<\/div>\n\t\t\t\t\t<\/div>\n\t\t<\/section>\n\t\t\t\t<section class=\"elementor-section elementor-inner-section elementor-element elementor-element-80af5bd elementor-section-boxed elementor-section-height-default elementor-section-height-default\" data-id=\"80af5bd\" data-element_type=\"section\">\n\t\t\t\t\t\t<div class=\"elementor-container elementor-column-gap-default\">\n\t\t\t\t\t\t\t<div class=\"elementor-row\">\n\t\t\t\t\t<div class=\"aux-parallax-section elementor-column elementor-col-50 elementor-inner-column elementor-element elementor-element-e05a9bf\" data-id=\"e05a9bf\" data-element_type=\"column\">\n\t\t\t<div class=\"elementor-column-wrap elementor-element-populated\">\n\t\t\t\t\t\t\t<div class=\"elementor-widget-wrap\">\n\t\t\t\t\t\t<div class=\"elementor-element elementor-element-72d4ccf elementor-widget elementor-widget-image\" data-id=\"72d4ccf\" data-element_type=\"widget\" data-widget_type=\"image.default\">\n\t\t\t\t<div class=\"elementor-widget-container\">\n\t\t\t\t\t\t\t\t<div class=\"elementor-image\">\n\t\t\t\t\t\t\t\t\t\t\t\t<img loading=\"lazy\" decoding=\"async\" width=\"1024\" height=\"1024\" src=\"https:\/\/elchtec.de\/kinevia\/wp-content\/uploads\/2021\/08\/Kinevia-Duo-04-RGB-1024x1024.jpg\" class=\"attachment-large size-large wp-image-761\" alt=\"\" srcset=\"https:\/\/elchtec.de\/kinevia\/wp-content\/uploads\/2021\/08\/Kinevia-Duo-04-RGB-1024x1024.jpg 1024w, https:\/\/elchtec.de\/kinevia\/wp-content\/uploads\/2021\/08\/Kinevia-Duo-04-RGB-300x300.jpg 300w, https:\/\/elchtec.de\/kinevia\/wp-content\/uploads\/2021\/08\/Kinevia-Duo-04-RGB-150x150.jpg 150w, https:\/\/elchtec.de\/kinevia\/wp-content\/uploads\/2021\/08\/Kinevia-Duo-04-RGB-768x768.jpg 768w\" sizes=\"auto, (max-width: 1024px) 100vw, 1024px\" \/>\t\t\t\t\t\t\t\t\t\t\t\t\t\t<\/div>\n\t\t\t\t\t\t<\/div>\n\t\t\t\t<\/div>\n\t\t\t\t\t\t<\/div>\n\t\t\t\t\t<\/div>\n\t\t<\/div>\n\t\t\t\t<div class=\"aux-parallax-section elementor-column elementor-col-50 elementor-inner-column elementor-element elementor-element-e1734e5\" data-id=\"e1734e5\" data-element_type=\"column\">\n\t\t\t<div class=\"elementor-column-wrap elementor-element-populated\">\n\t\t\t\t\t\t\t<div class=\"elementor-widget-wrap\">\n\t\t\t\t\t\t<div class=\"elementor-element elementor-element-f9c76cd elementor-widget elementor-widget-spacer\" data-id=\"f9c76cd\" data-element_type=\"widget\" data-widget_type=\"spacer.default\">\n\t\t\t\t<div class=\"elementor-widget-container\">\n\t\t\t\t\t<div class=\"elementor-spacer\">\n\t\t\t<div class=\"elementor-spacer-inner\"><\/div>\n\t\t<\/div>\n\t\t\t\t<\/div>\n\t\t\t\t<\/div>\n\t\t\t\t<div class=\"elementor-element elementor-element-0022be5 elementor-widget elementor-widget-text-editor\" data-id=\"0022be5\" data-element_type=\"widget\" data-widget_type=\"text-editor.default\">\n\t\t\t\t<div class=\"elementor-widget-container\">\n\t\t\t\t\t\t\t\t<div class=\"elementor-text-editor elementor-clearfix\">\n\t\t\t\t<p><span style=\"color: #c6393c;\">Kinetec Kinevia Duo\u2122<\/span><\/p>\t\t\t\t\t<\/div>\n\t\t\t\t\t\t<\/div>\n\t\t\t\t<\/div>\n\t\t\t\t<div class=\"elementor-element elementor-element-9d2301d elementor-widget elementor-widget-text-editor\" data-id=\"9d2301d\" data-element_type=\"widget\" data-widget_type=\"text-editor.default\">\n\t\t\t\t<div class=\"elementor-widget-container\">\n\t\t\t\t\t\t\t\t<div class=\"elementor-text-editor elementor-clearfix\">\n\t\t\t\t<p><strong>Ger\u00e4teabmessungen:<\/strong><\/p><p><span style=\"color: #c6393c;\"><strong>Kinevia Duo:<\/strong> <\/span><\/p><p><strong>H\u00f6he:<\/strong> \u00a0\u00a0 112 bis 122 cm<br \/><strong>L\u00e4nge: \u00a0\u00a0<\/strong> 88 bis 110 cm<br \/><strong>Breite: \u00a0\u00a0<\/strong> 68 cm<br \/><strong>Gewicht:<\/strong> \u00a0\u00a0 52 kg<\/p>\t\t\t\t\t<\/div>\n\t\t\t\t\t\t<\/div>\n\t\t\t\t<\/div>\n\t\t\t\t<div class=\"elementor-element elementor-element-b3150af elementor-widget elementor-widget-image\" data-id=\"b3150af\" data-element_type=\"widget\" data-widget_type=\"image.default\">\n\t\t\t\t<div class=\"elementor-widget-container\">\n\t\t\t\t\t\t\t\t<div class=\"elementor-image\">\n\t\t\t\t\t\t\t\t\t\t\t\t<img loading=\"lazy\" decoding=\"async\" width=\"2500\" height=\"600\" src=\"https:\/\/elchtec.de\/kinevia\/wp-content\/uploads\/2021\/08\/KINTEC-reha-presented-by-Elchtec-Lindlar-Deutschland-Fachgrosshandel-Sanitaets-und-Rehaprodukte.png\" class=\"attachment-full size-full wp-image-685\" alt=\"\" srcset=\"https:\/\/elchtec.de\/kinevia\/wp-content\/uploads\/2021\/08\/KINTEC-reha-presented-by-Elchtec-Lindlar-Deutschland-Fachgrosshandel-Sanitaets-und-Rehaprodukte.png 2500w, https:\/\/elchtec.de\/kinevia\/wp-content\/uploads\/2021\/08\/KINTEC-reha-presented-by-Elchtec-Lindlar-Deutschland-Fachgrosshandel-Sanitaets-und-Rehaprodukte-1536x369.png 1536w, https:\/\/elchtec.de\/kinevia\/wp-content\/uploads\/2021\/08\/KINTEC-reha-presented-by-Elchtec-Lindlar-Deutschland-Fachgrosshandel-Sanitaets-und-Rehaprodukte-2048x492.png 2048w\" sizes=\"auto, (max-width: 2500px) 100vw, 2500px\" \/>\t\t\t\t\t\t\t\t\t\t\t\t\t\t<\/div>\n\t\t\t\t\t\t<\/div>\n\t\t\t\t<\/div>\n\t\t\t\t<div class=\"elementor-element elementor-element-a2b6a13 elementor-widget elementor-widget-spacer\" data-id=\"a2b6a13\" data-element_type=\"widget\" data-widget_type=\"spacer.default\">\n\t\t\t\t<div class=\"elementor-widget-container\">\n\t\t\t\t\t<div class=\"elementor-spacer\">\n\t\t\t<div class=\"elementor-spacer-inner\"><\/div>\n\t\t<\/div>\n\t\t\t\t<\/div>\n\t\t\t\t<\/div>\n\t\t\t\t\t\t<\/div>\n\t\t\t\t\t<\/div>\n\t\t<\/div>\n\t\t\t\t\t\t\t\t<\/div>\n\t\t\t\t\t<\/div>\n\t\t<\/section>\n\t\t\t\t\t\t<\/div>\n\t\t\t\t\t<\/div>\n\t\t<\/div>\n\t\t\t\t\t\t\t\t<\/div>\n\t\t\t\t\t<\/div>\n\t\t<\/section>\n\t\t\t\t<section class=\"elementor-section elementor-top-section elementor-element elementor-element-474a249 elementor-section-boxed elementor-section-height-default elementor-section-height-default\" data-id=\"474a249\" data-element_type=\"section\">\n\t\t\t\t\t\t<div class=\"elementor-container elementor-column-gap-default\">\n\t\t\t\t\t\t\t<div class=\"elementor-row\">\n\t\t\t\t\t<div class=\"aux-parallax-section elementor-column elementor-col-50 elementor-top-column elementor-element elementor-element-3633d51\" data-id=\"3633d51\" data-element_type=\"column\">\n\t\t\t<div class=\"elementor-column-wrap elementor-element-populated\">\n\t\t\t\t\t\t\t<div class=\"elementor-widget-wrap\">\n\t\t\t\t\t\t<div class=\"elementor-element elementor-element-37204bc elementor-widget elementor-widget-text-editor\" data-id=\"37204bc\" data-element_type=\"widget\" data-widget_type=\"text-editor.default\">\n\t\t\t\t<div class=\"elementor-widget-container\">\n\t\t\t\t\t\t\t\t<div class=\"elementor-text-editor elementor-clearfix\">\n\t\t\t\t<p style=\"text-align: right;\"><strong>Maximales Benutzergewicht: <\/strong><br \/><strong>Rotationsgeschwindigkeit (Arme und Beine):<br \/><br \/>Abstand zwischen den Fu\u00dfst\u00fctzen:<\/strong><br \/><strong>Abstand zwischen den Armgriffen: <\/strong><br \/><strong>Pedalradius: <\/strong><br \/><strong>Armtrainer: <\/strong><br \/><strong>Elektrischer Typ und Klasse:<\/strong><\/p>\t\t\t\t\t<\/div>\n\t\t\t\t\t\t<\/div>\n\t\t\t\t<\/div>\n\t\t\t\t\t\t<\/div>\n\t\t\t\t\t<\/div>\n\t\t<\/div>\n\t\t\t\t<div class=\"aux-parallax-section elementor-column elementor-col-50 elementor-top-column elementor-element elementor-element-8ffd3ca\" data-id=\"8ffd3ca\" data-element_type=\"column\">\n\t\t\t<div class=\"elementor-column-wrap elementor-element-populated\">\n\t\t\t\t\t\t\t<div class=\"elementor-widget-wrap\">\n\t\t\t\t\t\t<div class=\"elementor-element elementor-element-50b17dc elementor-widget elementor-widget-text-editor\" data-id=\"50b17dc\" data-element_type=\"widget\" data-widget_type=\"text-editor.default\">\n\t\t\t\t<div class=\"elementor-widget-container\">\n\t\t\t\t\t\t\t\t<div class=\"elementor-text-editor elementor-clearfix\">\n\t\t\t\t<p>135 kg<br \/>5 bis 60 Umdrehungen pro Minute f\u00fcr passives Training<br \/>5 bis 90 Umdrehungen pro Minute f\u00fcr aktives Training<br \/>13,5 bis 25,5 cm (an den Innenseiten gemessen)<br \/>20 cm (an den Innenseiten gemessen)<br \/>von 50 bis 125 mm<br \/>100 mm<br \/>BF Typ Klasse II Ger\u00e4t<\/p>\t\t\t\t\t<\/div>\n\t\t\t\t\t\t<\/div>\n\t\t\t\t<\/div>\n\t\t\t\t\t\t<\/div>\n\t\t\t\t\t<\/div>\n\t\t<\/div>\n\t\t\t\t\t\t\t\t<\/div>\n\t\t\t\t\t<\/div>\n\t\t<\/section>\n\t\t\t\t<section class=\"elementor-section elementor-top-section elementor-element elementor-element-863947f elementor-section-boxed elementor-section-height-default elementor-section-height-default\" data-id=\"863947f\" data-element_type=\"section\">\n\t\t\t\t\t\t<div class=\"elementor-container elementor-column-gap-default\">\n\t\t\t\t\t\t\t<div class=\"elementor-row\">\n\t\t\t\t\t<div class=\"aux-parallax-section elementor-column elementor-col-33 elementor-top-column elementor-element elementor-element-d0f6d69\" data-id=\"d0f6d69\" data-element_type=\"column\">\n\t\t\t<div class=\"elementor-column-wrap\">\n\t\t\t\t\t\t\t<div class=\"elementor-widget-wrap\">\n\t\t\t\t\t\t\t\t<\/div>\n\t\t\t\t\t<\/div>\n\t\t<\/div>\n\t\t\t\t<div class=\"aux-parallax-section elementor-column elementor-col-33 elementor-top-column elementor-element elementor-element-481d6e8\" data-id=\"481d6e8\" data-element_type=\"column\">\n\t\t\t<div class=\"elementor-column-wrap elementor-element-populated\">\n\t\t\t\t\t\t\t<div class=\"elementor-widget-wrap\">\n\t\t\t\t\t\t<div class=\"elementor-element elementor-element-04db2da elementor-widget elementor-widget-text-editor\" data-id=\"04db2da\" data-element_type=\"widget\" data-widget_type=\"text-editor.default\">\n\t\t\t\t<div class=\"elementor-widget-container\">\n\t\t\t\t\t\t\t\t<div class=\"elementor-text-editor elementor-clearfix\">\n\t\t\t\t<p>Das Ger\u00e4t wurde gem\u00e4\u00df den Anforderungen der Richtlinie 93\/42 \/ EWG f\u00fcr <br \/>Medizinprodukte entwickelt, hergestellt und vertrieben. <br \/>Als solches tr\u00e4gt das Ger\u00e4t eine <b>CE-Kennzeichnung<\/b>.<\/p><p>Die Garantie f\u00fcr Herstellungsfehler betr\u00e4gt 2 Jahre ab dem Datum, an dem das Produkt geliefert wurde an den Verbraucher. <\/p><p>Kinetec ist von der hohen Qualit\u00e4t und langen Lebensdauer der therapeutischen Trainer von Kinevia und Kinevia Duo \u00fcberzeugt und <b>gew\u00e4hrt daher eine freiwillige <br \/>Garantieverl\u00e4ngerung auf 5 Jahre f\u00fcr alle mechanischen Teile<\/b> seiner Ger\u00e4te<\/p><div>\u00a0<\/div><div>\u00a0<\/div><div>\u00a0<\/div>\t\t\t\t\t<\/div>\n\t\t\t\t\t\t<\/div>\n\t\t\t\t<\/div>\n\t\t\t\t\t\t<\/div>\n\t\t\t\t\t<\/div>\n\t\t<\/div>\n\t\t\t\t<div class=\"aux-parallax-section elementor-column elementor-col-33 elementor-top-column elementor-element elementor-element-ab5e341\" data-id=\"ab5e341\" data-element_type=\"column\">\n\t\t\t<div class=\"elementor-column-wrap\">\n\t\t\t\t\t\t\t<div class=\"elementor-widget-wrap\">\n\t\t\t\t\t\t\t\t<\/div>\n\t\t\t\t\t<\/div>\n\t\t<\/div>\n\t\t\t\t\t\t\t\t<\/div>\n\t\t\t\t\t<\/div>\n\t\t<\/section>\n\t\t\t\t\t\t\t\t\t<\/div>\n\t\t\t<\/div>\n\t\t\t\t\t<\/div>\n\t\t","protected":false},"excerpt":{"rendered":"<p>Technische SPEZIFIKATIONEN Kinetec Kinevia\u2122 Ger\u00e4teabmessungen: Kinevia: &nbsp;&nbsp; H\u00f6he: 102 bis 112 cm L\u00e4nge: &nbsp;&nbsp; 87 bis 92 cm Breite: &nbsp;&nbsp; 68 cm Gewicht: &nbsp;&nbsp; 36 kg Kinetec Kinevia Duo\u2122 Ger\u00e4teabmessungen: Kinevia Duo: H\u00f6he: &nbsp;&nbsp; 112 bis 122 cm L\u00e4nge: &nbsp;&nbsp; 88 bis 110 cm Breite: &nbsp;&nbsp; 68 cm Gewicht: &nbsp;&nbsp; 52 kg Maximales Benutzergewicht: Rotationsgeschwindigkeit [&hellip;]<\/p>\n","protected":false},"author":2,"featured_media":0,"parent":0,"menu_order":0,"comment_status":"closed","ping_status":"closed","template":"","meta":{"footnotes":""},"class_list":["post-866","page","type-page","status-publish","hentry"],"_links":{"self":[{"href":"https:\/\/elchtec.de\/kinevia\/wp-json\/wp\/v2\/pages\/866","targetHints":{"allow":["GET"]}}],"collection":[{"href":"https:\/\/elchtec.de\/kinevia\/wp-json\/wp\/v2\/pages"}],"about":[{"href":"https:\/\/elchtec.de\/kinevia\/wp-json\/wp\/v2\/types\/page"}],"author":[{"embeddable":true,"href":"https:\/\/elchtec.de\/kinevia\/wp-json\/wp\/v2\/users\/2"}],"replies":[{"embeddable":true,"href":"https:\/\/elchtec.de\/kinevia\/wp-json\/wp\/v2\/comments?post=866"}],"version-history":[{"count":20,"href":"https:\/\/elchtec.de\/kinevia\/wp-json\/wp\/v2\/pages\/866\/revisions"}],"predecessor-version":[{"id":933,"href":"https:\/\/elchtec.de\/kinevia\/wp-json\/wp\/v2\/pages\/866\/revisions\/933"}],"wp:attachment":[{"href":"https:\/\/elchtec.de\/kinevia\/wp-json\/wp\/v2\/media?parent=866"}],"curies":[{"name":"wp","href":"https:\/\/api.w.org\/{rel}","templated":true}]}}