{"id":235,"date":"2021-05-28T17:31:03","date_gmt":"2021-05-28T15:31:03","guid":{"rendered":"http:\/\/elchtec.de\/movita\/?page_id=235"},"modified":"2021-08-13T14:32:20","modified_gmt":"2021-08-13T12:32:20","slug":"unterhaltungs-technologie","status":"publish","type":"page","link":"https:\/\/elchtec.de\/kinevia\/unterhaltungs-technologie\/","title":{"rendered":"UNTERHALTUNGS TECHNOLOGIE"},"content":{"rendered":"\t\t<div data-elementor-type=\"wp-page\" data-elementor-id=\"235\" class=\"elementor elementor-235\">\n\t\t\t\t\t\t<div class=\"elementor-inner\">\n\t\t\t\t<div class=\"elementor-section-wrap\">\n\t\t\t\t\t\t\t\t\t<section class=\"elementor-section elementor-top-section elementor-element elementor-element-dc10c71 elementor-section-boxed elementor-section-height-default elementor-section-height-default\" data-id=\"dc10c71\" data-element_type=\"section\">\n\t\t\t\t\t\t<div class=\"elementor-container elementor-column-gap-default\">\n\t\t\t\t\t\t\t<div class=\"elementor-row\">\n\t\t\t\t\t<div class=\"aux-parallax-section elementor-column elementor-col-100 elementor-top-column elementor-element elementor-element-91b8c15\" data-id=\"91b8c15\" data-element_type=\"column\">\n\t\t\t<div class=\"elementor-column-wrap elementor-element-populated\">\n\t\t\t\t\t\t\t<div class=\"elementor-widget-wrap\">\n\t\t\t\t\t\t<section class=\"elementor-section elementor-inner-section elementor-element elementor-element-06a28b1 elementor-section-boxed elementor-section-height-default elementor-section-height-default\" data-id=\"06a28b1\" data-element_type=\"section\">\n\t\t\t\t\t\t<div class=\"elementor-container elementor-column-gap-default\">\n\t\t\t\t\t\t\t<div class=\"elementor-row\">\n\t\t\t\t\t<div class=\"aux-parallax-section elementor-column elementor-col-50 elementor-inner-column elementor-element elementor-element-712f1dd\" data-id=\"712f1dd\" data-element_type=\"column\">\n\t\t\t<div class=\"elementor-column-wrap elementor-element-populated\">\n\t\t\t\t\t\t\t<div class=\"elementor-widget-wrap\">\n\t\t\t\t\t\t<div class=\"elementor-element elementor-element-1b9475e elementor-widget elementor-widget-text-editor\" data-id=\"1b9475e\" data-element_type=\"widget\" data-widget_type=\"text-editor.default\">\n\t\t\t\t<div class=\"elementor-widget-container\">\n\t\t\t\t\t\t\t\t<div class=\"elementor-text-editor elementor-clearfix\">\n\t\t\t\t<p>\u00a0INTELLIGENTE <br \/>TECHNOLOGIE F\u00dcR <br \/><span style=\"color: #c6393c;\">SEHR GUTE ERGEBNISSE<\/span><\/p>\t\t\t\t\t<\/div>\n\t\t\t\t\t\t<\/div>\n\t\t\t\t<\/div>\n\t\t\t\t<div class=\"elementor-element elementor-element-7a4d9c1 elementor-widget elementor-widget-image\" data-id=\"7a4d9c1\" data-element_type=\"widget\" data-widget_type=\"image.default\">\n\t\t\t\t<div class=\"elementor-widget-container\">\n\t\t\t\t\t\t\t\t<div class=\"elementor-image\">\n\t\t\t\t\t\t\t\t\t\t\t\t<img loading=\"lazy\" decoding=\"async\" width=\"944\" height=\"990\" src=\"https:\/\/elchtec.de\/kinevia\/wp-content\/uploads\/2021\/08\/Brochure-Kinetec-KINEVIA-Unterhaltungssystem.png\" class=\"attachment-large size-large wp-image-838\" alt=\"\" \/>\t\t\t\t\t\t\t\t\t\t\t\t\t\t<\/div>\n\t\t\t\t\t\t<\/div>\n\t\t\t\t<\/div>\n\t\t\t\t\t\t<\/div>\n\t\t\t\t\t<\/div>\n\t\t<\/div>\n\t\t\t\t<div class=\"aux-parallax-section elementor-column elementor-col-50 elementor-inner-column elementor-element elementor-element-f0fb7fc\" data-id=\"f0fb7fc\" data-element_type=\"column\">\n\t\t\t<div class=\"elementor-column-wrap elementor-element-populated\">\n\t\t\t\t\t\t\t<div class=\"elementor-widget-wrap\">\n\t\t\t\t\t\t<div class=\"elementor-element elementor-element-c0f073b elementor-widget elementor-widget-spacer\" data-id=\"c0f073b\" data-element_type=\"widget\" data-widget_type=\"spacer.default\">\n\t\t\t\t<div class=\"elementor-widget-container\">\n\t\t\t\t\t<div class=\"elementor-spacer\">\n\t\t\t<div class=\"elementor-spacer-inner\"><\/div>\n\t\t<\/div>\n\t\t\t\t<\/div>\n\t\t\t\t<\/div>\n\t\t\t\t<div class=\"elementor-element elementor-element-577cb99 elementor-widget elementor-widget-text-editor\" data-id=\"577cb99\" data-element_type=\"widget\" data-widget_type=\"text-editor.default\">\n\t\t\t\t<div class=\"elementor-widget-container\">\n\t\t\t\t\t\t\t\t<div class=\"elementor-text-editor elementor-clearfix\">\n\t\t\t\t<p>Die Aufrechterhaltung des Engagements und der Motivation ist <br \/>der Schl\u00fcssel zum Erfolg. Um Ziele zu erreichen und die Ergebnisse <br \/>zu verbessern, werden Motivationsinstrumente ben\u00f6tigt! <br \/>Das Kinevia-Unterhaltungssystem wurde speziell f\u00fcr diesen Zweck <br \/>entwickelt.<\/p><p>Durch interaktive Spiele und Videos an realen Orten \u00fcber ein <br \/>zus\u00e4tzliches 10-Zoll-Tablet wird die Aufmerksamkeit und Motivation <br \/>f\u00fcr l\u00e4ngere und intensivere Therapiesitzungen deutlich gesteigert.<br \/>Die intelligente Technologie bietet auch einen individuellen <br \/>Patientenfortschrittsbericht.<\/p><div>\u00a0<\/div><div>\u00a0<\/div>\t\t\t\t\t<\/div>\n\t\t\t\t\t\t<\/div>\n\t\t\t\t<\/div>\n\t\t\t\t<div class=\"elementor-element elementor-element-cfc6e1f elementor-widget elementor-widget-image\" data-id=\"cfc6e1f\" data-element_type=\"widget\" data-widget_type=\"image.default\">\n\t\t\t\t<div class=\"elementor-widget-container\">\n\t\t\t\t\t\t\t\t<div class=\"elementor-image\">\n\t\t\t\t\t\t\t\t\t\t\t\t<img loading=\"lazy\" decoding=\"async\" width=\"2500\" height=\"600\" src=\"https:\/\/elchtec.de\/kinevia\/wp-content\/uploads\/2021\/08\/KINTEC-reha-presented-by-Elchtec-Lindlar-Deutschland-Fachgrosshandel-Sanitaets-und-Rehaprodukte.png\" class=\"attachment-full size-full wp-image-685\" alt=\"\" srcset=\"https:\/\/elchtec.de\/kinevia\/wp-content\/uploads\/2021\/08\/KINTEC-reha-presented-by-Elchtec-Lindlar-Deutschland-Fachgrosshandel-Sanitaets-und-Rehaprodukte.png 2500w, https:\/\/elchtec.de\/kinevia\/wp-content\/uploads\/2021\/08\/KINTEC-reha-presented-by-Elchtec-Lindlar-Deutschland-Fachgrosshandel-Sanitaets-und-Rehaprodukte-1536x369.png 1536w, https:\/\/elchtec.de\/kinevia\/wp-content\/uploads\/2021\/08\/KINTEC-reha-presented-by-Elchtec-Lindlar-Deutschland-Fachgrosshandel-Sanitaets-und-Rehaprodukte-2048x492.png 2048w\" sizes=\"auto, (max-width: 2500px) 100vw, 2500px\" \/>\t\t\t\t\t\t\t\t\t\t\t\t\t\t<\/div>\n\t\t\t\t\t\t<\/div>\n\t\t\t\t<\/div>\n\t\t\t\t<div class=\"elementor-element elementor-element-0b246b7 elementor-widget elementor-widget-spacer\" data-id=\"0b246b7\" data-element_type=\"widget\" data-widget_type=\"spacer.default\">\n\t\t\t\t<div class=\"elementor-widget-container\">\n\t\t\t\t\t<div class=\"elementor-spacer\">\n\t\t\t<div class=\"elementor-spacer-inner\"><\/div>\n\t\t<\/div>\n\t\t\t\t<\/div>\n\t\t\t\t<\/div>\n\t\t\t\t\t\t<\/div>\n\t\t\t\t\t<\/div>\n\t\t<\/div>\n\t\t\t\t\t\t\t\t<\/div>\n\t\t\t\t\t<\/div>\n\t\t<\/section>\n\t\t\t\t\t\t<\/div>\n\t\t\t\t\t<\/div>\n\t\t<\/div>\n\t\t\t\t\t\t\t\t<\/div>\n\t\t\t\t\t<\/div>\n\t\t<\/section>\n\t\t\t\t\t\t\t\t\t<\/div>\n\t\t\t<\/div>\n\t\t\t\t\t<\/div>\n\t\t","protected":false},"excerpt":{"rendered":"<p>&nbsp;INTELLIGENTE TECHNOLOGIE F\u00dcR SEHR GUTE ERGEBNISSE Die Aufrechterhaltung des Engagements und der Motivation ist der Schl\u00fcssel zum Erfolg. Um Ziele zu erreichen und die Ergebnisse zu verbessern, werden Motivationsinstrumente ben\u00f6tigt! Das Kinevia-Unterhaltungssystem wurde speziell f\u00fcr diesen Zweck entwickelt. Durch interaktive Spiele und Videos an realen Orten \u00fcber ein zus\u00e4tzliches 10-Zoll-Tablet wird die Aufmerksamkeit und Motivation [&hellip;]<\/p>\n","protected":false},"author":2,"featured_media":0,"parent":0,"menu_order":0,"comment_status":"closed","ping_status":"closed","template":"","meta":{"footnotes":""},"class_list":["post-235","page","type-page","status-publish","hentry"],"_links":{"self":[{"href":"https:\/\/elchtec.de\/kinevia\/wp-json\/wp\/v2\/pages\/235","targetHints":{"allow":["GET"]}}],"collection":[{"href":"https:\/\/elchtec.de\/kinevia\/wp-json\/wp\/v2\/pages"}],"about":[{"href":"https:\/\/elchtec.de\/kinevia\/wp-json\/wp\/v2\/types\/page"}],"author":[{"embeddable":true,"href":"https:\/\/elchtec.de\/kinevia\/wp-json\/wp\/v2\/users\/2"}],"replies":[{"embeddable":true,"href":"https:\/\/elchtec.de\/kinevia\/wp-json\/wp\/v2\/comments?post=235"}],"version-history":[{"count":24,"href":"https:\/\/elchtec.de\/kinevia\/wp-json\/wp\/v2\/pages\/235\/revisions"}],"predecessor-version":[{"id":848,"href":"https:\/\/elchtec.de\/kinevia\/wp-json\/wp\/v2\/pages\/235\/revisions\/848"}],"wp:attachment":[{"href":"https:\/\/elchtec.de\/kinevia\/wp-json\/wp\/v2\/media?parent=235"}],"curies":[{"name":"wp","href":"https:\/\/api.w.org\/{rel}","templated":true}]}}