{"id":131,"date":"2021-05-28T16:44:57","date_gmt":"2021-05-28T14:44:57","guid":{"rendered":"http:\/\/elchtec.de\/movita\/?page_id=131"},"modified":"2021-08-14T13:11:36","modified_gmt":"2021-08-14T11:11:36","slug":"wie-beomme-ich-meinen-kinevia","status":"publish","type":"page","link":"https:\/\/elchtec.de\/kinevia\/wie-beomme-ich-meinen-kinevia\/","title":{"rendered":"Wie beomme ich meinen KINEVIA"},"content":{"rendered":"\t\t<div data-elementor-type=\"wp-page\" data-elementor-id=\"131\" class=\"elementor elementor-131\">\n\t\t\t\t\t\t<div class=\"elementor-inner\">\n\t\t\t\t<div class=\"elementor-section-wrap\">\n\t\t\t\t\t\t\t\t\t<section class=\"elementor-section elementor-top-section elementor-element elementor-element-9fa7ae0 elementor-section-boxed elementor-section-height-default elementor-section-height-default\" data-id=\"9fa7ae0\" data-element_type=\"section\">\n\t\t\t\t\t\t<div class=\"elementor-container elementor-column-gap-default\">\n\t\t\t\t\t\t\t<div class=\"elementor-row\">\n\t\t\t\t\t<div class=\"aux-parallax-section elementor-column elementor-col-100 elementor-top-column elementor-element elementor-element-595d95c\" data-id=\"595d95c\" data-element_type=\"column\">\n\t\t\t<div class=\"elementor-column-wrap elementor-element-populated\">\n\t\t\t\t\t\t\t<div class=\"elementor-widget-wrap\">\n\t\t\t\t\t\t<div class=\"elementor-element elementor-element-b46f8bb elementor-widget elementor-widget-spacer\" data-id=\"b46f8bb\" data-element_type=\"widget\" data-widget_type=\"spacer.default\">\n\t\t\t\t<div class=\"elementor-widget-container\">\n\t\t\t\t\t<div class=\"elementor-spacer\">\n\t\t\t<div class=\"elementor-spacer-inner\"><\/div>\n\t\t<\/div>\n\t\t\t\t<\/div>\n\t\t\t\t<\/div>\n\t\t\t\t\t\t<\/div>\n\t\t\t\t\t<\/div>\n\t\t<\/div>\n\t\t\t\t\t\t\t\t<\/div>\n\t\t\t\t\t<\/div>\n\t\t<\/section>\n\t\t\t\t<section class=\"elementor-section elementor-top-section elementor-element elementor-element-3179cc1 elementor-section-boxed elementor-section-height-default elementor-section-height-default\" data-id=\"3179cc1\" data-element_type=\"section\">\n\t\t\t\t\t\t<div class=\"elementor-container elementor-column-gap-default\">\n\t\t\t\t\t\t\t<div class=\"elementor-row\">\n\t\t\t\t\t<div class=\"aux-parallax-section elementor-column elementor-col-100 elementor-top-column elementor-element elementor-element-187c71f\" data-id=\"187c71f\" data-element_type=\"column\">\n\t\t\t<div class=\"elementor-column-wrap elementor-element-populated\">\n\t\t\t\t\t\t\t<div class=\"elementor-widget-wrap\">\n\t\t\t\t\t\t<section class=\"elementor-section elementor-inner-section elementor-element elementor-element-eccdf4c elementor-section-boxed elementor-section-height-default elementor-section-height-default\" data-id=\"eccdf4c\" data-element_type=\"section\">\n\t\t\t\t\t\t<div class=\"elementor-container elementor-column-gap-default\">\n\t\t\t\t\t\t\t<div class=\"elementor-row\">\n\t\t\t\t\t<div class=\"aux-parallax-section elementor-column elementor-col-33 elementor-inner-column elementor-element elementor-element-bd88487\" data-id=\"bd88487\" data-element_type=\"column\">\n\t\t\t<div class=\"elementor-column-wrap elementor-element-populated\">\n\t\t\t\t\t\t\t<div class=\"elementor-widget-wrap\">\n\t\t\t\t\t\t<div class=\"elementor-element elementor-element-ef1ca88 elementor-widget elementor-widget-spacer\" data-id=\"ef1ca88\" data-element_type=\"widget\" data-widget_type=\"spacer.default\">\n\t\t\t\t<div class=\"elementor-widget-container\">\n\t\t\t\t\t<div class=\"elementor-spacer\">\n\t\t\t<div class=\"elementor-spacer-inner\"><\/div>\n\t\t<\/div>\n\t\t\t\t<\/div>\n\t\t\t\t<\/div>\n\t\t\t\t<div class=\"elementor-element elementor-element-fba2962 elementor-widget elementor-widget-image\" data-id=\"fba2962\" data-element_type=\"widget\" data-widget_type=\"image.default\">\n\t\t\t\t<div class=\"elementor-widget-container\">\n\t\t\t\t\t\t\t\t<div class=\"elementor-image\">\n\t\t\t\t\t\t\t\t\t\t\t\t<img loading=\"lazy\" decoding=\"async\" width=\"1024\" height=\"1024\" src=\"https:\/\/elchtec.de\/kinevia\/wp-content\/uploads\/2021\/08\/Kinevia-Duo-11-CMYK-1024x1024.jpg\" class=\"attachment-large size-large wp-image-762\" alt=\"\" srcset=\"https:\/\/elchtec.de\/kinevia\/wp-content\/uploads\/2021\/08\/Kinevia-Duo-11-CMYK-1024x1024.jpg 1024w, https:\/\/elchtec.de\/kinevia\/wp-content\/uploads\/2021\/08\/Kinevia-Duo-11-CMYK-300x300.jpg 300w, https:\/\/elchtec.de\/kinevia\/wp-content\/uploads\/2021\/08\/Kinevia-Duo-11-CMYK-150x150.jpg 150w, https:\/\/elchtec.de\/kinevia\/wp-content\/uploads\/2021\/08\/Kinevia-Duo-11-CMYK-768x768.jpg 768w\" sizes=\"auto, (max-width: 1024px) 100vw, 1024px\" \/>\t\t\t\t\t\t\t\t\t\t\t\t\t\t<\/div>\n\t\t\t\t\t\t<\/div>\n\t\t\t\t<\/div>\n\t\t\t\t<div class=\"elementor-element elementor-element-ce8d4d0 elementor-widget elementor-widget-spacer\" data-id=\"ce8d4d0\" data-element_type=\"widget\" data-widget_type=\"spacer.default\">\n\t\t\t\t<div class=\"elementor-widget-container\">\n\t\t\t\t\t<div class=\"elementor-spacer\">\n\t\t\t<div class=\"elementor-spacer-inner\"><\/div>\n\t\t<\/div>\n\t\t\t\t<\/div>\n\t\t\t\t<\/div>\n\t\t\t\t<div class=\"elementor-element elementor-element-8e84a2e elementor-widget elementor-widget-image\" data-id=\"8e84a2e\" data-element_type=\"widget\" data-widget_type=\"image.default\">\n\t\t\t\t<div class=\"elementor-widget-container\">\n\t\t\t\t\t\t\t\t<div class=\"elementor-image\">\n\t\t\t\t\t\t\t\t\t\t\t\t<img loading=\"lazy\" decoding=\"async\" width=\"2500\" height=\"600\" src=\"https:\/\/elchtec.de\/kinevia\/wp-content\/uploads\/2021\/08\/KINTEC-reha-presented-by-Elchtec-Lindlar-Deutschland-Fachgrosshandel-Sanitaets-und-Rehaprodukte.png\" class=\"attachment-full size-full wp-image-685\" alt=\"\" srcset=\"https:\/\/elchtec.de\/kinevia\/wp-content\/uploads\/2021\/08\/KINTEC-reha-presented-by-Elchtec-Lindlar-Deutschland-Fachgrosshandel-Sanitaets-und-Rehaprodukte.png 2500w, https:\/\/elchtec.de\/kinevia\/wp-content\/uploads\/2021\/08\/KINTEC-reha-presented-by-Elchtec-Lindlar-Deutschland-Fachgrosshandel-Sanitaets-und-Rehaprodukte-1536x369.png 1536w, https:\/\/elchtec.de\/kinevia\/wp-content\/uploads\/2021\/08\/KINTEC-reha-presented-by-Elchtec-Lindlar-Deutschland-Fachgrosshandel-Sanitaets-und-Rehaprodukte-2048x492.png 2048w\" sizes=\"auto, (max-width: 2500px) 100vw, 2500px\" \/>\t\t\t\t\t\t\t\t\t\t\t\t\t\t<\/div>\n\t\t\t\t\t\t<\/div>\n\t\t\t\t<\/div>\n\t\t\t\t\t\t<\/div>\n\t\t\t\t\t<\/div>\n\t\t<\/div>\n\t\t\t\t<div class=\"aux-parallax-section elementor-column elementor-col-33 elementor-inner-column elementor-element elementor-element-777d9eb\" data-id=\"777d9eb\" data-element_type=\"column\">\n\t\t\t<div class=\"elementor-column-wrap elementor-element-populated\">\n\t\t\t\t\t\t\t<div class=\"elementor-widget-wrap\">\n\t\t\t\t\t\t<div class=\"elementor-element elementor-element-89a00a3 elementor-widget elementor-widget-text-editor\" data-id=\"89a00a3\" data-element_type=\"widget\" data-widget_type=\"text-editor.default\">\n\t\t\t\t<div class=\"elementor-widget-container\">\n\t\t\t\t\t\t\t\t<div class=\"elementor-text-editor elementor-clearfix\">\n\t\t\t\t<p>WIE BEKOMME ICH <span style=\"color: #c6393c;\">MEINEN KINEVIA<br \/><\/span><\/p>\t\t\t\t\t<\/div>\n\t\t\t\t\t\t<\/div>\n\t\t\t\t<\/div>\n\t\t\t\t<div class=\"elementor-element elementor-element-b52373d elementor-widget elementor-widget-image\" data-id=\"b52373d\" data-element_type=\"widget\" data-widget_type=\"image.default\">\n\t\t\t\t<div class=\"elementor-widget-container\">\n\t\t\t\t\t\t\t\t<div class=\"elementor-image\">\n\t\t\t\t\t\t\t\t\t\t\t\t<img loading=\"lazy\" decoding=\"async\" width=\"1024\" height=\"1024\" src=\"https:\/\/elchtec.de\/kinevia\/wp-content\/uploads\/2021\/08\/Kinevia-Duo-04-RGB-1024x1024.jpg\" class=\"attachment-large size-large wp-image-761\" alt=\"\" srcset=\"https:\/\/elchtec.de\/kinevia\/wp-content\/uploads\/2021\/08\/Kinevia-Duo-04-RGB-1024x1024.jpg 1024w, https:\/\/elchtec.de\/kinevia\/wp-content\/uploads\/2021\/08\/Kinevia-Duo-04-RGB-300x300.jpg 300w, https:\/\/elchtec.de\/kinevia\/wp-content\/uploads\/2021\/08\/Kinevia-Duo-04-RGB-150x150.jpg 150w, https:\/\/elchtec.de\/kinevia\/wp-content\/uploads\/2021\/08\/Kinevia-Duo-04-RGB-768x768.jpg 768w\" sizes=\"auto, (max-width: 1024px) 100vw, 1024px\" \/>\t\t\t\t\t\t\t\t\t\t\t\t\t\t<\/div>\n\t\t\t\t\t\t<\/div>\n\t\t\t\t<\/div>\n\t\t\t\t\t\t<\/div>\n\t\t\t\t\t<\/div>\n\t\t<\/div>\n\t\t\t\t<div class=\"aux-parallax-section elementor-column elementor-col-33 elementor-inner-column elementor-element elementor-element-2723577\" data-id=\"2723577\" data-element_type=\"column\">\n\t\t\t<div class=\"elementor-column-wrap elementor-element-populated\">\n\t\t\t\t\t\t\t<div class=\"elementor-widget-wrap\">\n\t\t\t\t\t\t<div class=\"elementor-element elementor-element-73b5f92 elementor-widget elementor-widget-spacer\" data-id=\"73b5f92\" data-element_type=\"widget\" data-widget_type=\"spacer.default\">\n\t\t\t\t<div class=\"elementor-widget-container\">\n\t\t\t\t\t<div class=\"elementor-spacer\">\n\t\t\t<div class=\"elementor-spacer-inner\"><\/div>\n\t\t<\/div>\n\t\t\t\t<\/div>\n\t\t\t\t<\/div>\n\t\t\t\t<div class=\"elementor-element elementor-element-96d9d10 elementor-widget elementor-widget-image\" data-id=\"96d9d10\" data-element_type=\"widget\" data-widget_type=\"image.default\">\n\t\t\t\t<div class=\"elementor-widget-container\">\n\t\t\t\t\t\t\t\t<div class=\"elementor-image\">\n\t\t\t\t\t\t\t\t\t\t\t\t<img loading=\"lazy\" decoding=\"async\" width=\"1024\" height=\"1024\" src=\"https:\/\/elchtec.de\/kinevia\/wp-content\/uploads\/2021\/08\/Kinevia-Duo-12-CMYK-1024x1024.jpg\" class=\"attachment-large size-large wp-image-766\" alt=\"\" srcset=\"https:\/\/elchtec.de\/kinevia\/wp-content\/uploads\/2021\/08\/Kinevia-Duo-12-CMYK-1024x1024.jpg 1024w, https:\/\/elchtec.de\/kinevia\/wp-content\/uploads\/2021\/08\/Kinevia-Duo-12-CMYK-300x300.jpg 300w, https:\/\/elchtec.de\/kinevia\/wp-content\/uploads\/2021\/08\/Kinevia-Duo-12-CMYK-150x150.jpg 150w, https:\/\/elchtec.de\/kinevia\/wp-content\/uploads\/2021\/08\/Kinevia-Duo-12-CMYK-768x768.jpg 768w\" sizes=\"auto, (max-width: 1024px) 100vw, 1024px\" \/>\t\t\t\t\t\t\t\t\t\t\t\t\t\t<\/div>\n\t\t\t\t\t\t<\/div>\n\t\t\t\t<\/div>\n\t\t\t\t<div class=\"elementor-element elementor-element-b53429c elementor-widget elementor-widget-spacer\" data-id=\"b53429c\" data-element_type=\"widget\" data-widget_type=\"spacer.default\">\n\t\t\t\t<div class=\"elementor-widget-container\">\n\t\t\t\t\t<div class=\"elementor-spacer\">\n\t\t\t<div class=\"elementor-spacer-inner\"><\/div>\n\t\t<\/div>\n\t\t\t\t<\/div>\n\t\t\t\t<\/div>\n\t\t\t\t<div class=\"elementor-element elementor-element-46c1b44 elementor-widget elementor-widget-image\" data-id=\"46c1b44\" data-element_type=\"widget\" data-widget_type=\"image.default\">\n\t\t\t\t<div class=\"elementor-widget-container\">\n\t\t\t\t\t\t\t\t<div class=\"elementor-image\">\n\t\t\t\t\t\t\t\t\t\t\t\t<img loading=\"lazy\" decoding=\"async\" width=\"2500\" height=\"600\" src=\"https:\/\/elchtec.de\/kinevia\/wp-content\/uploads\/2021\/08\/KINTEC-reha-presented-by-Elchtec-Lindlar-Deutschland-Fachgrosshandel-Sanitaets-und-Rehaprodukte.png\" class=\"attachment-full size-full wp-image-685\" alt=\"\" srcset=\"https:\/\/elchtec.de\/kinevia\/wp-content\/uploads\/2021\/08\/KINTEC-reha-presented-by-Elchtec-Lindlar-Deutschland-Fachgrosshandel-Sanitaets-und-Rehaprodukte.png 2500w, https:\/\/elchtec.de\/kinevia\/wp-content\/uploads\/2021\/08\/KINTEC-reha-presented-by-Elchtec-Lindlar-Deutschland-Fachgrosshandel-Sanitaets-und-Rehaprodukte-1536x369.png 1536w, https:\/\/elchtec.de\/kinevia\/wp-content\/uploads\/2021\/08\/KINTEC-reha-presented-by-Elchtec-Lindlar-Deutschland-Fachgrosshandel-Sanitaets-und-Rehaprodukte-2048x492.png 2048w\" sizes=\"auto, (max-width: 2500px) 100vw, 2500px\" \/>\t\t\t\t\t\t\t\t\t\t\t\t\t\t<\/div>\n\t\t\t\t\t\t<\/div>\n\t\t\t\t<\/div>\n\t\t\t\t\t\t<\/div>\n\t\t\t\t\t<\/div>\n\t\t<\/div>\n\t\t\t\t\t\t\t\t<\/div>\n\t\t\t\t\t<\/div>\n\t\t<\/section>\n\t\t\t\t\t\t<\/div>\n\t\t\t\t\t<\/div>\n\t\t<\/div>\n\t\t\t\t\t\t\t\t<\/div>\n\t\t\t\t\t<\/div>\n\t\t<\/section>\n\t\t\t\t<section class=\"elementor-section elementor-top-section elementor-element elementor-element-fae3d4c aux-cyclist-about elementor-section-boxed elementor-section-height-default elementor-section-height-default\" data-id=\"fae3d4c\" data-element_type=\"section\">\n\t\t\t\t\t\t<div class=\"elementor-container elementor-column-gap-no\">\n\t\t\t\t\t\t\t<div class=\"elementor-row\">\n\t\t\t\t\t<div class=\"aux-parallax-section elementor-column elementor-col-50 elementor-top-column elementor-element elementor-element-eafa02d\" data-id=\"eafa02d\" data-element_type=\"column\">\n\t\t\t<div class=\"elementor-column-wrap elementor-element-populated\">\n\t\t\t\t\t\t\t<div class=\"elementor-widget-wrap\">\n\t\t\t\t\t\t<div class=\"elementor-element elementor-element-daba89c elementor-widget elementor-widget-image\" data-id=\"daba89c\" data-element_type=\"widget\" data-widget_type=\"image.default\">\n\t\t\t\t<div class=\"elementor-widget-container\">\n\t\t\t\t\t\t\t\t<div class=\"elementor-image\">\n\t\t\t\t\t\t\t\t\t\t\t\t<img loading=\"lazy\" decoding=\"async\" width=\"512\" height=\"341\" src=\"https:\/\/elchtec.de\/kinevia\/wp-content\/uploads\/2021\/08\/5878a7ab84fb43402106c575658472fa.jpg\" class=\"attachment-large size-large wp-image-773\" alt=\"\" \/>\t\t\t\t\t\t\t\t\t\t\t\t\t\t<\/div>\n\t\t\t\t\t\t<\/div>\n\t\t\t\t<\/div>\n\t\t\t\t<div class=\"elementor-element elementor-element-49f5180 elementor-widget elementor-widget-image\" data-id=\"49f5180\" data-element_type=\"widget\" data-widget_type=\"image.default\">\n\t\t\t\t<div class=\"elementor-widget-container\">\n\t\t\t\t\t\t\t\t<div class=\"elementor-image\">\n\t\t\t\t\t\t\t\t\t\t\t\t<img decoding=\"async\" src=\"https:\/\/elchtec.de\/kinevia\/wp-content\/uploads\/elementor\/thumbs\/KINTEC-reha-presented-by-Elchtec-Lindlar-Deutschland-Fachgrosshandel-Sanitaets-und-Rehaprodukte-pbjr63wvdnqrjcedj2eg7o17laxcpjpkclpm703khw.png\" title=\"KINTEC-reha-presented-by-Elchtec-Lindlar-Deutschland-Fachgrosshandel-Sanitaets-und-Rehaprodukte\" alt=\"KINTEC-reha-presented-by-Elchtec-Lindlar-Deutschland-Fachgrosshandel-Sanitaets-und-Rehaprodukte\" loading=\"lazy\" \/>\t\t\t\t\t\t\t\t\t\t\t\t\t\t<\/div>\n\t\t\t\t\t\t<\/div>\n\t\t\t\t<\/div>\n\t\t\t\t\t\t<\/div>\n\t\t\t\t\t<\/div>\n\t\t<\/div>\n\t\t\t\t<div class=\"aux-parallax-section elementor-column elementor-col-50 elementor-top-column elementor-element elementor-element-0f5ea97\" data-id=\"0f5ea97\" data-element_type=\"column\">\n\t\t\t<div class=\"elementor-column-wrap elementor-element-populated\">\n\t\t\t\t\t\t\t<div class=\"elementor-widget-wrap\">\n\t\t\t\t\t\t<div class=\"elementor-element elementor-element-907c87b aux-appear-watch-animation aux-fade-in-right-1 elementor-widget elementor-widget-aux_modern_heading\" data-id=\"907c87b\" data-element_type=\"widget\" data-widget_type=\"aux_modern_heading.default\">\n\t\t\t\t<div class=\"elementor-widget-container\">\n\t\t\t<section class=\"aux-widget-modern-heading\">\n            <div class=\"aux-widget-inner\"><p class=\"aux-modern-heading-primary\"><\/p><div class=\"aux-modern-heading-divider\"><\/div><h2 class=\"aux-modern-heading-secondary\"><span class=\"aux-head-before\">DAS WIE...<br><\/span><span class=\"aux-head-highlight\">IST ENTSCHEIDENT!<\/span><\/h2><\/div>\n        <\/section>\t\t<\/div>\n\t\t\t\t<\/div>\n\t\t\t\t<div class=\"elementor-element elementor-element-307d2af elementor-widget elementor-widget-text-editor\" data-id=\"307d2af\" data-element_type=\"widget\" data-widget_type=\"text-editor.default\">\n\t\t\t\t<div class=\"elementor-widget-container\">\n\t\t\t\t\t\t\t\t<div class=\"elementor-text-editor elementor-clearfix\">\n\t\t\t\t<p>Alle<b> Bewegungstherapieger\u00e4te<\/b> der Marke Kinevia sind<b> laut dem deutschen Hilfsmittelverzeichnis von den gesetzlichen Krankenkassen als Hilfsmittel anerkannt<\/b>.<\/p><p>Somit kann Ihnen,\u00a0 je nach Indikation ein Kinevia \u00e4rztlich verordnet werden .<br \/>Voraussetzungen dazu sollten sein : <br \/>Als Hilfsmittel z. B. bei neurologischen oder neuromuskul\u00e4ren Erkrankungen erg\u00e4nzt um weitgehender Einschr\u00e4nkung der Bein- und Armmuskulatur einhergehen.<\/p><p>Zum Beispiel bei Querschnittsl\u00e4hmung Schlaganfall, Multiple Sklerose oder Parkinson.<\/p><p>\u00a0<\/p><p><b>Wie kommen Sie zu Ihrem Kinevia Bewegungstrainer ? <\/b><\/p><p><b>Lassen Sie sich beraten<\/b> und rufen Sie uns <b>kostenlos unter 0800 66487851<\/b> an .<\/p><p>Sollten Sie den Kinevia noch nicht in einer klinischen Einrichtung erprobt haben erhalten Sie von uns die M\u00f6glichkeit dieses <b>unverbindlich und kostenlos zu Hause zu tun<\/b>. <br \/><b>F\u00fcr die Kosten\u00fcbernahme durch die Krankenkasse ist dieser Schritt erforderlich. <\/b><\/p><p>Nat\u00fcrlich k\u00f6nnen Sie die Ger\u00e4te auch mieten oder privat kaufen, sprechen Sie uns oder Ihr Sanit\u00e4tshaus einfach dazu an !<\/p><p>\u00a0<\/p><p>Nach einer<b> erfolgreichen Erprobung<\/b> holen Sie sich eine <b>Hilfsmittelverordnung (Rezept) bei Ihrem Arzt<\/b>.<\/p><p>Erkl\u00e4ren Sie Ihm warum dieses Hilfsmittel Ihnen in der Therapie weiterhilft und dass Sie das Hilfsmittel erprobt haben.<\/p><p><b>Lassen Sie die Hilfsmittelnummer des erprobten Ger\u00e4tes auf dem Rezept vermerken.<\/b><\/p><p>Auch sollte ein Erprobungsbericht mit Ihrem Therapeuten erstellt werden der den Erfolg der Nutzung belegt.<\/p><p>Erprobungsbericht und Verordnung geben Sie an Ihr Sanit\u00e4tshaus weiter.<\/p><p>Wir verf\u00fcgen \u00fcber eine Vielzahl an geschulten Fachhandelspartnern die Ihnen weiterhelfen k\u00f6nnen.<\/p><p><b>Gerne k\u00f6nnen Sie sich bei uns erkundigen <\/b><\/p><p>\u00a0<\/p><p><b>Freefon : 0800 66 487851 <\/b><\/p><p>\u00a0<\/p><p><b>oder per Email: <\/b><\/p><p>\u00a0<\/p><p><b>kinevia@elchtec.de<\/b><\/p>\t\t\t\t\t<\/div>\n\t\t\t\t\t\t<\/div>\n\t\t\t\t<\/div>\n\t\t\t\t\t\t<\/div>\n\t\t\t\t\t<\/div>\n\t\t<\/div>\n\t\t\t\t\t\t\t\t<\/div>\n\t\t\t\t\t<\/div>\n\t\t<\/section>\n\t\t\t\t<section class=\"elementor-section elementor-top-section elementor-element elementor-element-97965f1 elementor-section-boxed elementor-section-height-default elementor-section-height-default\" data-id=\"97965f1\" data-element_type=\"section\">\n\t\t\t\t\t\t<div class=\"elementor-container elementor-column-gap-default\">\n\t\t\t\t\t\t\t<div class=\"elementor-row\">\n\t\t\t\t\t<div class=\"aux-parallax-section elementor-column elementor-col-100 elementor-top-column elementor-element elementor-element-b024f49\" data-id=\"b024f49\" data-element_type=\"column\">\n\t\t\t<div class=\"elementor-column-wrap elementor-element-populated\">\n\t\t\t\t\t\t\t<div class=\"elementor-widget-wrap\">\n\t\t\t\t\t\t<div class=\"elementor-element elementor-element-ade3993 elementor-widget elementor-widget-image\" data-id=\"ade3993\" data-element_type=\"widget\" data-widget_type=\"image.default\">\n\t\t\t\t<div class=\"elementor-widget-container\">\n\t\t\t\t\t\t\t\t<div class=\"elementor-image\">\n\t\t\t\t\t\t\t\t\t\t\t\t<img decoding=\"async\" src=\"https:\/\/elchtec.de\/kinevia\/wp-content\/uploads\/elementor\/thumbs\/KINTEC-reha-presented-by-Elchtec-Lindlar-Deutschland-Fachgrosshandel-Sanitaets-und-Rehaprodukte-pbjr63x2oseky2drrs2f3bibxhsjf8b2xab95wzjdc.png\" title=\"KINTEC-reha-presented-by-Elchtec-Lindlar-Deutschland-Fachgrosshandel-Sanitaets-und-Rehaprodukte\" alt=\"KINTEC-reha-presented-by-Elchtec-Lindlar-Deutschland-Fachgrosshandel-Sanitaets-und-Rehaprodukte\" loading=\"lazy\" \/>\t\t\t\t\t\t\t\t\t\t\t\t\t\t<\/div>\n\t\t\t\t\t\t<\/div>\n\t\t\t\t<\/div>\n\t\t\t\t\t\t<\/div>\n\t\t\t\t\t<\/div>\n\t\t<\/div>\n\t\t\t\t\t\t\t\t<\/div>\n\t\t\t\t\t<\/div>\n\t\t<\/section>\n\t\t\t\t\t\t\t\t\t<\/div>\n\t\t\t<\/div>\n\t\t\t\t\t<\/div>\n\t\t","protected":false},"excerpt":{"rendered":"<p>WIE BEKOMME ICH MEINEN KINEVIA DAS WIE&#8230;IST ENTSCHEIDENT! Alle Bewegungstherapieger\u00e4te der Marke Kinevia sind laut dem deutschen Hilfsmittelverzeichnis von den gesetzlichen Krankenkassen als Hilfsmittel anerkannt. Somit kann Ihnen,\u00a0 je nach Indikation ein Kinevia \u00e4rztlich verordnet werden .Voraussetzungen dazu sollten sein : Als Hilfsmittel z. B. bei neurologischen oder neuromuskul\u00e4ren Erkrankungen erg\u00e4nzt um weitgehender Einschr\u00e4nkung der [&hellip;]<\/p>\n","protected":false},"author":2,"featured_media":0,"parent":0,"menu_order":0,"comment_status":"closed","ping_status":"closed","template":"","meta":{"footnotes":""},"class_list":["post-131","page","type-page","status-publish","hentry"],"_links":{"self":[{"href":"https:\/\/elchtec.de\/kinevia\/wp-json\/wp\/v2\/pages\/131","targetHints":{"allow":["GET"]}}],"collection":[{"href":"https:\/\/elchtec.de\/kinevia\/wp-json\/wp\/v2\/pages"}],"about":[{"href":"https:\/\/elchtec.de\/kinevia\/wp-json\/wp\/v2\/types\/page"}],"author":[{"embeddable":true,"href":"https:\/\/elchtec.de\/kinevia\/wp-json\/wp\/v2\/users\/2"}],"replies":[{"embeddable":true,"href":"https:\/\/elchtec.de\/kinevia\/wp-json\/wp\/v2\/comments?post=131"}],"version-history":[{"count":82,"href":"https:\/\/elchtec.de\/kinevia\/wp-json\/wp\/v2\/pages\/131\/revisions"}],"predecessor-version":[{"id":1059,"href":"https:\/\/elchtec.de\/kinevia\/wp-json\/wp\/v2\/pages\/131\/revisions\/1059"}],"wp:attachment":[{"href":"https:\/\/elchtec.de\/kinevia\/wp-json\/wp\/v2\/media?parent=131"}],"curies":[{"name":"wp","href":"https:\/\/api.w.org\/{rel}","templated":true}]}}