{"id":1137,"date":"2024-09-20T18:06:44","date_gmt":"2024-09-20T16:06:44","guid":{"rendered":"https:\/\/elchtec.de\/alvema\/?page_id=1137"},"modified":"2025-03-06T10:43:51","modified_gmt":"2025-03-06T09:43:51","slug":"hd-motion","status":"publish","type":"page","link":"https:\/\/elchtec.de\/hd-rehab\/hd-motion\/","title":{"rendered":"HD MOTION Kids"},"content":{"rendered":"\t\t<div data-elementor-type=\"wp-page\" data-elementor-id=\"1137\" class=\"elementor elementor-1137\">\n\t\t\t\t\t\t<section class=\"elementor-section elementor-top-section elementor-element elementor-element-7ba4343 elementor-section-height-min-height elementor-section-items-top elementor-hidden-mobile elementor-section-boxed elementor-section-height-default\" data-id=\"7ba4343\" data-element_type=\"section\" data-settings=\"{&quot;background_background&quot;:&quot;classic&quot;}\">\n\t\t\t\t\t\t\t<div class=\"elementor-background-overlay\"><\/div>\n\t\t\t\t\t\t\t<div class=\"elementor-container elementor-column-gap-no\">\n\t\t\t\t\t<div class=\"aux-parallax-section elementor-column elementor-col-100 elementor-top-column elementor-element elementor-element-82c9b88\" data-id=\"82c9b88\" data-element_type=\"column\">\n\t\t\t<div class=\"elementor-widget-wrap\">\n\t\t\t\t\t\t\t<\/div>\n\t\t<\/div>\n\t\t\t\t\t<\/div>\n\t\t<\/section>\n\t\t\t\t<section class=\"elementor-section elementor-top-section elementor-element elementor-element-686ea9c elementor-section-full_width elementor-hidden-desktop elementor-hidden-tablet elementor-section-height-default elementor-section-height-default\" data-id=\"686ea9c\" data-element_type=\"section\">\n\t\t\t\t\t\t<div class=\"elementor-container elementor-column-gap-no\">\n\t\t\t\t\t<div class=\"aux-parallax-section elementor-column elementor-col-100 elementor-top-column elementor-element elementor-element-992e6a0\" data-id=\"992e6a0\" data-element_type=\"column\">\n\t\t\t<div class=\"elementor-widget-wrap elementor-element-populated\">\n\t\t\t\t\t\t<div class=\"elementor-element elementor-element-9a2891f elementor-widget elementor-widget-image\" data-id=\"9a2891f\" data-element_type=\"widget\" data-widget_type=\"image.default\">\n\t\t\t\t<div class=\"elementor-widget-container\">\n\t\t\t\t\t\t\t\t\t\t\t\t\t<img decoding=\"async\" src=\"https:\/\/elchtec.de\/hd-rehab\/wp-content\/uploads\/2024\/12\/Header_MOBILE__hd-motion.jpg\" title=\"Header_MOBILE__hd-motion\" alt=\"Header_MOBILE__hd-motion\" loading=\"lazy\" \/>\t\t\t\t\t\t\t\t\t\t\t\t\t<\/div>\n\t\t\t\t<\/div>\n\t\t\t\t<div class=\"elementor-element elementor-element-042af92 elementor-widget elementor-widget-spacer\" data-id=\"042af92\" data-element_type=\"widget\" data-widget_type=\"spacer.default\">\n\t\t\t\t<div class=\"elementor-widget-container\">\n\t\t\t\t\t<div class=\"elementor-spacer\">\n\t\t\t<div class=\"elementor-spacer-inner\"><\/div>\n\t\t<\/div>\n\t\t\t\t<\/div>\n\t\t\t\t<\/div>\n\t\t\t\t\t<\/div>\n\t\t<\/div>\n\t\t\t\t\t<\/div>\n\t\t<\/section>\n\t\t\t\t<section class=\"elementor-section elementor-top-section elementor-element elementor-element-2efe5c8 elementor-section-boxed elementor-section-height-default elementor-section-height-default\" data-id=\"2efe5c8\" data-element_type=\"section\" id=\"sevice\">\n\t\t\t\t\t\t<div class=\"elementor-container elementor-column-gap-no\">\n\t\t\t\t\t<div class=\"aux-parallax-section elementor-column elementor-col-100 elementor-top-column elementor-element elementor-element-51a5550\" data-id=\"51a5550\" data-element_type=\"column\">\n\t\t\t<div class=\"elementor-widget-wrap elementor-element-populated\">\n\t\t\t\t\t\t<div class=\"elementor-element elementor-element-7095238 elementor-widget elementor-widget-spacer\" data-id=\"7095238\" data-element_type=\"widget\" data-widget_type=\"spacer.default\">\n\t\t\t\t<div class=\"elementor-widget-container\">\n\t\t\t\t\t<div class=\"elementor-spacer\">\n\t\t\t<div class=\"elementor-spacer-inner\"><\/div>\n\t\t<\/div>\n\t\t\t\t<\/div>\n\t\t\t\t<\/div>\n\t\t\t\t<div class=\"elementor-element elementor-element-a6024ee aux-appear-watch-animation aux-fade-in-up elementor-widget elementor-widget-aux_modern_heading\" data-id=\"a6024ee\" data-element_type=\"widget\" data-widget_type=\"aux_modern_heading.default\">\n\t\t\t\t<div class=\"elementor-widget-container\">\n\t\t\t<section class=\"aux-widget-modern-heading\">\n            <div class=\"aux-widget-inner\"><h5 class=\"aux-modern-heading-primary\">HD MOTION<\/h5><div class=\"aux-modern-heading-description\"><p>HD Motion ist ein v\u00f6llig neuer Komfortrollstuhl f\u00fcr Kinder und Jugendliche und ihre individuellen Bed\u00fcrfnisse.<\/p><p>Mit zwei Fahrgestellbreiten, zwei Fahrgestelll\u00e4ngen und vielen praktische Anpassungen kann der HD Motion sich problemlos an verschiedene K\u00f6rpertypen und -gr\u00f6\u00dfen anpassen.<\/p><p>HD Motion ist f\u00fcr einen aktiven Lebensstil konzipiert und meistert die t\u00e4glichen Herausforderungen sowohl drinnen als auch drau\u00dfen.<\/p><p>.<\/p><\/div><\/div>\n        <\/section>\t\t<\/div>\n\t\t\t\t<\/div>\n\t\t\t\t<div class=\"elementor-element elementor-element-9aecaca elementor-widget elementor-widget-spacer\" data-id=\"9aecaca\" data-element_type=\"widget\" data-widget_type=\"spacer.default\">\n\t\t\t\t<div class=\"elementor-widget-container\">\n\t\t\t\t\t<div class=\"elementor-spacer\">\n\t\t\t<div class=\"elementor-spacer-inner\"><\/div>\n\t\t<\/div>\n\t\t\t\t<\/div>\n\t\t\t\t<\/div>\n\t\t\t\t<div class=\"elementor-element elementor-element-4998a06 elementor-widget elementor-widget-spacer\" data-id=\"4998a06\" data-element_type=\"widget\" data-widget_type=\"spacer.default\">\n\t\t\t\t<div class=\"elementor-widget-container\">\n\t\t\t\t\t<div class=\"elementor-spacer\">\n\t\t\t<div class=\"elementor-spacer-inner\"><\/div>\n\t\t<\/div>\n\t\t\t\t<\/div>\n\t\t\t\t<\/div>\n\t\t\t\t<section class=\"elementor-section elementor-inner-section elementor-element elementor-element-d599939 elementor-section-boxed elementor-section-height-default elementor-section-height-default\" data-id=\"d599939\" data-element_type=\"section\">\n\t\t\t\t\t\t<div class=\"elementor-container elementor-column-gap-default\">\n\t\t\t\t\t<div class=\"aux-parallax-section elementor-column elementor-col-33 elementor-inner-column elementor-element elementor-element-22a7b76\" data-id=\"22a7b76\" data-element_type=\"column\">\n\t\t\t<div class=\"elementor-widget-wrap\">\n\t\t\t\t\t\t\t<\/div>\n\t\t<\/div>\n\t\t\t\t<div class=\"aux-parallax-section elementor-column elementor-col-33 elementor-inner-column elementor-element elementor-element-e366900\" data-id=\"e366900\" data-element_type=\"column\">\n\t\t\t<div class=\"elementor-widget-wrap elementor-element-populated\">\n\t\t\t\t\t\t<div class=\"elementor-element elementor-element-0f7c2a6 elementor-widget__width-initial elementor-widget elementor-widget-image\" data-id=\"0f7c2a6\" data-element_type=\"widget\" data-widget_type=\"image.default\">\n\t\t\t\t<div class=\"elementor-widget-container\">\n\t\t\t\t\t\t\t\t\t\t\t\t\t<img fetchpriority=\"high\" decoding=\"async\" width=\"636\" height=\"148\" src=\"https:\/\/elchtec.de\/hd-rehab\/wp-content\/uploads\/2024\/09\/HD-Motion-Logo-2.jpg\" class=\"attachment-large size-large wp-image-1163\" alt=\"\" srcset=\"https:\/\/elchtec.de\/hd-rehab\/wp-content\/uploads\/2024\/09\/HD-Motion-Logo-2.jpg 636w, https:\/\/elchtec.de\/hd-rehab\/wp-content\/uploads\/2024\/09\/HD-Motion-Logo-2-200x47.jpg 200w\" sizes=\"(max-width: 636px) 100vw, 636px\" \/>\t\t\t\t\t\t\t\t\t\t\t\t\t<\/div>\n\t\t\t\t<\/div>\n\t\t\t\t\t<\/div>\n\t\t<\/div>\n\t\t\t\t<div class=\"aux-parallax-section elementor-column elementor-col-33 elementor-inner-column elementor-element elementor-element-ccea4c5\" data-id=\"ccea4c5\" data-element_type=\"column\">\n\t\t\t<div class=\"elementor-widget-wrap\">\n\t\t\t\t\t\t\t<\/div>\n\t\t<\/div>\n\t\t\t\t\t<\/div>\n\t\t<\/section>\n\t\t\t\t<section class=\"elementor-section elementor-inner-section elementor-element elementor-element-8d327d2 elementor-section-boxed elementor-section-height-default elementor-section-height-default\" data-id=\"8d327d2\" data-element_type=\"section\">\n\t\t\t\t\t\t<div class=\"elementor-container elementor-column-gap-default\">\n\t\t\t\t\t<div class=\"aux-parallax-section elementor-column elementor-col-33 elementor-inner-column elementor-element elementor-element-4c83484\" data-id=\"4c83484\" data-element_type=\"column\">\n\t\t\t<div class=\"elementor-widget-wrap\">\n\t\t\t\t\t\t\t<\/div>\n\t\t<\/div>\n\t\t\t\t<div class=\"aux-parallax-section elementor-column elementor-col-33 elementor-inner-column elementor-element elementor-element-4422ac9\" data-id=\"4422ac9\" data-element_type=\"column\">\n\t\t\t<div class=\"elementor-widget-wrap elementor-element-populated\">\n\t\t\t\t\t\t<div class=\"elementor-element elementor-element-b87d28e elementor-widget elementor-widget-text-editor\" data-id=\"b87d28e\" data-element_type=\"widget\" data-widget_type=\"text-editor.default\">\n\t\t\t\t<div class=\"elementor-widget-container\">\n\t\t\t\t\t\t\t<p style=\"text-align: center;\"><span style=\"color: #ff6600;\">presented by<\/span><\/p>\t\t\t\t\t\t<\/div>\n\t\t\t\t<\/div>\n\t\t\t\t<div class=\"elementor-element elementor-element-5dc9933 elementor-widget elementor-widget-image\" data-id=\"5dc9933\" data-element_type=\"widget\" data-widget_type=\"image.default\">\n\t\t\t\t<div class=\"elementor-widget-container\">\n\t\t\t\t\t\t\t\t\t\t\t\t\t<img decoding=\"async\" width=\"240\" height=\"70\" src=\"https:\/\/elchtec.de\/hd-rehab\/wp-content\/uploads\/2024\/09\/ELCHTEC_Fachhandelspartner-fuer-Euroflex-Elektrorollstuehle-und-Arbeitsstuehle-in-Deutschland.png\" class=\"attachment-large size-large wp-image-1120\" alt=\"\" srcset=\"https:\/\/elchtec.de\/hd-rehab\/wp-content\/uploads\/2024\/09\/ELCHTEC_Fachhandelspartner-fuer-Euroflex-Elektrorollstuehle-und-Arbeitsstuehle-in-Deutschland.png 240w, https:\/\/elchtec.de\/hd-rehab\/wp-content\/uploads\/2024\/09\/ELCHTEC_Fachhandelspartner-fuer-Euroflex-Elektrorollstuehle-und-Arbeitsstuehle-in-Deutschland-200x58.png 200w\" sizes=\"(max-width: 240px) 100vw, 240px\" \/>\t\t\t\t\t\t\t\t\t\t\t\t\t<\/div>\n\t\t\t\t<\/div>\n\t\t\t\t\t<\/div>\n\t\t<\/div>\n\t\t\t\t<div class=\"aux-parallax-section elementor-column elementor-col-33 elementor-inner-column elementor-element elementor-element-50d1ce4\" data-id=\"50d1ce4\" data-element_type=\"column\">\n\t\t\t<div class=\"elementor-widget-wrap\">\n\t\t\t\t\t\t\t<\/div>\n\t\t<\/div>\n\t\t\t\t\t<\/div>\n\t\t<\/section>\n\t\t\t\t<div class=\"elementor-element elementor-element-8ac49ee aux-appear-watch-animation aux-fade-in-up elementor-widget elementor-widget-aux_modern_heading\" data-id=\"8ac49ee\" data-element_type=\"widget\" data-widget_type=\"aux_modern_heading.default\">\n\t\t\t\t<div class=\"elementor-widget-container\">\n\t\t\t<section class=\"aux-widget-modern-heading\">\n            <div class=\"aux-widget-inner\"><h5 class=\"aux-modern-heading-primary\"><\/h5><div class=\"aux-modern-heading-description\"><p>Der in Schweden entwickelt und dort gebaute HD-Motion ist ein erstklassiger Rollstuhl mit neigbarer Sitzf\u00e4che und R\u00fcckenlehen, der gleichsam den Anforderungen der Kinder und Jugendlichen und den betreuenden Begleitern gerecht wird. Dauerhafte Pr\u00e4zision und h\u00f6chste Standfestigkeit werden durch die Verwendung bester Qualit\u00e4t aller Teile und h\u00f6chste Standfestigkeitswerte erzielt. Der HD Motion verf\u00fcgt f\u00fcr die individuelle Anpassung und Zubeh\u00f6r.<\/p><\/div><\/div>\n        <\/section>\t\t<\/div>\n\t\t\t\t<\/div>\n\t\t\t\t\t<\/div>\n\t\t<\/div>\n\t\t\t\t\t<\/div>\n\t\t<\/section>\n\t\t\t\t<section class=\"elementor-section elementor-top-section elementor-element elementor-element-01752f9 elementor-section-height-min-height elementor-section-items-top elementor-section-boxed elementor-section-height-default\" data-id=\"01752f9\" data-element_type=\"section\" data-settings=\"{&quot;background_background&quot;:&quot;classic&quot;}\">\n\t\t\t\t\t\t\t<div class=\"elementor-background-overlay\"><\/div>\n\t\t\t\t\t\t\t<div class=\"elementor-container elementor-column-gap-no\">\n\t\t\t\t\t<div class=\"aux-parallax-section elementor-column elementor-col-100 elementor-top-column elementor-element elementor-element-72d5389\" data-id=\"72d5389\" data-element_type=\"column\">\n\t\t\t<div class=\"elementor-widget-wrap elementor-element-populated\">\n\t\t\t\t\t\t<div class=\"elementor-element elementor-element-c1a67fb elementor-hidden-phone animated-slow elementor-invisible elementor-widget elementor-widget-aux_image\" data-id=\"c1a67fb\" data-element_type=\"widget\" data-settings=\"{&quot;_animation&quot;:&quot;zoomInRight&quot;}\" data-widget_type=\"aux_image.default\">\n\t\t\t\t<div class=\"elementor-widget-container\">\n\t\t\t<section class=\"widget-container aux-widget-image aux-alignnone aux-parent-aub14e42e7\">\n    <div class=\"aux-media-hint-frame \">\n        <div class=\"aux-media-image \" >\n        \n            \n\n            \n            <img decoding=\"async\" width=\"1308\" height=\"305\" src=\"data:image\/gif;base64,R0lGODlhAQABAIAAAAAAAP\/\/\/yH5BAEAAAAALAAAAAABAAEAAAIBRAA7\" class=\"aux-attachment aux-featured-image aux-attachment-id-1166 aux-preload aux-blank\" alt=\"HD-Motion-Logo__transparent\" data-ratio=\"4.29\" data-original-w=\"1308\" data-src=\"https:\/\/elchtec.de\/hd-rehab\/wp-content\/uploads\/2024\/09\/HD-Motion-Logo__transparent.png\" \/>            \n                <\/div>\n    <\/div>\n\n<\/section><!-- widget-container -->\t\t<\/div>\n\t\t\t\t<\/div>\n\t\t\t\t<div class=\"elementor-element elementor-element-96b1fbe animated-slow elementor-invisible elementor-widget elementor-widget-image\" data-id=\"96b1fbe\" data-element_type=\"widget\" data-settings=\"{&quot;_animation&quot;:&quot;zoomIn&quot;}\" data-widget_type=\"image.default\">\n\t\t\t\t<div class=\"elementor-widget-container\">\n\t\t\t\t\t\t\t\t\t\t\t\t\t<img loading=\"lazy\" decoding=\"async\" width=\"1191\" height=\"842\" src=\"https:\/\/elchtec.de\/hd-rehab\/wp-content\/uploads\/2024\/09\/HD-Motion-Prospekt-web-27-jun-24-2.jpg\" class=\"attachment-full size-full wp-image-1164\" alt=\"\" srcset=\"https:\/\/elchtec.de\/hd-rehab\/wp-content\/uploads\/2024\/09\/HD-Motion-Prospekt-web-27-jun-24-2.jpg 1191w, https:\/\/elchtec.de\/hd-rehab\/wp-content\/uploads\/2024\/09\/HD-Motion-Prospekt-web-27-jun-24-2-200x141.jpg 200w\" sizes=\"(max-width: 1191px) 100vw, 1191px\" \/>\t\t\t\t\t\t\t\t\t\t\t\t\t<\/div>\n\t\t\t\t<\/div>\n\t\t\t\t\t<\/div>\n\t\t<\/div>\n\t\t\t\t\t<\/div>\n\t\t<\/section>\n\t\t\t\t<section class=\"elementor-section elementor-top-section elementor-element elementor-element-5ca6251 elementor-section-boxed elementor-section-height-default elementor-section-height-default\" data-id=\"5ca6251\" data-element_type=\"section\" data-settings=\"{&quot;background_background&quot;:&quot;classic&quot;}\">\n\t\t\t\t\t\t<div class=\"elementor-container elementor-column-gap-default\">\n\t\t\t\t\t<div class=\"aux-parallax-section elementor-column elementor-col-100 elementor-top-column elementor-element elementor-element-9a4efc6\" data-id=\"9a4efc6\" data-element_type=\"column\">\n\t\t\t<div class=\"elementor-widget-wrap elementor-element-populated\">\n\t\t\t\t\t\t<div class=\"elementor-element elementor-element-852ddd8 aux-appear-watch-animation aux-fade-in-up elementor-widget elementor-widget-aux_modern_heading\" data-id=\"852ddd8\" data-element_type=\"widget\" data-widget_type=\"aux_modern_heading.default\">\n\t\t\t\t<div class=\"elementor-widget-container\">\n\t\t\t<section class=\"aux-widget-modern-heading\">\n            <div class=\"aux-widget-inner\"><h5 class=\"aux-modern-heading-primary\">ZUBEH\u00d6R<\/h5><div class=\"aux-modern-heading-description\"><p>Aus der Vielzahl an m\u00f6glichem Zubeh\u00f6r sind einige hier beschrieben. <\/p><\/div><\/div>\n        <\/section>\t\t<\/div>\n\t\t\t\t<\/div>\n\t\t\t\t<div class=\"elementor-element elementor-element-c6e2590 elementor-hidden-phone animated-slow elementor-invisible elementor-widget elementor-widget-aux_image\" data-id=\"c6e2590\" data-element_type=\"widget\" data-settings=\"{&quot;_animation&quot;:&quot;zoomInRight&quot;}\" data-widget_type=\"aux_image.default\">\n\t\t\t\t<div class=\"elementor-widget-container\">\n\t\t\t<section class=\"widget-container aux-widget-image aux-alignnone aux-parent-au24e60792\">\n    <div class=\"aux-media-hint-frame \">\n        <div class=\"aux-media-image \" >\n        \n            \n\n            \n            <img loading=\"lazy\" decoding=\"async\" width=\"1500\" height=\"479\" src=\"data:image\/gif;base64,R0lGODlhAQABAIAAAAAAAP\/\/\/yH5BAEAAAAALAAAAAABAAEAAAIBRAA7\" class=\"aux-attachment aux-featured-image aux-attachment-id-1124 aux-preload aux-blank\" alt=\"HD-REHAB___Logo_Deko2\" data-ratio=\"3.13\" data-original-w=\"1500\" data-src=\"https:\/\/elchtec.de\/hd-rehab\/wp-content\/uploads\/2024\/09\/HD-REHAB___Logo_Deko2.png\" \/>            \n                <\/div>\n    <\/div>\n\n<\/section><!-- widget-container -->\t\t<\/div>\n\t\t\t\t<\/div>\n\t\t\t\t<div class=\"elementor-element elementor-element-fb04acf elementor-widget elementor-widget-spacer\" data-id=\"fb04acf\" data-element_type=\"widget\" data-widget_type=\"spacer.default\">\n\t\t\t\t<div class=\"elementor-widget-container\">\n\t\t\t\t\t<div class=\"elementor-spacer\">\n\t\t\t<div class=\"elementor-spacer-inner\"><\/div>\n\t\t<\/div>\n\t\t\t\t<\/div>\n\t\t\t\t<\/div>\n\t\t\t\t<section class=\"elementor-section elementor-inner-section elementor-element elementor-element-b4f3768 elementor-section-boxed elementor-section-height-default elementor-section-height-default\" data-id=\"b4f3768\" data-element_type=\"section\">\n\t\t\t\t\t\t<div class=\"elementor-container elementor-column-gap-default\">\n\t\t\t\t\t<div class=\"aux-parallax-section elementor-column elementor-col-100 elementor-inner-column elementor-element elementor-element-3af4ba5\" data-id=\"3af4ba5\" data-element_type=\"column\">\n\t\t\t<div class=\"elementor-widget-wrap elementor-element-populated\">\n\t\t\t\t\t\t<div class=\"elementor-element elementor-element-be56073 elementor-widget elementor-widget-image\" data-id=\"be56073\" data-element_type=\"widget\" data-widget_type=\"image.default\">\n\t\t\t\t<div class=\"elementor-widget-container\">\n\t\t\t\t\t\t\t\t\t\t\t\t\t<img decoding=\"async\" src=\"https:\/\/elchtec.de\/hd-rehab\/wp-content\/uploads\/2024\/09\/HD-Motion-Zubehoer.jpg\" title=\"HD-Motion-Zubehoer\" alt=\"HD-Motion-Zubehoer\" loading=\"lazy\" \/>\t\t\t\t\t\t\t\t\t\t\t\t\t<\/div>\n\t\t\t\t<\/div>\n\t\t\t\t\t<\/div>\n\t\t<\/div>\n\t\t\t\t\t<\/div>\n\t\t<\/section>\n\t\t\t\t<div class=\"elementor-element elementor-element-1d6be09 elementor-widget elementor-widget-spacer\" data-id=\"1d6be09\" data-element_type=\"widget\" data-widget_type=\"spacer.default\">\n\t\t\t\t<div class=\"elementor-widget-container\">\n\t\t\t\t\t<div class=\"elementor-spacer\">\n\t\t\t<div class=\"elementor-spacer-inner\"><\/div>\n\t\t<\/div>\n\t\t\t\t<\/div>\n\t\t\t\t<\/div>\n\t\t\t\t<div class=\"elementor-element elementor-element-4632325 elementor-widget elementor-widget-spacer\" data-id=\"4632325\" data-element_type=\"widget\" data-widget_type=\"spacer.default\">\n\t\t\t\t<div class=\"elementor-widget-container\">\n\t\t\t\t\t<div class=\"elementor-spacer\">\n\t\t\t<div class=\"elementor-spacer-inner\"><\/div>\n\t\t<\/div>\n\t\t\t\t<\/div>\n\t\t\t\t<\/div>\n\t\t\t\t\t<\/div>\n\t\t<\/div>\n\t\t\t\t\t<\/div>\n\t\t<\/section>\n\t\t\t\t<section class=\"elementor-section elementor-top-section elementor-element elementor-element-351b296 elementor-section-content-middle elementor-reverse-mobile elementor-section-boxed elementor-section-height-default elementor-section-height-default\" data-id=\"351b296\" data-element_type=\"section\">\n\t\t\t\t\t\t<div class=\"elementor-container elementor-column-gap-no\">\n\t\t\t\t\t<div class=\"aux-parallax-section elementor-column elementor-col-50 elementor-top-column elementor-element elementor-element-73366ca\" data-id=\"73366ca\" data-element_type=\"column\">\n\t\t\t<div class=\"elementor-widget-wrap elementor-element-populated\">\n\t\t\t\t\t\t<div class=\"elementor-element elementor-element-4cb13bc elementor-widget elementor-widget-aux_modern_heading\" data-id=\"4cb13bc\" data-element_type=\"widget\" data-widget_type=\"aux_modern_heading.default\">\n\t\t\t\t<div class=\"elementor-widget-container\">\n\t\t\t<section class=\"aux-widget-modern-heading\">\n            <div class=\"aux-widget-inner\"><h5 class=\"aux-modern-heading-primary\">Unsere Arbeit<\/h5><div class=\"aux-modern-heading-description\"><p>Die Produktentwicklung, Konstruktion und Herstellung erfolgt ausschlie\u00dflich an unserem Standort auf Liding\u00f6. Ob Anwender, Angeh\u00f6riger oder Betreuer: Ihre W\u00fcnsche und Anregungen sind uns stets willkommen. Bei uns arbeiten Konstrukteure und Entwickler eng und in unmittelbarer Nachbarschaft mit der Produktion zusammen. Aufgrund ihrer Fachkompetenz, ihrer Erfahrung und ihres Einfallsreichtums finden unsere Mitarbeiter passende L\u00f6sungen f\u00fcr die individuellen Bed\u00fcrfnisse eines jeden Menschen.<\/p><\/div><\/div>\n        <\/section>\t\t<\/div>\n\t\t\t\t<\/div>\n\t\t\t\t\t<\/div>\n\t\t<\/div>\n\t\t\t\t<div class=\"aux-parallax-section elementor-column elementor-col-50 elementor-top-column elementor-element elementor-element-f096666\" data-id=\"f096666\" data-element_type=\"column\">\n\t\t\t<div class=\"elementor-widget-wrap elementor-element-populated\">\n\t\t\t\t\t\t<div class=\"elementor-element elementor-element-655f759 elementor-widget elementor-widget-image\" data-id=\"655f759\" data-element_type=\"widget\" data-widget_type=\"image.default\">\n\t\t\t\t<div class=\"elementor-widget-container\">\n\t\t\t\t\t\t\t\t\t\t\t\t\t<img loading=\"lazy\" decoding=\"async\" width=\"1024\" height=\"299\" src=\"https:\/\/elchtec.de\/hd-rehab\/wp-content\/uploads\/2024\/09\/wir-1024x299.jpg\" class=\"attachment-large size-large wp-image-1098\" alt=\"\" srcset=\"https:\/\/elchtec.de\/hd-rehab\/wp-content\/uploads\/2024\/09\/wir-1024x299.jpg 1024w, https:\/\/elchtec.de\/hd-rehab\/wp-content\/uploads\/2024\/09\/wir-200x58.jpg 200w\" sizes=\"(max-width: 1024px) 100vw, 1024px\" \/>\t\t\t\t\t\t\t\t\t\t\t\t\t<\/div>\n\t\t\t\t<\/div>\n\t\t\t\t\t<\/div>\n\t\t<\/div>\n\t\t\t\t\t<\/div>\n\t\t<\/section>\n\t\t\t\t<section class=\"elementor-section elementor-top-section elementor-element elementor-element-5bc0daf elementor-section-boxed elementor-section-height-default elementor-section-height-default\" data-id=\"5bc0daf\" data-element_type=\"section\">\n\t\t\t\t\t\t<div class=\"elementor-container elementor-column-gap-default\">\n\t\t\t\t\t<div class=\"aux-parallax-section elementor-column elementor-col-100 elementor-top-column elementor-element elementor-element-cee1534\" data-id=\"cee1534\" data-element_type=\"column\">\n\t\t\t<div class=\"elementor-widget-wrap elementor-element-populated\">\n\t\t\t\t\t\t<section class=\"elementor-section elementor-inner-section elementor-element elementor-element-d453f2d elementor-section-boxed elementor-section-height-default elementor-section-height-default\" data-id=\"d453f2d\" data-element_type=\"section\">\n\t\t\t\t\t\t<div class=\"elementor-container elementor-column-gap-default\">\n\t\t\t\t\t<div class=\"aux-parallax-section elementor-column elementor-col-50 elementor-inner-column elementor-element elementor-element-127d111\" data-id=\"127d111\" data-element_type=\"column\">\n\t\t\t<div class=\"elementor-widget-wrap\">\n\t\t\t\t\t\t\t<\/div>\n\t\t<\/div>\n\t\t\t\t<div class=\"aux-parallax-section elementor-column elementor-col-50 elementor-inner-column elementor-element elementor-element-7791159\" data-id=\"7791159\" data-element_type=\"column\">\n\t\t\t<div class=\"elementor-widget-wrap\">\n\t\t\t\t\t\t\t<\/div>\n\t\t<\/div>\n\t\t\t\t\t<\/div>\n\t\t<\/section>\n\t\t\t\t\t<\/div>\n\t\t<\/div>\n\t\t\t\t\t<\/div>\n\t\t<\/section>\n\t\t\t\t<section class=\"elementor-section elementor-top-section elementor-element elementor-element-2716cc6 elementor-section-boxed elementor-section-height-default elementor-section-height-default\" data-id=\"2716cc6\" data-element_type=\"section\">\n\t\t\t\t\t\t<div class=\"elementor-container elementor-column-gap-default\">\n\t\t\t\t\t<div class=\"aux-parallax-section elementor-column elementor-col-100 elementor-top-column elementor-element elementor-element-cc2c321\" data-id=\"cc2c321\" data-element_type=\"column\">\n\t\t\t<div class=\"elementor-widget-wrap elementor-element-populated\">\n\t\t\t\t\t\t<div class=\"elementor-element elementor-element-f8666b5 aux-appear-watch-animation aux-fade-in-up elementor-widget elementor-widget-aux_modern_heading\" data-id=\"f8666b5\" data-element_type=\"widget\" data-widget_type=\"aux_modern_heading.default\">\n\t\t\t\t<div class=\"elementor-widget-container\">\n\t\t\t<section class=\"aux-widget-modern-heading\">\n            <div class=\"aux-widget-inner\"><h5 class=\"aux-modern-heading-primary\">Wir verhelfen Kindern zu mehr Lebensqualit\u00e4t!<\/h5><\/div>\n        <\/section>\t\t<\/div>\n\t\t\t\t<\/div>\n\t\t\t\t\t<\/div>\n\t\t<\/div>\n\t\t\t\t\t<\/div>\n\t\t<\/section>\n\t\t\t\t<\/div>\n\t\t","protected":false},"excerpt":{"rendered":"<p>HD MOTION HD Motion ist ein v\u00f6llig neuer Komfortrollstuhl f\u00fcr Kinder und Jugendliche und ihre individuellen Bed\u00fcrfnisse. Mit zwei Fahrgestellbreiten, zwei Fahrgestelll\u00e4ngen und vielen praktische Anpassungen kann der HD Motion sich problemlos an verschiedene K\u00f6rpertypen und -gr\u00f6\u00dfen anpassen. HD Motion ist f\u00fcr einen aktiven Lebensstil konzipiert und meistert die t\u00e4glichen Herausforderungen sowohl drinnen als auch [&hellip;]<\/p>\n","protected":false},"author":2,"featured_media":0,"parent":0,"menu_order":0,"comment_status":"closed","ping_status":"closed","template":"templates\/page-builder-content.php","meta":{"footnotes":""},"class_list":["post-1137","page","type-page","status-publish","hentry"],"_links":{"self":[{"href":"https:\/\/elchtec.de\/hd-rehab\/wp-json\/wp\/v2\/pages\/1137","targetHints":{"allow":["GET"]}}],"collection":[{"href":"https:\/\/elchtec.de\/hd-rehab\/wp-json\/wp\/v2\/pages"}],"about":[{"href":"https:\/\/elchtec.de\/hd-rehab\/wp-json\/wp\/v2\/types\/page"}],"author":[{"embeddable":true,"href":"https:\/\/elchtec.de\/hd-rehab\/wp-json\/wp\/v2\/users\/2"}],"replies":[{"embeddable":true,"href":"https:\/\/elchtec.de\/hd-rehab\/wp-json\/wp\/v2\/comments?post=1137"}],"version-history":[{"count":20,"href":"https:\/\/elchtec.de\/hd-rehab\/wp-json\/wp\/v2\/pages\/1137\/revisions"}],"predecessor-version":[{"id":1286,"href":"https:\/\/elchtec.de\/hd-rehab\/wp-json\/wp\/v2\/pages\/1137\/revisions\/1286"}],"wp:attachment":[{"href":"https:\/\/elchtec.de\/hd-rehab\/wp-json\/wp\/v2\/media?parent=1137"}],"curies":[{"name":"wp","href":"https:\/\/api.w.org\/{rel}","templated":true}]}}