{"id":655,"date":"2021-06-01T13:33:12","date_gmt":"2021-06-01T11:33:12","guid":{"rendered":"http:\/\/elchtec.de\/euroflex\/?page_id=655"},"modified":"2021-06-05T15:19:22","modified_gmt":"2021-06-05T13:19:22","slug":"abc-arbeitsstuhl","status":"publish","type":"page","link":"https:\/\/elchtec.de\/euroflex\/abc-arbeitsstuhl\/","title":{"rendered":"ABC Arbeitsstuhl"},"content":{"rendered":"\t\t<div data-elementor-type=\"wp-page\" data-elementor-id=\"655\" class=\"elementor elementor-655\">\n\t\t\t\t\t\t<div class=\"elementor-inner\">\n\t\t\t\t<div class=\"elementor-section-wrap\">\n\t\t\t\t\t\t\t\t\t<section class=\"elementor-section elementor-top-section elementor-element elementor-element-5684d28 elementor-section-boxed elementor-section-height-default elementor-section-height-default\" data-id=\"5684d28\" data-element_type=\"section\">\n\t\t\t\t\t\t<div class=\"elementor-container elementor-column-gap-default\">\n\t\t\t\t\t\t\t<div class=\"elementor-row\">\n\t\t\t\t\t<div class=\"aux-parallax-section elementor-column elementor-col-100 elementor-top-column elementor-element elementor-element-251b629\" data-id=\"251b629\" data-element_type=\"column\">\n\t\t\t<div class=\"elementor-column-wrap elementor-element-populated\">\n\t\t\t\t\t\t\t<div class=\"elementor-widget-wrap\">\n\t\t\t\t\t\t<section class=\"elementor-section elementor-inner-section elementor-element elementor-element-7f0152d elementor-section-boxed elementor-section-height-default elementor-section-height-default\" data-id=\"7f0152d\" data-element_type=\"section\">\n\t\t\t\t\t\t<div class=\"elementor-container elementor-column-gap-default\">\n\t\t\t\t\t\t\t<div class=\"elementor-row\">\n\t\t\t\t\t<div class=\"aux-parallax-section elementor-column elementor-col-50 elementor-inner-column elementor-element elementor-element-6de9069\" data-id=\"6de9069\" data-element_type=\"column\">\n\t\t\t<div class=\"elementor-column-wrap elementor-element-populated\">\n\t\t\t\t\t\t\t<div class=\"elementor-widget-wrap\">\n\t\t\t\t\t\t<div class=\"elementor-element elementor-element-42185bc elementor-widget elementor-widget-image\" data-id=\"42185bc\" data-element_type=\"widget\" data-widget_type=\"image.default\">\n\t\t\t\t<div class=\"elementor-widget-container\">\n\t\t\t\t\t\t\t\t<div class=\"elementor-image\">\n\t\t\t\t\t\t\t\t\t\t\t\t<img loading=\"lazy\" decoding=\"async\" width=\"240\" height=\"70\" src=\"https:\/\/elchtec.de\/euroflex\/wp-content\/uploads\/2021\/05\/Euroflex-Elektrorollstuehle-Arbeitsstuehle-Schulstuehle-im-Rehebereich.png\" class=\"attachment-large size-large wp-image-122\" alt=\"\" \/>\t\t\t\t\t\t\t\t\t\t\t\t\t\t<\/div>\n\t\t\t\t\t\t<\/div>\n\t\t\t\t<\/div>\n\t\t\t\t<div class=\"elementor-element elementor-element-d270d3c animated-slow elementor-invisible elementor-widget elementor-widget-image\" data-id=\"d270d3c\" data-element_type=\"widget\" data-settings=\"{&quot;_animation&quot;:&quot;zoomIn&quot;}\" data-widget_type=\"image.default\">\n\t\t\t\t<div class=\"elementor-widget-container\">\n\t\t\t\t\t\t\t\t<div class=\"elementor-image\">\n\t\t\t\t\t\t\t\t\t\t\t\t<img loading=\"lazy\" decoding=\"async\" width=\"270\" height=\"314\" src=\"https:\/\/elchtec.de\/euroflex\/wp-content\/uploads\/2021\/06\/cache_2420478492.jpg\" class=\"attachment-full size-full wp-image-657\" alt=\"\" \/>\t\t\t\t\t\t\t\t\t\t\t\t\t\t<\/div>\n\t\t\t\t\t\t<\/div>\n\t\t\t\t<\/div>\n\t\t\t\t<div class=\"elementor-element elementor-element-08ff3d0 animated-slow elementor-invisible elementor-widget elementor-widget-image\" data-id=\"08ff3d0\" data-element_type=\"widget\" data-settings=\"{&quot;_animation&quot;:&quot;zoomIn&quot;}\" data-widget_type=\"image.default\">\n\t\t\t\t<div class=\"elementor-widget-container\">\n\t\t\t\t\t\t\t\t<div class=\"elementor-image\">\n\t\t\t\t\t\t\t\t\t\t\t\t<img loading=\"lazy\" decoding=\"async\" width=\"2560\" height=\"1707\" src=\"https:\/\/elchtec.de\/euroflex\/wp-content\/uploads\/2021\/06\/abcsitrite-br00002123-20141022-scaled.jpg\" class=\"attachment-full size-full wp-image-1144\" alt=\"\" srcset=\"https:\/\/elchtec.de\/euroflex\/wp-content\/uploads\/2021\/06\/abcsitrite-br00002123-20141022-scaled.jpg 2560w, https:\/\/elchtec.de\/euroflex\/wp-content\/uploads\/2021\/06\/abcsitrite-br00002123-20141022-1536x1024.jpg 1536w, https:\/\/elchtec.de\/euroflex\/wp-content\/uploads\/2021\/06\/abcsitrite-br00002123-20141022-2048x1365.jpg 2048w\" sizes=\"auto, (max-width: 2560px) 100vw, 2560px\" \/>\t\t\t\t\t\t\t\t\t\t\t\t\t\t<\/div>\n\t\t\t\t\t\t<\/div>\n\t\t\t\t<\/div>\n\t\t\t\t\t\t<\/div>\n\t\t\t\t\t<\/div>\n\t\t<\/div>\n\t\t\t\t<div class=\"aux-parallax-section elementor-column elementor-col-50 elementor-inner-column elementor-element elementor-element-e65473b\" data-id=\"e65473b\" data-element_type=\"column\">\n\t\t\t<div class=\"elementor-column-wrap elementor-element-populated\">\n\t\t\t\t\t\t\t<div class=\"elementor-widget-wrap\">\n\t\t\t\t\t\t<div class=\"elementor-element elementor-element-1d6ca63 elementor-widget elementor-widget-spacer\" data-id=\"1d6ca63\" data-element_type=\"widget\" data-widget_type=\"spacer.default\">\n\t\t\t\t<div class=\"elementor-widget-container\">\n\t\t\t\t\t<div class=\"elementor-spacer\">\n\t\t\t<div class=\"elementor-spacer-inner\"><\/div>\n\t\t<\/div>\n\t\t\t\t<\/div>\n\t\t\t\t<\/div>\n\t\t\t\t<div class=\"elementor-element elementor-element-5c20e0a elementor-widget elementor-widget-aux_modern_heading\" data-id=\"5c20e0a\" data-element_type=\"widget\" data-widget_type=\"aux_modern_heading.default\">\n\t\t\t\t<div class=\"elementor-widget-container\">\n\t\t\t<section class=\"aux-widget-modern-heading\">\n            <div class=\"aux-widget-inner\"><h2 class=\"aux-modern-heading-primary\">ABC\n<\/h2><h3 class=\"aux-modern-heading-secondary\"><span class=\"aux-head-after\">Kinder-Schulstuhl \/   Sitzform \"Birne\"<\/span><\/h3><div class=\"aux-modern-heading-divider\"><\/div><\/div>\n        <\/section>\t\t<\/div>\n\t\t\t\t<\/div>\n\t\t\t\t<div class=\"elementor-element elementor-element-5bc950a elementor-widget elementor-widget-text-editor\" data-id=\"5bc950a\" data-element_type=\"widget\" data-widget_type=\"text-editor.default\">\n\t\t\t\t<div class=\"elementor-widget-container\">\n\t\t\t\t\t\t\t\t<div class=\"elementor-text-editor elementor-clearfix\">\n\t\t\t\t<p>Der <span style=\"color: #ff6600;\"><strong>ABC Schulstuhl<\/strong><\/span> ist speziell f\u00fcr Kinder mit Handicap entwickelt worden.<\/p><p>Er bietet eine gute Sitzpositionierung und die Steigerung der Mobilit\u00e4t. Dadurch untzerst\u00fctzt er <span style=\"color: #ff6600;\"><strong>lebhaftes Spielen und viele Aktivit\u00e4ten!<\/strong><\/span> Das vielf\u00e4ltige Zubeh\u00f6r (z. B. Kopfst\u00fctzen) macht den ABC Schulstuhl zum idealen Begleiter f\u00fcr jeden Tag, egal ob in der Schule, beim Essen oder beim Spielen.<\/p><p>Extrem leicht rollende Reifen kombiniert mit dem flexiblen Chassis &#8222;Flexbase&#8220; l\u00e4sst sich der Stuhl sehr <span style=\"color: #ff6600;\"><strong>leicht, sicher und komfortabel mit den F\u00fc\u00dfen<\/strong><\/span> bewegen. (Fu\u00dfst\u00fctzen auf Wunsch erh\u00e4ltlich).<\/p><p>Die Flexbase-Funktion sorgt au\u00dferdem daf\u00fcr, <span style=\"color: #ff6600;\"><strong>Bodenunebenheiten<\/strong> <\/span>aufzufangen und auszugleichen. Der Classic-Stuhl ist mit klassichen Hinterhandbremsen ausgestattet.<\/p><p>\u00a0<\/p>\t\t\t\t\t<\/div>\n\t\t\t\t\t\t<\/div>\n\t\t\t\t<\/div>\n\t\t\t\t\t\t<\/div>\n\t\t\t\t\t<\/div>\n\t\t<\/div>\n\t\t\t\t\t\t\t\t<\/div>\n\t\t\t\t\t<\/div>\n\t\t<\/section>\n\t\t\t\t\t\t<\/div>\n\t\t\t\t\t<\/div>\n\t\t<\/div>\n\t\t\t\t\t\t\t\t<\/div>\n\t\t\t\t\t<\/div>\n\t\t<\/section>\n\t\t\t\t<section class=\"elementor-section elementor-top-section elementor-element elementor-element-2e50201 elementor-section-boxed elementor-section-height-default elementor-section-height-default\" data-id=\"2e50201\" data-element_type=\"section\">\n\t\t\t\t\t\t<div class=\"elementor-container elementor-column-gap-default\">\n\t\t\t\t\t\t\t<div class=\"elementor-row\">\n\t\t\t\t\t<div class=\"aux-parallax-section elementor-column elementor-col-100 elementor-top-column elementor-element elementor-element-180e808\" data-id=\"180e808\" data-element_type=\"column\">\n\t\t\t<div class=\"elementor-column-wrap elementor-element-populated\">\n\t\t\t\t\t\t\t<div class=\"elementor-widget-wrap\">\n\t\t\t\t\t\t<div class=\"elementor-element elementor-element-ed9ab8f elementor-widget elementor-widget-spacer\" data-id=\"ed9ab8f\" data-element_type=\"widget\" data-widget_type=\"spacer.default\">\n\t\t\t\t<div class=\"elementor-widget-container\">\n\t\t\t\t\t<div class=\"elementor-spacer\">\n\t\t\t<div class=\"elementor-spacer-inner\"><\/div>\n\t\t<\/div>\n\t\t\t\t<\/div>\n\t\t\t\t<\/div>\n\t\t\t\t\t\t<\/div>\n\t\t\t\t\t<\/div>\n\t\t<\/div>\n\t\t\t\t\t\t\t\t<\/div>\n\t\t\t\t\t<\/div>\n\t\t<\/section>\n\t\t\t\t<section class=\"elementor-section elementor-top-section elementor-element elementor-element-fce127c elementor-section-boxed elementor-section-height-default elementor-section-height-default\" data-id=\"fce127c\" data-element_type=\"section\">\n\t\t\t\t\t\t<div class=\"elementor-container elementor-column-gap-default\">\n\t\t\t\t\t\t\t<div class=\"elementor-row\">\n\t\t\t\t\t<div class=\"aux-parallax-section elementor-column elementor-col-50 elementor-top-column elementor-element elementor-element-6810c8f\" data-id=\"6810c8f\" data-element_type=\"column\">\n\t\t\t<div class=\"elementor-column-wrap elementor-element-populated\">\n\t\t\t\t\t\t\t<div class=\"elementor-widget-wrap\">\n\t\t\t\t\t\t<div class=\"elementor-element elementor-element-c9594cc elementor-widget elementor-widget-text-editor\" data-id=\"c9594cc\" data-element_type=\"widget\" data-widget_type=\"text-editor.default\">\n\t\t\t\t<div class=\"elementor-widget-container\">\n\t\t\t\t\t\t\t\t<div class=\"elementor-text-editor elementor-clearfix\">\n\t\t\t\t<p>\n<table id=\"tablepress-30\" class=\"tablepress tablepress-id-30\">\n<tbody class=\"row-hover\">\n<tr class=\"row-1\">\n\t<td class=\"column-1\">Einsatzgebiet:<\/td><td class=\"column-2\">Schul- und Schreibtischstuhl f\u00fcr Kinder<\/td>\n<\/tr>\n<tr class=\"row-2\">\n\t<td class=\"column-1\">Eigengewicht:<\/td><td class=\"column-2\">21,5 kg (Gas)<br \/>\n29,5 kg (EL)<\/td>\n<\/tr>\n<tr class=\"row-3\">\n\t<td class=\"column-1\">Fahrgestell-Breite:<\/td><td class=\"column-2\">53 cm<\/td>\n<\/tr>\n<tr class=\"row-4\">\n\t<td class=\"column-1\">Fahrgestell-Tiefe:<\/td><td class=\"column-2\">53 cm<\/td>\n<\/tr>\n<tr class=\"row-5\">\n\t<td class=\"column-1\">Raddurchmesser:<\/td><td class=\"column-2\">100 mm<\/td>\n<\/tr>\n<tr class=\"row-6\">\n\t<td class=\"column-1\">Max. Belastungsgewicht:<\/td><td class=\"column-2\">80 kg<\/td>\n<\/tr>\n<tr class=\"row-7\">\n\t<td class=\"column-1\">Sitzh\u00f6he (stufenlos verstellbar):<\/td><td class=\"column-2\">Gas: 45 &#8211; 59 cm + 7 cm<br \/>\nEL:   50 &#8211; 75 cm + 5 cm<br \/>\n44,5 &#8211; 62,5 cm + 8 cm<\/td>\n<\/tr>\n<tr class=\"row-8\">\n\t<td class=\"column-1\">Batterie (bei elektr. H\u00f6henverstellung):<\/td><td class=\"column-2\">12 V \/ 7 A<\/td>\n<\/tr>\n<\/tbody>\n<\/table>\n<\/p>\t\t\t\t\t<\/div>\n\t\t\t\t\t\t<\/div>\n\t\t\t\t<\/div>\n\t\t\t\t\t\t<\/div>\n\t\t\t\t\t<\/div>\n\t\t<\/div>\n\t\t\t\t<div class=\"aux-parallax-section elementor-column elementor-col-50 elementor-top-column elementor-element elementor-element-f4de704\" data-id=\"f4de704\" data-element_type=\"column\">\n\t\t\t<div class=\"elementor-column-wrap elementor-element-populated\">\n\t\t\t\t\t\t\t<div class=\"elementor-widget-wrap\">\n\t\t\t\t\t\t<div class=\"elementor-element elementor-element-7898ae8 elementor-widget elementor-widget-text-editor\" data-id=\"7898ae8\" data-element_type=\"widget\" data-widget_type=\"text-editor.default\">\n\t\t\t\t<div class=\"elementor-widget-container\">\n\t\t\t\t\t\t\t\t<div class=\"elementor-text-editor elementor-clearfix\">\n\t\t\t\t<p>Die <span style=\"color: #ff6600;\"><strong>Sitzh\u00f6hen-Verstellung<\/strong> <\/span>ist wahlweise mit Gasdruckfeder, per Handgriff oder als elektrische Funktion erh\u00e4ltlich.<\/p>\t\t\t\t\t<\/div>\n\t\t\t\t\t\t<\/div>\n\t\t\t\t<\/div>\n\t\t\t\t\t\t<\/div>\n\t\t\t\t\t<\/div>\n\t\t<\/div>\n\t\t\t\t\t\t\t\t<\/div>\n\t\t\t\t\t<\/div>\n\t\t<\/section>\n\t\t\t\t<section class=\"elementor-section elementor-top-section elementor-element elementor-element-bcb0e6b elementor-section-boxed elementor-section-height-default elementor-section-height-default\" data-id=\"bcb0e6b\" data-element_type=\"section\">\n\t\t\t\t\t\t<div class=\"elementor-container elementor-column-gap-default\">\n\t\t\t\t\t\t\t<div class=\"elementor-row\">\n\t\t\t\t\t<div class=\"aux-parallax-section elementor-column elementor-col-100 elementor-top-column elementor-element elementor-element-2bf0cc1\" data-id=\"2bf0cc1\" data-element_type=\"column\">\n\t\t\t<div class=\"elementor-column-wrap elementor-element-populated\">\n\t\t\t\t\t\t\t<div class=\"elementor-widget-wrap\">\n\t\t\t\t\t\t<div class=\"elementor-element elementor-element-8a6825d elementor-widget elementor-widget-spacer\" data-id=\"8a6825d\" data-element_type=\"widget\" data-widget_type=\"spacer.default\">\n\t\t\t\t<div class=\"elementor-widget-container\">\n\t\t\t\t\t<div class=\"elementor-spacer\">\n\t\t\t<div class=\"elementor-spacer-inner\"><\/div>\n\t\t<\/div>\n\t\t\t\t<\/div>\n\t\t\t\t<\/div>\n\t\t\t\t\t\t<\/div>\n\t\t\t\t\t<\/div>\n\t\t<\/div>\n\t\t\t\t\t\t\t\t<\/div>\n\t\t\t\t\t<\/div>\n\t\t<\/section>\n\t\t\t\t<section class=\"elementor-section elementor-top-section elementor-element elementor-element-04b5fdd elementor-section-boxed elementor-section-height-default elementor-section-height-default\" data-id=\"04b5fdd\" data-element_type=\"section\">\n\t\t\t\t\t\t<div class=\"elementor-container elementor-column-gap-default\">\n\t\t\t\t\t\t\t<div class=\"elementor-row\">\n\t\t\t\t\t<div class=\"aux-parallax-section elementor-column elementor-col-100 elementor-top-column elementor-element elementor-element-4153011\" data-id=\"4153011\" data-element_type=\"column\">\n\t\t\t<div class=\"elementor-column-wrap elementor-element-populated\">\n\t\t\t\t\t\t\t<div class=\"elementor-widget-wrap\">\n\t\t\t\t\t\t<div class=\"elementor-element elementor-element-d2eef9e elementor-widget elementor-widget-spacer\" data-id=\"d2eef9e\" data-element_type=\"widget\" data-widget_type=\"spacer.default\">\n\t\t\t\t<div class=\"elementor-widget-container\">\n\t\t\t\t\t<div class=\"elementor-spacer\">\n\t\t\t<div class=\"elementor-spacer-inner\"><\/div>\n\t\t<\/div>\n\t\t\t\t<\/div>\n\t\t\t\t<\/div>\n\t\t\t\t<div class=\"elementor-element elementor-element-093cd9a elementor-widget elementor-widget-text-editor\" data-id=\"093cd9a\" data-element_type=\"widget\" data-widget_type=\"text-editor.default\">\n\t\t\t\t<div class=\"elementor-widget-container\">\n\t\t\t\t\t\t\t\t<div class=\"elementor-text-editor elementor-clearfix\">\n\t\t\t\t<p>\n<table id=\"tablepress-31\" class=\"tablepress tablepress-id-31\">\n<tbody class=\"row-hover\">\n<tr class=\"row-1\">\n\t<td class=\"column-1\">Au\u00dfenma\u00df R\u00fcckenteil (BxH)<\/td><td class=\"column-2\">28 x 20 cm<\/td><td class=\"column-3\">28 x 33 cm<\/td><td class=\"column-4\">32 x 20 cm<\/td><td class=\"column-5\">32 x 35 cm<\/td><td class=\"column-6\">32 x 40 cm<\/td>\n<\/tr>\n<tr class=\"row-2\">\n\t<td class=\"column-1\">Neigungswinkel Sitzposition:<\/td><td class=\"column-2\">-18 bis + 18\u00b0<\/td><td class=\"column-3\">-18 bis + 18\u00b0<\/td><td class=\"column-4\">-18 bis + 18\u00b0<\/td><td class=\"column-5\">-18 bis + 18\u00b0<\/td><td class=\"column-6\">-18 bis + 18\u00b0<\/td>\n<\/tr>\n<tr class=\"row-3\">\n\t<td class=\"column-1\">H\u00f6henverstellung Armlehnen:<\/td><td class=\"column-2\">0 &#8211; 26 cm<\/td><td class=\"column-3\">0 &#8211; 26 cm<\/td><td class=\"column-4\">0 &#8211; 26 cm<\/td><td class=\"column-5\">0 &#8211; 26 cm<\/td><td class=\"column-6\">0 &#8211; 26 cm<\/td>\n<\/tr>\n<tr class=\"row-4\">\n\t<td class=\"column-1\">Armlehnen Abmessung:<\/td><td class=\"column-2\">30 x 6 cm<\/td><td class=\"column-3\">30 x 6 cm<\/td><td class=\"column-4\">30 x 6 cm<\/td><td class=\"column-5\">30 x 6 cm<\/td><td class=\"column-6\">30 x 6 cm<\/td>\n<\/tr>\n<tr class=\"row-5\">\n\t<td class=\"column-1\">Verstellbare Sitzbreite:<\/td><td class=\"column-2\">33 &#8211; 50 cm<\/td><td class=\"column-3\">33 &#8211; 50 cm<\/td><td class=\"column-4\">33 &#8211; 50 cm<\/td><td class=\"column-5\">33 &#8211; 50 cm<\/td><td class=\"column-6\">33 &#8211; 50 cm<\/td>\n<\/tr>\n<tr class=\"row-6\">\n\t<td class=\"column-1\">Verstellbare Sitztiefe:<\/td><td class=\"column-2\">17 &#8211; 46 cm (bei 36 x 40 er Sitz)<\/td><td class=\"column-3\">17 &#8211; 46 cm (bei 36 x 40 er Sitz)<\/td><td class=\"column-4\">17 &#8211; 46 cm (bei 36 x 40 er Sitz)<\/td><td class=\"column-5\">17 &#8211; 46 cm (bei 36 x 40 er Sitz)<\/td><td class=\"column-6\">17 &#8211; 46 cm (bei 36 x 40 er Sitz)<\/td>\n<\/tr>\n<tr class=\"row-7\">\n\t<td class=\"column-1\">Variable Sitzgr\u00f6\u00dfe:<\/td><td class=\"column-2\">32 x 36 cm, 36 x 40 cm, 40 x 40 cm<\/td><td class=\"column-3\">32 x 36 cm, 36 x 40 cm, 40 x 40 cm<\/td><td class=\"column-4\">32 x 36 cm, 36 x 40 cm, 40 x 40 cm<\/td><td class=\"column-5\">32 x 36 cm, 36 x 40 cm, 40 x 40 cm<\/td><td class=\"column-6\">32 x 36 cm, 36 x 40 cm, 40 x 40 cm<\/td>\n<\/tr>\n<tr class=\"row-8\">\n\t<td class=\"column-1\">Verstellbare Neigung R\u00fcckenlehne:<\/td><td class=\"column-2\">0 &#8211; 22 cm<\/td><td class=\"column-3\">0 &#8211; 22 cm<\/td><td class=\"column-4\">0 &#8211; 22 cm<\/td><td class=\"column-5\">0 &#8211; 22 cm<\/td><td class=\"column-6\">0 &#8211; 22 cm<\/td>\n<\/tr>\n<tr class=\"row-9\">\n\t<td class=\"column-1\">Polsterfarben:<\/td><td class=\"column-2\">Schwarz gepunktet \/ Gr\u00fcn \/ Blau<\/td><td class=\"column-3\">Schwarz gepunktet \/ Gr\u00fcn \/ Blau<\/td><td class=\"column-4\">Schwarz gepunktet \/ Gr\u00fcn \/ Blau<\/td><td class=\"column-5\">Schwarz gepunktet \/ Gr\u00fcn \/ Blau<\/td><td class=\"column-6\">Schwarz gepunktet \/ Gr\u00fcn \/ Blau<\/td>\n<\/tr>\n<\/tbody>\n<\/table>\n<\/p>\t\t\t\t\t<\/div>\n\t\t\t\t\t\t<\/div>\n\t\t\t\t<\/div>\n\t\t\t\t\t\t<\/div>\n\t\t\t\t\t<\/div>\n\t\t<\/div>\n\t\t\t\t\t\t\t\t<\/div>\n\t\t\t\t\t<\/div>\n\t\t<\/section>\n\t\t\t\t<section class=\"elementor-section elementor-top-section elementor-element elementor-element-c91627e elementor-section-boxed elementor-section-height-default elementor-section-height-default\" data-id=\"c91627e\" data-element_type=\"section\">\n\t\t\t\t\t\t<div class=\"elementor-container elementor-column-gap-default\">\n\t\t\t\t\t\t\t<div class=\"elementor-row\">\n\t\t\t\t\t<div class=\"aux-parallax-section elementor-column elementor-col-100 elementor-top-column elementor-element elementor-element-75180f8\" data-id=\"75180f8\" data-element_type=\"column\">\n\t\t\t<div class=\"elementor-column-wrap elementor-element-populated\">\n\t\t\t\t\t\t\t<div class=\"elementor-widget-wrap\">\n\t\t\t\t\t\t<div class=\"elementor-element elementor-element-bdc24a4 elementor-widget elementor-widget-image\" data-id=\"bdc24a4\" data-element_type=\"widget\" data-widget_type=\"image.default\">\n\t\t\t\t<div class=\"elementor-widget-container\">\n\t\t\t\t\t\t\t\t<div class=\"elementor-image\">\n\t\t\t\t\t\t\t\t\t\t\t\t<img loading=\"lazy\" decoding=\"async\" width=\"2500\" height=\"200\" src=\"https:\/\/elchtec.de\/euroflex\/wp-content\/uploads\/2021\/06\/Eoroflex-Elektrorollstuehle-und-Arthrodesenstuehle-praesentiert-von-ELCHTEC-in-Lindlar-.jpg\" class=\"attachment-full size-full wp-image-341\" alt=\"\" srcset=\"https:\/\/elchtec.de\/euroflex\/wp-content\/uploads\/2021\/06\/Eoroflex-Elektrorollstuehle-und-Arthrodesenstuehle-praesentiert-von-ELCHTEC-in-Lindlar-.jpg 2500w, https:\/\/elchtec.de\/euroflex\/wp-content\/uploads\/2021\/06\/Eoroflex-Elektrorollstuehle-und-Arthrodesenstuehle-praesentiert-von-ELCHTEC-in-Lindlar--1536x123.jpg 1536w, https:\/\/elchtec.de\/euroflex\/wp-content\/uploads\/2021\/06\/Eoroflex-Elektrorollstuehle-und-Arthrodesenstuehle-praesentiert-von-ELCHTEC-in-Lindlar--2048x164.jpg 2048w\" sizes=\"auto, (max-width: 2500px) 100vw, 2500px\" \/>\t\t\t\t\t\t\t\t\t\t\t\t\t\t<\/div>\n\t\t\t\t\t\t<\/div>\n\t\t\t\t<\/div>\n\t\t\t\t\t\t<\/div>\n\t\t\t\t\t<\/div>\n\t\t<\/div>\n\t\t\t\t\t\t\t\t<\/div>\n\t\t\t\t\t<\/div>\n\t\t<\/section>\n\t\t\t\t\t\t\t\t\t<\/div>\n\t\t\t<\/div>\n\t\t\t\t\t<\/div>\n\t\t","protected":false},"excerpt":{"rendered":"<p>ABC Kinder-Schulstuhl \/ Sitzform &#8222;Birne&#8220; Der ABC Schulstuhl ist speziell f\u00fcr Kinder mit Handicap entwickelt worden. Er bietet eine gute Sitzpositionierung und die Steigerung der Mobilit\u00e4t. Dadurch untzerst\u00fctzt er lebhaftes Spielen und viele Aktivit\u00e4ten! Das vielf\u00e4ltige Zubeh\u00f6r (z. B. Kopfst\u00fctzen) macht den ABC Schulstuhl zum idealen Begleiter f\u00fcr jeden Tag, egal ob in der Schule, [&hellip;]<\/p>\n","protected":false},"author":2,"featured_media":0,"parent":0,"menu_order":0,"comment_status":"closed","ping_status":"closed","template":"","meta":{"footnotes":""},"class_list":["post-655","page","type-page","status-publish","hentry"],"_links":{"self":[{"href":"https:\/\/elchtec.de\/euroflex\/wp-json\/wp\/v2\/pages\/655","targetHints":{"allow":["GET"]}}],"collection":[{"href":"https:\/\/elchtec.de\/euroflex\/wp-json\/wp\/v2\/pages"}],"about":[{"href":"https:\/\/elchtec.de\/euroflex\/wp-json\/wp\/v2\/types\/page"}],"author":[{"embeddable":true,"href":"https:\/\/elchtec.de\/euroflex\/wp-json\/wp\/v2\/users\/2"}],"replies":[{"embeddable":true,"href":"https:\/\/elchtec.de\/euroflex\/wp-json\/wp\/v2\/comments?post=655"}],"version-history":[{"count":16,"href":"https:\/\/elchtec.de\/euroflex\/wp-json\/wp\/v2\/pages\/655\/revisions"}],"predecessor-version":[{"id":1147,"href":"https:\/\/elchtec.de\/euroflex\/wp-json\/wp\/v2\/pages\/655\/revisions\/1147"}],"wp:attachment":[{"href":"https:\/\/elchtec.de\/euroflex\/wp-json\/wp\/v2\/media?parent=655"}],"curies":[{"name":"wp","href":"https:\/\/api.w.org\/{rel}","templated":true}]}}