{"id":396,"date":"2021-06-01T10:17:34","date_gmt":"2021-06-01T08:17:34","guid":{"rendered":"http:\/\/elchtec.de\/euroflex\/?page_id=396"},"modified":"2026-03-10T13:27:02","modified_gmt":"2026-03-10T12:27:02","slug":"adam-135","status":"publish","type":"page","link":"https:\/\/elchtec.de\/euroflex\/adam-135\/","title":{"rendered":"Adam 135"},"content":{"rendered":"\t\t<div data-elementor-type=\"wp-page\" data-elementor-id=\"396\" class=\"elementor elementor-396\">\n\t\t\t\t\t\t<div class=\"elementor-inner\">\n\t\t\t\t<div class=\"elementor-section-wrap\">\n\t\t\t\t\t\t\t\t\t<section class=\"elementor-section elementor-top-section elementor-element elementor-element-f5cfae2 elementor-section-boxed elementor-section-height-default elementor-section-height-default\" data-id=\"f5cfae2\" data-element_type=\"section\">\n\t\t\t\t\t\t<div class=\"elementor-container elementor-column-gap-default\">\n\t\t\t\t\t\t\t<div class=\"elementor-row\">\n\t\t\t\t\t<div class=\"aux-parallax-section elementor-column elementor-col-100 elementor-top-column elementor-element elementor-element-924fd69\" data-id=\"924fd69\" data-element_type=\"column\">\n\t\t\t<div class=\"elementor-column-wrap elementor-element-populated\">\n\t\t\t\t\t\t\t<div class=\"elementor-widget-wrap\">\n\t\t\t\t\t\t<section class=\"elementor-section elementor-inner-section elementor-element elementor-element-b46a719 elementor-section-boxed elementor-section-height-default elementor-section-height-default\" data-id=\"b46a719\" data-element_type=\"section\">\n\t\t\t\t\t\t<div class=\"elementor-container elementor-column-gap-default\">\n\t\t\t\t\t\t\t<div class=\"elementor-row\">\n\t\t\t\t\t<div class=\"aux-parallax-section elementor-column elementor-col-50 elementor-inner-column elementor-element elementor-element-0fa5fca\" data-id=\"0fa5fca\" data-element_type=\"column\">\n\t\t\t<div class=\"elementor-column-wrap elementor-element-populated\">\n\t\t\t\t\t\t\t<div class=\"elementor-widget-wrap\">\n\t\t\t\t\t\t<div class=\"elementor-element elementor-element-6eeb557 elementor-widget elementor-widget-aux_modern_heading\" data-id=\"6eeb557\" data-element_type=\"widget\" data-widget_type=\"aux_modern_heading.default\">\n\t\t\t\t<div class=\"elementor-widget-container\">\n\t\t\t<section class=\"aux-widget-modern-heading\">\n            <div class=\"aux-widget-inner\"><h2 class=\"aux-modern-heading-primary\">Adam 135<\/h2><h3 class=\"aux-modern-heading-secondary\"><span class=\"aux-head-after\">Therapiestuhl \/ Arthrodesenstuhl<\/span><\/h3><div class=\"aux-modern-heading-divider\"><\/div><div class=\"aux-modern-heading-description\"><p>Der Adam ist ein voll ausgestatteter Therapiestuhl, der in Funktionalit\u00e4t und Komfort herausragt.<\/p><p><br \/>Mit diesem Stuhl erh\u00f6hen Sie Ihre Mobilit\u00e4t in Innenr\u00e4umen oder im B\u00fcro und alle Funktionen sind sehr einfach zu bedienen.<\/p><p><br \/>Die Fu\u00dfst\u00fctze ist klappbar, und die zentrale Bremse der Rollen sorgt f\u00fcr Sicherheit. F\u00fcr eine optimale Bedienung kann diese sowohl links als auch rechts angebracht werden.<\/p><p>Der Adam ist mit einer elektrischen Liftverstellung ausgestattet und verf\u00fcgt \u00fcber einen bequemen anatomischen Sitz.<\/p><p><br \/>Der H-Rahmen bietet viel Platz, damit man sich gut mit den F\u00fcssen trippelnd fortbewegen kann .<\/p><\/div><\/div>\n        <\/section>\t\t<\/div>\n\t\t\t\t<\/div>\n\t\t\t\t\t\t<\/div>\n\t\t\t\t\t<\/div>\n\t\t<\/div>\n\t\t\t\t<div class=\"aux-parallax-section elementor-column elementor-col-50 elementor-inner-column elementor-element elementor-element-ef64767\" data-id=\"ef64767\" data-element_type=\"column\">\n\t\t\t<div class=\"elementor-column-wrap elementor-element-populated\">\n\t\t\t\t\t\t\t<div class=\"elementor-widget-wrap\">\n\t\t\t\t\t\t<div class=\"elementor-element elementor-element-4cded3a elementor-widget elementor-widget-image\" data-id=\"4cded3a\" data-element_type=\"widget\" data-widget_type=\"image.default\">\n\t\t\t\t<div class=\"elementor-widget-container\">\n\t\t\t\t\t\t\t\t<div class=\"elementor-image\">\n\t\t\t\t\t\t\t\t\t\t\t\t<img loading=\"lazy\" decoding=\"async\" width=\"1024\" height=\"1024\" src=\"https:\/\/elchtec.de\/euroflex\/wp-content\/uploads\/2021\/06\/Adam_135__Uebersicht-Home-1024x1024.jpg\" class=\"attachment-large size-large wp-image-1296\" alt=\"\" srcset=\"https:\/\/elchtec.de\/euroflex\/wp-content\/uploads\/2021\/06\/Adam_135__Uebersicht-Home-1024x1024.jpg 1024w, https:\/\/elchtec.de\/euroflex\/wp-content\/uploads\/2021\/06\/Adam_135__Uebersicht-Home-300x300.jpg 300w, https:\/\/elchtec.de\/euroflex\/wp-content\/uploads\/2021\/06\/Adam_135__Uebersicht-Home-150x150.jpg 150w, https:\/\/elchtec.de\/euroflex\/wp-content\/uploads\/2021\/06\/Adam_135__Uebersicht-Home-768x768.jpg 768w\" sizes=\"auto, (max-width: 1024px) 100vw, 1024px\" \/>\t\t\t\t\t\t\t\t\t\t\t\t\t\t<\/div>\n\t\t\t\t\t\t<\/div>\n\t\t\t\t<\/div>\n\t\t\t\t\t\t<\/div>\n\t\t\t\t\t<\/div>\n\t\t<\/div>\n\t\t\t\t\t\t\t\t<\/div>\n\t\t\t\t\t<\/div>\n\t\t<\/section>\n\t\t\t\t<div class=\"elementor-element elementor-element-c1dd25c elementor-widget elementor-widget-spacer\" data-id=\"c1dd25c\" data-element_type=\"widget\" data-widget_type=\"spacer.default\">\n\t\t\t\t<div class=\"elementor-widget-container\">\n\t\t\t\t\t<div class=\"elementor-spacer\">\n\t\t\t<div class=\"elementor-spacer-inner\"><\/div>\n\t\t<\/div>\n\t\t\t\t<\/div>\n\t\t\t\t<\/div>\n\t\t\t\t\t\t<\/div>\n\t\t\t\t\t<\/div>\n\t\t<\/div>\n\t\t\t\t\t\t\t\t<\/div>\n\t\t\t\t\t<\/div>\n\t\t<\/section>\n\t\t\t\t<section class=\"elementor-section elementor-top-section elementor-element elementor-element-05b501c elementor-section-content-middle elementor-section-boxed elementor-section-height-default elementor-section-height-default\" data-id=\"05b501c\" data-element_type=\"section\">\n\t\t\t\t\t\t<div class=\"elementor-container elementor-column-gap-extended\">\n\t\t\t\t\t\t\t<div class=\"elementor-row\">\n\t\t\t\t\t<div class=\"aux-parallax-section elementor-column elementor-col-66 elementor-top-column elementor-element elementor-element-15f188a aux-appear-watch-animation aux-fade-in-left\" data-id=\"15f188a\" data-element_type=\"column\">\n\t\t\t<div class=\"elementor-column-wrap elementor-element-populated\">\n\t\t\t\t\t\t\t<div class=\"elementor-widget-wrap\">\n\t\t\t\t\t\t<div class=\"elementor-element elementor-element-f2af521 elementor-widget elementor-widget-aux_image\" data-id=\"f2af521\" data-element_type=\"widget\" data-widget_type=\"aux_image.default\">\n\t\t\t\t<div class=\"elementor-widget-container\">\n\t\t\t<section class=\"widget-container aux-widget-image aux-alignnone aux-parent-aucedd2c66\">\n    <div class=\"aux-media-hint-frame \">\n        <div class=\"aux-media-image \" >\n        \n            \n\n            \n            <img loading=\"lazy\" decoding=\"async\" width=\"1707\" height=\"1967\" src=\"image\/gif;base64,R0lGODlhAQABAIAAAAAAAP\/\/\/yH5BAEAAAAALAAAAAABAAEAAAIBRAA7\" class=\"aux-attachment aux-featured-image aux-attachment-id-1328 aux-preload aux-blank\" alt=\"MSP-apr2018-HR120\" data-ratio=\"0.87\" data-original-w=\"1707\" data-src=\"https:\/\/elchtec.de\/euroflex\/wp-content\/uploads\/2026\/03\/MSP-apr2018-HR120-scaled-e1773143691920.jpg\" \/>            \n                <\/div>\n    <\/div>\n\n<\/section><!-- widget-container -->\t\t<\/div>\n\t\t\t\t<\/div>\n\t\t\t\t\t\t<\/div>\n\t\t\t\t\t<\/div>\n\t\t<\/div>\n\t\t\t\t<div class=\"aux-parallax-section elementor-column elementor-col-33 elementor-top-column elementor-element elementor-element-6448c77\" data-id=\"6448c77\" data-element_type=\"column\">\n\t\t\t<div class=\"elementor-column-wrap elementor-element-populated\">\n\t\t\t\t\t\t\t<div class=\"elementor-widget-wrap\">\n\t\t\t\t\t\t<div class=\"elementor-element elementor-element-43d6c80 aux-appear-watch-animation aux-fade-in-up elementor-widget elementor-widget-aux_modern_heading\" data-id=\"43d6c80\" data-element_type=\"widget\" data-widget_type=\"aux_modern_heading.default\">\n\t\t\t\t<div class=\"elementor-widget-container\">\n\t\t\t<section class=\"aux-widget-modern-heading\">\n            <div class=\"aux-widget-inner\"><h2 class=\"aux-modern-heading-primary\"><\/h2><h3 class=\"aux-modern-heading-secondary\"><span class=\"aux-head-before\">Funktionen<\/span><\/h3><div class=\"aux-modern-heading-divider\"><\/div><div class=\"aux-modern-heading-description\"><p>\u2022 Polsterung Stoff in Blau oder Grau<br \/>\u2022 Elektrische Hoch\/Tief-Einstellung<br \/>\u2022 Mechanische R\u00fcckenwinkelanpassung<br \/>\u2022 R\u00fcckenlehne und Armlehnen in der H\u00f6he verstellbar<br \/>\u2022 Armlehnen in der Breite verstellbar<br \/>\u2022 Ausgestattet mit Bremse links oder rechts<br \/>\u2022 Kann mit Standardoptionen und individuellen Anpassungen bereitgestellt werden<\/p><\/div><\/div>\n        <\/section>\t\t<\/div>\n\t\t\t\t<\/div>\n\t\t\t\t\t\t<\/div>\n\t\t\t\t\t<\/div>\n\t\t<\/div>\n\t\t\t\t\t\t\t\t<\/div>\n\t\t\t\t\t<\/div>\n\t\t<\/section>\n\t\t\t\t<section class=\"elementor-section elementor-top-section elementor-element elementor-element-77122ab elementor-section-content-middle elementor-section-boxed elementor-section-height-default elementor-section-height-default\" data-id=\"77122ab\" data-element_type=\"section\">\n\t\t\t\t\t\t<div class=\"elementor-container elementor-column-gap-extended\">\n\t\t\t\t\t\t\t<div class=\"elementor-row\">\n\t\t\t\t\t<div class=\"aux-parallax-section elementor-column elementor-col-33 elementor-top-column elementor-element elementor-element-b52f3b0\" data-id=\"b52f3b0\" data-element_type=\"column\">\n\t\t\t<div class=\"elementor-column-wrap elementor-element-populated\">\n\t\t\t\t\t\t\t<div class=\"elementor-widget-wrap\">\n\t\t\t\t\t\t<div class=\"elementor-element elementor-element-986ebcc aux-appear-watch-animation aux-fade-in-up elementor-widget elementor-widget-aux_modern_heading\" data-id=\"986ebcc\" data-element_type=\"widget\" data-widget_type=\"aux_modern_heading.default\">\n\t\t\t\t<div class=\"elementor-widget-container\">\n\t\t\t<section class=\"aux-widget-modern-heading\">\n            <div class=\"aux-widget-inner\"><h2 class=\"aux-modern-heading-primary\"><\/h2><h3 class=\"aux-modern-heading-secondary\"><span class=\"aux-head-before\">Technische Daten<\/span><\/h3><div class=\"aux-modern-heading-divider\"><\/div><div class=\"aux-modern-heading-description\"><p>\u2022 Sitzh\u00f6he: 42 bis 58 cm, verstellbar<br \/>\u2022 Sitztiefe: 45 cm<br \/>\u2022 Sitzbreite: 45 cm<br \/>\u2022 Elektrische Hoch-\/Tief-Einstellung: 20 cm<br \/>\u2022 Breite zwischen den Armlehnen: 38 bis 65 cm, verstellbar<br \/>\u2022 Armlehnenh\u00f6he relativ zum Sitz: 0 bis 32 cm verstellbar<br \/>\u2022 R\u00fcckenwinkelverstellung: 75 bis 120\u00ba verstellbar<br \/>\u2022 R\u00fcckenh\u00f6he: Wahl zwischen niedrigen 40 cm oder hohen 50 cm<br \/>\u2022 Maximale Last: 135 kg<\/p><\/div><\/div>\n        <\/section>\t\t<\/div>\n\t\t\t\t<\/div>\n\t\t\t\t\t\t<\/div>\n\t\t\t\t\t<\/div>\n\t\t<\/div>\n\t\t\t\t<div class=\"aux-parallax-section elementor-column elementor-col-66 elementor-top-column elementor-element elementor-element-6b71da1 aux-appear-watch-animation aux-fade-in-left\" data-id=\"6b71da1\" data-element_type=\"column\">\n\t\t\t<div class=\"elementor-column-wrap elementor-element-populated\">\n\t\t\t\t\t\t\t<div class=\"elementor-widget-wrap\">\n\t\t\t\t\t\t<div class=\"elementor-element elementor-element-39860ee elementor-widget elementor-widget-aux_image\" data-id=\"39860ee\" data-element_type=\"widget\" data-widget_type=\"aux_image.default\">\n\t\t\t\t<div class=\"elementor-widget-container\">\n\t\t\t<section class=\"widget-container aux-widget-image aux-alignnone aux-parent-au3238d183\">\n    <div class=\"aux-media-hint-frame \">\n        <div class=\"aux-media-image \" >\n        \n            \n\n            \n            <img loading=\"lazy\" decoding=\"async\" width=\"1707\" height=\"1993\" src=\"image\/gif;base64,R0lGODlhAQABAIAAAAAAAP\/\/\/yH5BAEAAAAALAAAAAABAAEAAAIBRAA7\" class=\"aux-attachment aux-featured-image aux-attachment-id-1327 aux-preload aux-blank\" alt=\"MSP-apr2018-HR121\" data-ratio=\"0.86\" data-original-w=\"1707\" data-src=\"https:\/\/elchtec.de\/euroflex\/wp-content\/uploads\/2026\/03\/MSP-apr2018-HR121-scaled-e1773145219905.jpg\" \/>            \n                <\/div>\n    <\/div>\n\n<\/section><!-- widget-container -->\t\t<\/div>\n\t\t\t\t<\/div>\n\t\t\t\t\t\t<\/div>\n\t\t\t\t\t<\/div>\n\t\t<\/div>\n\t\t\t\t\t\t\t\t<\/div>\n\t\t\t\t\t<\/div>\n\t\t<\/section>\n\t\t\t\t<section class=\"elementor-section elementor-top-section elementor-element elementor-element-9728a81 elementor-section-content-middle elementor-section-boxed elementor-section-height-default elementor-section-height-default\" data-id=\"9728a81\" data-element_type=\"section\">\n\t\t\t\t\t\t<div class=\"elementor-container elementor-column-gap-extended\">\n\t\t\t\t\t\t\t<div class=\"elementor-row\">\n\t\t\t\t\t<div class=\"aux-parallax-section elementor-column elementor-col-66 elementor-top-column elementor-element elementor-element-350806b aux-appear-watch-animation aux-fade-in-left\" data-id=\"350806b\" data-element_type=\"column\">\n\t\t\t<div class=\"elementor-column-wrap elementor-element-populated\">\n\t\t\t\t\t\t\t<div class=\"elementor-widget-wrap\">\n\t\t\t\t\t\t<div class=\"elementor-element elementor-element-a1464e9 elementor-widget elementor-widget-aux_image\" data-id=\"a1464e9\" data-element_type=\"widget\" data-widget_type=\"aux_image.default\">\n\t\t\t\t<div class=\"elementor-widget-container\">\n\t\t\t<section class=\"widget-container aux-widget-image aux-alignnone aux-parent-au41f3e408\">\n    <div class=\"aux-media-hint-frame \">\n        <div class=\"aux-media-image \" >\n        \n            \n\n            \n            <img loading=\"lazy\" decoding=\"async\" width=\"2555\" height=\"2560\" src=\"image\/gif;base64,R0lGODlhAQABAIAAAAAAAP\/\/\/yH5BAEAAAAALAAAAAABAAEAAAIBRAA7\" class=\"aux-attachment aux-featured-image aux-attachment-id-1333 aux-preload aux-blank\" alt=\"MSP-apr2018-HR117-1\" data-ratio=\"1\" data-original-w=\"2555\" data-src=\"https:\/\/elchtec.de\/euroflex\/wp-content\/uploads\/2026\/03\/MSP-apr2018-HR117-1-scaled.jpg\" \/>            \n                <\/div>\n    <\/div>\n\n<\/section><!-- widget-container -->\t\t<\/div>\n\t\t\t\t<\/div>\n\t\t\t\t\t\t<\/div>\n\t\t\t\t\t<\/div>\n\t\t<\/div>\n\t\t\t\t<div class=\"aux-parallax-section elementor-column elementor-col-33 elementor-top-column elementor-element elementor-element-6241d69\" data-id=\"6241d69\" data-element_type=\"column\">\n\t\t\t<div class=\"elementor-column-wrap elementor-element-populated\">\n\t\t\t\t\t\t\t<div class=\"elementor-widget-wrap\">\n\t\t\t\t\t\t<div class=\"elementor-element elementor-element-2bd5d90 aux-appear-watch-animation aux-fade-in-up elementor-widget elementor-widget-aux_modern_heading\" data-id=\"2bd5d90\" data-element_type=\"widget\" data-widget_type=\"aux_modern_heading.default\">\n\t\t\t\t<div class=\"elementor-widget-container\">\n\t\t\t<section class=\"aux-widget-modern-heading\">\n            <div class=\"aux-widget-inner\"><h2 class=\"aux-modern-heading-primary\"><\/h2><h3 class=\"aux-modern-heading-secondary\"><span class=\"aux-head-before\">Optionales Zubeh\u00f6r<\/span><\/h3><div class=\"aux-modern-heading-divider\"><\/div><div class=\"aux-modern-heading-description\"><p>\u00a0<\/p><p>\u2022 Polsterung in Stamskin, Niroxx oder einer anderen Farbe<br \/>\u2022 Tulpenr\u00fccken Standardgr\u00f6\u00dfe 45 x 45 cm<br \/>\u2022 Abweichende Gr\u00f6\u00dfe des Tulpenr\u00fcckens<br \/>\u2022 R\u00fcckseite mit Memory-Schaum<br \/>\u2022 Sitz mit Memory-Schaum<br \/>\u2022 Arthrodesen-Sitz links und\/oder rechts<br \/>\u2022 Sitz in unterschiedlicher Gr\u00f6\u00dfe<br \/>\u2022 Elektrische Bremsung einschlie\u00dflich manueller Steuerung mit vier Tasten<br \/>\u2022 Doppelte R\u00e4der 100 mm<br \/>\u2022 R\u00e4der 125 mm oder 150 mm<br \/>\u2022 Ausf\u00fchrung mit kurzem (10cm) oder langem Motor (28cm) m\u00f6glich<br \/>\u2022 Bequeme Beinst\u00fctze links und\/oder rechts<br \/>\u2022 Sitzwinkel-Neigungsverstellung, mechanisch oder elektrisch<br \/>\u2022 Armlehnen nach vorne oder hinten ausgefahren<br \/>\u2022 Hemiplegie-Armlehne links und\/oder rechts<br \/>\u2022 Gepolsterte Armlehnen, Standard- oder Nicht-Standardgr\u00f6\u00dfe,<br \/>\u2022 Schiebegriff <br \/>\u2022 Hand Fernsteuerung m\u00f6glich<\/p><\/div><\/div>\n        <\/section>\t\t<\/div>\n\t\t\t\t<\/div>\n\t\t\t\t\t\t<\/div>\n\t\t\t\t\t<\/div>\n\t\t<\/div>\n\t\t\t\t\t\t\t\t<\/div>\n\t\t\t\t\t<\/div>\n\t\t<\/section>\n\t\t\t\t\t\t\t\t\t<\/div>\n\t\t\t<\/div>\n\t\t\t\t\t<\/div>\n\t\t","protected":false},"excerpt":{"rendered":"<p>Adam 135 Therapiestuhl \/ Arthrodesenstuhl Der Adam ist ein voll ausgestatteter Therapiestuhl, der in Funktionalit\u00e4t und Komfort herausragt. Mit diesem Stuhl erh\u00f6hen Sie Ihre Mobilit\u00e4t in Innenr\u00e4umen oder im B\u00fcro und alle Funktionen sind sehr einfach zu bedienen. Die Fu\u00dfst\u00fctze ist klappbar, und die zentrale Bremse der Rollen sorgt f\u00fcr Sicherheit. F\u00fcr eine optimale Bedienung [&hellip;]<\/p>\n","protected":false},"author":2,"featured_media":0,"parent":0,"menu_order":0,"comment_status":"closed","ping_status":"closed","template":"","meta":{"footnotes":""},"class_list":["post-396","page","type-page","status-publish","hentry"],"_links":{"self":[{"href":"https:\/\/elchtec.de\/euroflex\/wp-json\/wp\/v2\/pages\/396","targetHints":{"allow":["GET"]}}],"collection":[{"href":"https:\/\/elchtec.de\/euroflex\/wp-json\/wp\/v2\/pages"}],"about":[{"href":"https:\/\/elchtec.de\/euroflex\/wp-json\/wp\/v2\/types\/page"}],"author":[{"embeddable":true,"href":"https:\/\/elchtec.de\/euroflex\/wp-json\/wp\/v2\/users\/2"}],"replies":[{"embeddable":true,"href":"https:\/\/elchtec.de\/euroflex\/wp-json\/wp\/v2\/comments?post=396"}],"version-history":[{"count":32,"href":"https:\/\/elchtec.de\/euroflex\/wp-json\/wp\/v2\/pages\/396\/revisions"}],"predecessor-version":[{"id":1336,"href":"https:\/\/elchtec.de\/euroflex\/wp-json\/wp\/v2\/pages\/396\/revisions\/1336"}],"wp:attachment":[{"href":"https:\/\/elchtec.de\/euroflex\/wp-json\/wp\/v2\/media?parent=396"}],"curies":[{"name":"wp","href":"https:\/\/api.w.org\/{rel}","templated":true}]}}