{"id":1343,"date":"2026-03-10T13:38:53","date_gmt":"2026-03-10T12:38:53","guid":{"rendered":"https:\/\/elchtec.de\/euroflex\/?page_id=1343"},"modified":"2026-03-10T13:51:00","modified_gmt":"2026-03-10T12:51:00","slug":"milo","status":"publish","type":"page","link":"https:\/\/elchtec.de\/euroflex\/milo\/","title":{"rendered":"Milo"},"content":{"rendered":"\t\t<div data-elementor-type=\"wp-page\" data-elementor-id=\"1343\" class=\"elementor elementor-1343\">\n\t\t\t\t\t\t<div class=\"elementor-inner\">\n\t\t\t\t<div class=\"elementor-section-wrap\">\n\t\t\t\t\t\t\t\t\t<section class=\"elementor-section elementor-top-section elementor-element elementor-element-f5cfae2 elementor-section-boxed elementor-section-height-default elementor-section-height-default\" data-id=\"f5cfae2\" data-element_type=\"section\">\n\t\t\t\t\t\t<div class=\"elementor-container elementor-column-gap-default\">\n\t\t\t\t\t\t\t<div class=\"elementor-row\">\n\t\t\t\t\t<div class=\"aux-parallax-section elementor-column elementor-col-100 elementor-top-column elementor-element elementor-element-924fd69\" data-id=\"924fd69\" data-element_type=\"column\">\n\t\t\t<div class=\"elementor-column-wrap elementor-element-populated\">\n\t\t\t\t\t\t\t<div class=\"elementor-widget-wrap\">\n\t\t\t\t\t\t<section class=\"elementor-section elementor-inner-section elementor-element elementor-element-b46a719 elementor-section-boxed elementor-section-height-default elementor-section-height-default\" data-id=\"b46a719\" data-element_type=\"section\">\n\t\t\t\t\t\t<div class=\"elementor-container elementor-column-gap-default\">\n\t\t\t\t\t\t\t<div class=\"elementor-row\">\n\t\t\t\t\t<div class=\"aux-parallax-section elementor-column elementor-col-50 elementor-inner-column elementor-element elementor-element-0fa5fca\" data-id=\"0fa5fca\" data-element_type=\"column\">\n\t\t\t<div class=\"elementor-column-wrap elementor-element-populated\">\n\t\t\t\t\t\t\t<div class=\"elementor-widget-wrap\">\n\t\t\t\t\t\t<div class=\"elementor-element elementor-element-6eeb557 elementor-widget elementor-widget-aux_modern_heading\" data-id=\"6eeb557\" data-element_type=\"widget\" data-widget_type=\"aux_modern_heading.default\">\n\t\t\t\t<div class=\"elementor-widget-container\">\n\t\t\t<section class=\"aux-widget-modern-heading\">\n            <div class=\"aux-widget-inner\"><h2 class=\"aux-modern-heading-primary\">MILO XL 180<\/h2><h3 class=\"aux-modern-heading-secondary\"><span class=\"aux-head-after\">Therapiestuhl \/ Arthrodesenstuhl<\/span><\/h3><div class=\"aux-modern-heading-divider\"><\/div><div class=\"aux-modern-heading-description\"><div>\u00a0<\/div><div>Der Milo ist mit 2 oder 4 fach elektrisch gebremsten R\u00e4dern lieferbar.<\/div><div>\u00a0<\/div><div class=\"default-style\">Leichte Fahreigenschaften, Benutzerfreundlichkeit und Stabilit\u00e4t \u2013 das ist der Milo!<\/div><div>\u00a0<\/div><div class=\"default-style\">Der H-Rahmen bietet viel Platz, um mit den F\u00fc\u00dfen zu trippeln.<\/div><div>\u00a0<\/div><div class=\"default-style\">Der Stuhl kann mit verschiedenen Verstellm\u00f6glichkeiten, Optionen und Zubeh\u00f6r ausgestattet werden, so dass Sitz und R\u00fcckenlehne komplett individuell gestaltet werden k\u00f6nnen.<\/div><\/div><\/div>\n        <\/section>\t\t<\/div>\n\t\t\t\t<\/div>\n\t\t\t\t\t\t<\/div>\n\t\t\t\t\t<\/div>\n\t\t<\/div>\n\t\t\t\t<div class=\"aux-parallax-section elementor-column elementor-col-50 elementor-inner-column elementor-element elementor-element-ef64767\" data-id=\"ef64767\" data-element_type=\"column\">\n\t\t\t<div class=\"elementor-column-wrap elementor-element-populated\">\n\t\t\t\t\t\t\t<div class=\"elementor-widget-wrap\">\n\t\t\t\t\t\t<div class=\"elementor-element elementor-element-4cded3a elementor-widget elementor-widget-image\" data-id=\"4cded3a\" data-element_type=\"widget\" data-widget_type=\"image.default\">\n\t\t\t\t<div class=\"elementor-widget-container\">\n\t\t\t\t\t\t\t\t<div class=\"elementor-image\">\n\t\t\t\t\t\t\t\t\t\t\t\t<img loading=\"lazy\" decoding=\"async\" width=\"2560\" height=\"1707\" src=\"https:\/\/elchtec.de\/euroflex\/wp-content\/uploads\/2026\/03\/MSP-apr2018-HR024-kopie-scaled.jpg\" class=\"attachment-full size-full wp-image-1352\" alt=\"\" srcset=\"https:\/\/elchtec.de\/euroflex\/wp-content\/uploads\/2026\/03\/MSP-apr2018-HR024-kopie-scaled.jpg 2560w, https:\/\/elchtec.de\/euroflex\/wp-content\/uploads\/2026\/03\/MSP-apr2018-HR024-kopie-1536x1024.jpg 1536w, https:\/\/elchtec.de\/euroflex\/wp-content\/uploads\/2026\/03\/MSP-apr2018-HR024-kopie-2048x1365.jpg 2048w\" sizes=\"auto, (max-width: 2560px) 100vw, 2560px\" \/>\t\t\t\t\t\t\t\t\t\t\t\t\t\t<\/div>\n\t\t\t\t\t\t<\/div>\n\t\t\t\t<\/div>\n\t\t\t\t\t\t<\/div>\n\t\t\t\t\t<\/div>\n\t\t<\/div>\n\t\t\t\t\t\t\t\t<\/div>\n\t\t\t\t\t<\/div>\n\t\t<\/section>\n\t\t\t\t<div class=\"elementor-element elementor-element-c1dd25c elementor-widget elementor-widget-spacer\" data-id=\"c1dd25c\" data-element_type=\"widget\" data-widget_type=\"spacer.default\">\n\t\t\t\t<div class=\"elementor-widget-container\">\n\t\t\t\t\t<div class=\"elementor-spacer\">\n\t\t\t<div class=\"elementor-spacer-inner\"><\/div>\n\t\t<\/div>\n\t\t\t\t<\/div>\n\t\t\t\t<\/div>\n\t\t\t\t\t\t<\/div>\n\t\t\t\t\t<\/div>\n\t\t<\/div>\n\t\t\t\t\t\t\t\t<\/div>\n\t\t\t\t\t<\/div>\n\t\t<\/section>\n\t\t\t\t<section class=\"elementor-section elementor-top-section elementor-element elementor-element-05b501c elementor-section-content-middle elementor-section-boxed elementor-section-height-default elementor-section-height-default\" data-id=\"05b501c\" data-element_type=\"section\">\n\t\t\t\t\t\t<div class=\"elementor-container elementor-column-gap-extended\">\n\t\t\t\t\t\t\t<div class=\"elementor-row\">\n\t\t\t\t\t<div class=\"aux-parallax-section elementor-column elementor-col-66 elementor-top-column elementor-element elementor-element-15f188a aux-appear-watch-animation aux-fade-in-left\" data-id=\"15f188a\" data-element_type=\"column\">\n\t\t\t<div class=\"elementor-column-wrap elementor-element-populated\">\n\t\t\t\t\t\t\t<div class=\"elementor-widget-wrap\">\n\t\t\t\t\t\t<div class=\"elementor-element elementor-element-f2af521 elementor-widget elementor-widget-aux_image\" data-id=\"f2af521\" data-element_type=\"widget\" data-widget_type=\"aux_image.default\">\n\t\t\t\t<div class=\"elementor-widget-container\">\n\t\t\t<section class=\"widget-container aux-widget-image aux-alignnone aux-parent-au59225631\">\n    <div class=\"aux-media-hint-frame \">\n        <div class=\"aux-media-image \" >\n        \n            \n\n            \n            <img loading=\"lazy\" decoding=\"async\" width=\"2012\" height=\"2560\" src=\"image\/gif;base64,R0lGODlhAQABAIAAAAAAAP\/\/\/yH5BAEAAAAALAAAAAABAAEAAAIBRAA7\" class=\"aux-attachment aux-featured-image aux-attachment-id-1296 aux-preload aux-blank\" alt=\"Adam_135__Uebersicht-Home\" data-ratio=\"0.79\" data-original-w=\"2012\" data-src=\"https:\/\/elchtec.de\/euroflex\/wp-content\/uploads\/2021\/06\/Adam_135__Uebersicht-Home-scaled.jpg\" \/>            \n                <\/div>\n    <\/div>\n\n<\/section><!-- widget-container -->\t\t<\/div>\n\t\t\t\t<\/div>\n\t\t\t\t\t\t<\/div>\n\t\t\t\t\t<\/div>\n\t\t<\/div>\n\t\t\t\t<div class=\"aux-parallax-section elementor-column elementor-col-33 elementor-top-column elementor-element elementor-element-6448c77\" data-id=\"6448c77\" data-element_type=\"column\">\n\t\t\t<div class=\"elementor-column-wrap elementor-element-populated\">\n\t\t\t\t\t\t\t<div class=\"elementor-widget-wrap\">\n\t\t\t\t\t\t<div class=\"elementor-element elementor-element-43d6c80 aux-appear-watch-animation aux-fade-in-up elementor-widget elementor-widget-aux_modern_heading\" data-id=\"43d6c80\" data-element_type=\"widget\" data-widget_type=\"aux_modern_heading.default\">\n\t\t\t\t<div class=\"elementor-widget-container\">\n\t\t\t<section class=\"aux-widget-modern-heading\">\n            <div class=\"aux-widget-inner\"><h2 class=\"aux-modern-heading-primary\"><\/h2><h3 class=\"aux-modern-heading-secondary\"><span class=\"aux-head-before\">Funktionen<\/span><\/h3><div class=\"aux-modern-heading-divider\"><\/div><div class=\"aux-modern-heading-description\"><p>\u00a0<\/p><p>\u2022 Elektrische Hoch\/Tief-Einstellung<br \/>\u2022 Mechanische R\u00fcckenwinkelanpassung<br \/>\u2022 R\u00fcckenlehne und Armlehnen in der H\u00f6he verstellbar<br \/>\u2022 Armlehnen in der Breite verstellbar<br \/>\u2022 Ausgestattet mit elektrischer Bremse auf 2 oder 4 R\u00e4dern<br \/>\u2022 Kann mit Standardoptionen und individuellen Anpassungen bereitgestellt werden<\/p><\/div><\/div>\n        <\/section>\t\t<\/div>\n\t\t\t\t<\/div>\n\t\t\t\t\t\t<\/div>\n\t\t\t\t\t<\/div>\n\t\t<\/div>\n\t\t\t\t\t\t\t\t<\/div>\n\t\t\t\t\t<\/div>\n\t\t<\/section>\n\t\t\t\t<section class=\"elementor-section elementor-top-section elementor-element elementor-element-77122ab elementor-section-content-middle elementor-section-boxed elementor-section-height-default elementor-section-height-default\" data-id=\"77122ab\" data-element_type=\"section\">\n\t\t\t\t\t\t<div class=\"elementor-container elementor-column-gap-extended\">\n\t\t\t\t\t\t\t<div class=\"elementor-row\">\n\t\t\t\t\t<div class=\"aux-parallax-section elementor-column elementor-col-33 elementor-top-column elementor-element elementor-element-b52f3b0\" data-id=\"b52f3b0\" data-element_type=\"column\">\n\t\t\t<div class=\"elementor-column-wrap elementor-element-populated\">\n\t\t\t\t\t\t\t<div class=\"elementor-widget-wrap\">\n\t\t\t\t\t\t<div class=\"elementor-element elementor-element-986ebcc aux-appear-watch-animation aux-fade-in-up elementor-widget elementor-widget-aux_modern_heading\" data-id=\"986ebcc\" data-element_type=\"widget\" data-widget_type=\"aux_modern_heading.default\">\n\t\t\t\t<div class=\"elementor-widget-container\">\n\t\t\t<section class=\"aux-widget-modern-heading\">\n            <div class=\"aux-widget-inner\"><h2 class=\"aux-modern-heading-primary\"><\/h2><h3 class=\"aux-modern-heading-secondary\"><span class=\"aux-head-before\">Technische Daten<\/span><\/h3><div class=\"aux-modern-heading-divider\"><\/div><div class=\"aux-modern-heading-description\"><p>\u00a0<\/p><p>\u2022 Sitzh\u00f6he: 38 bis 78 cm verstellbar (250 mm elektrischer Verstellbereich + 150 mm )<br \/>\u2022 Sitztiefe: 45 cm<br \/>\u2022 Sitzbreite: 45 cm<br \/>\u2022 Elektrische Hoch-\/Tief-Einstellung: 25 cm<br \/>\u2022 Breite zwischen den Armlehnen: 38 bis 65 cm, verstellbar<br \/>\u2022 Armh\u00f6he zum Sitz: 0 bis 32 cm verstellbar<br \/>\u2022 R\u00fcckenwinkelverstellung: 79 bis 114\u00ba verstellbar<br \/>\u2022 R\u00fcckenh\u00f6he: 40 cm (unterer R\u00fccken) oder 50 cm (hoher R\u00fccken)<br \/>\u2022 Bremsen: elektrisch auf 2 oder 4 R\u00e4dern<br \/>\u2022 Raddurchmesser: 125 mm<br \/>\u2022 Maximale Last: 180 kg<\/p><\/div><\/div>\n        <\/section>\t\t<\/div>\n\t\t\t\t<\/div>\n\t\t\t\t\t\t<\/div>\n\t\t\t\t\t<\/div>\n\t\t<\/div>\n\t\t\t\t<div class=\"aux-parallax-section elementor-column elementor-col-66 elementor-top-column elementor-element elementor-element-6b71da1 aux-appear-watch-animation aux-fade-in-left\" data-id=\"6b71da1\" data-element_type=\"column\">\n\t\t\t<div class=\"elementor-column-wrap elementor-element-populated\">\n\t\t\t\t\t\t\t<div class=\"elementor-widget-wrap\">\n\t\t\t\t\t\t<div class=\"elementor-element elementor-element-39860ee elementor-widget elementor-widget-aux_image\" data-id=\"39860ee\" data-element_type=\"widget\" data-widget_type=\"aux_image.default\">\n\t\t\t\t<div class=\"elementor-widget-container\">\n\t\t\t<section class=\"widget-container aux-widget-image aux-alignnone aux-parent-auee52cb20\">\n    <div class=\"aux-media-hint-frame \">\n        <div class=\"aux-media-image \" >\n        \n            \n\n            \n            <img loading=\"lazy\" decoding=\"async\" width=\"1707\" height=\"1967\" src=\"image\/gif;base64,R0lGODlhAQABAIAAAAAAAP\/\/\/yH5BAEAAAAALAAAAAABAAEAAAIBRAA7\" class=\"aux-attachment aux-featured-image aux-attachment-id-1328 aux-preload aux-blank\" alt=\"MSP-apr2018-HR120\" data-ratio=\"0.87\" data-original-w=\"1707\" data-src=\"https:\/\/elchtec.de\/euroflex\/wp-content\/uploads\/2026\/03\/MSP-apr2018-HR120-scaled-e1773143691920.jpg\" \/>            \n                <\/div>\n    <\/div>\n\n<\/section><!-- widget-container -->\t\t<\/div>\n\t\t\t\t<\/div>\n\t\t\t\t\t\t<\/div>\n\t\t\t\t\t<\/div>\n\t\t<\/div>\n\t\t\t\t\t\t\t\t<\/div>\n\t\t\t\t\t<\/div>\n\t\t<\/section>\n\t\t\t\t<section class=\"elementor-section elementor-top-section elementor-element elementor-element-9728a81 elementor-section-content-middle elementor-section-boxed elementor-section-height-default elementor-section-height-default\" data-id=\"9728a81\" data-element_type=\"section\">\n\t\t\t\t\t\t<div class=\"elementor-container elementor-column-gap-extended\">\n\t\t\t\t\t\t\t<div class=\"elementor-row\">\n\t\t\t\t\t<div class=\"aux-parallax-section elementor-column elementor-col-66 elementor-top-column elementor-element elementor-element-350806b aux-appear-watch-animation aux-fade-in-left\" data-id=\"350806b\" data-element_type=\"column\">\n\t\t\t<div class=\"elementor-column-wrap elementor-element-populated\">\n\t\t\t\t\t\t\t<div class=\"elementor-widget-wrap\">\n\t\t\t\t\t\t<div class=\"elementor-element elementor-element-a1464e9 elementor-widget elementor-widget-aux_image\" data-id=\"a1464e9\" data-element_type=\"widget\" data-widget_type=\"aux_image.default\">\n\t\t\t\t<div class=\"elementor-widget-container\">\n\t\t\t<section class=\"widget-container aux-widget-image aux-alignnone aux-parent-au26adee9e\">\n    <div class=\"aux-media-hint-frame \">\n        <div class=\"aux-media-image \" >\n        \n            \n\n            \n            <img loading=\"lazy\" decoding=\"async\" width=\"2557\" height=\"2560\" src=\"image\/gif;base64,R0lGODlhAQABAIAAAAAAAP\/\/\/yH5BAEAAAAALAAAAAABAAEAAAIBRAA7\" class=\"aux-attachment aux-featured-image aux-attachment-id-1348 aux-preload aux-blank\" alt=\"MSP-apr2018-HR073-1\" data-ratio=\"1\" data-original-w=\"2557\" data-src=\"https:\/\/elchtec.de\/euroflex\/wp-content\/uploads\/2026\/03\/MSP-apr2018-HR073-1-scaled.jpg\" \/>            \n                <\/div>\n    <\/div>\n\n<\/section><!-- widget-container -->\t\t<\/div>\n\t\t\t\t<\/div>\n\t\t\t\t\t\t<\/div>\n\t\t\t\t\t<\/div>\n\t\t<\/div>\n\t\t\t\t<div class=\"aux-parallax-section elementor-column elementor-col-33 elementor-top-column elementor-element elementor-element-6241d69\" data-id=\"6241d69\" data-element_type=\"column\">\n\t\t\t<div class=\"elementor-column-wrap elementor-element-populated\">\n\t\t\t\t\t\t\t<div class=\"elementor-widget-wrap\">\n\t\t\t\t\t\t<div class=\"elementor-element elementor-element-2bd5d90 aux-appear-watch-animation aux-fade-in-up elementor-widget elementor-widget-aux_modern_heading\" data-id=\"2bd5d90\" data-element_type=\"widget\" data-widget_type=\"aux_modern_heading.default\">\n\t\t\t\t<div class=\"elementor-widget-container\">\n\t\t\t<section class=\"aux-widget-modern-heading\">\n            <div class=\"aux-widget-inner\"><h2 class=\"aux-modern-heading-primary\"><\/h2><h3 class=\"aux-modern-heading-secondary\"><span class=\"aux-head-before\">Optionales Zubeh\u00f6r<\/span><\/h3><div class=\"aux-modern-heading-divider\"><\/div><div class=\"aux-modern-heading-description\"><p>\u00a0<\/p><p>\u2022 Polsterung in Stamskin, Niroxx, Stoff oder Skai in einer anderen Farben<br \/>\u2022 Fu\u00dfring<br \/>\u2022 Tulpenr\u00fccken<br \/>\u2022 R\u00fcckenlehne und\/oder Sitz mit Memory-Schaum<br \/>\u2022 Arthrodesen-Sitz links und\/oder rechts<br \/>\u2022 Sondergr\u00f6\u00dfen <br \/>\u2022 100 mm lange Gasdruckfeder <br \/>\u2022 Bequeme Beinst\u00fctze links und\/oder rechts<br \/>\u2022 Armlehnen nach vorne oder hinten ausgefahren<br \/>\u2022 Hemiplegie-Armlehne links und\/oder rechts<br \/>\u2022 Gepolsterte Armlehnen in Standard- oder Nicht-Standardgr\u00f6\u00dfe<\/p><\/div><\/div>\n        <\/section>\t\t<\/div>\n\t\t\t\t<\/div>\n\t\t\t\t\t\t<\/div>\n\t\t\t\t\t<\/div>\n\t\t<\/div>\n\t\t\t\t\t\t\t\t<\/div>\n\t\t\t\t\t<\/div>\n\t\t<\/section>\n\t\t\t\t\t\t\t\t\t<\/div>\n\t\t\t<\/div>\n\t\t\t\t\t<\/div>\n\t\t","protected":false},"excerpt":{"rendered":"<p>MILO XL 180 Therapiestuhl \/ Arthrodesenstuhl \u00a0Der Milo ist mit 2 oder 4 fach elektrisch gebremsten R\u00e4dern lieferbar.\u00a0Leichte Fahreigenschaften, Benutzerfreundlichkeit und Stabilit\u00e4t \u2013 das ist der Milo!\u00a0Der H-Rahmen bietet viel Platz, um mit den F\u00fc\u00dfen zu trippeln.\u00a0Der Stuhl kann mit verschiedenen Verstellm\u00f6glichkeiten, Optionen und Zubeh\u00f6r ausgestattet werden, so dass Sitz und R\u00fcckenlehne komplett individuell gestaltet [&hellip;]<\/p>\n","protected":false},"author":2,"featured_media":0,"parent":0,"menu_order":0,"comment_status":"closed","ping_status":"closed","template":"","meta":{"footnotes":""},"class_list":["post-1343","page","type-page","status-publish","hentry"],"_links":{"self":[{"href":"https:\/\/elchtec.de\/euroflex\/wp-json\/wp\/v2\/pages\/1343","targetHints":{"allow":["GET"]}}],"collection":[{"href":"https:\/\/elchtec.de\/euroflex\/wp-json\/wp\/v2\/pages"}],"about":[{"href":"https:\/\/elchtec.de\/euroflex\/wp-json\/wp\/v2\/types\/page"}],"author":[{"embeddable":true,"href":"https:\/\/elchtec.de\/euroflex\/wp-json\/wp\/v2\/users\/2"}],"replies":[{"embeddable":true,"href":"https:\/\/elchtec.de\/euroflex\/wp-json\/wp\/v2\/comments?post=1343"}],"version-history":[{"count":7,"href":"https:\/\/elchtec.de\/euroflex\/wp-json\/wp\/v2\/pages\/1343\/revisions"}],"predecessor-version":[{"id":1356,"href":"https:\/\/elchtec.de\/euroflex\/wp-json\/wp\/v2\/pages\/1343\/revisions\/1356"}],"wp:attachment":[{"href":"https:\/\/elchtec.de\/euroflex\/wp-json\/wp\/v2\/media?parent=1343"}],"curies":[{"name":"wp","href":"https:\/\/api.w.org\/{rel}","templated":true}]}}