{"id":1337,"date":"2026-03-10T13:29:01","date_gmt":"2026-03-10T12:29:01","guid":{"rendered":"https:\/\/elchtec.de\/euroflex\/?page_id=1337"},"modified":"2026-03-10T14:13:13","modified_gmt":"2026-03-10T13:13:13","slug":"adam-plus","status":"publish","type":"page","link":"https:\/\/elchtec.de\/euroflex\/adam-plus\/","title":{"rendered":"Adam +"},"content":{"rendered":"\t\t<div data-elementor-type=\"wp-page\" data-elementor-id=\"1337\" class=\"elementor elementor-1337\">\n\t\t\t\t\t\t<div class=\"elementor-inner\">\n\t\t\t\t<div class=\"elementor-section-wrap\">\n\t\t\t\t\t\t\t\t\t<section class=\"elementor-section elementor-top-section elementor-element elementor-element-f5cfae2 elementor-section-boxed elementor-section-height-default elementor-section-height-default\" data-id=\"f5cfae2\" data-element_type=\"section\">\n\t\t\t\t\t\t<div class=\"elementor-container elementor-column-gap-default\">\n\t\t\t\t\t\t\t<div class=\"elementor-row\">\n\t\t\t\t\t<div class=\"aux-parallax-section elementor-column elementor-col-100 elementor-top-column elementor-element elementor-element-924fd69\" data-id=\"924fd69\" data-element_type=\"column\">\n\t\t\t<div class=\"elementor-column-wrap elementor-element-populated\">\n\t\t\t\t\t\t\t<div class=\"elementor-widget-wrap\">\n\t\t\t\t\t\t<section class=\"elementor-section elementor-inner-section elementor-element elementor-element-b46a719 elementor-section-boxed elementor-section-height-default elementor-section-height-default\" data-id=\"b46a719\" data-element_type=\"section\">\n\t\t\t\t\t\t<div class=\"elementor-container elementor-column-gap-default\">\n\t\t\t\t\t\t\t<div class=\"elementor-row\">\n\t\t\t\t\t<div class=\"aux-parallax-section elementor-column elementor-col-50 elementor-inner-column elementor-element elementor-element-0fa5fca\" data-id=\"0fa5fca\" data-element_type=\"column\">\n\t\t\t<div class=\"elementor-column-wrap elementor-element-populated\">\n\t\t\t\t\t\t\t<div class=\"elementor-widget-wrap\">\n\t\t\t\t\t\t<div class=\"elementor-element elementor-element-6eeb557 elementor-widget elementor-widget-aux_modern_heading\" data-id=\"6eeb557\" data-element_type=\"widget\" data-widget_type=\"aux_modern_heading.default\">\n\t\t\t\t<div class=\"elementor-widget-container\">\n\t\t\t<section class=\"aux-widget-modern-heading\">\n            <div class=\"aux-widget-inner\"><h2 class=\"aux-modern-heading-primary\">Adam +<\/h2><h3 class=\"aux-modern-heading-secondary\"><span class=\"aux-head-after\">Therapiestuhl \/ Arthrodesenstuhl<\/span><\/h3><div class=\"aux-modern-heading-divider\"><\/div><div class=\"aux-modern-heading-description\"><p>Der Adam Plus, ein voll ausgestatteter Therapiestuhl, der in Funktionalit\u00e4t und Komfort herausragt und eine maximale Last von bis zu 300 kg tragen kann.<\/p><p>Mit diesem Therapiestuhl erh\u00f6hen Sie Ihre Mobilit\u00e4t.<\/p><p>Wenn gew\u00fcnscht, k\u00f6nnen Sitz und R\u00fcckenlehne komplett individuell angepasst werden.<\/p><p>Die Bedienelemente k\u00f6nnen rechts oder links montiert werden.<\/p><p>Der Adam Plus verf\u00fcgt \u00fcber eine elektrische H\u00f6henverstellung und ist serienm\u00e4\u00dfig in den Farben Blau oder Grau erh\u00e4ltlich.<\/p><p>Optional sind andere Stoffe oder echtes Leder in verschiedenen Farben erh\u00e4ltlich.<\/p><\/div><\/div>\n        <\/section>\t\t<\/div>\n\t\t\t\t<\/div>\n\t\t\t\t\t\t<\/div>\n\t\t\t\t\t<\/div>\n\t\t<\/div>\n\t\t\t\t<div class=\"aux-parallax-section elementor-column elementor-col-50 elementor-inner-column elementor-element elementor-element-ef64767\" data-id=\"ef64767\" data-element_type=\"column\">\n\t\t\t<div class=\"elementor-column-wrap elementor-element-populated\">\n\t\t\t\t\t\t\t<div class=\"elementor-widget-wrap\">\n\t\t\t\t\t\t<div class=\"elementor-element elementor-element-4cded3a elementor-widget elementor-widget-image\" data-id=\"4cded3a\" data-element_type=\"widget\" data-widget_type=\"image.default\">\n\t\t\t\t<div class=\"elementor-widget-container\">\n\t\t\t\t\t\t\t\t<div class=\"elementor-image\">\n\t\t\t\t\t\t\t\t\t\t\t\t<img loading=\"lazy\" decoding=\"async\" width=\"2012\" height=\"2560\" src=\"https:\/\/elchtec.de\/euroflex\/wp-content\/uploads\/2021\/06\/Adam___Uebersicht-Home-scaled.jpg\" class=\"attachment-full size-full wp-image-1299\" alt=\"\" srcset=\"https:\/\/elchtec.de\/euroflex\/wp-content\/uploads\/2021\/06\/Adam___Uebersicht-Home-scaled.jpg 2012w, https:\/\/elchtec.de\/euroflex\/wp-content\/uploads\/2021\/06\/Adam___Uebersicht-Home-1207x1536.jpg 1207w, https:\/\/elchtec.de\/euroflex\/wp-content\/uploads\/2021\/06\/Adam___Uebersicht-Home-1609x2048.jpg 1609w\" sizes=\"auto, (max-width: 2012px) 100vw, 2012px\" \/>\t\t\t\t\t\t\t\t\t\t\t\t\t\t<\/div>\n\t\t\t\t\t\t<\/div>\n\t\t\t\t<\/div>\n\t\t\t\t\t\t<\/div>\n\t\t\t\t\t<\/div>\n\t\t<\/div>\n\t\t\t\t\t\t\t\t<\/div>\n\t\t\t\t\t<\/div>\n\t\t<\/section>\n\t\t\t\t<div class=\"elementor-element elementor-element-c1dd25c elementor-widget elementor-widget-spacer\" data-id=\"c1dd25c\" data-element_type=\"widget\" data-widget_type=\"spacer.default\">\n\t\t\t\t<div class=\"elementor-widget-container\">\n\t\t\t\t\t<div class=\"elementor-spacer\">\n\t\t\t<div class=\"elementor-spacer-inner\"><\/div>\n\t\t<\/div>\n\t\t\t\t<\/div>\n\t\t\t\t<\/div>\n\t\t\t\t\t\t<\/div>\n\t\t\t\t\t<\/div>\n\t\t<\/div>\n\t\t\t\t\t\t\t\t<\/div>\n\t\t\t\t\t<\/div>\n\t\t<\/section>\n\t\t\t\t<section class=\"elementor-section elementor-top-section elementor-element elementor-element-05b501c elementor-section-content-middle elementor-section-boxed elementor-section-height-default elementor-section-height-default\" data-id=\"05b501c\" data-element_type=\"section\">\n\t\t\t\t\t\t<div class=\"elementor-container elementor-column-gap-extended\">\n\t\t\t\t\t\t\t<div class=\"elementor-row\">\n\t\t\t\t\t<div class=\"aux-parallax-section elementor-column elementor-col-66 elementor-top-column elementor-element elementor-element-15f188a aux-appear-watch-animation aux-fade-in-left\" data-id=\"15f188a\" data-element_type=\"column\">\n\t\t\t<div class=\"elementor-column-wrap elementor-element-populated\">\n\t\t\t\t\t\t\t<div class=\"elementor-widget-wrap\">\n\t\t\t\t\t\t<div class=\"elementor-element elementor-element-f2af521 elementor-widget elementor-widget-aux_image\" data-id=\"f2af521\" data-element_type=\"widget\" data-widget_type=\"aux_image.default\">\n\t\t\t\t<div class=\"elementor-widget-container\">\n\t\t\t<section class=\"widget-container aux-widget-image aux-alignnone aux-parent-aua7a98c55\">\n    <div class=\"aux-media-hint-frame \">\n        <div class=\"aux-media-image \" >\n        \n            \n\n            \n            <img loading=\"lazy\" decoding=\"async\" width=\"2012\" height=\"2560\" src=\"image\/gif;base64,R0lGODlhAQABAIAAAAAAAP\/\/\/yH5BAEAAAAALAAAAAABAAEAAAIBRAA7\" class=\"aux-attachment aux-featured-image aux-attachment-id-1299 aux-preload aux-blank\" alt=\"Adam_+__Uebersicht-Home\" data-ratio=\"0.79\" data-original-w=\"2012\" data-src=\"https:\/\/elchtec.de\/euroflex\/wp-content\/uploads\/2021\/06\/Adam___Uebersicht-Home-scaled.jpg\" \/>            \n                <\/div>\n    <\/div>\n\n<\/section><!-- widget-container -->\t\t<\/div>\n\t\t\t\t<\/div>\n\t\t\t\t\t\t<\/div>\n\t\t\t\t\t<\/div>\n\t\t<\/div>\n\t\t\t\t<div class=\"aux-parallax-section elementor-column elementor-col-33 elementor-top-column elementor-element elementor-element-6448c77\" data-id=\"6448c77\" data-element_type=\"column\">\n\t\t\t<div class=\"elementor-column-wrap elementor-element-populated\">\n\t\t\t\t\t\t\t<div class=\"elementor-widget-wrap\">\n\t\t\t\t\t\t<div class=\"elementor-element elementor-element-43d6c80 aux-appear-watch-animation aux-fade-in-up elementor-widget elementor-widget-aux_modern_heading\" data-id=\"43d6c80\" data-element_type=\"widget\" data-widget_type=\"aux_modern_heading.default\">\n\t\t\t\t<div class=\"elementor-widget-container\">\n\t\t\t<section class=\"aux-widget-modern-heading\">\n            <div class=\"aux-widget-inner\"><h2 class=\"aux-modern-heading-primary\"><\/h2><h3 class=\"aux-modern-heading-secondary\"><span class=\"aux-head-before\">Funktionen<\/span><\/h3><div class=\"aux-modern-heading-divider\"><\/div><div class=\"aux-modern-heading-description\"><p>\u00a0<\/p><p>\u2022 Elektrische Hoch\/Tief-Einstellung<br \/>\u2022 Mechanische R\u00fcckenwinkelanpassung<br \/>\u2022 R\u00fcckenlehne und Armlehnen in der H\u00f6he verstellbar<br \/>\u2022 Armlehnen in der Breite verstellbar<br \/>\u2022 Ausgestattet mit Bremse links oder rechts<br \/>\u2022 Kann mit Standardoptionen und individuellen Anpassungen bereitgestellt werden<\/p><\/div><\/div>\n        <\/section>\t\t<\/div>\n\t\t\t\t<\/div>\n\t\t\t\t\t\t<\/div>\n\t\t\t\t\t<\/div>\n\t\t<\/div>\n\t\t\t\t\t\t\t\t<\/div>\n\t\t\t\t\t<\/div>\n\t\t<\/section>\n\t\t\t\t<section class=\"elementor-section elementor-top-section elementor-element elementor-element-77122ab elementor-section-content-middle elementor-section-boxed elementor-section-height-default elementor-section-height-default\" data-id=\"77122ab\" data-element_type=\"section\">\n\t\t\t\t\t\t<div class=\"elementor-container elementor-column-gap-extended\">\n\t\t\t\t\t\t\t<div class=\"elementor-row\">\n\t\t\t\t\t<div class=\"aux-parallax-section elementor-column elementor-col-33 elementor-top-column elementor-element elementor-element-b52f3b0\" data-id=\"b52f3b0\" data-element_type=\"column\">\n\t\t\t<div class=\"elementor-column-wrap elementor-element-populated\">\n\t\t\t\t\t\t\t<div class=\"elementor-widget-wrap\">\n\t\t\t\t\t\t<div class=\"elementor-element elementor-element-986ebcc aux-appear-watch-animation aux-fade-in-up elementor-widget elementor-widget-aux_modern_heading\" data-id=\"986ebcc\" data-element_type=\"widget\" data-widget_type=\"aux_modern_heading.default\">\n\t\t\t\t<div class=\"elementor-widget-container\">\n\t\t\t<section class=\"aux-widget-modern-heading\">\n            <div class=\"aux-widget-inner\"><h2 class=\"aux-modern-heading-primary\"><\/h2><h3 class=\"aux-modern-heading-secondary\"><span class=\"aux-head-before\">Technische Daten<\/span><\/h3><div class=\"aux-modern-heading-divider\"><\/div><div class=\"aux-modern-heading-description\"><p>\u2022 Sitzh\u00f6he: 42 bis 58 cm, verstellbar<br \/>\u2022 Sitztiefe: 45 cm<br \/>\u2022 Sitzbreite: 45 cm<br \/>\u2022 Elektrische Hoch-\/Tief-Einstellung: 20 cm<br \/>\u2022 Breite zwischen den Armlehnen: 38 bis 65 cm, verstellbar<br \/>\u2022 Armlehnenh\u00f6he relativ zum Sitz: 0 bis 32 cm verstellbar<br \/>\u2022 R\u00fcckenwinkelverstellung: 75 bis 120\u00ba verstellbar<br \/>\u2022 R\u00fcckenh\u00f6he: Wahl zwischen niedrigen 40 cm oder hohen 50 cm<br \/>\u2022 Maximale Last: 135 kg<\/p><\/div><\/div>\n        <\/section>\t\t<\/div>\n\t\t\t\t<\/div>\n\t\t\t\t\t\t<\/div>\n\t\t\t\t\t<\/div>\n\t\t<\/div>\n\t\t\t\t<div class=\"aux-parallax-section elementor-column elementor-col-66 elementor-top-column elementor-element elementor-element-6b71da1 aux-appear-watch-animation aux-fade-in-left\" data-id=\"6b71da1\" data-element_type=\"column\">\n\t\t\t<div class=\"elementor-column-wrap elementor-element-populated\">\n\t\t\t\t\t\t\t<div class=\"elementor-widget-wrap\">\n\t\t\t\t\t\t<div class=\"elementor-element elementor-element-39860ee elementor-widget elementor-widget-aux_image\" data-id=\"39860ee\" data-element_type=\"widget\" data-widget_type=\"aux_image.default\">\n\t\t\t\t<div class=\"elementor-widget-container\">\n\t\t\t<section class=\"widget-container aux-widget-image aux-alignnone aux-parent-auf6434b81\">\n    <div class=\"aux-media-hint-frame \">\n        <div class=\"aux-media-image \" >\n        \n            \n\n            \n            <img loading=\"lazy\" decoding=\"async\" width=\"2012\" height=\"2560\" src=\"image\/gif;base64,R0lGODlhAQABAIAAAAAAAP\/\/\/yH5BAEAAAAALAAAAAABAAEAAAIBRAA7\" class=\"aux-attachment aux-featured-image aux-attachment-id-1299 aux-preload aux-blank\" alt=\"Adam_+__Uebersicht-Home\" data-ratio=\"0.79\" data-original-w=\"2012\" data-src=\"https:\/\/elchtec.de\/euroflex\/wp-content\/uploads\/2021\/06\/Adam___Uebersicht-Home-scaled.jpg\" \/>            \n                <\/div>\n    <\/div>\n\n<\/section><!-- widget-container -->\t\t<\/div>\n\t\t\t\t<\/div>\n\t\t\t\t\t\t<\/div>\n\t\t\t\t\t<\/div>\n\t\t<\/div>\n\t\t\t\t\t\t\t\t<\/div>\n\t\t\t\t\t<\/div>\n\t\t<\/section>\n\t\t\t\t<section class=\"elementor-section elementor-top-section elementor-element elementor-element-9728a81 elementor-section-content-middle elementor-section-boxed elementor-section-height-default elementor-section-height-default\" data-id=\"9728a81\" data-element_type=\"section\">\n\t\t\t\t\t\t<div class=\"elementor-container elementor-column-gap-extended\">\n\t\t\t\t\t\t\t<div class=\"elementor-row\">\n\t\t\t\t\t<div class=\"aux-parallax-section elementor-column elementor-col-66 elementor-top-column elementor-element elementor-element-350806b aux-appear-watch-animation aux-fade-in-left\" data-id=\"350806b\" data-element_type=\"column\">\n\t\t\t<div class=\"elementor-column-wrap elementor-element-populated\">\n\t\t\t\t\t\t\t<div class=\"elementor-widget-wrap\">\n\t\t\t\t\t\t<div class=\"elementor-element elementor-element-a1464e9 elementor-widget elementor-widget-aux_image\" data-id=\"a1464e9\" data-element_type=\"widget\" data-widget_type=\"aux_image.default\">\n\t\t\t\t<div class=\"elementor-widget-container\">\n\t\t\t<section class=\"widget-container aux-widget-image aux-alignnone aux-parent-aua92d004a\">\n    <div class=\"aux-media-hint-frame \">\n        <div class=\"aux-media-image \" >\n        \n            \n\n            \n            <img loading=\"lazy\" decoding=\"async\" width=\"2012\" height=\"2560\" src=\"image\/gif;base64,R0lGODlhAQABAIAAAAAAAP\/\/\/yH5BAEAAAAALAAAAAABAAEAAAIBRAA7\" class=\"aux-attachment aux-featured-image aux-attachment-id-1299 aux-preload aux-blank\" alt=\"Adam_+__Uebersicht-Home\" data-ratio=\"0.79\" data-original-w=\"2012\" data-src=\"https:\/\/elchtec.de\/euroflex\/wp-content\/uploads\/2021\/06\/Adam___Uebersicht-Home-scaled.jpg\" \/>            \n                <\/div>\n    <\/div>\n\n<\/section><!-- widget-container -->\t\t<\/div>\n\t\t\t\t<\/div>\n\t\t\t\t\t\t<\/div>\n\t\t\t\t\t<\/div>\n\t\t<\/div>\n\t\t\t\t<div class=\"aux-parallax-section elementor-column elementor-col-33 elementor-top-column elementor-element elementor-element-6241d69\" data-id=\"6241d69\" data-element_type=\"column\">\n\t\t\t<div class=\"elementor-column-wrap elementor-element-populated\">\n\t\t\t\t\t\t\t<div class=\"elementor-widget-wrap\">\n\t\t\t\t\t\t<div class=\"elementor-element elementor-element-2bd5d90 aux-appear-watch-animation aux-fade-in-up elementor-widget elementor-widget-aux_modern_heading\" data-id=\"2bd5d90\" data-element_type=\"widget\" data-widget_type=\"aux_modern_heading.default\">\n\t\t\t\t<div class=\"elementor-widget-container\">\n\t\t\t<section class=\"aux-widget-modern-heading\">\n            <div class=\"aux-widget-inner\"><h2 class=\"aux-modern-heading-primary\"><\/h2><h3 class=\"aux-modern-heading-secondary\"><span class=\"aux-head-before\">Optionales Zubeh\u00f6r<\/span><\/h3><div class=\"aux-modern-heading-divider\"><\/div><div class=\"aux-modern-heading-description\"><p>\u00a0<\/p><p>\u2022 Polsterung aus Stamskin, Niroxx oder anderem farbigem Stoff<br \/>\u2022 R\u00fcckseite mit Memory-Schaum<br \/>\u2022 Sitz mit Memory-Schaum<br \/>\u2022 Arthrodesen-Sitz links und\/oder rechts<br \/>\u2022 Sondergr\u00f6\u00dfen m\u00f6glich <br \/>\u2022 Elektrische Bremsung einschlie\u00dflich manueller Steuerung<br \/>\u2022 Doppelrad 100 mm<br \/>\u2022 R\u00e4der 100 mm<br \/>\u2022 Bequeme Beinst\u00fctze links und\/oder rechts<br \/>\u2022 Mechanische Einstellung der Sitzwinkel-Neigung<br \/>\u2022 Armlehne nach vorne oder hinten ausgefahren<br \/>\u2022 Hemiplegie-Armlehne links und\/oder rechts<br \/>\u2022 Gepolsterte Armlehnen, Standard- oder Nicht-Standardgr\u00f6\u00dfe,<br \/>\u2022 Druckhebel<br \/>\u2022 Bremshebel mit T-Grip<\/p><\/div><\/div>\n        <\/section>\t\t<\/div>\n\t\t\t\t<\/div>\n\t\t\t\t\t\t<\/div>\n\t\t\t\t\t<\/div>\n\t\t<\/div>\n\t\t\t\t\t\t\t\t<\/div>\n\t\t\t\t\t<\/div>\n\t\t<\/section>\n\t\t\t\t\t\t\t\t\t<\/div>\n\t\t\t<\/div>\n\t\t\t\t\t<\/div>\n\t\t","protected":false},"excerpt":{"rendered":"<p>Adam + Therapiestuhl \/ Arthrodesenstuhl Der Adam Plus, ein voll ausgestatteter Therapiestuhl, der in Funktionalit\u00e4t und Komfort herausragt und eine maximale Last von bis zu 300 kg tragen kann. Mit diesem Therapiestuhl erh\u00f6hen Sie Ihre Mobilit\u00e4t. Wenn gew\u00fcnscht, k\u00f6nnen Sitz und R\u00fcckenlehne komplett individuell angepasst werden. Die Bedienelemente k\u00f6nnen rechts oder links montiert werden. Der [&hellip;]<\/p>\n","protected":false},"author":2,"featured_media":0,"parent":0,"menu_order":0,"comment_status":"closed","ping_status":"closed","template":"","meta":{"footnotes":""},"class_list":["post-1337","page","type-page","status-publish","hentry"],"_links":{"self":[{"href":"https:\/\/elchtec.de\/euroflex\/wp-json\/wp\/v2\/pages\/1337","targetHints":{"allow":["GET"]}}],"collection":[{"href":"https:\/\/elchtec.de\/euroflex\/wp-json\/wp\/v2\/pages"}],"about":[{"href":"https:\/\/elchtec.de\/euroflex\/wp-json\/wp\/v2\/types\/page"}],"author":[{"embeddable":true,"href":"https:\/\/elchtec.de\/euroflex\/wp-json\/wp\/v2\/users\/2"}],"replies":[{"embeddable":true,"href":"https:\/\/elchtec.de\/euroflex\/wp-json\/wp\/v2\/comments?post=1337"}],"version-history":[{"count":7,"href":"https:\/\/elchtec.de\/euroflex\/wp-json\/wp\/v2\/pages\/1337\/revisions"}],"predecessor-version":[{"id":1372,"href":"https:\/\/elchtec.de\/euroflex\/wp-json\/wp\/v2\/pages\/1337\/revisions\/1372"}],"wp:attachment":[{"href":"https:\/\/elchtec.de\/euroflex\/wp-json\/wp\/v2\/media?parent=1337"}],"curies":[{"name":"wp","href":"https:\/\/api.w.org\/{rel}","templated":true}]}}